{"id":1075,"date":"2020-05-05T22:38:17","date_gmt":"2020-05-05T20:38:17","guid":{"rendered":"https:\/\/annette-ahrens.at\/silbershop\/impressum\/"},"modified":"2021-03-23T18:40:31","modified_gmt":"2021-03-23T17:40:31","slug":"impressum","status":"publish","type":"page","link":"https:\/\/annette-ahrens.at\/onlineshop\/impressum\/","title":{"rendered":"Impressum"},"content":{"rendered":"<p><b>Annette Ahrens BA<\/b><\/p>\n<p>Tafelkultur aus drei Jahrhunderten<\/p>\n<p><b>Adresse: <\/b>Dannebergplatz 10, 1030 Wien<\/p>\n<p><b>Telefon:<\/b> +43 699 10 10 75 35<\/p>\n<p><b>Email:<\/b> <a href=\"mailto:office@annette-ahrens.at\">office@annette-ahrens.at<\/a><\/p>\n<p><b>Handelsgericht:<\/b><\/p>\n<p>Eintragung ins Handelsregister, Einzelhandelsunternehmen<\/p>\n<p><b>Registergericht:<\/b> Wien<\/p>\n<p><b>Registriernummer:<\/b> FN: 03 071\/5486<\/p>\n<p><b>Umsatzsteuer-ID:<\/b> ATU 62469769<\/p>\n<p><b>Bankverbindung:<\/b><\/p>\n<p>Erste Bank,\u00a0Graben 21, 1010 Wien<\/p>\n<p><b>IBAN: AT72 2011 1286 1381 1200<\/b><\/p>\n<p><b>Berufsbezeichnung<\/b><\/p>\n<p>Mitglied der Wirtschaftskammer Wien\/ Sparte Handel\/ Versand-, Internet- und allgemeiner Handel, Bundesgremium, Altwarenhandel, Berufsgruppe Landesgremium Wien<\/p>\n<p><b>Offenlegung<\/b><\/p>\n<p>Information gem\u00e4\u00df \u00a75 E-Commerce-Gesetz und Offenlegung gem\u00e4\u00df \u00a725 Mediengesetz.<\/p>\n<p>Herausgeber und Medieninhaber der Website, sowie verantwortlich f\u00fcr Konzept und Inhalt, ist Frau Annette Ahrens BA<\/p>\n<p><b>Quelle:<\/b> Impressumsgenerator von <a href=\"http:\/\/www.e-recht24.de\/\">www.e-recht24.de<\/a><\/p>\n<p><b>Haftung f\u00fcr Inhalte<\/b><\/p>\n<p>Die Inhalte unserer Seiten wurden mit gr\u00f6\u00dfter Sorgfalt erstellt. F\u00fcr die Richtigkeit, Vollst\u00e4ndigkeit und Aktualit\u00e4t der Inhalte k\u00f6nnen wir jedoch keine Gew\u00e4hr \u00fcbernehmen. Als Dienstanbieter sind wir f\u00fcr eigene Inhalte auf diesen Seiten nach den allgemeinen Gesetzen verantwortlich. Wir sind jedoch nicht verpflichtet, \u00fcbermittelte oder gespeicherte fremde Informationen zu \u00fcberwachen oder nach Umst\u00e4nden zu forschen, die auf eine rechtswidrige T\u00e4tigkeit hinweisen. Verpflichtungen zur Entfernung oder Sperrung der Nutzung von Informationen nach den allgemeinen Gesetzen bleiben hiervon unber\u00fchrt. Eine diesbez\u00fcgliche Haftung ist jedoch erst ab dem Zeitpunkt der Kenntnis einer konkreten Rechtsverletzung m\u00f6glich. Bei Bekanntwerden von entsprechenden Rechtsverletzungen werden wir diese Inhalte umgehend entfernen.<\/p>\n<p><b>Haftung f\u00fcr Links<\/b><\/p>\n<p>Unser Angebot enth\u00e4lt Links zu externen Webseiten Dritter, auf deren Inhalte wir keinen Einfluss haben. Deshalb k\u00f6nnen wir f\u00fcr diese fremden Inhalte auch keine Gew\u00e4hr \u00fcbernehmen. F\u00fcr die Inhalte der verlinkten Seiten ist stets der jeweilige Anbieter oder Betreiber der Seiten verantwortlich. Die verlinkten Seiten wurden zum Zeitpunkt der Verlinkung auf m\u00f6gliche Rechtsverst\u00f6\u00dfe \u00fcberpr\u00fcft. Rechtswidrige Inhalte waren zum Zeitpunkt der Verlinkung nicht erkennbar. Eine permanente inhaltliche Kontrolle der verlinkten Seiten ist jedoch ohne konkrete Anhaltspunkte einer Rechtsverletzung nicht zumutbar. Bei Bekanntwerden von Rechtsverletzungen werden wir derartige Links umgehend entfernen.<\/p>\n<p><b>Urheberrecht<\/b><\/p>\n<p>Die durch die Seitenbetreiber erstellten Inhalte und Werke auf diesen Seiten unterliegen dem \u00f6sterreichischen Urheberrecht. Die Vervielf\u00e4ltigung, Bearbeitung, Verbreitung und jede Art der Verwertung au\u00dferhalb der Grenzen des Urheberrechtes bed\u00fcrfen der schriftlichen Zustimmung des jeweiligen Autors bzw. Erstellers. Downloads und Kopien dieser Seite sind nur f\u00fcr den privaten, nicht kommerziellen Gebrauch gestattet. Soweit die Inhalte auf dieser Seite nicht vom Betreiber erstellt wurden, werden die Urheberrechte Dritter beachtet. Insbesondere werden Inhalte Dritter als solche gekennzeichnet. Sollten Sie trotzdem auf eine Urheberrechtsverletzung aufmerksam werden, bitten wir um einen entsprechenden Hinweis. Bei Bekanntwerden von Rechtsverletzungen werden wir derartige Inhalte umgehend entfernen.<\/p>\n","protected":false},"excerpt":{"rendered":"<p>Annette Ahrens BA Tafelkultur aus drei Jahrhunderten Adresse: Dannebergplatz 10, 1030 Wien Telefon: +43 699 10 10 75 35 Email: office@annette-ahrens.at Handelsgericht: Eintragung ins Handelsregister, Einzelhandelsunternehmen Registergericht: Wien Registriernummer: FN: 03 071\/5486 Umsatzsteuer-ID: ATU 62469769 Bankverbindung: Erste Bank,\u00a0Graben 21, 1010 Wien IBAN: AT72 2011 1286 1381 1200 Berufsbezeichnung Mitglied der Wirtschaftskammer Wien\/ Sparte Handel\/ Versand-, [&hellip;]<\/p>\n","protected":false},"author":1,"featured_media":0,"parent":0,"menu_order":0,"comment_status":"closed","ping_status":"closed","template":"","meta":{"footnotes":""},"class_list":["post-1075","page","type-page","status-publish","hentry"],"yoast_head":"<!-- This site is optimized with the Yoast SEO Premium plugin v15.8.2 - https:\/\/yoast.com\/wordpress\/plugins\/seo\/ -->\n<title>Impressum - Tafelkultur Onlineshop<\/title>\n<meta name=\"robots\" content=\"index, follow, max-snippet:-1, max-image-preview:large, max-video-preview:-1\" \/>\n<link rel=\"canonical\" href=\"https:\/\/annette-ahrens.at\/onlineshop\/impressum\/\" \/>\n<meta property=\"og:locale\" content=\"de_DE\" \/>\n<meta property=\"og:type\" content=\"article\" \/>\n<meta property=\"og:title\" content=\"Impressum - Tafelkultur Onlineshop\" \/>\n<meta property=\"og:description\" content=\"Annette Ahrens BA Tafelkultur aus drei Jahrhunderten Adresse: Dannebergplatz 10, 1030 Wien Telefon: +43 699 10 10 75 35 Email: office@annette-ahrens.at Handelsgericht: Eintragung ins Handelsregister, Einzelhandelsunternehmen Registergericht: Wien Registriernummer: FN: 03 071\/5486 Umsatzsteuer-ID: ATU 62469769 Bankverbindung: Erste Bank,\u00a0Graben 21, 1010 Wien IBAN: AT72 2011 1286 1381 1200 Berufsbezeichnung Mitglied der Wirtschaftskammer Wien\/ Sparte Handel\/ Versand-, [&hellip;]\" \/>\n<meta property=\"og:url\" content=\"https:\/\/annette-ahrens.at\/onlineshop\/impressum\/\" \/>\n<meta property=\"og:site_name\" content=\"Tafelkultur Onlineshop\" \/>\n<meta property=\"article:publisher\" content=\"https:\/\/www.facebook.com\/AnnetteAhrensTafelkultur\" \/>\n<meta property=\"article:modified_time\" content=\"2021-03-23T17:40:31+00:00\" \/>\n<meta name=\"twitter:card\" content=\"summary_large_image\" \/>\n<meta name=\"twitter:label1\" content=\"Gesch\u00e4tzte Lesezeit\">\n\t<meta name=\"twitter:data1\" content=\"2\u00a0Minuten\">\n<script type=\"application\/ld+json\" class=\"yoast-schema-graph\">{\"@context\":\"https:\/\/schema.org\",\"@graph\":[{\"@type\":[\"Person\",\"Organization\"],\"@id\":\"https:\/\/annette-ahrens.at\/onlineshop\/#\/schema\/person\/3e19676faae246bba0cb3b7e15f427d8\",\"name\":\"Annette Ahrens\",\"image\":{\"@type\":\"ImageObject\",\"@id\":\"https:\/\/annette-ahrens.at\/onlineshop\/#personlogo\",\"inLanguage\":\"de\",\"url\":\"https:\/\/annette-ahrens.at\/onlineshop\/wp-content\/uploads\/2020\/04\/aa_logo_End.png\",\"width\":800,\"height\":164,\"caption\":\"Annette Ahrens\"},\"logo\":{\"@id\":\"https:\/\/annette-ahrens.at\/onlineshop\/#personlogo\"},\"sameAs\":[\"https:\/\/annette-ahrens.at\",\"https:\/\/www.facebook.com\/AnnetteAhrensTafelkultur\",\"https:\/\/www.instagram.com\/tafelkulturistin\/\",\"https:\/\/de.wikipedia.org\/wiki\/Annette_Ahrens\"]},{\"@type\":\"WebSite\",\"@id\":\"https:\/\/annette-ahrens.at\/onlineshop\/#website\",\"url\":\"https:\/\/annette-ahrens.at\/onlineshop\/\",\"name\":\"Tafelkultur Onlineshop\",\"description\":\"Annette Ahrens\",\"publisher\":{\"@id\":\"https:\/\/annette-ahrens.at\/onlineshop\/#\/schema\/person\/3e19676faae246bba0cb3b7e15f427d8\"},\"potentialAction\":[{\"@type\":\"SearchAction\",\"target\":\"https:\/\/annette-ahrens.at\/onlineshop\/?s={search_term_string}\",\"query-input\":\"required name=search_term_string\"}],\"inLanguage\":\"de\"},{\"@type\":\"WebPage\",\"@id\":\"https:\/\/annette-ahrens.at\/onlineshop\/impressum\/#webpage\",\"url\":\"https:\/\/annette-ahrens.at\/onlineshop\/impressum\/\",\"name\":\"Impressum - Tafelkultur Onlineshop\",\"isPartOf\":{\"@id\":\"https:\/\/annette-ahrens.at\/onlineshop\/#website\"},\"datePublished\":\"2020-05-05T20:38:17+00:00\",\"dateModified\":\"2021-03-23T17:40:31+00:00\",\"breadcrumb\":{\"@id\":\"https:\/\/annette-ahrens.at\/onlineshop\/impressum\/#breadcrumb\"},\"inLanguage\":\"de\",\"potentialAction\":[{\"@type\":\"ReadAction\",\"target\":[\"https:\/\/annette-ahrens.at\/onlineshop\/impressum\/\"]}]},{\"@type\":\"BreadcrumbList\",\"@id\":\"https:\/\/annette-ahrens.at\/onlineshop\/impressum\/#breadcrumb\",\"itemListElement\":[{\"@type\":\"ListItem\",\"position\":1,\"item\":{\"@type\":\"WebPage\",\"@id\":\"https:\/\/annette-ahrens.at\/onlineshop\/\",\"url\":\"https:\/\/annette-ahrens.at\/onlineshop\/\",\"name\":\"Home\"}},{\"@type\":\"ListItem\",\"position\":2,\"item\":{\"@type\":\"WebPage\",\"@id\":\"https:\/\/annette-ahrens.at\/onlineshop\/impressum\/\",\"url\":\"https:\/\/annette-ahrens.at\/onlineshop\/impressum\/\",\"name\":\"Impressum\"}}]}]}<\/script>\n<!-- \/ Yoast SEO Premium plugin. -->","_links":{"self":[{"href":"https:\/\/annette-ahrens.at\/onlineshop\/wp-json\/wp\/v2\/pages\/1075","targetHints":{"allow":["GET"]}}],"collection":[{"href":"https:\/\/annette-ahrens.at\/onlineshop\/wp-json\/wp\/v2\/pages"}],"about":[{"href":"https:\/\/annette-ahrens.at\/onlineshop\/wp-json\/wp\/v2\/types\/page"}],"author":[{"embeddable":true,"href":"https:\/\/annette-ahrens.at\/onlineshop\/wp-json\/wp\/v2\/users\/1"}],"replies":[{"embeddable":true,"href":"https:\/\/annette-ahrens.at\/onlineshop\/wp-json\/wp\/v2\/comments?post=1075"}],"version-history":[{"count":1,"href":"https:\/\/annette-ahrens.at\/onlineshop\/wp-json\/wp\/v2\/pages\/1075\/revisions"}],"predecessor-version":[{"id":7360,"href":"https:\/\/annette-ahrens.at\/onlineshop\/wp-json\/wp\/v2\/pages\/1075\/revisions\/7360"}],"wp:attachment":[{"href":"https:\/\/annette-ahrens.at\/onlineshop\/wp-json\/wp\/v2\/media?parent=1075"}],"curies":[{"name":"wp","href":"https:\/\/api.w.org\/{rel}","templated":true}]}}