{"id":1076,"date":"2020-05-05T22:38:17","date_gmt":"2020-05-05T20:38:17","guid":{"rendered":"https:\/\/annette-ahrens.at\/silbershop\/agb\/"},"modified":"2022-02-15T14:35:19","modified_gmt":"2022-02-15T13:35:19","slug":"agb","status":"publish","type":"page","link":"https:\/\/annette-ahrens.at\/onlineshop\/agb\/","title":{"rendered":"AGB"},"content":{"rendered":"\n<p><strong>Allgemeinen Gesch\u00e4ftsbedingungen<br>der Firma Annette Ahrens, 1030 Wien<br>betreffend den Online-Kauf (E-Commerce Gesetze, FernabsatzG)<\/strong><\/p>\n\n\n\n<p><strong>\u00a7 1 Geltungsbereich<\/strong><\/p>\n\n\n\n<p>Sch\u00f6n, dass Sie da sind. Ich freu mich Sie als einzige Tafelkulturistin \u00d6sterreichs auf meiner Webseite <a href=\"http:\/\/www.annette-ahrens.at\">www.annette-ahrens.at<\/a> und dem dazugeh\u00f6renden Webshop begr\u00fc\u00dfen zu d\u00fcrfen. Mein Webshop beinhaltet alles rund um die Tafelkultur aus vergangenen drei Jahrhunderten. Ich bem\u00fche mich Ihnen einen optimalen Service zu bieten. Ihre Zufriedenheit ist mein Ansporn. Meinem Service liegen die folgenden Allgemeinen Gesch\u00e4ftsbedingungen (AGB) in Ihrer zum Zeitpunkt der Bestellung g\u00fcltigen Fassung zugrunde. Diese AGB sind Bestandteil des mit mir geschlossenen Vertrages \u00fcber den Online-Shop des Verk\u00e4ufers. Mit Ihrer Bestellung erkennen Sie diese Bedingungen an. Etwaige von diesen Bedingungen abweichenden Regelungen gelten nur, sofern sie von mir schriftlich best\u00e4tigt worden sind.<\/p>\n\n\n\n<p><strong>\u00a7 2 Beschreibungen &amp; Bilder<\/strong><\/p>\n\n\n\n<p>Ausgewiesene Warenzeichen und Markennamen dienen ausschlie\u00dflich der Beschreibung und stehen im Eigentum der jeweiligen Rechteinhaber. Bei den im meinem Online-Shop angebotenen Objekten der Tafelkultur handelt es sich um antike Gegenst\u00e4nde mit alters- und verwendungsbedingten Gebrauchsspuren. Diese nach bestem Wissen und Gewissen vorgenommenen Beschreibungen sind keine Garantien im Rechtssinne d. h. sie sind keine zugesicherten Eigenschaften gem &amp; 459 ff. BGB. Das gilt auch f\u00fcr Ma\u00dfe, Gewichte, Vollst\u00e4ndigkeit, Herkunft, Zeitangaben etc. Die aufgef\u00fchrten Zustandsbeschreibungen sind nur als Anhaltspunkte f\u00fcr wichtige Besch\u00e4digungen gedacht. Das Fehlen eines solchen Hinweises besagt nicht, dass sich die Position in gutem Zustand befindet oder frei von M\u00e4ngeln ist. Die Objekte werden in dem Zustand verkauft, in dem sie sich im Augenblick der Kauf-Ausl\u00f6sung (Best\u00e4tigung Kauf-Buttons) befinden, ohne Gew\u00e4hr und Haftung f\u00fcr offene und versteckte M\u00e4ngel sowie Zuschreibungen. F\u00fcr Irrt\u00fcmer bei Beschreibungen und Abbildungen wird keine Garantie \u00fcbernommen. Farbabbildungen k\u00f6nnen vom Original abweichen. Alle Ma\u00df- und Gewichtsangaben sind ungef\u00e4hre Angaben. &nbsp;<\/p>\n\n\n\n<p><strong>\u00a7 3 Bestellen &amp; Bezahlen<\/strong><\/p>\n\n\n\n<p>Bestellen k\u00f6nnen Sie 24 Stunden online: durch Ausl\u00f6sung des Kauf-Buttons mit dem Sie gleichzeitig Ihre Kenntnis von der auf der Internetseite www.annette-ahrens.at ver\u00f6ffentlichten Allgemeinen Gesch\u00e4ftsbedingungen und Ihr Einverst\u00e4ndnis mit der Geltung der AGB zum Ausdruck bringen. Der Eingang Ihrer Bestellung bei uns, wird Ihnen durch separate E-Mail \u201eBetreff &#8211; Ihre Bestellung bei www.annette-ahrens.at best\u00e4tigt. Wir werden Ihren Bestellwunsch auf Artikel- Verf\u00fcgbarkeit \u00fcberpr\u00fcfen und Ihnen rasch Feedback geben. Ist der Artikel lieferbar, werden wir Ihnen alle n\u00f6tigen Zahlungsdetails mit separater Rechnungs-Email zur Verf\u00fcgung gestellt. Das Rechnungs-Original liegt dann sp\u00e4ter der Lieferung bei. Bezahlen k\u00f6nnen Sie per Vorauskasse (Bank\u00fcberweisung) oder PayPal&nbsp;&nbsp;<\/p>\n\n\n\n<p>\u2022 Vorauskasse per \u00dcberweisung: Zahlen Sie dann bitte innerhalb von 7 Tagen, der Versand erfolgt erst nach erfolgtem Zahlungseingang.&nbsp;<\/p>\n\n\n\n<p>\u2022 Vorauskasse per PayPal: Zahlen Sie bequem mit den Vorteilen des PayPal-Zahlsystems vgl. hierzu auch die weiteren Details auf\u00a0<a href=\"http:\/\/www.paypal.de\">www.paypal.de<\/a>\u00a0(der Versand erfolgt nach Gutschrift auf dem Annette Ahrens PayPal-Konto).\u00a0<\/p>\n\n\n\n<p><br>Zahlungen von ausl\u00e4ndischen Bankinstituten sind innerhalb der EU ohne zus\u00e4tzliche Geb\u00fchr, wenn Sie auf der \u00dcberweisung den IBAN- und SWIFT-Code f\u00fcr unsere Bankverbindung angeben. Ohne diese Codes werden uns Ihre Zahlungen nur nach einem Abzug von 7,00 Euro gutgeschrieben, die wir Ihnen zus\u00e4tzlich belasten m\u00fcssen. Der IBAN- und der SWIFT-Code wird Ihnen von www.annette-ahrens.at zur Verf\u00fcgung gestellt. Die Preise gelten nur f\u00fcr das jeweilige Objekt. F\u00fcr Datenerfassungsfehler in der Preisangabe \u00fcbernehmen wir keine Haftung.&nbsp;<strong>Bei den Objekten handelt es sich um Gebrauchtwaren, die nach \u00a725a UStG einer Differenzbesteuerung unterliegen. Dieses Verfahren berechtigt nicht zum Vorsteuer-Abzug. Alle Preise zuz\u00fcglich der Versandkostenpauschale (vgl. \u00a7 5)<\/strong>. B\u00fccher sind preisgebunden; bei einer Preiserh\u00f6hung durch den Verlag m\u00fcssen wir Ihnen den neuen Preis berechnen. In den B\u00fcchern ist ein erm\u00e4\u00dfigter Umsatzsteuersatz von 10% enthalten. Pflegeprodukte wie die polinette unterliegen einem Steuersatz von derzeit 20%.&nbsp;<\/p>\n\n\n\n<p>Eigentumsvorbehalt: Bis zur vollst\u00e4ndigen Bezahlung bleiben die gelieferten Waren Eigentum von www.annette-ahrens.at&nbsp;<\/p>\n\n\n\n<p><strong>\u00a7 4 Widerufsbelehrung<\/strong><\/p>\n\n\n\n<p>Hat der Kunde ein Widerrufsrecht nach \u00a7 312d Abs. 1 Satz 1 BGB, so werden ihm bei Aus\u00fcbung des Widerrufsrechts die regelm\u00e4\u00dfigen Kosten der R\u00fccksendung auferlegt, wenn der Preis der zur\u00fcckzusendenden Sache einen Betrag von 40 Euro nicht \u00fcbersteigt oder wenn bei einem h\u00f6heren Preis der Sache der Kunde die Gegenleistung oder eine Teilzahlung zum Zeitpunkt des Widerrufs noch nicht erbracht hat, es sei denn, dass die gelieferte Ware nicht der bestellten entspricht. In allen anderen F\u00e4llen tr\u00e4gt der Verk\u00e4ufer die Kosten der R\u00fccksendung.&nbsp;<\/p>\n\n\n\n<p><strong>\u00a7 5 Versandkosten &amp; Lieferung<\/strong><\/p>\n\n\n\n<p>Grunds\u00e4tzlich verschickt www.annette-ahrens.at <strong>weltweit<\/strong>. F\u00fcr den&nbsp;<strong>Versand<\/strong>&nbsp;fallen pro Auftrag&nbsp;<strong>pauschale Versandkosten<\/strong>&nbsp;zu erm\u00e4\u00dfigten Konditionen an, die auf Lieferregionen abgestimmt sind:&nbsp;<\/p>\n\n\n\n<p>&#8211;&nbsp;<strong>innerhalb von \u00d6sterreich<\/strong>&nbsp;pauschale Versandkosten in H\u00f6he von&nbsp;<strong>10,00 Euro<\/strong><\/p>\n\n\n\n<p>&#8211; f\u00fcr&nbsp;<strong>L\u00e4nder innerhalb der EU<\/strong>&nbsp;pauschale Versandkosten in H\u00f6he von&nbsp;<strong>20,00 Euro<\/strong><\/p>\n\n\n\n<p>&#8211; f\u00fcr&nbsp;<strong>L\u00e4nder au\u00dferhalb der EU<\/strong>&nbsp;(zum Beispiel Liechtenstein oder Schweiz) pauschale Versandkosten in H\u00f6he von<strong>&nbsp;25,00 Euro<\/strong>.&nbsp;<\/p>\n\n\n\n<p>&#8211; f\u00fcr die <strong>U.S.A. oder \u00dcbersee<\/strong> werden die anfallenden Kosten ermittelt und vor dem Kauf dem K\u00e4ufer mitgeteilt.<\/p>\n\n\n\n<p>Abweichende Versandw\u00fcnsche&nbsp;<strong>m\u00fcssen vom K\u00e4ufer gegebenenfalls vorab&nbsp;erfragt werden<\/strong>. Mehrere Objekte werden zusammen verschickt. Das<strong>&nbsp;Paket\/ die Pakete wird\/ werden mit gr\u00f6\u00dfter Sorgfalt verpackt und innerhalb von drei Tagen nach Geldeingang verschickt&nbsp;<\/strong>(bei Zahlungsmodalit\u00e4t Vorauskasse). Die Lieferung erfolgt ab Wien an die von Ihnen angegebene Lieferadresse. Da der Empfang der Lieferung best\u00e4tigt werden muss, k\u00f6nnen Sie im Falle Ihrer Abwesenheit zum Zeitpunkt der Auslieferung auch eine Ausweichadresse und\/ oder Wunschliefertermin, angeben. Bitte denken Sie in diesem Fall daran, gegebenenfalls eine Empfangsvollmacht auszustellen.<\/p>\n\n\n\n<p><strong>\u00a7 6 M\u00e4ngelanspr\u00fcche<\/strong><\/p>\n\n\n\n<p>Der K\u00e4ufer ist verpflichtet, offensichtliche Sach- und Rechtsm\u00e4ngel innerhalb von 7 Tagen nach Erhalt der Ware dem Verk\u00e4ufer schriftlich anzuzeigen; es gen\u00fcgt die Absendung der Anzeige innerhalb der Frist. Die M\u00e4ngel sind dabei so detailliert wie m\u00f6glich zu beschreiben. Da es sich in der Regel um Einzelst\u00fccke handelt hat der K\u00e4ufer dann das Recht auf R\u00fcckg\u00e4ngigmachung des Kaufes oder Herabsetzung des Kaufpreises. Sollte es bei den gelieferten Produkten zu geringf\u00fcgigen Abweichungen bei Aussehen und\/oder Ausstattung gegen\u00fcber den Abbildungen kommen, so ergeben sich daraus keine M\u00e4ngelanspr\u00fcche, als die Ver\u00e4nderungen f\u00fcr den Kunden zumutbar sind.<\/p>\n\n\n\n<p><strong>\u00a7 7 Datenschutz und -sicherheit<\/strong><\/p>\n\n\n\n<p>Die f\u00fcr die Gesch\u00e4ftsabwicklung notwendigen Daten (Name, Vorname, Geburtsdatum, Stra\u00dfe, Hausnummer, L\u00e4nderkennung, Postleitzahl, Ort, Telefon, E-Mailadresse) werden gespeichert. Wir kommen den Anforderungen des Datenschutzgesetzes\/ der&nbsp;EU-Datenschutz-Grundverordnung (DS-GVO) nach und erteilen Ihnen gerne kostenfrei Auskunft \u00fcber Ihre gespeicherten Daten. Auf Wunsch nehmen wir Berichtigungen, Sperrungen und\/ oder L\u00f6schungen Ihrer Daten vor.<\/p>\n\n\n\n<p>Alle pers\u00f6nlichen Daten werden selbstverst\u00e4ndlich vertraulich behandelt. Einzig die zur Auslieferung zwingend notwendigen Versanddaten wie Name, gew\u00fcnschte Lieferadresse, E-Mailadresse, gegebenenfalls Telefonnummer o.\u00e4. werden an den beauftragten Versand-Dienstleister \u00fcbergeben\/ \u00fcbermittelt. &nbsp;<\/p>\n\n\n\n<p>Eine Weitergabe Ihrer Daten an weitere Dritte findet von unserer Seite nicht statt.<\/p>\n\n\n\n<p>Wir weisen darauf hin, dass die Daten\u00fcbertragung im Internet Sicherheitsl\u00fccken aufweisen kann, zum Beispiel bei der Kommunikation via Email. Ein l\u00fcckenloser Schutz der Daten vor unbefugten Zugriffen (durch Dritte) wird angestrebt, ist derzeit leider nicht m\u00f6glich.<\/p>\n\n\n\n<p><strong>Datensicherheit:&nbsp;<\/strong>Ihre personenbezogenen Daten werden im Bestellprozess mittels SSL-Verschl\u00fcsselung \u00fcber das Internet \u00fcbertragen. Kreditkartendaten werden nicht gespeichert, sondern direkt von PayPal als Dienstleister erhoben und verarbeitet. Wir sichern unsere Website und sonstigen Systeme durch technische und organisatorische Ma\u00dfnahmen gegen Verlust, Zerst\u00f6rung, Zugriff, Ver\u00e4nderung oder Verbreitung Ihrer Daten durch unbefugte Personen. Der Zugang zu Ihrem Kundenkonto ist nur nach Eingabe Ihres pers\u00f6nlichen Passwortes m\u00f6glich. Sie sollten Ihre Zugangsinformationen stets vertraulich behandeln und das Browserfenster schlie\u00dfen, wenn Sie die Kommunikation mit uns beendet haben.<\/p>\n\n\n\n<p><strong>\u00a7 8 Rechtliche Hinweise Haftungs- und Gew\u00e4hrleistungsausschluss&nbsp;<\/strong><\/p>\n\n\n\n<p>Alle in unseren Internetseiten enthaltenen Angaben und Informationen wurden von uns sorgf\u00e4ltig recherchiert und gepr\u00fcft. F\u00fcr Richtigkeit, Vollst\u00e4ndigkeit und Aktualit\u00e4t \u00fcbernehmen wir keine Haftung. Alle Informationen dienen ausschlie\u00dflich zur Information der Besucher des Onlineangebotes. Im \u00dcbrigen ist die Haftung auf Vorsatz und grobe Fahrl\u00e4ssigkeit beschr\u00e4nkt. Haftungsausschluss f\u00fcr fremde Links. www.annette-ahrens.at verweist auf ihren Seiten mit Links zu anderen Seiten im Internet. F\u00fcr alle diese Links gilt: www.annette-ahrens.at erkl\u00e4rt ausdr\u00fccklich, dass sie keinerlei Einfluss auf die Gestaltung und die Inhalte der verlinkten Seiten hat. Deshalb distanzieren wir uns hiermit ausdr\u00fccklich von allen Inhalten aller verlinkten Seiten Dritter auf www.annette-ahrens.at und machen uns diese Inhalte nicht zu eigen. Diese Erkl\u00e4rung gilt f\u00fcr alle angezeigten Links und f\u00fcr alle Inhalte der Seiten, zu denen Links f\u00fchren. Die Inhalte aller Seiten dieses Webauftritts sind urheberrechtlich gesch\u00fctzt. Alle Bildrechte liegen bei Annette Ahrens, www.annette-ahrens.at oder ihren Partnern. Eine Verwendung ohne ausdr\u00fcckliche schriftliche Zustimmung ist nicht gestattet. Alle Rechte der Vervielf\u00e4ltigung des Inhalts oder Teilen daraus, sind vorbehalten. Kopien dieser Seite sind nur f\u00fcr den privaten, nicht kommerziellen Gebrauch gestattet. Soweit die Inhalte auf dieser Seite nicht von www.annette-ahrens.at erstellt wurden, werden die Urheberrechte Dritter beachtet. Insbesondere werden Inhalte Dritter als solche gekennzeichnet. Sollten Sie trotzdem auf eine Urheberrechtsverletzung aufmerksam werden, bitten wir um einen entsprechenden Hinweis. Bei bekannt werden von Rechtsverletzungen werden wir derartige Inhalte umgehend entfernen.<\/p>\n\n\n\n<p><strong>\u00a7 9 Streitbeilegung<\/strong><\/p>\n\n\n\n<p>Die Europ\u00e4ische Kommission stellt eine Plattform zur Online-Streitbeilegung (OS) bereit, die Sie hier finden&nbsp;<a href=\"http:\/\/ec.europa.eu\/consumers\/odr\/\">http:\/\/ec.europa.eu\/consumers\/odr\/<\/a>.<\/p>\n\n\n\n<p><br>Wir sind bereit, an einem au\u00dfergerichtlichen Schlichtungsverfahren vor einer Verbraucherschlichtungsstelle teilzunehmen.<br>Zust\u00e4ndig ist die Allgemeine Verbraucherschlichtungsstelle des Zentrums f\u00fcr Schlichtung e.V., Stra\u00dfburger Stra\u00dfe 8, 77694 Kehl am Rhein,&nbsp;<a href=\"http:\/\/www.verbraucher-schlichter.de\">www.verbraucher-schlichter.de<\/a>.<\/p>\n\n\n\n<p><strong>Punkt NEUN Streitbeilegung&nbsp;&nbsp;<\/strong><a href=\"http:\/\/shop.trustedshops.com\/rechtstexte-kostenlos\"><strong><em>vgl.:<\/em><\/strong><\/a><a href=\"http:\/\/www.trustedshops.de\/?__hstc=34495550.a611762db54174db782e5d9667b68b97.1486039858559.1486039858559.1486039858559.1&amp;__hssc=34495550.27.1486039858560&amp;__hsfp=1837733919\"><em>Trusted Shops<\/em><\/a><em>&nbsp;Rechtstexter in Kooperation mit&nbsp;<\/em><a href=\"http:\/\/www.wbs-law.de\"><em>Wilde Beuger Solmecke Rechtsanw\u00e4lte<\/em><\/a><em>.<\/em><\/p>\n\n\n\n<p><strong>\u00a7 10 Anbieterkennung<\/strong><\/p>\n\n\n\n<p>Annette Ahrens, <a href=\"http:\/\/www.annette-ahrens.at\">www.annette-ahrens.at<\/a>, Dannebergplatz 10\/Top 13, 1030 Wien, \u00d6sterreich<\/p>\n\n\n\n<p>Muster-Widerrufsformular<\/p>\n\n\n\n<p>An Annette Ahrens, Dannebergplatz 10\/ 13, 1030 Wien, <a href=\"mailto:office@anette-ahrens.at\">office@anette-ahrens.at<\/a><\/p>\n\n\n\n<p><br>Hiermit widerrufe ich den von mir abgeschlossenen Vertrag \u00fcber den Kauf der folgenden Waren<br>Menge Artikelnummer Bezeichnung<br><br><br>Erhalten am:<br>Name des Verbrauchers:<br>Anschrift des Verbrauchers:<br>Datum:<br>Unterschrift des Verbrauchers:<\/p>\n","protected":false},"excerpt":{"rendered":"<p>Allgemeinen Gesch\u00e4ftsbedingungender Firma Annette Ahrens, 1030 Wienbetreffend den Online-Kauf (E-Commerce Gesetze, FernabsatzG) \u00a7 1 Geltungsbereich Sch\u00f6n, dass Sie da sind. Ich freu mich Sie als einzige Tafelkulturistin \u00d6sterreichs auf meiner Webseite www.annette-ahrens.at und dem dazugeh\u00f6renden Webshop begr\u00fc\u00dfen zu d\u00fcrfen. Mein Webshop beinhaltet alles rund um die Tafelkultur aus vergangenen drei Jahrhunderten. Ich bem\u00fche mich Ihnen [&hellip;]<\/p>\n","protected":false},"author":1,"featured_media":0,"parent":0,"menu_order":0,"comment_status":"closed","ping_status":"closed","template":"","meta":{"footnotes":""},"class_list":["post-1076","page","type-page","status-publish","hentry"],"yoast_head":"<!-- This site is optimized with the Yoast SEO Premium plugin v15.8.2 - https:\/\/yoast.com\/wordpress\/plugins\/seo\/ -->\n<title>AGB - Tafelkultur Onlineshop<\/title>\n<meta name=\"robots\" content=\"index, follow, max-snippet:-1, max-image-preview:large, max-video-preview:-1\" \/>\n<link rel=\"canonical\" href=\"https:\/\/annette-ahrens.at\/onlineshop\/agb\/\" \/>\n<meta property=\"og:locale\" content=\"de_DE\" \/>\n<meta property=\"og:type\" content=\"article\" \/>\n<meta property=\"og:title\" content=\"AGB - Tafelkultur Onlineshop\" \/>\n<meta property=\"og:description\" content=\"Allgemeinen Gesch\u00e4ftsbedingungender Firma Annette Ahrens, 1030 Wienbetreffend den Online-Kauf (E-Commerce Gesetze, FernabsatzG) \u00a7 1 Geltungsbereich Sch\u00f6n, dass Sie da sind. Ich freu mich Sie als einzige Tafelkulturistin \u00d6sterreichs auf meiner Webseite www.annette-ahrens.at und dem dazugeh\u00f6renden Webshop begr\u00fc\u00dfen zu d\u00fcrfen. Mein Webshop beinhaltet alles rund um die Tafelkultur aus vergangenen drei Jahrhunderten. Ich bem\u00fche mich Ihnen [&hellip;]\" \/>\n<meta property=\"og:url\" content=\"https:\/\/annette-ahrens.at\/onlineshop\/agb\/\" \/>\n<meta property=\"og:site_name\" content=\"Tafelkultur Onlineshop\" \/>\n<meta property=\"article:publisher\" content=\"https:\/\/www.facebook.com\/AnnetteAhrensTafelkultur\" \/>\n<meta property=\"article:modified_time\" content=\"2022-02-15T13:35:19+00:00\" \/>\n<meta name=\"twitter:card\" content=\"summary_large_image\" \/>\n<meta name=\"twitter:label1\" content=\"Gesch\u00e4tzte Lesezeit\">\n\t<meta name=\"twitter:data1\" content=\"7\u00a0Minuten\">\n<script type=\"application\/ld+json\" class=\"yoast-schema-graph\">{\"@context\":\"https:\/\/schema.org\",\"@graph\":[{\"@type\":[\"Person\",\"Organization\"],\"@id\":\"https:\/\/annette-ahrens.at\/onlineshop\/#\/schema\/person\/3e19676faae246bba0cb3b7e15f427d8\",\"name\":\"Annette Ahrens\",\"image\":{\"@type\":\"ImageObject\",\"@id\":\"https:\/\/annette-ahrens.at\/onlineshop\/#personlogo\",\"inLanguage\":\"de\",\"url\":\"https:\/\/annette-ahrens.at\/onlineshop\/wp-content\/uploads\/2020\/04\/aa_logo_End.png\",\"width\":800,\"height\":164,\"caption\":\"Annette Ahrens\"},\"logo\":{\"@id\":\"https:\/\/annette-ahrens.at\/onlineshop\/#personlogo\"},\"sameAs\":[\"https:\/\/annette-ahrens.at\",\"https:\/\/www.facebook.com\/AnnetteAhrensTafelkultur\",\"https:\/\/www.instagram.com\/tafelkulturistin\/\",\"https:\/\/de.wikipedia.org\/wiki\/Annette_Ahrens\"]},{\"@type\":\"WebSite\",\"@id\":\"https:\/\/annette-ahrens.at\/onlineshop\/#website\",\"url\":\"https:\/\/annette-ahrens.at\/onlineshop\/\",\"name\":\"Tafelkultur Onlineshop\",\"description\":\"Annette Ahrens\",\"publisher\":{\"@id\":\"https:\/\/annette-ahrens.at\/onlineshop\/#\/schema\/person\/3e19676faae246bba0cb3b7e15f427d8\"},\"potentialAction\":[{\"@type\":\"SearchAction\",\"target\":\"https:\/\/annette-ahrens.at\/onlineshop\/?s={search_term_string}\",\"query-input\":\"required name=search_term_string\"}],\"inLanguage\":\"de\"},{\"@type\":\"WebPage\",\"@id\":\"https:\/\/annette-ahrens.at\/onlineshop\/agb\/#webpage\",\"url\":\"https:\/\/annette-ahrens.at\/onlineshop\/agb\/\",\"name\":\"AGB - Tafelkultur Onlineshop\",\"isPartOf\":{\"@id\":\"https:\/\/annette-ahrens.at\/onlineshop\/#website\"},\"datePublished\":\"2020-05-05T20:38:17+00:00\",\"dateModified\":\"2022-02-15T13:35:19+00:00\",\"breadcrumb\":{\"@id\":\"https:\/\/annette-ahrens.at\/onlineshop\/agb\/#breadcrumb\"},\"inLanguage\":\"de\",\"potentialAction\":[{\"@type\":\"ReadAction\",\"target\":[\"https:\/\/annette-ahrens.at\/onlineshop\/agb\/\"]}]},{\"@type\":\"BreadcrumbList\",\"@id\":\"https:\/\/annette-ahrens.at\/onlineshop\/agb\/#breadcrumb\",\"itemListElement\":[{\"@type\":\"ListItem\",\"position\":1,\"item\":{\"@type\":\"WebPage\",\"@id\":\"https:\/\/annette-ahrens.at\/onlineshop\/\",\"url\":\"https:\/\/annette-ahrens.at\/onlineshop\/\",\"name\":\"Home\"}},{\"@type\":\"ListItem\",\"position\":2,\"item\":{\"@type\":\"WebPage\",\"@id\":\"https:\/\/annette-ahrens.at\/onlineshop\/agb\/\",\"url\":\"https:\/\/annette-ahrens.at\/onlineshop\/agb\/\",\"name\":\"AGB\"}}]}]}<\/script>\n<!-- \/ Yoast SEO Premium plugin. -->","_links":{"self":[{"href":"https:\/\/annette-ahrens.at\/onlineshop\/wp-json\/wp\/v2\/pages\/1076","targetHints":{"allow":["GET"]}}],"collection":[{"href":"https:\/\/annette-ahrens.at\/onlineshop\/wp-json\/wp\/v2\/pages"}],"about":[{"href":"https:\/\/annette-ahrens.at\/onlineshop\/wp-json\/wp\/v2\/types\/page"}],"author":[{"embeddable":true,"href":"https:\/\/annette-ahrens.at\/onlineshop\/wp-json\/wp\/v2\/users\/1"}],"replies":[{"embeddable":true,"href":"https:\/\/annette-ahrens.at\/onlineshop\/wp-json\/wp\/v2\/comments?post=1076"}],"version-history":[{"count":5,"href":"https:\/\/annette-ahrens.at\/onlineshop\/wp-json\/wp\/v2\/pages\/1076\/revisions"}],"predecessor-version":[{"id":13623,"href":"https:\/\/annette-ahrens.at\/onlineshop\/wp-json\/wp\/v2\/pages\/1076\/revisions\/13623"}],"wp:attachment":[{"href":"https:\/\/annette-ahrens.at\/onlineshop\/wp-json\/wp\/v2\/media?parent=1076"}],"curies":[{"name":"wp","href":"https:\/\/api.w.org\/{rel}","templated":true}]}}