{"id":1062,"date":"2020-05-05T00:37:29","date_gmt":"2020-05-04T22:37:29","guid":{"rendered":"https:\/\/annette-ahrens.at\/silbershop\/?post_type=product&#038;p=1062"},"modified":"2026-01-10T16:01:17","modified_gmt":"2026-01-10T15:01:17","slug":"6-silberne-kuchengabeln-tschechoslowakei-um-1930","status":"publish","type":"product","link":"https:\/\/annette-ahrens.at\/onlineshop\/produkt\/6-silberne-kuchengabeln-tschechoslowakei-um-1930\/","title":{"rendered":"6 silberne Kuchengabeln &#8222;Spaten&#8220;, F. Bibus, Tschechoslowakei, um 1930"},"content":{"rendered":"<p>6 silberne Kuchengabeln in Spatenform<\/p>\n<p>Fa. Franti\u0161ek Bibus, M\u00e4hrisch-Tr\u00fcbau, Tschechoslowakei, um 1930<\/p>\n<p>Silber, \u00a0abgeschr\u00e4gte Zinke, tschechoslowakisches Beschauzeichen nach 1930, Meisterzeichen FB im Rechteck f\u00fcr Franti\u0161ek Bibus, M\u00e4hrisch-Tr\u00fcbau, in Kassette<\/p>\n<p>L\u00e4nge 14,5 cm<\/p>\n<p>146 g<\/p>\n","protected":false},"excerpt":{"rendered":"<p>Annettes: Etikette: 1883 gr\u00fcndete Franti\u0161ek Bibus eine Silberwarenfabrik in M\u00e4hrisch-Tr\u00fcbau. Nach dem Jahre 1890 bot er ein schon verh\u00e4ltnism\u00e4\u00dfig breites Sortiment an Silberwaren an: Dosen, Zigarrenspitzen, Zigarren- und Zigarettenetuis, Feuerzeuge, Tabletts und Aufs\u00e4tze. Ab dem Jahr 1913 begann die Firma F. Bibus mit der Herstellung von versilberten Waren und setzte als Firmenmarke eine wehende Flagge mit dem Buchstaben B fest. Nach dem 1. Weltkrieg erweiterte F. Bibus\u00a0 seine Erzeugung und wurde zum gr\u00f6\u00dften Alpaccawaren-Hersteller der Republik, in dieser Zeit besch\u00e4ftigte er schon mehr als 100 Mitarbeiter. Ich habe ein besonderes Faible f\u00fcr diese Firma.<\/p>\n","protected":false},"featured_media":1027,"comment_status":"open","ping_status":"closed","template":"","meta":[],"product_brand":[],"product_cat":[297,30,192,32,18,19,235,199,198,246,292,24,273,53],"product_tag":[],"class_list":{"0":"post-1062","1":"product","2":"type-product","3":"status-publish","4":"has-post-thumbnail","6":"product_cat-adventjause","7":"product_cat-besteck","8":"product_cat-dessert","9":"product_cat-festefeiern","10":"product_cat-fruehstueck","11":"product_cat-gabelfruehstueck","12":"product_cat-gabeln","13":"product_cat-jause","14":"product_cat-kuchen","15":"product_cat-kuchengabeln","16":"product_cat-muttertag","17":"product_cat-patisserie","18":"product_cat-silber-fachbuecher","19":"product_cat-weihnachten","21":"first","22":"instock","23":"sold-individually","24":"purchasable","25":"product-type-simple"},"yoast_head":"<!-- This site is optimized with the Yoast SEO Premium plugin v15.8.2 - https:\/\/yoast.com\/wordpress\/plugins\/seo\/ -->\n<title>6 silberne Kuchengabeln &quot;Spaten&quot;, F. Bibus, Tschechoslowakei, um 1930<\/title>\n<meta name=\"description\" content=\"6 silberne Kuchengabeln &quot;Spaten&quot;, F. Bibus, Tschechoslowakei, um 1930 \u2665 Antiquit\u00e4ten Online kaufen \u2713 Sichere Lieferung \u2713\" \/>\n<meta name=\"robots\" content=\"index, follow, max-snippet:-1, max-image-preview:large, max-video-preview:-1\" \/>\n<link rel=\"canonical\" href=\"https:\/\/annette-ahrens.at\/onlineshop\/produkt\/6-silberne-kuchengabeln-tschechoslowakei-um-1930\/\" \/>\n<meta property=\"og:locale\" content=\"de_DE\" \/>\n<meta property=\"og:type\" content=\"article\" \/>\n<meta property=\"og:title\" content=\"6 silberne Kuchengabeln &quot;Spaten&quot;, F. Bibus, Tschechoslowakei, um 1930\" \/>\n<meta property=\"og:description\" content=\"6 silberne Kuchengabeln &quot;Spaten&quot;, F. Bibus, Tschechoslowakei, um 1930 \u2665 Antiquit\u00e4ten Online kaufen \u2713 Sichere Lieferung \u2713\" \/>\n<meta property=\"og:url\" content=\"https:\/\/annette-ahrens.at\/onlineshop\/produkt\/6-silberne-kuchengabeln-tschechoslowakei-um-1930\/\" \/>\n<meta property=\"og:site_name\" content=\"Tafelkultur Onlineshop\" \/>\n<meta property=\"article:publisher\" content=\"https:\/\/www.facebook.com\/AnnetteAhrensTafelkultur\" \/>\n<meta property=\"article:modified_time\" content=\"2026-01-10T15:01:17+00:00\" \/>\n<meta property=\"og:image\" content=\"https:\/\/annette-ahrens.at\/onlineshop\/wp-content\/uploads\/2020\/05\/IMG_8888-scaled.jpeg\" \/>\n\t<meta property=\"og:image:width\" content=\"2560\" \/>\n\t<meta property=\"og:image:height\" content=\"2560\" \/>\n<meta name=\"twitter:card\" content=\"summary_large_image\" \/>\n<meta name=\"twitter:label1\" content=\"Gesch\u00e4tzte Lesezeit\">\n\t<meta name=\"twitter:data1\" content=\"1\u00a0Minute\">\n<script type=\"application\/ld+json\" class=\"yoast-schema-graph\">{\"@context\":\"https:\/\/schema.org\",\"@graph\":[{\"@type\":[\"Person\",\"Organization\"],\"@id\":\"https:\/\/annette-ahrens.at\/onlineshop\/#\/schema\/person\/3e19676faae246bba0cb3b7e15f427d8\",\"name\":\"Annette Ahrens\",\"image\":{\"@type\":\"ImageObject\",\"@id\":\"https:\/\/annette-ahrens.at\/onlineshop\/#personlogo\",\"inLanguage\":\"de\",\"url\":\"https:\/\/annette-ahrens.at\/onlineshop\/wp-content\/uploads\/2020\/04\/aa_logo_End.png\",\"width\":800,\"height\":164,\"caption\":\"Annette Ahrens\"},\"logo\":{\"@id\":\"https:\/\/annette-ahrens.at\/onlineshop\/#personlogo\"},\"sameAs\":[\"https:\/\/annette-ahrens.at\",\"https:\/\/www.facebook.com\/AnnetteAhrensTafelkultur\",\"https:\/\/www.instagram.com\/tafelkulturistin\/\",\"https:\/\/de.wikipedia.org\/wiki\/Annette_Ahrens\"]},{\"@type\":\"WebSite\",\"@id\":\"https:\/\/annette-ahrens.at\/onlineshop\/#website\",\"url\":\"https:\/\/annette-ahrens.at\/onlineshop\/\",\"name\":\"Tafelkultur Onlineshop\",\"description\":\"Annette Ahrens\",\"publisher\":{\"@id\":\"https:\/\/annette-ahrens.at\/onlineshop\/#\/schema\/person\/3e19676faae246bba0cb3b7e15f427d8\"},\"potentialAction\":[{\"@type\":\"SearchAction\",\"target\":\"https:\/\/annette-ahrens.at\/onlineshop\/?s={search_term_string}\",\"query-input\":\"required name=search_term_string\"}],\"inLanguage\":\"de\"},{\"@type\":\"ImageObject\",\"@id\":\"https:\/\/annette-ahrens.at\/onlineshop\/produkt\/6-silberne-kuchengabeln-tschechoslowakei-um-1930\/#primaryimage\",\"inLanguage\":\"de\",\"url\":\"https:\/\/annette-ahrens.at\/onlineshop\/wp-content\/uploads\/2020\/05\/IMG_8888-scaled.jpeg\",\"width\":2560,\"height\":2560,\"caption\":\"kuchengabel_silber\"},{\"@type\":[\"WebPage\",\"ItemPage\"],\"@id\":\"https:\/\/annette-ahrens.at\/onlineshop\/produkt\/6-silberne-kuchengabeln-tschechoslowakei-um-1930\/#webpage\",\"url\":\"https:\/\/annette-ahrens.at\/onlineshop\/produkt\/6-silberne-kuchengabeln-tschechoslowakei-um-1930\/\",\"name\":\"6 silberne Kuchengabeln \\\"Spaten\\\", F. Bibus, Tschechoslowakei, um 1930\",\"isPartOf\":{\"@id\":\"https:\/\/annette-ahrens.at\/onlineshop\/#website\"},\"primaryImageOfPage\":{\"@id\":\"https:\/\/annette-ahrens.at\/onlineshop\/produkt\/6-silberne-kuchengabeln-tschechoslowakei-um-1930\/#primaryimage\"},\"datePublished\":\"2020-05-04T22:37:29+00:00\",\"dateModified\":\"2026-01-10T15:01:17+00:00\",\"description\":\"6 silberne Kuchengabeln \\\"Spaten\\\", F. Bibus, Tschechoslowakei, um 1930 \\u2665 Antiquit\\u00e4ten Online kaufen \\u2713 Sichere Lieferung \\u2713\",\"breadcrumb\":{\"@id\":\"https:\/\/annette-ahrens.at\/onlineshop\/produkt\/6-silberne-kuchengabeln-tschechoslowakei-um-1930\/#breadcrumb\"},\"inLanguage\":\"de\",\"potentialAction\":[{\"@type\":\"ReadAction\",\"target\":[\"https:\/\/annette-ahrens.at\/onlineshop\/produkt\/6-silberne-kuchengabeln-tschechoslowakei-um-1930\/\"]}]},{\"@type\":\"BreadcrumbList\",\"@id\":\"https:\/\/annette-ahrens.at\/onlineshop\/produkt\/6-silberne-kuchengabeln-tschechoslowakei-um-1930\/#breadcrumb\",\"itemListElement\":[{\"@type\":\"ListItem\",\"position\":1,\"item\":{\"@type\":\"WebPage\",\"@id\":\"https:\/\/annette-ahrens.at\/onlineshop\/\",\"url\":\"https:\/\/annette-ahrens.at\/onlineshop\/\",\"name\":\"Home\"}},{\"@type\":\"ListItem\",\"position\":2,\"item\":{\"@type\":\"WebPage\",\"@id\":\"https:\/\/annette-ahrens.at\/onlineshop\/alle-tafelkultur-objekte\/\",\"url\":\"https:\/\/annette-ahrens.at\/onlineshop\/alle-tafelkultur-objekte\/\",\"name\":\"Alle Tafelkultur Objekte\"}},{\"@type\":\"ListItem\",\"position\":3,\"item\":{\"@type\":\"WebPage\",\"@id\":\"https:\/\/annette-ahrens.at\/onlineshop\/produkt\/6-silberne-kuchengabeln-tschechoslowakei-um-1930\/\",\"url\":\"https:\/\/annette-ahrens.at\/onlineshop\/produkt\/6-silberne-kuchengabeln-tschechoslowakei-um-1930\/\",\"name\":\"6 silberne Kuchengabeln &#8222;Spaten&#8220;, F. Bibus, Tschechoslowakei, um 1930\"}}]}]}<\/script>\n<!-- \/ Yoast SEO Premium plugin. -->","_links":{"self":[{"href":"https:\/\/annette-ahrens.at\/onlineshop\/wp-json\/wp\/v2\/product\/1062","targetHints":{"allow":["GET"]}}],"collection":[{"href":"https:\/\/annette-ahrens.at\/onlineshop\/wp-json\/wp\/v2\/product"}],"about":[{"href":"https:\/\/annette-ahrens.at\/onlineshop\/wp-json\/wp\/v2\/types\/product"}],"replies":[{"embeddable":true,"href":"https:\/\/annette-ahrens.at\/onlineshop\/wp-json\/wp\/v2\/comments?post=1062"}],"wp:featuredmedia":[{"embeddable":true,"href":"https:\/\/annette-ahrens.at\/onlineshop\/wp-json\/wp\/v2\/media\/1027"}],"wp:attachment":[{"href":"https:\/\/annette-ahrens.at\/onlineshop\/wp-json\/wp\/v2\/media?parent=1062"}],"wp:term":[{"taxonomy":"product_brand","embeddable":true,"href":"https:\/\/annette-ahrens.at\/onlineshop\/wp-json\/wp\/v2\/product_brand?post=1062"},{"taxonomy":"product_cat","embeddable":true,"href":"https:\/\/annette-ahrens.at\/onlineshop\/wp-json\/wp\/v2\/product_cat?post=1062"},{"taxonomy":"product_tag","embeddable":true,"href":"https:\/\/annette-ahrens.at\/onlineshop\/wp-json\/wp\/v2\/product_tag?post=1062"}],"curies":[{"name":"wp","href":"https:\/\/api.w.org\/{rel}","templated":true}]}}