{"id":11556,"date":"2021-11-30T02:26:14","date_gmt":"2021-11-30T01:26:14","guid":{"rendered":"https:\/\/annette-ahrens.at\/onlineshop\/?post_type=product&#038;p=11556"},"modified":"2022-01-06T22:22:47","modified_gmt":"2022-01-06T21:22:47","slug":"seltener-versilberter-bierwaermer-fa-hutschenreuther-um-1900","status":"publish","type":"product","link":"https:\/\/annette-ahrens.at\/onlineshop\/produkt\/seltener-versilberter-bierwaermer-fa-hutschenreuther-um-1900\/","title":{"rendered":"Seltener versilberter Bierw\u00e4rmer, Fa. Hutschenreuter, um 1930"},"content":{"rendered":"<p>Versilberter Bierw\u00e4rmer<\/p>\n<p>Fa. Hutschenreuter, Deutschland, um 1930<\/p>\n<p>Alpacca, stark versilbert, runder Gef\u00e4\u00dfk\u00f6rper, Stab zum Auff\u00fcllen von warmen Wasser aufschraubbar, ausgeschrieben Firmenmarke Hutschenreuther am Henkel, Brauereibetrieb R.JENTZSCH<\/p>\n<p>H\u00f6he 19,2 cm<\/p>\n","protected":false},"excerpt":{"rendered":"<p>Annette\u00b4s Etikette: Dieser Bierw\u00e4rmer d\u00fcrfte aus der Bierbrauerei von Robert Jentsch in Zittau, Oberlausnitz (S\u00fcdosten Sachsens) stammen. Neben der Brauerei wurde auch ein Restaurant mit einer Altdeutschen Stube betrieben. Als Bierstube diente ein als Forsthaus hergerichtetes Ensemble in der inneren Weberstrasse 11. Auf einer Werbe-Postkarte von 1907 wirbt er mit alkoholarmen Bier und einem Braurecht seit 1510, die Firma wurde allerdings erst 1879 gegr\u00fcndet. Auch die Bierflaschen hatten eigens gelabelte Porzellanverschl\u00fcsse. 1959 wurde der Betrieb geschlossen.<\/p>\n","protected":false},"featured_media":11584,"comment_status":"open","ping_status":"closed","template":"","meta":[],"product_brand":[],"product_cat":[297,276,30,192,18,198,236,292,24,239,22,53,308,26,157],"product_tag":[],"class_list":{"0":"post-11556","1":"product","2":"type-product","3":"status-publish","4":"has-post-thumbnail","6":"product_cat-adventjause","7":"product_cat-alpacca","8":"product_cat-besteck","9":"product_cat-dessert","10":"product_cat-fruehstueck","11":"product_cat-kuchen","12":"product_cat-loeffel","13":"product_cat-muttertag","14":"product_cat-patisserie","15":"product_cat-spezialbestecke","16":"product_cat-suess-sauer","17":"product_cat-weihnachten","18":"product_cat-weihnachtsgebaeck","19":"product_cat-wiener-melange","20":"product_cat-zucker-fruehstueck","22":"first","23":"instock","24":"purchasable","25":"product-type-simple"},"yoast_head":"<!-- This site is optimized with the Yoast SEO Premium plugin v15.8.2 - https:\/\/yoast.com\/wordpress\/plugins\/seo\/ -->\n<title>Seltener versilberter Bierw\u00e4rmer, Fa. Hutschenreuter, um 1930<\/title>\n<meta name=\"description\" content=\"Seltener versilberter Bierw\u00e4rmer, Fa. Hutschenreuter, um 1930 \u2665 Antiquit\u00e4ten Online kaufen \u2713 Sichere Lieferung \u2713\" \/>\n<meta name=\"robots\" content=\"index, follow, max-snippet:-1, max-image-preview:large, max-video-preview:-1\" \/>\n<link rel=\"canonical\" href=\"https:\/\/annette-ahrens.at\/onlineshop\/produkt\/seltener-versilberter-bierwaermer-fa-hutschenreuther-um-1900\/\" \/>\n<meta property=\"og:locale\" content=\"de_DE\" \/>\n<meta property=\"og:type\" content=\"article\" \/>\n<meta property=\"og:title\" content=\"Seltener versilberter Bierw\u00e4rmer, Fa. Hutschenreuter, um 1930\" \/>\n<meta property=\"og:description\" content=\"Seltener versilberter Bierw\u00e4rmer, Fa. Hutschenreuter, um 1930 \u2665 Antiquit\u00e4ten Online kaufen \u2713 Sichere Lieferung \u2713\" \/>\n<meta property=\"og:url\" content=\"https:\/\/annette-ahrens.at\/onlineshop\/produkt\/seltener-versilberter-bierwaermer-fa-hutschenreuther-um-1900\/\" \/>\n<meta property=\"og:site_name\" content=\"Tafelkultur Onlineshop\" \/>\n<meta property=\"article:publisher\" content=\"https:\/\/www.facebook.com\/AnnetteAhrensTafelkultur\" \/>\n<meta property=\"article:modified_time\" content=\"2022-01-06T21:22:47+00:00\" \/>\n<meta property=\"og:image\" content=\"https:\/\/annette-ahrens.at\/onlineshop\/wp-content\/uploads\/2021\/11\/IMG_7041-scaled.jpeg\" \/>\n\t<meta property=\"og:image:width\" content=\"2560\" \/>\n\t<meta property=\"og:image:height\" content=\"2560\" \/>\n<meta name=\"twitter:card\" content=\"summary_large_image\" \/>\n<meta name=\"twitter:label1\" content=\"Gesch\u00e4tzte Lesezeit\">\n\t<meta name=\"twitter:data1\" content=\"1\u00a0Minute\">\n<script type=\"application\/ld+json\" class=\"yoast-schema-graph\">{\"@context\":\"https:\/\/schema.org\",\"@graph\":[{\"@type\":[\"Person\",\"Organization\"],\"@id\":\"https:\/\/annette-ahrens.at\/onlineshop\/#\/schema\/person\/3e19676faae246bba0cb3b7e15f427d8\",\"name\":\"Annette Ahrens\",\"image\":{\"@type\":\"ImageObject\",\"@id\":\"https:\/\/annette-ahrens.at\/onlineshop\/#personlogo\",\"inLanguage\":\"de\",\"url\":\"https:\/\/annette-ahrens.at\/onlineshop\/wp-content\/uploads\/2020\/04\/aa_logo_End.png\",\"width\":800,\"height\":164,\"caption\":\"Annette Ahrens\"},\"logo\":{\"@id\":\"https:\/\/annette-ahrens.at\/onlineshop\/#personlogo\"},\"sameAs\":[\"https:\/\/annette-ahrens.at\",\"https:\/\/www.facebook.com\/AnnetteAhrensTafelkultur\",\"https:\/\/www.instagram.com\/tafelkulturistin\/\",\"https:\/\/de.wikipedia.org\/wiki\/Annette_Ahrens\"]},{\"@type\":\"WebSite\",\"@id\":\"https:\/\/annette-ahrens.at\/onlineshop\/#website\",\"url\":\"https:\/\/annette-ahrens.at\/onlineshop\/\",\"name\":\"Tafelkultur Onlineshop\",\"description\":\"Annette Ahrens\",\"publisher\":{\"@id\":\"https:\/\/annette-ahrens.at\/onlineshop\/#\/schema\/person\/3e19676faae246bba0cb3b7e15f427d8\"},\"potentialAction\":[{\"@type\":\"SearchAction\",\"target\":\"https:\/\/annette-ahrens.at\/onlineshop\/?s={search_term_string}\",\"query-input\":\"required name=search_term_string\"}],\"inLanguage\":\"de\"},{\"@type\":\"ImageObject\",\"@id\":\"https:\/\/annette-ahrens.at\/onlineshop\/produkt\/seltener-versilberter-bierwaermer-fa-hutschenreuther-um-1900\/#primaryimage\",\"inLanguage\":\"de\",\"url\":\"https:\/\/annette-ahrens.at\/onlineshop\/wp-content\/uploads\/2021\/11\/IMG_7041-scaled.jpeg\",\"width\":2560,\"height\":2560,\"caption\":\"bierw\\u00e4rmer_hutschenreuter\"},{\"@type\":[\"WebPage\",\"ItemPage\"],\"@id\":\"https:\/\/annette-ahrens.at\/onlineshop\/produkt\/seltener-versilberter-bierwaermer-fa-hutschenreuther-um-1900\/#webpage\",\"url\":\"https:\/\/annette-ahrens.at\/onlineshop\/produkt\/seltener-versilberter-bierwaermer-fa-hutschenreuther-um-1900\/\",\"name\":\"Seltener versilberter Bierw\\u00e4rmer, Fa. Hutschenreuter, um 1930\",\"isPartOf\":{\"@id\":\"https:\/\/annette-ahrens.at\/onlineshop\/#website\"},\"primaryImageOfPage\":{\"@id\":\"https:\/\/annette-ahrens.at\/onlineshop\/produkt\/seltener-versilberter-bierwaermer-fa-hutschenreuther-um-1900\/#primaryimage\"},\"datePublished\":\"2021-11-30T01:26:14+00:00\",\"dateModified\":\"2022-01-06T21:22:47+00:00\",\"description\":\"Seltener versilberter Bierw\\u00e4rmer, Fa. Hutschenreuter, um 1930 \\u2665 Antiquit\\u00e4ten Online kaufen \\u2713 Sichere Lieferung \\u2713\",\"breadcrumb\":{\"@id\":\"https:\/\/annette-ahrens.at\/onlineshop\/produkt\/seltener-versilberter-bierwaermer-fa-hutschenreuther-um-1900\/#breadcrumb\"},\"inLanguage\":\"de\",\"potentialAction\":[{\"@type\":\"ReadAction\",\"target\":[\"https:\/\/annette-ahrens.at\/onlineshop\/produkt\/seltener-versilberter-bierwaermer-fa-hutschenreuther-um-1900\/\"]}]},{\"@type\":\"BreadcrumbList\",\"@id\":\"https:\/\/annette-ahrens.at\/onlineshop\/produkt\/seltener-versilberter-bierwaermer-fa-hutschenreuther-um-1900\/#breadcrumb\",\"itemListElement\":[{\"@type\":\"ListItem\",\"position\":1,\"item\":{\"@type\":\"WebPage\",\"@id\":\"https:\/\/annette-ahrens.at\/onlineshop\/\",\"url\":\"https:\/\/annette-ahrens.at\/onlineshop\/\",\"name\":\"Home\"}},{\"@type\":\"ListItem\",\"position\":2,\"item\":{\"@type\":\"WebPage\",\"@id\":\"https:\/\/annette-ahrens.at\/onlineshop\/alle-tafelkultur-objekte\/\",\"url\":\"https:\/\/annette-ahrens.at\/onlineshop\/alle-tafelkultur-objekte\/\",\"name\":\"Alle Tafelkultur Objekte\"}},{\"@type\":\"ListItem\",\"position\":3,\"item\":{\"@type\":\"WebPage\",\"@id\":\"https:\/\/annette-ahrens.at\/onlineshop\/produkt\/seltener-versilberter-bierwaermer-fa-hutschenreuther-um-1900\/\",\"url\":\"https:\/\/annette-ahrens.at\/onlineshop\/produkt\/seltener-versilberter-bierwaermer-fa-hutschenreuther-um-1900\/\",\"name\":\"Seltener versilberter Bierw\\u00e4rmer, Fa. Hutschenreuter, um 1930\"}}]}]}<\/script>\n<!-- \/ Yoast SEO Premium plugin. -->","_links":{"self":[{"href":"https:\/\/annette-ahrens.at\/onlineshop\/wp-json\/wp\/v2\/product\/11556","targetHints":{"allow":["GET"]}}],"collection":[{"href":"https:\/\/annette-ahrens.at\/onlineshop\/wp-json\/wp\/v2\/product"}],"about":[{"href":"https:\/\/annette-ahrens.at\/onlineshop\/wp-json\/wp\/v2\/types\/product"}],"replies":[{"embeddable":true,"href":"https:\/\/annette-ahrens.at\/onlineshop\/wp-json\/wp\/v2\/comments?post=11556"}],"wp:featuredmedia":[{"embeddable":true,"href":"https:\/\/annette-ahrens.at\/onlineshop\/wp-json\/wp\/v2\/media\/11584"}],"wp:attachment":[{"href":"https:\/\/annette-ahrens.at\/onlineshop\/wp-json\/wp\/v2\/media?parent=11556"}],"wp:term":[{"taxonomy":"product_brand","embeddable":true,"href":"https:\/\/annette-ahrens.at\/onlineshop\/wp-json\/wp\/v2\/product_brand?post=11556"},{"taxonomy":"product_cat","embeddable":true,"href":"https:\/\/annette-ahrens.at\/onlineshop\/wp-json\/wp\/v2\/product_cat?post=11556"},{"taxonomy":"product_tag","embeddable":true,"href":"https:\/\/annette-ahrens.at\/onlineshop\/wp-json\/wp\/v2\/product_tag?post=11556"}],"curies":[{"name":"wp","href":"https:\/\/api.w.org\/{rel}","templated":true}]}}