{"id":11894,"date":"2021-12-06T23:56:25","date_gmt":"2021-12-06T22:56:25","guid":{"rendered":"https:\/\/annette-ahrens.at\/onlineshop\/?post_type=product&#038;p=11894"},"modified":"2023-02-25T16:34:48","modified_gmt":"2023-02-25T15:34:48","slug":"teller-piero-fornasetti-1913-1988-mailand-um-1975","status":"publish","type":"product","link":"https:\/\/annette-ahrens.at\/onlineshop\/produkt\/teller-piero-fornasetti-1913-1988-mailand-um-1975\/","title":{"rendered":"Teller, Piero Fornasetti (1913 &#8211; 1988), Mailand, um 1975"},"content":{"rendered":"<p data-hook=\"product-title\">Midcentury Teller aus der Serie &#8222;Tema e Variazioni&#8220;<\/p>\n<p class=\"_2qrJF\" data-hook=\"product-title\">Entwurf: Piero Fornasetti (Mailand\u00a01913 &#8211; 1988 Mailand)<\/p>\n<p>Mailand, um 1975<\/p>\n<p>Porzellan, glasiert, schwarz bedruckt, Spiegel mit Antlitz von Lina Cavalieri, am Boden gestempelte alte Fornasetti-Marke: &#8222;Tema e Variazioni 1 Fornassetti &#8211; Milano, Made in Italy&#8220;<\/p>\n<p>Dm 26,8 cm<\/p>\n<p>Literatur: Barnaba Fornasetti (Hg.),\u00a0Fornasetti. The Complete Universe, New York 2010<\/p>\n","protected":false},"excerpt":{"rendered":"<p>Annette\u00b4s Etikette: Die Komik Fornasettis Arbeiten entzieht sich bis heute nicht seinen Liebhabern. Das Motiv dieses Tellers stammt aus einer Serie, wo der K\u00fcnstler das Gesicht der italienischen Operns\u00e4ngerin Lina Cavalieri (1874-1944), deren Sch\u00f6nheit und geheimnisvolle Mimik den K\u00fcnstler faszinierten, immerhin bis zu 350 mal in Handmalerei variierte. Dieser Teller tr\u00e4gt die Nummer 1 aus dieser Serie.<\/p>\n","protected":false},"featured_media":11933,"comment_status":"open","ping_status":"closed","template":"","meta":[],"product_brand":[],"product_cat":[130,299,24,54],"product_tag":[],"class_list":{"0":"post-11894","1":"product","2":"type-product","3":"status-publish","4":"has-post-thumbnail","6":"product_cat-abendessen","7":"product_cat-cocktailparty","8":"product_cat-patisserie","9":"product_cat-porzellan","11":"first","12":"instock","13":"downloadable","14":"taxable","15":"shipping-taxable","16":"purchasable","17":"product-type-simple"},"yoast_head":"<!-- This site is optimized with the Yoast SEO Premium plugin v15.8.2 - https:\/\/yoast.com\/wordpress\/plugins\/seo\/ -->\n<title>Teller, Piero Fornasetti (1913 - 1988), Mailand, um 1975<\/title>\n<meta name=\"description\" content=\"Teller, Piero Fornasetti (1913 - 1988), Mailand, um 1975 \u2665 Antiquit\u00e4ten Online kaufen \u2713 Sichere Lieferung \u2713\" \/>\n<meta name=\"robots\" content=\"index, follow, max-snippet:-1, max-image-preview:large, max-video-preview:-1\" \/>\n<link rel=\"canonical\" href=\"https:\/\/annette-ahrens.at\/onlineshop\/produkt\/teller-piero-fornasetti-1913-1988-mailand-um-1975\/\" \/>\n<meta property=\"og:locale\" content=\"de_DE\" \/>\n<meta property=\"og:type\" content=\"article\" \/>\n<meta property=\"og:title\" content=\"Teller, Piero Fornasetti (1913 - 1988), Mailand, um 1975\" \/>\n<meta property=\"og:description\" content=\"Teller, Piero Fornasetti (1913 - 1988), Mailand, um 1975 \u2665 Antiquit\u00e4ten Online kaufen \u2713 Sichere Lieferung \u2713\" \/>\n<meta property=\"og:url\" content=\"https:\/\/annette-ahrens.at\/onlineshop\/produkt\/teller-piero-fornasetti-1913-1988-mailand-um-1975\/\" \/>\n<meta property=\"og:site_name\" content=\"Tafelkultur Onlineshop\" \/>\n<meta property=\"article:publisher\" content=\"https:\/\/www.facebook.com\/AnnetteAhrensTafelkultur\" \/>\n<meta property=\"article:modified_time\" content=\"2023-02-25T15:34:48+00:00\" \/>\n<meta property=\"og:image\" content=\"https:\/\/annette-ahrens.at\/onlineshop\/wp-content\/uploads\/2021\/12\/IMG_7342-rotated.jpg\" \/>\n\t<meta property=\"og:image:width\" content=\"640\" \/>\n\t<meta property=\"og:image:height\" content=\"640\" \/>\n<meta name=\"twitter:card\" content=\"summary_large_image\" \/>\n<meta name=\"twitter:label1\" content=\"Gesch\u00e4tzte Lesezeit\">\n\t<meta name=\"twitter:data1\" content=\"1\u00a0Minute\">\n<script type=\"application\/ld+json\" class=\"yoast-schema-graph\">{\"@context\":\"https:\/\/schema.org\",\"@graph\":[{\"@type\":[\"Person\",\"Organization\"],\"@id\":\"https:\/\/annette-ahrens.at\/onlineshop\/#\/schema\/person\/3e19676faae246bba0cb3b7e15f427d8\",\"name\":\"Annette Ahrens\",\"image\":{\"@type\":\"ImageObject\",\"@id\":\"https:\/\/annette-ahrens.at\/onlineshop\/#personlogo\",\"inLanguage\":\"de\",\"url\":\"https:\/\/annette-ahrens.at\/onlineshop\/wp-content\/uploads\/2020\/04\/aa_logo_End.png\",\"width\":800,\"height\":164,\"caption\":\"Annette Ahrens\"},\"logo\":{\"@id\":\"https:\/\/annette-ahrens.at\/onlineshop\/#personlogo\"},\"sameAs\":[\"https:\/\/annette-ahrens.at\",\"https:\/\/www.facebook.com\/AnnetteAhrensTafelkultur\",\"https:\/\/www.instagram.com\/tafelkulturistin\/\",\"https:\/\/de.wikipedia.org\/wiki\/Annette_Ahrens\"]},{\"@type\":\"WebSite\",\"@id\":\"https:\/\/annette-ahrens.at\/onlineshop\/#website\",\"url\":\"https:\/\/annette-ahrens.at\/onlineshop\/\",\"name\":\"Tafelkultur Onlineshop\",\"description\":\"Annette Ahrens\",\"publisher\":{\"@id\":\"https:\/\/annette-ahrens.at\/onlineshop\/#\/schema\/person\/3e19676faae246bba0cb3b7e15f427d8\"},\"potentialAction\":[{\"@type\":\"SearchAction\",\"target\":\"https:\/\/annette-ahrens.at\/onlineshop\/?s={search_term_string}\",\"query-input\":\"required name=search_term_string\"}],\"inLanguage\":\"de\"},{\"@type\":\"ImageObject\",\"@id\":\"https:\/\/annette-ahrens.at\/onlineshop\/produkt\/teller-piero-fornasetti-1913-1988-mailand-um-1975\/#primaryimage\",\"inLanguage\":\"de\",\"url\":\"https:\/\/annette-ahrens.at\/onlineshop\/wp-content\/uploads\/2021\/12\/IMG_7342-rotated.jpg\",\"width\":640,\"height\":640,\"caption\":\"fornasetti_teller\"},{\"@type\":[\"WebPage\",\"ItemPage\"],\"@id\":\"https:\/\/annette-ahrens.at\/onlineshop\/produkt\/teller-piero-fornasetti-1913-1988-mailand-um-1975\/#webpage\",\"url\":\"https:\/\/annette-ahrens.at\/onlineshop\/produkt\/teller-piero-fornasetti-1913-1988-mailand-um-1975\/\",\"name\":\"Teller, Piero Fornasetti (1913 - 1988), Mailand, um 1975\",\"isPartOf\":{\"@id\":\"https:\/\/annette-ahrens.at\/onlineshop\/#website\"},\"primaryImageOfPage\":{\"@id\":\"https:\/\/annette-ahrens.at\/onlineshop\/produkt\/teller-piero-fornasetti-1913-1988-mailand-um-1975\/#primaryimage\"},\"datePublished\":\"2021-12-06T22:56:25+00:00\",\"dateModified\":\"2023-02-25T15:34:48+00:00\",\"description\":\"Teller, Piero Fornasetti (1913 - 1988), Mailand, um 1975 \\u2665 Antiquit\\u00e4ten Online kaufen \\u2713 Sichere Lieferung \\u2713\",\"breadcrumb\":{\"@id\":\"https:\/\/annette-ahrens.at\/onlineshop\/produkt\/teller-piero-fornasetti-1913-1988-mailand-um-1975\/#breadcrumb\"},\"inLanguage\":\"de\",\"potentialAction\":[{\"@type\":\"ReadAction\",\"target\":[\"https:\/\/annette-ahrens.at\/onlineshop\/produkt\/teller-piero-fornasetti-1913-1988-mailand-um-1975\/\"]}]},{\"@type\":\"BreadcrumbList\",\"@id\":\"https:\/\/annette-ahrens.at\/onlineshop\/produkt\/teller-piero-fornasetti-1913-1988-mailand-um-1975\/#breadcrumb\",\"itemListElement\":[{\"@type\":\"ListItem\",\"position\":1,\"item\":{\"@type\":\"WebPage\",\"@id\":\"https:\/\/annette-ahrens.at\/onlineshop\/\",\"url\":\"https:\/\/annette-ahrens.at\/onlineshop\/\",\"name\":\"Home\"}},{\"@type\":\"ListItem\",\"position\":2,\"item\":{\"@type\":\"WebPage\",\"@id\":\"https:\/\/annette-ahrens.at\/onlineshop\/alle-tafelkultur-objekte\/\",\"url\":\"https:\/\/annette-ahrens.at\/onlineshop\/alle-tafelkultur-objekte\/\",\"name\":\"Alle Tafelkultur Objekte\"}},{\"@type\":\"ListItem\",\"position\":3,\"item\":{\"@type\":\"WebPage\",\"@id\":\"https:\/\/annette-ahrens.at\/onlineshop\/produkt\/teller-piero-fornasetti-1913-1988-mailand-um-1975\/\",\"url\":\"https:\/\/annette-ahrens.at\/onlineshop\/produkt\/teller-piero-fornasetti-1913-1988-mailand-um-1975\/\",\"name\":\"Teller, Piero Fornasetti (1913 &#8211; 1988), Mailand, um 1975\"}}]}]}<\/script>\n<!-- \/ Yoast SEO Premium plugin. -->","_links":{"self":[{"href":"https:\/\/annette-ahrens.at\/onlineshop\/wp-json\/wp\/v2\/product\/11894","targetHints":{"allow":["GET"]}}],"collection":[{"href":"https:\/\/annette-ahrens.at\/onlineshop\/wp-json\/wp\/v2\/product"}],"about":[{"href":"https:\/\/annette-ahrens.at\/onlineshop\/wp-json\/wp\/v2\/types\/product"}],"replies":[{"embeddable":true,"href":"https:\/\/annette-ahrens.at\/onlineshop\/wp-json\/wp\/v2\/comments?post=11894"}],"wp:featuredmedia":[{"embeddable":true,"href":"https:\/\/annette-ahrens.at\/onlineshop\/wp-json\/wp\/v2\/media\/11933"}],"wp:attachment":[{"href":"https:\/\/annette-ahrens.at\/onlineshop\/wp-json\/wp\/v2\/media?parent=11894"}],"wp:term":[{"taxonomy":"product_brand","embeddable":true,"href":"https:\/\/annette-ahrens.at\/onlineshop\/wp-json\/wp\/v2\/product_brand?post=11894"},{"taxonomy":"product_cat","embeddable":true,"href":"https:\/\/annette-ahrens.at\/onlineshop\/wp-json\/wp\/v2\/product_cat?post=11894"},{"taxonomy":"product_tag","embeddable":true,"href":"https:\/\/annette-ahrens.at\/onlineshop\/wp-json\/wp\/v2\/product_tag?post=11894"}],"curies":[{"name":"wp","href":"https:\/\/api.w.org\/{rel}","templated":true}]}}