{"id":11899,"date":"2021-12-06T19:49:42","date_gmt":"2021-12-06T18:49:42","guid":{"rendered":"https:\/\/annette-ahrens.at\/onlineshop\/?post_type=product&#038;p=11899"},"modified":"2024-10-02T22:51:50","modified_gmt":"2024-10-02T20:51:50","slug":"marianne-denzel-48-teiliges-besteck-fuer-6-personen-madame-fa-berndorf-um-1960","status":"publish","type":"product","link":"https:\/\/annette-ahrens.at\/onlineshop\/produkt\/marianne-denzel-48-teiliges-besteck-fuer-6-personen-madame-fa-berndorf-um-1960\/","title":{"rendered":"Marianne Denzel, 48 teiliges Besteck f\u00fcr 6 Personen, &#8222;Madame&#8220;, Fa. Berndorf, um 1960"},"content":{"rendered":"<p>48 teiliges Midcentury Besteck f\u00fcr 6 Personen &#8222;Madame&#8220;<\/p>\n<p>Entwurf: Marianne Denzel (Bad Schussenried 1932 &#8211; 1975 K\u00f6ln) f\u00fcr die Fa. Berndorf, um 1960<\/p>\n<p>Alpacca, stark versilbert, Modell 7000, 90er Auflage, tadellose Messer mit Hohlhefte und rostfreien Klingen, alle Teile gemarkt Berndorf in Grossbuchstaben, insgesamt 48 Teile, bestehend aus<\/p>\n<p>6 Suppenl\u00f6ffel L 20,5 cm<\/p>\n<p>6 Menumesser L 22,1 cm<\/p>\n<p>6 Menugabeln L 20,5 cm<\/p>\n<p>6 Kaffeel\u00f6ffel L 14 cm<\/p>\n<p>6 Mokkal\u00f6ffel L 9 cm<\/p>\n<p>6 Kuchengabeln L 15,5 cm<\/p>\n<p>6 Vorspeismesser L 20,4 cm<\/p>\n<p>6 Vorspeisgabeln L 18,5 cm<\/p>\n<p>Literatur: Tulga Beyerle, Karin Hirschberger: Designlandschaft \u00d6sterreich, 1900-2005, Basel 2006, Seite 146<\/p>\n","protected":false},"excerpt":{"rendered":"<p>Annettes Etikette: Die deutsche K\u00fcnstlerin Marianne Denzel zeichnet f\u00fcr moderne Entw\u00fcrfe der Berndorfer Metallwarenfabrik verantwortlich. Neben Tafelger\u00e4ten und Besteckentw\u00fcrfen, die unter dem Namen &#8222;MADAME&#8220; und &#8222;SIR&#8220; angeboten wurden, wurde ihr vernickelter Besteckentwurf sogar f\u00fcr die 1. Klasse der Austrian Airlines ausgef\u00fchrt. Ich freue mich ein Designer-Besteck dieser Qualit\u00e4t anbieten zu k\u00f6nnen.<\/p>\n","protected":false},"featured_media":11905,"comment_status":"open","ping_status":"closed","template":"","meta":[],"product_brand":[],"product_cat":[276,30,247,235,236,20,237,146,248,264,266,190,252,195,250],"product_tag":[],"class_list":{"0":"post-11899","1":"product","2":"type-product","3":"status-publish","4":"has-post-thumbnail","6":"product_cat-alpacca","7":"product_cat-besteck","8":"product_cat-fleischgabel-gabeln","9":"product_cat-gabeln","10":"product_cat-loeffel","11":"product_cat-lunchtime","12":"product_cat-messer","13":"product_cat-moccaloeffel","14":"product_cat-mokkakloeffel","15":"product_cat-salatbesteck","16":"product_cat-schoepfer","17":"product_cat-suppe","18":"product_cat-suppenloeffel","19":"product_cat-suppenschoepfer","20":"product_cat-teeloeffel-loeffeln","22":"first","23":"instock","24":"sold-individually","25":"purchasable","26":"product-type-simple"},"yoast_head":"<!-- This site is optimized with the Yoast SEO Premium plugin v15.8.2 - https:\/\/yoast.com\/wordpress\/plugins\/seo\/ -->\n<title>Marianne Denzel, 48 teiliges Besteck f\u00fcr 6 Personen, &quot;Madame&quot;, Fa. Berndorf, um 1960<\/title>\n<meta name=\"description\" content=\"Marianne Denzel, 48 teiliges Besteck f\u00fcr 6 Personen, &quot;Madame&quot;, Fa. Berndorf, um 1960 \u2665 Antiquit\u00e4ten Online kaufen \u2713 Sichere Lieferung \u2713\" \/>\n<meta name=\"robots\" content=\"index, follow, max-snippet:-1, max-image-preview:large, max-video-preview:-1\" \/>\n<link rel=\"canonical\" href=\"https:\/\/annette-ahrens.at\/onlineshop\/produkt\/marianne-denzel-48-teiliges-besteck-fuer-6-personen-madame-fa-berndorf-um-1960\/\" \/>\n<meta property=\"og:locale\" content=\"de_DE\" \/>\n<meta property=\"og:type\" content=\"article\" \/>\n<meta property=\"og:title\" content=\"Marianne Denzel, 48 teiliges Besteck f\u00fcr 6 Personen, &quot;Madame&quot;, Fa. Berndorf, um 1960\" \/>\n<meta property=\"og:description\" content=\"Marianne Denzel, 48 teiliges Besteck f\u00fcr 6 Personen, &quot;Madame&quot;, Fa. Berndorf, um 1960 \u2665 Antiquit\u00e4ten Online kaufen \u2713 Sichere Lieferung \u2713\" \/>\n<meta property=\"og:url\" content=\"https:\/\/annette-ahrens.at\/onlineshop\/produkt\/marianne-denzel-48-teiliges-besteck-fuer-6-personen-madame-fa-berndorf-um-1960\/\" \/>\n<meta property=\"og:site_name\" content=\"Tafelkultur Onlineshop\" \/>\n<meta property=\"article:publisher\" content=\"https:\/\/www.facebook.com\/AnnetteAhrensTafelkultur\" \/>\n<meta property=\"article:modified_time\" content=\"2024-10-02T20:51:50+00:00\" \/>\n<meta property=\"og:image\" content=\"https:\/\/annette-ahrens.at\/onlineshop\/wp-content\/uploads\/2021\/12\/IMG_7316-rotated-e1638819505728.jpg\" \/>\n\t<meta property=\"og:image:width\" content=\"2016\" \/>\n\t<meta property=\"og:image:height\" content=\"1512\" \/>\n<meta name=\"twitter:card\" content=\"summary_large_image\" \/>\n<meta name=\"twitter:label1\" content=\"Gesch\u00e4tzte Lesezeit\">\n\t<meta name=\"twitter:data1\" content=\"1\u00a0Minute\">\n<script type=\"application\/ld+json\" class=\"yoast-schema-graph\">{\"@context\":\"https:\/\/schema.org\",\"@graph\":[{\"@type\":[\"Person\",\"Organization\"],\"@id\":\"https:\/\/annette-ahrens.at\/onlineshop\/#\/schema\/person\/3e19676faae246bba0cb3b7e15f427d8\",\"name\":\"Annette Ahrens\",\"image\":{\"@type\":\"ImageObject\",\"@id\":\"https:\/\/annette-ahrens.at\/onlineshop\/#personlogo\",\"inLanguage\":\"de\",\"url\":\"https:\/\/annette-ahrens.at\/onlineshop\/wp-content\/uploads\/2020\/04\/aa_logo_End.png\",\"width\":800,\"height\":164,\"caption\":\"Annette Ahrens\"},\"logo\":{\"@id\":\"https:\/\/annette-ahrens.at\/onlineshop\/#personlogo\"},\"sameAs\":[\"https:\/\/annette-ahrens.at\",\"https:\/\/www.facebook.com\/AnnetteAhrensTafelkultur\",\"https:\/\/www.instagram.com\/tafelkulturistin\/\",\"https:\/\/de.wikipedia.org\/wiki\/Annette_Ahrens\"]},{\"@type\":\"WebSite\",\"@id\":\"https:\/\/annette-ahrens.at\/onlineshop\/#website\",\"url\":\"https:\/\/annette-ahrens.at\/onlineshop\/\",\"name\":\"Tafelkultur Onlineshop\",\"description\":\"Annette Ahrens\",\"publisher\":{\"@id\":\"https:\/\/annette-ahrens.at\/onlineshop\/#\/schema\/person\/3e19676faae246bba0cb3b7e15f427d8\"},\"potentialAction\":[{\"@type\":\"SearchAction\",\"target\":\"https:\/\/annette-ahrens.at\/onlineshop\/?s={search_term_string}\",\"query-input\":\"required name=search_term_string\"}],\"inLanguage\":\"de\"},{\"@type\":\"ImageObject\",\"@id\":\"https:\/\/annette-ahrens.at\/onlineshop\/produkt\/marianne-denzel-48-teiliges-besteck-fuer-6-personen-madame-fa-berndorf-um-1960\/#primaryimage\",\"inLanguage\":\"de\",\"url\":\"https:\/\/annette-ahrens.at\/onlineshop\/wp-content\/uploads\/2021\/12\/IMG_7316-rotated-e1638819505728.jpg\",\"width\":2016,\"height\":1512,\"caption\":\"denzel_besteck_madame\"},{\"@type\":[\"WebPage\",\"ItemPage\"],\"@id\":\"https:\/\/annette-ahrens.at\/onlineshop\/produkt\/marianne-denzel-48-teiliges-besteck-fuer-6-personen-madame-fa-berndorf-um-1960\/#webpage\",\"url\":\"https:\/\/annette-ahrens.at\/onlineshop\/produkt\/marianne-denzel-48-teiliges-besteck-fuer-6-personen-madame-fa-berndorf-um-1960\/\",\"name\":\"Marianne Denzel, 48 teiliges Besteck f\\u00fcr 6 Personen, \\\"Madame\\\", Fa. Berndorf, um 1960\",\"isPartOf\":{\"@id\":\"https:\/\/annette-ahrens.at\/onlineshop\/#website\"},\"primaryImageOfPage\":{\"@id\":\"https:\/\/annette-ahrens.at\/onlineshop\/produkt\/marianne-denzel-48-teiliges-besteck-fuer-6-personen-madame-fa-berndorf-um-1960\/#primaryimage\"},\"datePublished\":\"2021-12-06T18:49:42+00:00\",\"dateModified\":\"2024-10-02T20:51:50+00:00\",\"description\":\"Marianne Denzel, 48 teiliges Besteck f\\u00fcr 6 Personen, \\\"Madame\\\", Fa. Berndorf, um 1960 \\u2665 Antiquit\\u00e4ten Online kaufen \\u2713 Sichere Lieferung \\u2713\",\"breadcrumb\":{\"@id\":\"https:\/\/annette-ahrens.at\/onlineshop\/produkt\/marianne-denzel-48-teiliges-besteck-fuer-6-personen-madame-fa-berndorf-um-1960\/#breadcrumb\"},\"inLanguage\":\"de\",\"potentialAction\":[{\"@type\":\"ReadAction\",\"target\":[\"https:\/\/annette-ahrens.at\/onlineshop\/produkt\/marianne-denzel-48-teiliges-besteck-fuer-6-personen-madame-fa-berndorf-um-1960\/\"]}]},{\"@type\":\"BreadcrumbList\",\"@id\":\"https:\/\/annette-ahrens.at\/onlineshop\/produkt\/marianne-denzel-48-teiliges-besteck-fuer-6-personen-madame-fa-berndorf-um-1960\/#breadcrumb\",\"itemListElement\":[{\"@type\":\"ListItem\",\"position\":1,\"item\":{\"@type\":\"WebPage\",\"@id\":\"https:\/\/annette-ahrens.at\/onlineshop\/\",\"url\":\"https:\/\/annette-ahrens.at\/onlineshop\/\",\"name\":\"Home\"}},{\"@type\":\"ListItem\",\"position\":2,\"item\":{\"@type\":\"WebPage\",\"@id\":\"https:\/\/annette-ahrens.at\/onlineshop\/alle-tafelkultur-objekte\/\",\"url\":\"https:\/\/annette-ahrens.at\/onlineshop\/alle-tafelkultur-objekte\/\",\"name\":\"Alle Tafelkultur Objekte\"}},{\"@type\":\"ListItem\",\"position\":3,\"item\":{\"@type\":\"WebPage\",\"@id\":\"https:\/\/annette-ahrens.at\/onlineshop\/produkt\/marianne-denzel-48-teiliges-besteck-fuer-6-personen-madame-fa-berndorf-um-1960\/\",\"url\":\"https:\/\/annette-ahrens.at\/onlineshop\/produkt\/marianne-denzel-48-teiliges-besteck-fuer-6-personen-madame-fa-berndorf-um-1960\/\",\"name\":\"Marianne Denzel, 48 teiliges Besteck f\\u00fcr 6 Personen, &#8220;Madame&#8221;, Fa. Berndorf, um 1960\"}}]}]}<\/script>\n<!-- \/ Yoast SEO Premium plugin. -->","_links":{"self":[{"href":"https:\/\/annette-ahrens.at\/onlineshop\/wp-json\/wp\/v2\/product\/11899","targetHints":{"allow":["GET"]}}],"collection":[{"href":"https:\/\/annette-ahrens.at\/onlineshop\/wp-json\/wp\/v2\/product"}],"about":[{"href":"https:\/\/annette-ahrens.at\/onlineshop\/wp-json\/wp\/v2\/types\/product"}],"replies":[{"embeddable":true,"href":"https:\/\/annette-ahrens.at\/onlineshop\/wp-json\/wp\/v2\/comments?post=11899"}],"wp:featuredmedia":[{"embeddable":true,"href":"https:\/\/annette-ahrens.at\/onlineshop\/wp-json\/wp\/v2\/media\/11905"}],"wp:attachment":[{"href":"https:\/\/annette-ahrens.at\/onlineshop\/wp-json\/wp\/v2\/media?parent=11899"}],"wp:term":[{"taxonomy":"product_brand","embeddable":true,"href":"https:\/\/annette-ahrens.at\/onlineshop\/wp-json\/wp\/v2\/product_brand?post=11899"},{"taxonomy":"product_cat","embeddable":true,"href":"https:\/\/annette-ahrens.at\/onlineshop\/wp-json\/wp\/v2\/product_cat?post=11899"},{"taxonomy":"product_tag","embeddable":true,"href":"https:\/\/annette-ahrens.at\/onlineshop\/wp-json\/wp\/v2\/product_tag?post=11899"}],"curies":[{"name":"wp","href":"https:\/\/api.w.org\/{rel}","templated":true}]}}