{"id":1203,"date":"2020-05-06T09:43:54","date_gmt":"2020-05-06T07:43:54","guid":{"rendered":"https:\/\/annette-ahrens.at\/silbershop\/?post_type=product&#038;p=1203"},"modified":"2023-06-07T14:56:35","modified_gmt":"2023-06-07T12:56:35","slug":"versilbertes-fischbesteck-fuer-12-personen-fa-berndorf-ende-19-jahrhundert","status":"publish","type":"product","link":"https:\/\/annette-ahrens.at\/onlineshop\/produkt\/versilbertes-fischbesteck-fuer-12-personen-fa-berndorf-ende-19-jahrhundert\/","title":{"rendered":"Versilbertes Fischbesteck &#8222;Eselsr\u00fccken&#8220; f\u00fcr 12 Personen, Fa. Berndorf, Ende 19. Jahrhundert"},"content":{"rendered":"<p>Versilbertes Fischbesteck f\u00fcr 12 Personen<\/p>\n<p>Fa. Berndorf, \u00d6sterreich, Ende 19. Jahrhundert<\/p>\n<p>Alpacca, versilbert, Heften in Eselsr\u00fccken-Facon, ornamentale Gravur mit Fischdekor, gemarkt mit runder B\u00e4renmarke, 24 Teile in Kassette, au\u00dfen mit schwarzer Chagrinleinwand \u00fcberzogen;<\/p>\n<p>L\u00e4nge 22 cm (Fischmesser)<\/p>\n<p>L\u00e4nge 18,6 cm (Fischgabel)<\/p>\n","protected":false},"excerpt":{"rendered":"<p>Versilbertes Fischbesteck f\u00fcr 12 Personen Fa. Berndorf, \u00d6sterreich, Ende 19. Jahrhundert Alpacca, versilbert, Heften in Eselsr\u00fccken-Facon, ornamentale Gravur mit Fischdekor, gemarkt mit runder B\u00e4renmarke, 24 Teile in Kassette, au\u00dfen mit schwarzer Chagrinleinwand \u00fcberzogen; L\u00e4nge 22 cm (Fischmesser) L\u00e4nge 18,6 cm (Fischgabel)<\/p>\n","protected":false},"featured_media":1176,"comment_status":"open","ping_status":"closed","template":"","meta":[],"product_brand":[],"product_cat":[276,30,298,309,240,291,176,47,239,53,26],"product_tag":[],"class_list":{"0":"post-1203","1":"product","2":"type-product","3":"status-publish","4":"has-post-thumbnail","6":"product_cat-alpacca","7":"product_cat-besteck","8":"product_cat-buffet","9":"product_cat-fisch-weihnachten","10":"product_cat-fischbesteck","11":"product_cat-hochzeit","12":"product_cat-lachs","13":"product_cat-meerestiere","14":"product_cat-spezialbestecke","15":"product_cat-weihnachten","16":"product_cat-wiener-melange","18":"first","19":"instock","20":"sold-individually","21":"purchasable","22":"product-type-simple"},"yoast_head":"<!-- This site is optimized with the Yoast SEO Premium plugin v15.8.2 - https:\/\/yoast.com\/wordpress\/plugins\/seo\/ -->\n<title>Versilbertes Fischbesteck &quot;Eselsr\u00fccken&quot; f\u00fcr 12 Personen, Fa. Berndorf, Ende 19. Jahrhundert<\/title>\n<meta name=\"description\" content=\"Versilbertes Fischbesteck &quot;Eselsr\u00fccken&quot; f\u00fcr 12 Personen, Fa. Berndorf, Ende 19. Jahrhundert \u2665 Antiquit\u00e4ten Online kaufen \u2713 Sichere Lieferung \u2713\" \/>\n<meta name=\"robots\" content=\"index, follow, max-snippet:-1, max-image-preview:large, max-video-preview:-1\" \/>\n<link rel=\"canonical\" href=\"https:\/\/annette-ahrens.at\/onlineshop\/produkt\/versilbertes-fischbesteck-fuer-12-personen-fa-berndorf-ende-19-jahrhundert\/\" \/>\n<meta property=\"og:locale\" content=\"de_DE\" \/>\n<meta property=\"og:type\" content=\"article\" \/>\n<meta property=\"og:title\" content=\"Versilbertes Fischbesteck &quot;Eselsr\u00fccken&quot; f\u00fcr 12 Personen, Fa. Berndorf, Ende 19. Jahrhundert\" \/>\n<meta property=\"og:description\" content=\"Versilbertes Fischbesteck &quot;Eselsr\u00fccken&quot; f\u00fcr 12 Personen, Fa. Berndorf, Ende 19. Jahrhundert \u2665 Antiquit\u00e4ten Online kaufen \u2713 Sichere Lieferung \u2713\" \/>\n<meta property=\"og:url\" content=\"https:\/\/annette-ahrens.at\/onlineshop\/produkt\/versilbertes-fischbesteck-fuer-12-personen-fa-berndorf-ende-19-jahrhundert\/\" \/>\n<meta property=\"og:site_name\" content=\"Tafelkultur Onlineshop\" \/>\n<meta property=\"article:publisher\" content=\"https:\/\/www.facebook.com\/AnnetteAhrensTafelkultur\" \/>\n<meta property=\"article:modified_time\" content=\"2023-06-07T12:56:35+00:00\" \/>\n<meta property=\"og:image\" content=\"https:\/\/annette-ahrens.at\/onlineshop\/wp-content\/uploads\/2020\/04\/IMG_4584-scaled.jpeg\" \/>\n\t<meta property=\"og:image:width\" content=\"2560\" \/>\n\t<meta property=\"og:image:height\" content=\"1920\" \/>\n<meta name=\"twitter:card\" content=\"summary_large_image\" \/>\n<meta name=\"twitter:label1\" content=\"Gesch\u00e4tzte Lesezeit\">\n\t<meta name=\"twitter:data1\" content=\"1\u00a0Minute\">\n<script type=\"application\/ld+json\" class=\"yoast-schema-graph\">{\"@context\":\"https:\/\/schema.org\",\"@graph\":[{\"@type\":[\"Person\",\"Organization\"],\"@id\":\"https:\/\/annette-ahrens.at\/onlineshop\/#\/schema\/person\/3e19676faae246bba0cb3b7e15f427d8\",\"name\":\"Annette Ahrens\",\"image\":{\"@type\":\"ImageObject\",\"@id\":\"https:\/\/annette-ahrens.at\/onlineshop\/#personlogo\",\"inLanguage\":\"de\",\"url\":\"https:\/\/annette-ahrens.at\/onlineshop\/wp-content\/uploads\/2020\/04\/aa_logo_End.png\",\"width\":800,\"height\":164,\"caption\":\"Annette Ahrens\"},\"logo\":{\"@id\":\"https:\/\/annette-ahrens.at\/onlineshop\/#personlogo\"},\"sameAs\":[\"https:\/\/annette-ahrens.at\",\"https:\/\/www.facebook.com\/AnnetteAhrensTafelkultur\",\"https:\/\/www.instagram.com\/tafelkulturistin\/\",\"https:\/\/de.wikipedia.org\/wiki\/Annette_Ahrens\"]},{\"@type\":\"WebSite\",\"@id\":\"https:\/\/annette-ahrens.at\/onlineshop\/#website\",\"url\":\"https:\/\/annette-ahrens.at\/onlineshop\/\",\"name\":\"Tafelkultur Onlineshop\",\"description\":\"Annette Ahrens\",\"publisher\":{\"@id\":\"https:\/\/annette-ahrens.at\/onlineshop\/#\/schema\/person\/3e19676faae246bba0cb3b7e15f427d8\"},\"potentialAction\":[{\"@type\":\"SearchAction\",\"target\":\"https:\/\/annette-ahrens.at\/onlineshop\/?s={search_term_string}\",\"query-input\":\"required name=search_term_string\"}],\"inLanguage\":\"de\"},{\"@type\":\"ImageObject\",\"@id\":\"https:\/\/annette-ahrens.at\/onlineshop\/produkt\/versilbertes-fischbesteck-fuer-12-personen-fa-berndorf-ende-19-jahrhundert\/#primaryimage\",\"inLanguage\":\"de\",\"url\":\"https:\/\/annette-ahrens.at\/onlineshop\/wp-content\/uploads\/2020\/04\/IMG_4584-scaled.jpeg\",\"width\":2560,\"height\":1920,\"caption\":\"fischbesteck\"},{\"@type\":[\"WebPage\",\"ItemPage\"],\"@id\":\"https:\/\/annette-ahrens.at\/onlineshop\/produkt\/versilbertes-fischbesteck-fuer-12-personen-fa-berndorf-ende-19-jahrhundert\/#webpage\",\"url\":\"https:\/\/annette-ahrens.at\/onlineshop\/produkt\/versilbertes-fischbesteck-fuer-12-personen-fa-berndorf-ende-19-jahrhundert\/\",\"name\":\"Versilbertes Fischbesteck \\\"Eselsr\\u00fccken\\\" f\\u00fcr 12 Personen, Fa. Berndorf, Ende 19. Jahrhundert\",\"isPartOf\":{\"@id\":\"https:\/\/annette-ahrens.at\/onlineshop\/#website\"},\"primaryImageOfPage\":{\"@id\":\"https:\/\/annette-ahrens.at\/onlineshop\/produkt\/versilbertes-fischbesteck-fuer-12-personen-fa-berndorf-ende-19-jahrhundert\/#primaryimage\"},\"datePublished\":\"2020-05-06T07:43:54+00:00\",\"dateModified\":\"2023-06-07T12:56:35+00:00\",\"description\":\"Versilbertes Fischbesteck \\\"Eselsr\\u00fccken\\\" f\\u00fcr 12 Personen, Fa. Berndorf, Ende 19. Jahrhundert \\u2665 Antiquit\\u00e4ten Online kaufen \\u2713 Sichere Lieferung \\u2713\",\"breadcrumb\":{\"@id\":\"https:\/\/annette-ahrens.at\/onlineshop\/produkt\/versilbertes-fischbesteck-fuer-12-personen-fa-berndorf-ende-19-jahrhundert\/#breadcrumb\"},\"inLanguage\":\"de\",\"potentialAction\":[{\"@type\":\"ReadAction\",\"target\":[\"https:\/\/annette-ahrens.at\/onlineshop\/produkt\/versilbertes-fischbesteck-fuer-12-personen-fa-berndorf-ende-19-jahrhundert\/\"]}]},{\"@type\":\"BreadcrumbList\",\"@id\":\"https:\/\/annette-ahrens.at\/onlineshop\/produkt\/versilbertes-fischbesteck-fuer-12-personen-fa-berndorf-ende-19-jahrhundert\/#breadcrumb\",\"itemListElement\":[{\"@type\":\"ListItem\",\"position\":1,\"item\":{\"@type\":\"WebPage\",\"@id\":\"https:\/\/annette-ahrens.at\/onlineshop\/\",\"url\":\"https:\/\/annette-ahrens.at\/onlineshop\/\",\"name\":\"Home\"}},{\"@type\":\"ListItem\",\"position\":2,\"item\":{\"@type\":\"WebPage\",\"@id\":\"https:\/\/annette-ahrens.at\/onlineshop\/alle-tafelkultur-objekte\/\",\"url\":\"https:\/\/annette-ahrens.at\/onlineshop\/alle-tafelkultur-objekte\/\",\"name\":\"Alle Tafelkultur Objekte\"}},{\"@type\":\"ListItem\",\"position\":3,\"item\":{\"@type\":\"WebPage\",\"@id\":\"https:\/\/annette-ahrens.at\/onlineshop\/produkt\/versilbertes-fischbesteck-fuer-12-personen-fa-berndorf-ende-19-jahrhundert\/\",\"url\":\"https:\/\/annette-ahrens.at\/onlineshop\/produkt\/versilbertes-fischbesteck-fuer-12-personen-fa-berndorf-ende-19-jahrhundert\/\",\"name\":\"Versilbertes Fischbesteck &#8220;Eselsr\\u00fccken&#8221; f\\u00fcr 12 Personen, Fa. Berndorf, Ende 19. Jahrhundert\"}}]}]}<\/script>\n<!-- \/ Yoast SEO Premium plugin. -->","_links":{"self":[{"href":"https:\/\/annette-ahrens.at\/onlineshop\/wp-json\/wp\/v2\/product\/1203","targetHints":{"allow":["GET"]}}],"collection":[{"href":"https:\/\/annette-ahrens.at\/onlineshop\/wp-json\/wp\/v2\/product"}],"about":[{"href":"https:\/\/annette-ahrens.at\/onlineshop\/wp-json\/wp\/v2\/types\/product"}],"replies":[{"embeddable":true,"href":"https:\/\/annette-ahrens.at\/onlineshop\/wp-json\/wp\/v2\/comments?post=1203"}],"wp:featuredmedia":[{"embeddable":true,"href":"https:\/\/annette-ahrens.at\/onlineshop\/wp-json\/wp\/v2\/media\/1176"}],"wp:attachment":[{"href":"https:\/\/annette-ahrens.at\/onlineshop\/wp-json\/wp\/v2\/media?parent=1203"}],"wp:term":[{"taxonomy":"product_brand","embeddable":true,"href":"https:\/\/annette-ahrens.at\/onlineshop\/wp-json\/wp\/v2\/product_brand?post=1203"},{"taxonomy":"product_cat","embeddable":true,"href":"https:\/\/annette-ahrens.at\/onlineshop\/wp-json\/wp\/v2\/product_cat?post=1203"},{"taxonomy":"product_tag","embeddable":true,"href":"https:\/\/annette-ahrens.at\/onlineshop\/wp-json\/wp\/v2\/product_tag?post=1203"}],"curies":[{"name":"wp","href":"https:\/\/api.w.org\/{rel}","templated":true}]}}