{"id":1210,"date":"2020-05-06T12:09:29","date_gmt":"2020-05-06T10:09:29","guid":{"rendered":"https:\/\/annette-ahrens.at\/silbershop\/?post_type=product&#038;p=1210"},"modified":"2025-12-25T12:29:08","modified_gmt":"2025-12-25T11:29:08","slug":"evald-nielsen-silbernes-tischkehrset-kopenhagen-1930","status":"publish","type":"product","link":"https:\/\/annette-ahrens.at\/onlineshop\/produkt\/evald-nielsen-silbernes-tischkehrset-kopenhagen-1930\/","title":{"rendered":"Evald Nielsen, Silbernes Tischkehrset, Kopenhagen, 1930"},"content":{"rendered":"<p>Silbernes Tischkehrset<\/p>\n<p>Evald Nielsen (1879-1958), Kopenhagen, D\u00e4nemark 1930<\/p>\n<p>Silber, geh\u00e4mmert, Holzgriff, Kopenhagener Beschauzeichen 1930, Silberwardeinstempel Johannes Siggaard, 1932-1960, Meisterzeichen EN, bestehend aus Tischbesen und Schaufel<\/p>\n<p>L 15 cm<\/p>\n<p>&nbsp;<\/p>\n","protected":false},"excerpt":{"rendered":"<p>Annettes Etikette: Evald Nielsen (1879 &#8211; 1958) gr\u00fcndete sein Unternehmen im Jahre 1905 in Kopenhagen. \u00c4hnlich wie Georg Jensen hatte seine Formensprache auch in Deutschland und Amerika gro\u00dfen Erfolg. Seine S\u00f6hne Bjarne Weimar ( 1906 &#8211; 1988) und Aage Weimar (1902 &#8211; 1986) \u00fcbernahmen seinen Betrieb. Die Formensprache dieses Tischkehrsets \u00fcberzeugte mich schon beim Ankauf.\u00a0Heute sind diese Tischb\u00fcrsten mit Tischschaufel beliebte Zeugnisse gehobener Tafelkultur, sei es im Restaurant oder Zuhause.<\/p>\n<p>Literatur. Chr. Rimestad: &#8222;Evald Nielsen &#8211; solist i s\u00f8lv. En biografi om s\u00f8lvsmeden Evald Nielsen&#8220;. Books on Demand, Kopenhagen, 2010<\/p>\n","protected":false},"featured_media":2552,"comment_status":"open","ping_status":"closed","template":"","meta":[],"product_brand":[],"product_cat":[32,132,273,311,312],"product_tag":[],"class_list":{"0":"post-1210","1":"product","2":"type-product","3":"status-publish","4":"has-post-thumbnail","6":"product_cat-festefeiern","7":"product_cat-silber","8":"product_cat-silber-fachbuecher","9":"product_cat-tafelinventar","10":"product_cat-tischbesen","12":"first","13":"instock","14":"sold-individually","15":"purchasable","16":"product-type-simple"},"yoast_head":"<!-- This site is optimized with the Yoast SEO Premium plugin v15.8.2 - https:\/\/yoast.com\/wordpress\/plugins\/seo\/ -->\n<title>Evald Nielsen, Silbernes Tischkehrset, Kopenhagen, 1930<\/title>\n<meta name=\"description\" content=\"Evald Nielsen, Silbernes Tischkehrset, Kopenhagen, 1930 \u2665 Antiquit\u00e4ten Online kaufen \u2713 Sichere Lieferung \u2713\" \/>\n<meta name=\"robots\" content=\"index, follow, max-snippet:-1, max-image-preview:large, max-video-preview:-1\" \/>\n<link rel=\"canonical\" href=\"https:\/\/annette-ahrens.at\/onlineshop\/produkt\/evald-nielsen-silbernes-tischkehrset-kopenhagen-1930\/\" \/>\n<meta property=\"og:locale\" content=\"de_DE\" \/>\n<meta property=\"og:type\" content=\"article\" \/>\n<meta property=\"og:title\" content=\"Evald Nielsen, Silbernes Tischkehrset, Kopenhagen, 1930\" \/>\n<meta property=\"og:description\" content=\"Evald Nielsen, Silbernes Tischkehrset, Kopenhagen, 1930 \u2665 Antiquit\u00e4ten Online kaufen \u2713 Sichere Lieferung \u2713\" \/>\n<meta property=\"og:url\" content=\"https:\/\/annette-ahrens.at\/onlineshop\/produkt\/evald-nielsen-silbernes-tischkehrset-kopenhagen-1930\/\" \/>\n<meta property=\"og:site_name\" content=\"Tafelkultur Onlineshop\" \/>\n<meta property=\"article:publisher\" content=\"https:\/\/www.facebook.com\/AnnetteAhrensTafelkultur\" \/>\n<meta property=\"article:modified_time\" content=\"2025-12-25T11:29:08+00:00\" \/>\n<meta property=\"og:image\" content=\"https:\/\/annette-ahrens.at\/onlineshop\/wp-content\/uploads\/2020\/07\/IMG_7054-scaled.jpeg\" \/>\n\t<meta property=\"og:image:width\" content=\"2560\" \/>\n\t<meta property=\"og:image:height\" content=\"2560\" \/>\n<meta name=\"twitter:card\" content=\"summary_large_image\" \/>\n<meta name=\"twitter:label1\" content=\"Gesch\u00e4tzte Lesezeit\">\n\t<meta name=\"twitter:data1\" content=\"1\u00a0Minute\">\n<script type=\"application\/ld+json\" class=\"yoast-schema-graph\">{\"@context\":\"https:\/\/schema.org\",\"@graph\":[{\"@type\":[\"Person\",\"Organization\"],\"@id\":\"https:\/\/annette-ahrens.at\/onlineshop\/#\/schema\/person\/3e19676faae246bba0cb3b7e15f427d8\",\"name\":\"Annette Ahrens\",\"image\":{\"@type\":\"ImageObject\",\"@id\":\"https:\/\/annette-ahrens.at\/onlineshop\/#personlogo\",\"inLanguage\":\"de\",\"url\":\"https:\/\/annette-ahrens.at\/onlineshop\/wp-content\/uploads\/2020\/04\/aa_logo_End.png\",\"width\":800,\"height\":164,\"caption\":\"Annette Ahrens\"},\"logo\":{\"@id\":\"https:\/\/annette-ahrens.at\/onlineshop\/#personlogo\"},\"sameAs\":[\"https:\/\/annette-ahrens.at\",\"https:\/\/www.facebook.com\/AnnetteAhrensTafelkultur\",\"https:\/\/www.instagram.com\/tafelkulturistin\/\",\"https:\/\/de.wikipedia.org\/wiki\/Annette_Ahrens\"]},{\"@type\":\"WebSite\",\"@id\":\"https:\/\/annette-ahrens.at\/onlineshop\/#website\",\"url\":\"https:\/\/annette-ahrens.at\/onlineshop\/\",\"name\":\"Tafelkultur Onlineshop\",\"description\":\"Annette Ahrens\",\"publisher\":{\"@id\":\"https:\/\/annette-ahrens.at\/onlineshop\/#\/schema\/person\/3e19676faae246bba0cb3b7e15f427d8\"},\"potentialAction\":[{\"@type\":\"SearchAction\",\"target\":\"https:\/\/annette-ahrens.at\/onlineshop\/?s={search_term_string}\",\"query-input\":\"required name=search_term_string\"}],\"inLanguage\":\"de\"},{\"@type\":\"ImageObject\",\"@id\":\"https:\/\/annette-ahrens.at\/onlineshop\/produkt\/evald-nielsen-silbernes-tischkehrset-kopenhagen-1930\/#primaryimage\",\"inLanguage\":\"de\",\"url\":\"https:\/\/annette-ahrens.at\/onlineshop\/wp-content\/uploads\/2020\/07\/IMG_7054-scaled.jpeg\",\"width\":2560,\"height\":2560,\"caption\":\"tischbesen\"},{\"@type\":[\"WebPage\",\"ItemPage\"],\"@id\":\"https:\/\/annette-ahrens.at\/onlineshop\/produkt\/evald-nielsen-silbernes-tischkehrset-kopenhagen-1930\/#webpage\",\"url\":\"https:\/\/annette-ahrens.at\/onlineshop\/produkt\/evald-nielsen-silbernes-tischkehrset-kopenhagen-1930\/\",\"name\":\"Evald Nielsen, Silbernes Tischkehrset, Kopenhagen, 1930\",\"isPartOf\":{\"@id\":\"https:\/\/annette-ahrens.at\/onlineshop\/#website\"},\"primaryImageOfPage\":{\"@id\":\"https:\/\/annette-ahrens.at\/onlineshop\/produkt\/evald-nielsen-silbernes-tischkehrset-kopenhagen-1930\/#primaryimage\"},\"datePublished\":\"2020-05-06T10:09:29+00:00\",\"dateModified\":\"2025-12-25T11:29:08+00:00\",\"description\":\"Evald Nielsen, Silbernes Tischkehrset, Kopenhagen, 1930 \\u2665 Antiquit\\u00e4ten Online kaufen \\u2713 Sichere Lieferung \\u2713\",\"breadcrumb\":{\"@id\":\"https:\/\/annette-ahrens.at\/onlineshop\/produkt\/evald-nielsen-silbernes-tischkehrset-kopenhagen-1930\/#breadcrumb\"},\"inLanguage\":\"de\",\"potentialAction\":[{\"@type\":\"ReadAction\",\"target\":[\"https:\/\/annette-ahrens.at\/onlineshop\/produkt\/evald-nielsen-silbernes-tischkehrset-kopenhagen-1930\/\"]}]},{\"@type\":\"BreadcrumbList\",\"@id\":\"https:\/\/annette-ahrens.at\/onlineshop\/produkt\/evald-nielsen-silbernes-tischkehrset-kopenhagen-1930\/#breadcrumb\",\"itemListElement\":[{\"@type\":\"ListItem\",\"position\":1,\"item\":{\"@type\":\"WebPage\",\"@id\":\"https:\/\/annette-ahrens.at\/onlineshop\/\",\"url\":\"https:\/\/annette-ahrens.at\/onlineshop\/\",\"name\":\"Home\"}},{\"@type\":\"ListItem\",\"position\":2,\"item\":{\"@type\":\"WebPage\",\"@id\":\"https:\/\/annette-ahrens.at\/onlineshop\/alle-tafelkultur-objekte\/\",\"url\":\"https:\/\/annette-ahrens.at\/onlineshop\/alle-tafelkultur-objekte\/\",\"name\":\"Alle Tafelkultur Objekte\"}},{\"@type\":\"ListItem\",\"position\":3,\"item\":{\"@type\":\"WebPage\",\"@id\":\"https:\/\/annette-ahrens.at\/onlineshop\/produkt\/evald-nielsen-silbernes-tischkehrset-kopenhagen-1930\/\",\"url\":\"https:\/\/annette-ahrens.at\/onlineshop\/produkt\/evald-nielsen-silbernes-tischkehrset-kopenhagen-1930\/\",\"name\":\"Evald Nielsen, Silbernes Tischkehrset, Kopenhagen, 1930\"}}]}]}<\/script>\n<!-- \/ Yoast SEO Premium plugin. -->","_links":{"self":[{"href":"https:\/\/annette-ahrens.at\/onlineshop\/wp-json\/wp\/v2\/product\/1210","targetHints":{"allow":["GET"]}}],"collection":[{"href":"https:\/\/annette-ahrens.at\/onlineshop\/wp-json\/wp\/v2\/product"}],"about":[{"href":"https:\/\/annette-ahrens.at\/onlineshop\/wp-json\/wp\/v2\/types\/product"}],"replies":[{"embeddable":true,"href":"https:\/\/annette-ahrens.at\/onlineshop\/wp-json\/wp\/v2\/comments?post=1210"}],"wp:featuredmedia":[{"embeddable":true,"href":"https:\/\/annette-ahrens.at\/onlineshop\/wp-json\/wp\/v2\/media\/2552"}],"wp:attachment":[{"href":"https:\/\/annette-ahrens.at\/onlineshop\/wp-json\/wp\/v2\/media?parent=1210"}],"wp:term":[{"taxonomy":"product_brand","embeddable":true,"href":"https:\/\/annette-ahrens.at\/onlineshop\/wp-json\/wp\/v2\/product_brand?post=1210"},{"taxonomy":"product_cat","embeddable":true,"href":"https:\/\/annette-ahrens.at\/onlineshop\/wp-json\/wp\/v2\/product_cat?post=1210"},{"taxonomy":"product_tag","embeddable":true,"href":"https:\/\/annette-ahrens.at\/onlineshop\/wp-json\/wp\/v2\/product_tag?post=1210"}],"curies":[{"name":"wp","href":"https:\/\/api.w.org\/{rel}","templated":true}]}}