{"id":1216,"date":"2020-05-06T12:21:23","date_gmt":"2020-05-06T10:21:23","guid":{"rendered":"https:\/\/annette-ahrens.at\/silbershop\/?post_type=product&#038;p=1216"},"modified":"2023-06-06T20:15:42","modified_gmt":"2023-06-06T18:15:42","slug":"silbernes-fischbesteck-fuer-6-personen-v-c-dub-wien-1872-1922","status":"publish","type":"product","link":"https:\/\/annette-ahrens.at\/onlineshop\/produkt\/silbernes-fischbesteck-fuer-6-personen-v-c-dub-wien-1872-1922\/","title":{"rendered":"Silbernes Fischbesteck &#8222;Geigenkasten&#8220; f\u00fcr 6 Personen, V. C. Dub, Wien, um 1900"},"content":{"rendered":"<p>Silbernes Fischbesteck f\u00fcr 6 Personen<\/p>\n<p>V. C. Dub, Wien, 1872-1922<\/p>\n<p>Silber, 12 Hohlhefte in Geigenkasten-Facon, 12 Teile, alle gemarkt mit Dianakopfpunze, verwendet 1872 &#8211; 1922 und Meisterzeichen VCD im Rechteck f\u00fcr Vinzenz Carl Dub<\/p>\n<p>Messerl\u00e4nge 20 cm<\/p>\n<p>612 g<\/p>\n","protected":false},"excerpt":{"rendered":"<p>Annettes Etikette: Der Wiener Silberschmied Vincenz Carl Dub (1852 \u2013 1924) erhielt 1886 seine Gewerbsverleihung und war auf kunstgewerbliche Gegenst\u00e4nde sowie Silberbesteck spezialisiert. Er \u00fcbernahm die Werkst\u00e4tte in der Zieglergasse 65 von seinem Vater Thomas Dub, welcher sie 1838 gegr\u00fcndet hatte. In den Jahren 1908 bis 1914 sind laut Waltraud Neuwirth 50 Arbeiter belegt.<\/p>\n","protected":false},"featured_media":1259,"comment_status":"open","ping_status":"closed","template":"","meta":[],"product_brand":[],"product_cat":[30,32,167,203,240,291,176,47,237,273,296],"product_tag":[],"class_list":{"0":"post-1216","1":"product","2":"type-product","3":"status-publish","4":"has-post-thumbnail","6":"product_cat-besteck","7":"product_cat-festefeiern","8":"product_cat-fisch","9":"product_cat-fisch-speisen","10":"product_cat-fischbesteck","11":"product_cat-hochzeit","12":"product_cat-lachs","13":"product_cat-meerestiere","14":"product_cat-messer","15":"product_cat-silber-fachbuecher","16":"product_cat-silvester","18":"first","19":"instock","20":"sold-individually","21":"purchasable","22":"product-type-simple"},"yoast_head":"<!-- This site is optimized with the Yoast SEO Premium plugin v15.8.2 - https:\/\/yoast.com\/wordpress\/plugins\/seo\/ -->\n<title>Silbernes Fischbesteck &quot;Geigenkasten&quot; f\u00fcr 6 Personen, V. C. Dub, Wien, um 1900<\/title>\n<meta name=\"description\" content=\"Silbernes Fischbesteck &quot;Geigenkasten&quot; f\u00fcr 6 Personen, V. C. Dub, Wien, um 1900 \u2665 Antiquit\u00e4ten Online kaufen \u2713 Sichere Lieferung \u2713\" \/>\n<meta name=\"robots\" content=\"index, follow, max-snippet:-1, max-image-preview:large, max-video-preview:-1\" \/>\n<link rel=\"canonical\" href=\"https:\/\/annette-ahrens.at\/onlineshop\/produkt\/silbernes-fischbesteck-fuer-6-personen-v-c-dub-wien-1872-1922\/\" \/>\n<meta property=\"og:locale\" content=\"de_DE\" \/>\n<meta property=\"og:type\" content=\"article\" \/>\n<meta property=\"og:title\" content=\"Silbernes Fischbesteck &quot;Geigenkasten&quot; f\u00fcr 6 Personen, V. C. Dub, Wien, um 1900\" \/>\n<meta property=\"og:description\" content=\"Silbernes Fischbesteck &quot;Geigenkasten&quot; f\u00fcr 6 Personen, V. C. Dub, Wien, um 1900 \u2665 Antiquit\u00e4ten Online kaufen \u2713 Sichere Lieferung \u2713\" \/>\n<meta property=\"og:url\" content=\"https:\/\/annette-ahrens.at\/onlineshop\/produkt\/silbernes-fischbesteck-fuer-6-personen-v-c-dub-wien-1872-1922\/\" \/>\n<meta property=\"og:site_name\" content=\"Tafelkultur Onlineshop\" \/>\n<meta property=\"article:publisher\" content=\"https:\/\/www.facebook.com\/AnnetteAhrensTafelkultur\" \/>\n<meta property=\"article:modified_time\" content=\"2023-06-06T18:15:42+00:00\" \/>\n<meta property=\"og:image\" content=\"https:\/\/annette-ahrens.at\/onlineshop\/wp-content\/uploads\/2020\/05\/IMG_2323-scaled.jpeg\" \/>\n\t<meta property=\"og:image:width\" content=\"2560\" \/>\n\t<meta property=\"og:image:height\" content=\"1920\" \/>\n<meta name=\"twitter:card\" content=\"summary_large_image\" \/>\n<meta name=\"twitter:label1\" content=\"Gesch\u00e4tzte Lesezeit\">\n\t<meta name=\"twitter:data1\" content=\"1\u00a0Minute\">\n<script type=\"application\/ld+json\" class=\"yoast-schema-graph\">{\"@context\":\"https:\/\/schema.org\",\"@graph\":[{\"@type\":[\"Person\",\"Organization\"],\"@id\":\"https:\/\/annette-ahrens.at\/onlineshop\/#\/schema\/person\/3e19676faae246bba0cb3b7e15f427d8\",\"name\":\"Annette Ahrens\",\"image\":{\"@type\":\"ImageObject\",\"@id\":\"https:\/\/annette-ahrens.at\/onlineshop\/#personlogo\",\"inLanguage\":\"de\",\"url\":\"https:\/\/annette-ahrens.at\/onlineshop\/wp-content\/uploads\/2020\/04\/aa_logo_End.png\",\"width\":800,\"height\":164,\"caption\":\"Annette Ahrens\"},\"logo\":{\"@id\":\"https:\/\/annette-ahrens.at\/onlineshop\/#personlogo\"},\"sameAs\":[\"https:\/\/annette-ahrens.at\",\"https:\/\/www.facebook.com\/AnnetteAhrensTafelkultur\",\"https:\/\/www.instagram.com\/tafelkulturistin\/\",\"https:\/\/de.wikipedia.org\/wiki\/Annette_Ahrens\"]},{\"@type\":\"WebSite\",\"@id\":\"https:\/\/annette-ahrens.at\/onlineshop\/#website\",\"url\":\"https:\/\/annette-ahrens.at\/onlineshop\/\",\"name\":\"Tafelkultur Onlineshop\",\"description\":\"Annette Ahrens\",\"publisher\":{\"@id\":\"https:\/\/annette-ahrens.at\/onlineshop\/#\/schema\/person\/3e19676faae246bba0cb3b7e15f427d8\"},\"potentialAction\":[{\"@type\":\"SearchAction\",\"target\":\"https:\/\/annette-ahrens.at\/onlineshop\/?s={search_term_string}\",\"query-input\":\"required name=search_term_string\"}],\"inLanguage\":\"de\"},{\"@type\":\"ImageObject\",\"@id\":\"https:\/\/annette-ahrens.at\/onlineshop\/produkt\/silbernes-fischbesteck-fuer-6-personen-v-c-dub-wien-1872-1922\/#primaryimage\",\"inLanguage\":\"de\",\"url\":\"https:\/\/annette-ahrens.at\/onlineshop\/wp-content\/uploads\/2020\/05\/IMG_2323-scaled.jpeg\",\"width\":2560,\"height\":1920,\"caption\":\"fischbesteck_silber\"},{\"@type\":[\"WebPage\",\"ItemPage\"],\"@id\":\"https:\/\/annette-ahrens.at\/onlineshop\/produkt\/silbernes-fischbesteck-fuer-6-personen-v-c-dub-wien-1872-1922\/#webpage\",\"url\":\"https:\/\/annette-ahrens.at\/onlineshop\/produkt\/silbernes-fischbesteck-fuer-6-personen-v-c-dub-wien-1872-1922\/\",\"name\":\"Silbernes Fischbesteck \\\"Geigenkasten\\\" f\\u00fcr 6 Personen, V. C. Dub, Wien, um 1900\",\"isPartOf\":{\"@id\":\"https:\/\/annette-ahrens.at\/onlineshop\/#website\"},\"primaryImageOfPage\":{\"@id\":\"https:\/\/annette-ahrens.at\/onlineshop\/produkt\/silbernes-fischbesteck-fuer-6-personen-v-c-dub-wien-1872-1922\/#primaryimage\"},\"datePublished\":\"2020-05-06T10:21:23+00:00\",\"dateModified\":\"2023-06-06T18:15:42+00:00\",\"description\":\"Silbernes Fischbesteck \\\"Geigenkasten\\\" f\\u00fcr 6 Personen, V. C. Dub, Wien, um 1900 \\u2665 Antiquit\\u00e4ten Online kaufen \\u2713 Sichere Lieferung \\u2713\",\"breadcrumb\":{\"@id\":\"https:\/\/annette-ahrens.at\/onlineshop\/produkt\/silbernes-fischbesteck-fuer-6-personen-v-c-dub-wien-1872-1922\/#breadcrumb\"},\"inLanguage\":\"de\",\"potentialAction\":[{\"@type\":\"ReadAction\",\"target\":[\"https:\/\/annette-ahrens.at\/onlineshop\/produkt\/silbernes-fischbesteck-fuer-6-personen-v-c-dub-wien-1872-1922\/\"]}]},{\"@type\":\"BreadcrumbList\",\"@id\":\"https:\/\/annette-ahrens.at\/onlineshop\/produkt\/silbernes-fischbesteck-fuer-6-personen-v-c-dub-wien-1872-1922\/#breadcrumb\",\"itemListElement\":[{\"@type\":\"ListItem\",\"position\":1,\"item\":{\"@type\":\"WebPage\",\"@id\":\"https:\/\/annette-ahrens.at\/onlineshop\/\",\"url\":\"https:\/\/annette-ahrens.at\/onlineshop\/\",\"name\":\"Home\"}},{\"@type\":\"ListItem\",\"position\":2,\"item\":{\"@type\":\"WebPage\",\"@id\":\"https:\/\/annette-ahrens.at\/onlineshop\/alle-tafelkultur-objekte\/\",\"url\":\"https:\/\/annette-ahrens.at\/onlineshop\/alle-tafelkultur-objekte\/\",\"name\":\"Alle Tafelkultur Objekte\"}},{\"@type\":\"ListItem\",\"position\":3,\"item\":{\"@type\":\"WebPage\",\"@id\":\"https:\/\/annette-ahrens.at\/onlineshop\/produkt\/silbernes-fischbesteck-fuer-6-personen-v-c-dub-wien-1872-1922\/\",\"url\":\"https:\/\/annette-ahrens.at\/onlineshop\/produkt\/silbernes-fischbesteck-fuer-6-personen-v-c-dub-wien-1872-1922\/\",\"name\":\"Silbernes Fischbesteck &#8220;Geigenkasten&#8221; f\\u00fcr 6 Personen, V. C. Dub, Wien, um 1900\"}}]}]}<\/script>\n<!-- \/ Yoast SEO Premium plugin. -->","_links":{"self":[{"href":"https:\/\/annette-ahrens.at\/onlineshop\/wp-json\/wp\/v2\/product\/1216","targetHints":{"allow":["GET"]}}],"collection":[{"href":"https:\/\/annette-ahrens.at\/onlineshop\/wp-json\/wp\/v2\/product"}],"about":[{"href":"https:\/\/annette-ahrens.at\/onlineshop\/wp-json\/wp\/v2\/types\/product"}],"replies":[{"embeddable":true,"href":"https:\/\/annette-ahrens.at\/onlineshop\/wp-json\/wp\/v2\/comments?post=1216"}],"wp:featuredmedia":[{"embeddable":true,"href":"https:\/\/annette-ahrens.at\/onlineshop\/wp-json\/wp\/v2\/media\/1259"}],"wp:attachment":[{"href":"https:\/\/annette-ahrens.at\/onlineshop\/wp-json\/wp\/v2\/media?parent=1216"}],"wp:term":[{"taxonomy":"product_brand","embeddable":true,"href":"https:\/\/annette-ahrens.at\/onlineshop\/wp-json\/wp\/v2\/product_brand?post=1216"},{"taxonomy":"product_cat","embeddable":true,"href":"https:\/\/annette-ahrens.at\/onlineshop\/wp-json\/wp\/v2\/product_cat?post=1216"},{"taxonomy":"product_tag","embeddable":true,"href":"https:\/\/annette-ahrens.at\/onlineshop\/wp-json\/wp\/v2\/product_tag?post=1216"}],"curies":[{"name":"wp","href":"https:\/\/api.w.org\/{rel}","templated":true}]}}