{"id":12252,"date":"2021-12-21T19:05:10","date_gmt":"2021-12-21T18:05:10","guid":{"rendered":"https:\/\/annette-ahrens.at\/onlineshop\/?post_type=product&#038;p=12252"},"modified":"2026-02-03T23:20:08","modified_gmt":"2026-02-03T22:20:08","slug":"5-teiliges-silbernes-jugendstil-teeservice-fa-w-binder-deutschland-um-1910","status":"publish","type":"product","link":"https:\/\/annette-ahrens.at\/onlineshop\/produkt\/5-teiliges-silbernes-jugendstil-teeservice-fa-w-binder-deutschland-um-1910\/","title":{"rendered":"5 teiliges, silbernes Jugendstil Teeservice, Fa. W. Binder, Deutschland, um 1910"},"content":{"rendered":"<p>5 teiliges, silbernes Jugendstil Teeservice<\/p>\n<p>Fa. Wilhelm Binder, Schw\u00e4bisch Gm\u00fcnd, Deutschland, um 1910<\/p>\n<p>Silber, Henkel und Knauf aus geschnitztem Bein; ovaler Gef\u00e4\u00dfk\u00f6rper auf ovalem Grundri\u00df, Perlbanddekor, alle Teile gemarkt mit Feingehalt 800, deutschem Staatszeichen nach 1888, Halbmond und Krone, Firmenzeichen WTB f\u00fcr Fa. Wilhelm Binder, Schw\u00e4bisch Gm\u00fcnd, tadelloser Erhlatungszustand<\/p>\n<p>H\u00f6he Teekessel auf Rechaud: 41 cm<\/p>\n<p>H\u00f6he Kaffeekanne: 22,8 cm<\/p>\n<p>H\u00f6he Teekanne: 17,4 cm<\/p>\n<p>H\u00f6he Milchk\u00e4nnchen: 9,7 cm<\/p>\n<p>H\u00f6he Zuckerdose: 12,2 cm<\/p>\n<p>Gewicht: 3.020 g<\/p>\n<p>Literatur: Br\u00f6han-Museum, Metallkunst der Moderne, Berlin 2001, Seite 47, Nr. 47.<\/p>\n<p>&nbsp;<\/p>\n","protected":false},"excerpt":{"rendered":"<p>5 teiliges, silbernes Jugendstil Teeservice Fa. Wilhelm Binder, Schw\u00e4bisch Gm\u00fcnd, Deutschland, um 1910 Silber, Henkel und Knauf aus geschnitztem Bein; ovaler Gef\u00e4\u00dfk\u00f6rper auf ovalem Grundri\u00df, Perlbanddekor, alle Teile gemarkt mit Feingehalt 800, deutschem Staatszeichen nach 1888, Halbmond und Krone, Firmenzeichen WTB f\u00fcr Fa. Wilhelm Binder, Schw\u00e4bisch Gm\u00fcnd, tadelloser Erhlatungszustand H\u00f6he Teekessel auf Rechaud: 41 cm [&hellip;]<\/p>\n","protected":false},"featured_media":15682,"comment_status":"open","ping_status":"closed","template":"","meta":[],"product_brand":[],"product_cat":[25,297,18,37,148,154,155,156,132,268,38,149,271,53,157,158],"product_tag":[],"class_list":{"0":"post-12252","1":"product","2":"type-product","3":"status-publish","4":"has-post-thumbnail","6":"product_cat-5o-clock-tea","7":"product_cat-adventjause","8":"product_cat-fruehstueck","9":"product_cat-kaffee","10":"product_cat-kaffeekannen","11":"product_cat-milch","12":"product_cat-milchgiesser","13":"product_cat-milchkanne","14":"product_cat-silber","15":"product_cat-tee-5o-clock-tea","16":"product_cat-tee","17":"product_cat-teekanne","18":"product_cat-teekessel","19":"product_cat-weihnachten","20":"product_cat-zucker-fruehstueck","21":"product_cat-zuckerdose","23":"first","24":"instock","25":"purchasable","26":"product-type-simple"},"yoast_head":"<!-- This site is optimized with the Yoast SEO Premium plugin v15.8.2 - https:\/\/yoast.com\/wordpress\/plugins\/seo\/ -->\n<title>5 teiliges, silbernes Jugendstil Teeservice, Fa. W. Binder, Deutschland, um 1910<\/title>\n<meta name=\"description\" content=\"5 teiliges, silbernes Jugendstil Teeservice, Fa. W. Binder, Deutschland, um 1910 \u2665 Antiquit\u00e4ten Online kaufen \u2713 Sichere Lieferung \u2713\" \/>\n<meta name=\"robots\" content=\"index, follow, max-snippet:-1, max-image-preview:large, max-video-preview:-1\" \/>\n<link rel=\"canonical\" href=\"https:\/\/annette-ahrens.at\/onlineshop\/produkt\/5-teiliges-silbernes-jugendstil-teeservice-fa-w-binder-deutschland-um-1910\/\" \/>\n<meta property=\"og:locale\" content=\"de_DE\" \/>\n<meta property=\"og:type\" content=\"article\" \/>\n<meta property=\"og:title\" content=\"5 teiliges, silbernes Jugendstil Teeservice, Fa. W. Binder, Deutschland, um 1910\" \/>\n<meta property=\"og:description\" content=\"5 teiliges, silbernes Jugendstil Teeservice, Fa. W. Binder, Deutschland, um 1910 \u2665 Antiquit\u00e4ten Online kaufen \u2713 Sichere Lieferung \u2713\" \/>\n<meta property=\"og:url\" content=\"https:\/\/annette-ahrens.at\/onlineshop\/produkt\/5-teiliges-silbernes-jugendstil-teeservice-fa-w-binder-deutschland-um-1910\/\" \/>\n<meta property=\"og:site_name\" content=\"Tafelkultur Onlineshop\" \/>\n<meta property=\"article:publisher\" content=\"https:\/\/www.facebook.com\/AnnetteAhrensTafelkultur\" \/>\n<meta property=\"article:modified_time\" content=\"2026-02-03T22:20:08+00:00\" \/>\n<meta property=\"og:image\" content=\"https:\/\/annette-ahrens.at\/onlineshop\/wp-content\/uploads\/2022\/06\/IMG_6938.jpeg\" \/>\n\t<meta property=\"og:image:width\" content=\"1494\" \/>\n\t<meta property=\"og:image:height\" content=\"1839\" \/>\n<meta name=\"twitter:card\" content=\"summary_large_image\" \/>\n<meta name=\"twitter:label1\" content=\"Gesch\u00e4tzte Lesezeit\">\n\t<meta name=\"twitter:data1\" content=\"1\u00a0Minute\">\n<script type=\"application\/ld+json\" class=\"yoast-schema-graph\">{\"@context\":\"https:\/\/schema.org\",\"@graph\":[{\"@type\":[\"Person\",\"Organization\"],\"@id\":\"https:\/\/annette-ahrens.at\/onlineshop\/#\/schema\/person\/3e19676faae246bba0cb3b7e15f427d8\",\"name\":\"Annette Ahrens\",\"image\":{\"@type\":\"ImageObject\",\"@id\":\"https:\/\/annette-ahrens.at\/onlineshop\/#personlogo\",\"inLanguage\":\"de\",\"url\":\"https:\/\/annette-ahrens.at\/onlineshop\/wp-content\/uploads\/2020\/04\/aa_logo_End.png\",\"width\":800,\"height\":164,\"caption\":\"Annette Ahrens\"},\"logo\":{\"@id\":\"https:\/\/annette-ahrens.at\/onlineshop\/#personlogo\"},\"sameAs\":[\"https:\/\/annette-ahrens.at\",\"https:\/\/www.facebook.com\/AnnetteAhrensTafelkultur\",\"https:\/\/www.instagram.com\/tafelkulturistin\/\",\"https:\/\/de.wikipedia.org\/wiki\/Annette_Ahrens\"]},{\"@type\":\"WebSite\",\"@id\":\"https:\/\/annette-ahrens.at\/onlineshop\/#website\",\"url\":\"https:\/\/annette-ahrens.at\/onlineshop\/\",\"name\":\"Tafelkultur Onlineshop\",\"description\":\"Annette Ahrens\",\"publisher\":{\"@id\":\"https:\/\/annette-ahrens.at\/onlineshop\/#\/schema\/person\/3e19676faae246bba0cb3b7e15f427d8\"},\"potentialAction\":[{\"@type\":\"SearchAction\",\"target\":\"https:\/\/annette-ahrens.at\/onlineshop\/?s={search_term_string}\",\"query-input\":\"required name=search_term_string\"}],\"inLanguage\":\"de\"},{\"@type\":\"ImageObject\",\"@id\":\"https:\/\/annette-ahrens.at\/onlineshop\/produkt\/5-teiliges-silbernes-jugendstil-teeservice-fa-w-binder-deutschland-um-1910\/#primaryimage\",\"inLanguage\":\"de\",\"url\":\"https:\/\/annette-ahrens.at\/onlineshop\/wp-content\/uploads\/2022\/06\/IMG_6938.jpeg\",\"width\":1494,\"height\":1839},{\"@type\":[\"WebPage\",\"ItemPage\"],\"@id\":\"https:\/\/annette-ahrens.at\/onlineshop\/produkt\/5-teiliges-silbernes-jugendstil-teeservice-fa-w-binder-deutschland-um-1910\/#webpage\",\"url\":\"https:\/\/annette-ahrens.at\/onlineshop\/produkt\/5-teiliges-silbernes-jugendstil-teeservice-fa-w-binder-deutschland-um-1910\/\",\"name\":\"5 teiliges, silbernes Jugendstil Teeservice, Fa. W. Binder, Deutschland, um 1910\",\"isPartOf\":{\"@id\":\"https:\/\/annette-ahrens.at\/onlineshop\/#website\"},\"primaryImageOfPage\":{\"@id\":\"https:\/\/annette-ahrens.at\/onlineshop\/produkt\/5-teiliges-silbernes-jugendstil-teeservice-fa-w-binder-deutschland-um-1910\/#primaryimage\"},\"datePublished\":\"2021-12-21T18:05:10+00:00\",\"dateModified\":\"2026-02-03T22:20:08+00:00\",\"description\":\"5 teiliges, silbernes Jugendstil Teeservice, Fa. W. Binder, Deutschland, um 1910 \\u2665 Antiquit\\u00e4ten Online kaufen \\u2713 Sichere Lieferung \\u2713\",\"breadcrumb\":{\"@id\":\"https:\/\/annette-ahrens.at\/onlineshop\/produkt\/5-teiliges-silbernes-jugendstil-teeservice-fa-w-binder-deutschland-um-1910\/#breadcrumb\"},\"inLanguage\":\"de\",\"potentialAction\":[{\"@type\":\"ReadAction\",\"target\":[\"https:\/\/annette-ahrens.at\/onlineshop\/produkt\/5-teiliges-silbernes-jugendstil-teeservice-fa-w-binder-deutschland-um-1910\/\"]}]},{\"@type\":\"BreadcrumbList\",\"@id\":\"https:\/\/annette-ahrens.at\/onlineshop\/produkt\/5-teiliges-silbernes-jugendstil-teeservice-fa-w-binder-deutschland-um-1910\/#breadcrumb\",\"itemListElement\":[{\"@type\":\"ListItem\",\"position\":1,\"item\":{\"@type\":\"WebPage\",\"@id\":\"https:\/\/annette-ahrens.at\/onlineshop\/\",\"url\":\"https:\/\/annette-ahrens.at\/onlineshop\/\",\"name\":\"Home\"}},{\"@type\":\"ListItem\",\"position\":2,\"item\":{\"@type\":\"WebPage\",\"@id\":\"https:\/\/annette-ahrens.at\/onlineshop\/alle-tafelkultur-objekte\/\",\"url\":\"https:\/\/annette-ahrens.at\/onlineshop\/alle-tafelkultur-objekte\/\",\"name\":\"Alle Tafelkultur Objekte\"}},{\"@type\":\"ListItem\",\"position\":3,\"item\":{\"@type\":\"WebPage\",\"@id\":\"https:\/\/annette-ahrens.at\/onlineshop\/produkt\/5-teiliges-silbernes-jugendstil-teeservice-fa-w-binder-deutschland-um-1910\/\",\"url\":\"https:\/\/annette-ahrens.at\/onlineshop\/produkt\/5-teiliges-silbernes-jugendstil-teeservice-fa-w-binder-deutschland-um-1910\/\",\"name\":\"5 teiliges, silbernes Jugendstil Teeservice, Fa. W. Binder, Deutschland, um 1910\"}}]}]}<\/script>\n<!-- \/ Yoast SEO Premium plugin. -->","_links":{"self":[{"href":"https:\/\/annette-ahrens.at\/onlineshop\/wp-json\/wp\/v2\/product\/12252","targetHints":{"allow":["GET"]}}],"collection":[{"href":"https:\/\/annette-ahrens.at\/onlineshop\/wp-json\/wp\/v2\/product"}],"about":[{"href":"https:\/\/annette-ahrens.at\/onlineshop\/wp-json\/wp\/v2\/types\/product"}],"replies":[{"embeddable":true,"href":"https:\/\/annette-ahrens.at\/onlineshop\/wp-json\/wp\/v2\/comments?post=12252"}],"wp:featuredmedia":[{"embeddable":true,"href":"https:\/\/annette-ahrens.at\/onlineshop\/wp-json\/wp\/v2\/media\/15682"}],"wp:attachment":[{"href":"https:\/\/annette-ahrens.at\/onlineshop\/wp-json\/wp\/v2\/media?parent=12252"}],"wp:term":[{"taxonomy":"product_brand","embeddable":true,"href":"https:\/\/annette-ahrens.at\/onlineshop\/wp-json\/wp\/v2\/product_brand?post=12252"},{"taxonomy":"product_cat","embeddable":true,"href":"https:\/\/annette-ahrens.at\/onlineshop\/wp-json\/wp\/v2\/product_cat?post=12252"},{"taxonomy":"product_tag","embeddable":true,"href":"https:\/\/annette-ahrens.at\/onlineshop\/wp-json\/wp\/v2\/product_tag?post=12252"}],"curies":[{"name":"wp","href":"https:\/\/api.w.org\/{rel}","templated":true}]}}