{"id":1264,"date":"2020-05-06T13:10:19","date_gmt":"2020-05-06T11:10:19","guid":{"rendered":"https:\/\/annette-ahrens.at\/silbershop\/?post_type=product&#038;p=1264"},"modified":"2020-07-17T01:05:13","modified_gmt":"2020-07-16T23:05:13","slug":"silbernes-art-deco-zitrusmesser-kopenhagen-daenemark-1930","status":"publish","type":"product","link":"https:\/\/annette-ahrens.at\/onlineshop\/produkt\/silbernes-art-deco-zitrusmesser-kopenhagen-daenemark-1930\/","title":{"rendered":"Silbernes Zitrusmesser &#8222;Golf&#8220;, Grann &#038; Laglye, D\u00e4nemark, 1951"},"content":{"rendered":"<p>Silbernes \u00a0Zitrusmesser &#8222;Golf&#8220;<\/p>\n<p><span id=\"ItemTitleLabel\">Grann &amp; Laglye\/Svend Toxv\u00e6rd. &#8218;Christiansborg,<\/span>\u00a0D\u00e4nemark, 1951<\/p>\n<p>Hefte aus Silber, gemarkt mit Kopenhagener Beschauzeichen 1951, Meisterzeichen GL f\u00fcr <span id=\"ItemTitleLabel\">Grann &amp; Laglye\/Svend Toxv\u00e6rd<\/span>, Stahlklinge mit Zestenreibe und Kernausl\u00f6ser<\/p>\n<p>L\u00e4nge 16,5 cm<\/p>\n<p>45 g Brutto<\/p>\n","protected":false},"excerpt":{"rendered":"<p>Silbernes \u00a0Zitrusmesser &#8222;Golf&#8220; Grann &amp; Laglye\/Svend Toxv\u00e6rd. &#8218;Christiansborg,\u00a0D\u00e4nemark, 1951 Hefte aus Silber, gemarkt mit Kopenhagener Beschauzeichen 1951, Meisterzeichen GL f\u00fcr Grann &amp; Laglye\/Svend Toxv\u00e6rd, Stahlklinge mit Zestenreibe und Kernausl\u00f6ser L\u00e4nge 16,5 cm 45 g Brutto<\/p>\n","protected":false},"featured_media":1237,"comment_status":"open","ping_status":"closed","template":"","meta":[],"product_brand":[],"product_cat":[30,291,237,292,21,273,319,324],"product_tag":[],"class_list":{"0":"post-1264","1":"product","2":"type-product","3":"status-publish","4":"has-post-thumbnail","6":"product_cat-besteck","7":"product_cat-hochzeit","8":"product_cat-messer","9":"product_cat-muttertag","10":"product_cat-obst-gemuese","11":"product_cat-silber-fachbuecher","12":"product_cat-zitrus-tafelinventar","13":"product_cat-zitrusschaeler","15":"first","16":"instock","17":"sold-individually","18":"purchasable","19":"product-type-simple"},"yoast_head":"<!-- This site is optimized with the Yoast SEO Premium plugin v15.8.2 - https:\/\/yoast.com\/wordpress\/plugins\/seo\/ -->\n<title>Silbernes Zitrusmesser &quot;Golf&quot;, Grann &amp; Laglye, D\u00e4nemark, 1951<\/title>\n<meta name=\"description\" content=\"Silbernes Zitrusmesser &quot;Golf&quot;, Grann &amp; Laglye, D\u00e4nemark, 1951 \u2665 Antiquit\u00e4ten Online kaufen \u2713 Sichere Lieferung \u2713\" \/>\n<meta name=\"robots\" content=\"index, follow, max-snippet:-1, max-image-preview:large, max-video-preview:-1\" \/>\n<link rel=\"canonical\" href=\"https:\/\/annette-ahrens.at\/onlineshop\/produkt\/silbernes-art-deco-zitrusmesser-kopenhagen-daenemark-1930\/\" \/>\n<meta property=\"og:locale\" content=\"de_DE\" \/>\n<meta property=\"og:type\" content=\"article\" \/>\n<meta property=\"og:title\" content=\"Silbernes Zitrusmesser &quot;Golf&quot;, Grann &amp; Laglye, D\u00e4nemark, 1951\" \/>\n<meta property=\"og:description\" content=\"Silbernes Zitrusmesser &quot;Golf&quot;, Grann &amp; Laglye, D\u00e4nemark, 1951 \u2665 Antiquit\u00e4ten Online kaufen \u2713 Sichere Lieferung \u2713\" \/>\n<meta property=\"og:url\" content=\"https:\/\/annette-ahrens.at\/onlineshop\/produkt\/silbernes-art-deco-zitrusmesser-kopenhagen-daenemark-1930\/\" \/>\n<meta property=\"og:site_name\" content=\"Tafelkultur Onlineshop\" \/>\n<meta property=\"article:publisher\" content=\"https:\/\/www.facebook.com\/AnnetteAhrensTafelkultur\" \/>\n<meta property=\"article:modified_time\" content=\"2020-07-16T23:05:13+00:00\" \/>\n<meta property=\"og:image\" content=\"https:\/\/annette-ahrens.at\/onlineshop\/wp-content\/uploads\/2020\/05\/IMG_2300-scaled.jpeg\" \/>\n\t<meta property=\"og:image:width\" content=\"2560\" \/>\n\t<meta property=\"og:image:height\" content=\"2560\" \/>\n<meta name=\"twitter:card\" content=\"summary_large_image\" \/>\n<script type=\"application\/ld+json\" class=\"yoast-schema-graph\">{\"@context\":\"https:\/\/schema.org\",\"@graph\":[{\"@type\":[\"Person\",\"Organization\"],\"@id\":\"https:\/\/annette-ahrens.at\/onlineshop\/#\/schema\/person\/3e19676faae246bba0cb3b7e15f427d8\",\"name\":\"Annette Ahrens\",\"image\":{\"@type\":\"ImageObject\",\"@id\":\"https:\/\/annette-ahrens.at\/onlineshop\/#personlogo\",\"inLanguage\":\"de\",\"url\":\"https:\/\/annette-ahrens.at\/onlineshop\/wp-content\/uploads\/2020\/04\/aa_logo_End.png\",\"width\":800,\"height\":164,\"caption\":\"Annette Ahrens\"},\"logo\":{\"@id\":\"https:\/\/annette-ahrens.at\/onlineshop\/#personlogo\"},\"sameAs\":[\"https:\/\/annette-ahrens.at\",\"https:\/\/www.facebook.com\/AnnetteAhrensTafelkultur\",\"https:\/\/www.instagram.com\/tafelkulturistin\/\",\"https:\/\/de.wikipedia.org\/wiki\/Annette_Ahrens\"]},{\"@type\":\"WebSite\",\"@id\":\"https:\/\/annette-ahrens.at\/onlineshop\/#website\",\"url\":\"https:\/\/annette-ahrens.at\/onlineshop\/\",\"name\":\"Tafelkultur Onlineshop\",\"description\":\"Annette Ahrens\",\"publisher\":{\"@id\":\"https:\/\/annette-ahrens.at\/onlineshop\/#\/schema\/person\/3e19676faae246bba0cb3b7e15f427d8\"},\"potentialAction\":[{\"@type\":\"SearchAction\",\"target\":\"https:\/\/annette-ahrens.at\/onlineshop\/?s={search_term_string}\",\"query-input\":\"required name=search_term_string\"}],\"inLanguage\":\"de\"},{\"@type\":\"ImageObject\",\"@id\":\"https:\/\/annette-ahrens.at\/onlineshop\/produkt\/silbernes-art-deco-zitrusmesser-kopenhagen-daenemark-1930\/#primaryimage\",\"inLanguage\":\"de\",\"url\":\"https:\/\/annette-ahrens.at\/onlineshop\/wp-content\/uploads\/2020\/05\/IMG_2300-scaled.jpeg\",\"width\":2560,\"height\":2560,\"caption\":\"zitrusmesser\"},{\"@type\":[\"WebPage\",\"ItemPage\"],\"@id\":\"https:\/\/annette-ahrens.at\/onlineshop\/produkt\/silbernes-art-deco-zitrusmesser-kopenhagen-daenemark-1930\/#webpage\",\"url\":\"https:\/\/annette-ahrens.at\/onlineshop\/produkt\/silbernes-art-deco-zitrusmesser-kopenhagen-daenemark-1930\/\",\"name\":\"Silbernes Zitrusmesser \\\"Golf\\\", Grann & Laglye, D\\u00e4nemark, 1951\",\"isPartOf\":{\"@id\":\"https:\/\/annette-ahrens.at\/onlineshop\/#website\"},\"primaryImageOfPage\":{\"@id\":\"https:\/\/annette-ahrens.at\/onlineshop\/produkt\/silbernes-art-deco-zitrusmesser-kopenhagen-daenemark-1930\/#primaryimage\"},\"datePublished\":\"2020-05-06T11:10:19+00:00\",\"dateModified\":\"2020-07-16T23:05:13+00:00\",\"description\":\"Silbernes Zitrusmesser \\\"Golf\\\", Grann & Laglye, D\\u00e4nemark, 1951 \\u2665 Antiquit\\u00e4ten Online kaufen \\u2713 Sichere Lieferung \\u2713\",\"breadcrumb\":{\"@id\":\"https:\/\/annette-ahrens.at\/onlineshop\/produkt\/silbernes-art-deco-zitrusmesser-kopenhagen-daenemark-1930\/#breadcrumb\"},\"inLanguage\":\"de\",\"potentialAction\":[{\"@type\":\"ReadAction\",\"target\":[\"https:\/\/annette-ahrens.at\/onlineshop\/produkt\/silbernes-art-deco-zitrusmesser-kopenhagen-daenemark-1930\/\"]}]},{\"@type\":\"BreadcrumbList\",\"@id\":\"https:\/\/annette-ahrens.at\/onlineshop\/produkt\/silbernes-art-deco-zitrusmesser-kopenhagen-daenemark-1930\/#breadcrumb\",\"itemListElement\":[{\"@type\":\"ListItem\",\"position\":1,\"item\":{\"@type\":\"WebPage\",\"@id\":\"https:\/\/annette-ahrens.at\/onlineshop\/\",\"url\":\"https:\/\/annette-ahrens.at\/onlineshop\/\",\"name\":\"Home\"}},{\"@type\":\"ListItem\",\"position\":2,\"item\":{\"@type\":\"WebPage\",\"@id\":\"https:\/\/annette-ahrens.at\/onlineshop\/alle-tafelkultur-objekte\/\",\"url\":\"https:\/\/annette-ahrens.at\/onlineshop\/alle-tafelkultur-objekte\/\",\"name\":\"Alle Tafelkultur Objekte\"}},{\"@type\":\"ListItem\",\"position\":3,\"item\":{\"@type\":\"WebPage\",\"@id\":\"https:\/\/annette-ahrens.at\/onlineshop\/produkt\/silbernes-art-deco-zitrusmesser-kopenhagen-daenemark-1930\/\",\"url\":\"https:\/\/annette-ahrens.at\/onlineshop\/produkt\/silbernes-art-deco-zitrusmesser-kopenhagen-daenemark-1930\/\",\"name\":\"Silbernes Zitrusmesser &#8220;Golf&#8221;, Grann &#038; Laglye, D\\u00e4nemark, 1951\"}}]}]}<\/script>\n<!-- \/ Yoast SEO Premium plugin. -->","_links":{"self":[{"href":"https:\/\/annette-ahrens.at\/onlineshop\/wp-json\/wp\/v2\/product\/1264","targetHints":{"allow":["GET"]}}],"collection":[{"href":"https:\/\/annette-ahrens.at\/onlineshop\/wp-json\/wp\/v2\/product"}],"about":[{"href":"https:\/\/annette-ahrens.at\/onlineshop\/wp-json\/wp\/v2\/types\/product"}],"replies":[{"embeddable":true,"href":"https:\/\/annette-ahrens.at\/onlineshop\/wp-json\/wp\/v2\/comments?post=1264"}],"wp:featuredmedia":[{"embeddable":true,"href":"https:\/\/annette-ahrens.at\/onlineshop\/wp-json\/wp\/v2\/media\/1237"}],"wp:attachment":[{"href":"https:\/\/annette-ahrens.at\/onlineshop\/wp-json\/wp\/v2\/media?parent=1264"}],"wp:term":[{"taxonomy":"product_brand","embeddable":true,"href":"https:\/\/annette-ahrens.at\/onlineshop\/wp-json\/wp\/v2\/product_brand?post=1264"},{"taxonomy":"product_cat","embeddable":true,"href":"https:\/\/annette-ahrens.at\/onlineshop\/wp-json\/wp\/v2\/product_cat?post=1264"},{"taxonomy":"product_tag","embeddable":true,"href":"https:\/\/annette-ahrens.at\/onlineshop\/wp-json\/wp\/v2\/product_tag?post=1264"}],"curies":[{"name":"wp","href":"https:\/\/api.w.org\/{rel}","templated":true}]}}