{"id":129,"date":"2020-04-24T13:34:06","date_gmt":"2020-04-24T11:34:06","guid":{"rendered":"https:\/\/annette-ahrens.at\/silbershop\/?post_type=product&#038;p=129"},"modified":"2026-01-04T15:08:59","modified_gmt":"2026-01-04T14:08:59","slug":"hans-ofner-henkelkorb-fa-sturm-wien-um-1900","status":"publish","type":"product","link":"https:\/\/annette-ahrens.at\/onlineshop\/produkt\/hans-ofner-henkelkorb-fa-sturm-wien-um-1900\/","title":{"rendered":"Hans Ofner, Silberner Jugendstil Henkelkorb, Fa. Sturm, Wien um 1905"},"content":{"rendered":"<p>Silberner Jugendstil Henkelkorb mit ovalem Glaseinsatz<\/p>\n<p>Fa. Alexander Sturm, Wien, um 1905<\/p>\n<p>Entwurf: Hans Ofner (St. P\u00f6lten 1880 &#8211; 1939 Salzburg)<\/p>\n<p>Silber, ovaler Gef\u00e4\u00dfk\u00f6rper, Henkel mit Perlstab-Motiv, gemarkt mit Wiener Dianakopf verwendet 1872-1922, Firmenmarke Kleeblatt f\u00fcr Fa. Alexander Sturm, Wien, tadelloser, handpolierter Erhaltungszustand<\/p>\n<p>L 22 cm<\/p>\n<p>H 15 cm<\/p>\n<p>403 g<\/p>\n","protected":false},"excerpt":{"rendered":"<p>Annettes Etikette: Hans Ofner (St. P\u00f6lten 1880 &#8211; 1939 Salzburg) ist im Kunsthandel ein beliebter K\u00fcnstler. Kaum wird ihm ein Objekt zugeschrieben, ist die Preisgestaltung kreativ. Er hatte bei Josef Hoffmann an der Kunstgewerbeschule studiert und zeigte als in St. P\u00f6lten geborener bereits im Alter von 25 Jahren seine Objekte in den St. P\u00f6ltner Stadts\u00e4len. 1908 konnte er sich an der Kunstschau in Wien beteiligen. Seine Entw\u00fcrfe wurden bei den Firmen Argentor, Wolkenstein &amp; Gl\u00fcckselig und Bakalowits ausgef\u00fchrt. Dieser Henkelkorb ist aus Silber und daher sehr selten. Er wurde bei Alexander Sturm ausgef\u00fchrt.<\/p>\n<p>https:\/\/www.ottowagner.com\/assets\/epapers\/alexander-sturm-index.pdf<\/p>\n","protected":false},"featured_media":793,"comment_status":"open","ping_status":"closed","template":"","meta":[],"product_brand":[],"product_cat":[18,31,132,311,53,26],"product_tag":[],"class_list":{"0":"post-129","1":"product","2":"type-product","3":"status-publish","4":"has-post-thumbnail","6":"product_cat-fruehstueck","7":"product_cat-gastgeschenke","8":"product_cat-silber","9":"product_cat-tafelinventar","10":"product_cat-weihnachten","11":"product_cat-wiener-melange","13":"first","14":"instock","15":"sold-individually","16":"purchasable","17":"product-type-simple"},"yoast_head":"<!-- This site is optimized with the Yoast SEO Premium plugin v15.8.2 - https:\/\/yoast.com\/wordpress\/plugins\/seo\/ -->\n<title>Hans Ofner, Silberner Jugendstil Henkelkorb, Fa. Sturm, Wien um 1905<\/title>\n<meta name=\"description\" content=\"Hans Ofner, Silberner Jugendstil Henkelkorb, Fa. Sturm, Wien um 1905 \u2665 Antiquit\u00e4ten Online kaufen \u2713 Sichere Lieferung \u2713\" \/>\n<meta name=\"robots\" content=\"index, follow, max-snippet:-1, max-image-preview:large, max-video-preview:-1\" \/>\n<link rel=\"canonical\" href=\"https:\/\/annette-ahrens.at\/onlineshop\/produkt\/hans-ofner-henkelkorb-fa-sturm-wien-um-1900\/\" \/>\n<meta property=\"og:locale\" content=\"de_DE\" \/>\n<meta property=\"og:type\" content=\"article\" \/>\n<meta property=\"og:title\" content=\"Hans Ofner, Silberner Jugendstil Henkelkorb, Fa. Sturm, Wien um 1905\" \/>\n<meta property=\"og:description\" content=\"Hans Ofner, Silberner Jugendstil Henkelkorb, Fa. Sturm, Wien um 1905 \u2665 Antiquit\u00e4ten Online kaufen \u2713 Sichere Lieferung \u2713\" \/>\n<meta property=\"og:url\" content=\"https:\/\/annette-ahrens.at\/onlineshop\/produkt\/hans-ofner-henkelkorb-fa-sturm-wien-um-1900\/\" \/>\n<meta property=\"og:site_name\" content=\"Tafelkultur Onlineshop\" \/>\n<meta property=\"article:publisher\" content=\"https:\/\/www.facebook.com\/AnnetteAhrensTafelkultur\" \/>\n<meta property=\"article:modified_time\" content=\"2026-01-04T14:08:59+00:00\" \/>\n<meta property=\"og:image\" content=\"https:\/\/annette-ahrens.at\/onlineshop\/wp-content\/uploads\/2020\/04\/IMG_1999-scaled.jpeg\" \/>\n\t<meta property=\"og:image:width\" content=\"2560\" \/>\n\t<meta property=\"og:image:height\" content=\"2560\" \/>\n<meta name=\"twitter:card\" content=\"summary_large_image\" \/>\n<script type=\"application\/ld+json\" class=\"yoast-schema-graph\">{\"@context\":\"https:\/\/schema.org\",\"@graph\":[{\"@type\":[\"Person\",\"Organization\"],\"@id\":\"https:\/\/annette-ahrens.at\/onlineshop\/#\/schema\/person\/3e19676faae246bba0cb3b7e15f427d8\",\"name\":\"Annette Ahrens\",\"image\":{\"@type\":\"ImageObject\",\"@id\":\"https:\/\/annette-ahrens.at\/onlineshop\/#personlogo\",\"inLanguage\":\"de\",\"url\":\"https:\/\/annette-ahrens.at\/onlineshop\/wp-content\/uploads\/2020\/04\/aa_logo_End.png\",\"width\":800,\"height\":164,\"caption\":\"Annette Ahrens\"},\"logo\":{\"@id\":\"https:\/\/annette-ahrens.at\/onlineshop\/#personlogo\"},\"sameAs\":[\"https:\/\/annette-ahrens.at\",\"https:\/\/www.facebook.com\/AnnetteAhrensTafelkultur\",\"https:\/\/www.instagram.com\/tafelkulturistin\/\",\"https:\/\/de.wikipedia.org\/wiki\/Annette_Ahrens\"]},{\"@type\":\"WebSite\",\"@id\":\"https:\/\/annette-ahrens.at\/onlineshop\/#website\",\"url\":\"https:\/\/annette-ahrens.at\/onlineshop\/\",\"name\":\"Tafelkultur Onlineshop\",\"description\":\"Annette Ahrens\",\"publisher\":{\"@id\":\"https:\/\/annette-ahrens.at\/onlineshop\/#\/schema\/person\/3e19676faae246bba0cb3b7e15f427d8\"},\"potentialAction\":[{\"@type\":\"SearchAction\",\"target\":\"https:\/\/annette-ahrens.at\/onlineshop\/?s={search_term_string}\",\"query-input\":\"required name=search_term_string\"}],\"inLanguage\":\"de\"},{\"@type\":\"ImageObject\",\"@id\":\"https:\/\/annette-ahrens.at\/onlineshop\/produkt\/hans-ofner-henkelkorb-fa-sturm-wien-um-1900\/#primaryimage\",\"inLanguage\":\"de\",\"url\":\"https:\/\/annette-ahrens.at\/onlineshop\/wp-content\/uploads\/2020\/04\/IMG_1999-scaled.jpeg\",\"width\":2560,\"height\":2560,\"caption\":\"ofner_henkelkorb\"},{\"@type\":[\"WebPage\",\"ItemPage\"],\"@id\":\"https:\/\/annette-ahrens.at\/onlineshop\/produkt\/hans-ofner-henkelkorb-fa-sturm-wien-um-1900\/#webpage\",\"url\":\"https:\/\/annette-ahrens.at\/onlineshop\/produkt\/hans-ofner-henkelkorb-fa-sturm-wien-um-1900\/\",\"name\":\"Hans Ofner, Silberner Jugendstil Henkelkorb, Fa. Sturm, Wien um 1905\",\"isPartOf\":{\"@id\":\"https:\/\/annette-ahrens.at\/onlineshop\/#website\"},\"primaryImageOfPage\":{\"@id\":\"https:\/\/annette-ahrens.at\/onlineshop\/produkt\/hans-ofner-henkelkorb-fa-sturm-wien-um-1900\/#primaryimage\"},\"datePublished\":\"2020-04-24T11:34:06+00:00\",\"dateModified\":\"2026-01-04T14:08:59+00:00\",\"description\":\"Hans Ofner, Silberner Jugendstil Henkelkorb, Fa. Sturm, Wien um 1905 \\u2665 Antiquit\\u00e4ten Online kaufen \\u2713 Sichere Lieferung \\u2713\",\"breadcrumb\":{\"@id\":\"https:\/\/annette-ahrens.at\/onlineshop\/produkt\/hans-ofner-henkelkorb-fa-sturm-wien-um-1900\/#breadcrumb\"},\"inLanguage\":\"de\",\"potentialAction\":[{\"@type\":\"ReadAction\",\"target\":[\"https:\/\/annette-ahrens.at\/onlineshop\/produkt\/hans-ofner-henkelkorb-fa-sturm-wien-um-1900\/\"]}]},{\"@type\":\"BreadcrumbList\",\"@id\":\"https:\/\/annette-ahrens.at\/onlineshop\/produkt\/hans-ofner-henkelkorb-fa-sturm-wien-um-1900\/#breadcrumb\",\"itemListElement\":[{\"@type\":\"ListItem\",\"position\":1,\"item\":{\"@type\":\"WebPage\",\"@id\":\"https:\/\/annette-ahrens.at\/onlineshop\/\",\"url\":\"https:\/\/annette-ahrens.at\/onlineshop\/\",\"name\":\"Home\"}},{\"@type\":\"ListItem\",\"position\":2,\"item\":{\"@type\":\"WebPage\",\"@id\":\"https:\/\/annette-ahrens.at\/onlineshop\/alle-tafelkultur-objekte\/\",\"url\":\"https:\/\/annette-ahrens.at\/onlineshop\/alle-tafelkultur-objekte\/\",\"name\":\"Alle Tafelkultur Objekte\"}},{\"@type\":\"ListItem\",\"position\":3,\"item\":{\"@type\":\"WebPage\",\"@id\":\"https:\/\/annette-ahrens.at\/onlineshop\/produkt\/hans-ofner-henkelkorb-fa-sturm-wien-um-1900\/\",\"url\":\"https:\/\/annette-ahrens.at\/onlineshop\/produkt\/hans-ofner-henkelkorb-fa-sturm-wien-um-1900\/\",\"name\":\"Hans Ofner, Silberner Jugendstil Henkelkorb, Fa. Sturm, Wien um 1905\"}}]}]}<\/script>\n<!-- \/ Yoast SEO Premium plugin. -->","_links":{"self":[{"href":"https:\/\/annette-ahrens.at\/onlineshop\/wp-json\/wp\/v2\/product\/129","targetHints":{"allow":["GET"]}}],"collection":[{"href":"https:\/\/annette-ahrens.at\/onlineshop\/wp-json\/wp\/v2\/product"}],"about":[{"href":"https:\/\/annette-ahrens.at\/onlineshop\/wp-json\/wp\/v2\/types\/product"}],"replies":[{"embeddable":true,"href":"https:\/\/annette-ahrens.at\/onlineshop\/wp-json\/wp\/v2\/comments?post=129"}],"wp:featuredmedia":[{"embeddable":true,"href":"https:\/\/annette-ahrens.at\/onlineshop\/wp-json\/wp\/v2\/media\/793"}],"wp:attachment":[{"href":"https:\/\/annette-ahrens.at\/onlineshop\/wp-json\/wp\/v2\/media?parent=129"}],"wp:term":[{"taxonomy":"product_brand","embeddable":true,"href":"https:\/\/annette-ahrens.at\/onlineshop\/wp-json\/wp\/v2\/product_brand?post=129"},{"taxonomy":"product_cat","embeddable":true,"href":"https:\/\/annette-ahrens.at\/onlineshop\/wp-json\/wp\/v2\/product_cat?post=129"},{"taxonomy":"product_tag","embeddable":true,"href":"https:\/\/annette-ahrens.at\/onlineshop\/wp-json\/wp\/v2\/product_tag?post=129"}],"curies":[{"name":"wp","href":"https:\/\/api.w.org\/{rel}","templated":true}]}}