{"id":12997,"date":"2022-02-01T01:16:18","date_gmt":"2022-02-01T00:16:18","guid":{"rendered":"https:\/\/annette-ahrens.at\/onlineshop\/?post_type=product&#038;p=12997"},"modified":"2022-06-08T00:29:00","modified_gmt":"2022-06-07T22:29:00","slug":"art-deco-service-fa-quist-esslingen-deutschland-um-1930","status":"publish","type":"product","link":"https:\/\/annette-ahrens.at\/onlineshop\/produkt\/art-deco-service-fa-quist-esslingen-deutschland-um-1930\/","title":{"rendered":"Art Deco Kaffee- und Teeservice, Fa. Quist, Esslingen, Deutschland, um 1930"},"content":{"rendered":"<p>Art Deco Kaffee- und Teeservice<\/p>\n<p>Fa. Quist, Esslingen\/Neckar, Deutschland, um 1930<\/p>\n<p>Alpacca, stark versilbert, gebauchter Gef\u00e4\u00dfk\u00f6rper mit Kanneluren, Hammerschlagdekor, hochgezogene Henkel mit Beinisolierung und Daumenrast, bestehend aus ovalem Tablett, Teekanne, Kaffeekanne, Zuckerdose mit abnehmbarem Deckel und Milchkanne, alle Teile am Boden gemarkt &#8222;Quist&#8220;<\/p>\n<p>Tablett 48 x 31,5 cm<\/p>\n<p>Kaffeekanne H 23 cm<\/p>\n<p>Teekanne H 18 cm<\/p>\n<p>Zuckerdose H 14,5 cm<\/p>\n<p>Milchkanne H 12 cm<\/p>\n<p>Literatur: Stadtmuseum Esslingen (Hg.),<span class=\"apple-converted-space\">\u00a0<\/span>SilberSachen. Die Esslinger Metallwarenindustrie von 1815 bis 1981, Ostfildern 2004<\/p>\n","protected":false},"excerpt":{"rendered":"<p>Annettes Etikette: Die Firma Friedrich Wilhelm Quist bestand bis 1981 und produzierte Tafelaccessoires in Esslingen am Neckar. Dieses komplett erhaltene Service fasziniert mich durch seine feine Bearbeitung der Oberfl\u00e4che, dem Hammerschlagdekor. Der Entwurf ist dar\u00fcber hinaus ein wundervolles Beispiel des Art Deco.<\/p>\n","protected":false},"featured_media":13626,"comment_status":"open","ping_status":"closed","template":"","meta":[],"product_brand":[],"product_cat":[25,297,276,18,217,37,226,155,268,271,158],"product_tag":[],"class_list":{"0":"post-12997","1":"product","2":"type-product","3":"status-publish","4":"has-post-thumbnail","6":"product_cat-5o-clock-tea","7":"product_cat-adventjause","8":"product_cat-alpacca","9":"product_cat-fruehstueck","10":"product_cat-heissgetraenke","11":"product_cat-kaffee","12":"product_cat-kaffee-tee","13":"product_cat-milchgiesser","14":"product_cat-tee-5o-clock-tea","15":"product_cat-teekessel","16":"product_cat-zuckerdose","18":"first","19":"instock","20":"sold-individually","21":"purchasable","22":"product-type-simple"},"yoast_head":"<!-- This site is optimized with the Yoast SEO Premium plugin v15.8.2 - https:\/\/yoast.com\/wordpress\/plugins\/seo\/ -->\n<title>Art Deco Kaffee- und Teeservice, Fa. Quist, Esslingen, Deutschland, um 1930<\/title>\n<meta name=\"description\" content=\"Art Deco Kaffee- und Teeservice, Fa. Quist, Esslingen, Deutschland, um 1930 \u2665 Antiquit\u00e4ten Online kaufen \u2713 Sichere Lieferung \u2713\" \/>\n<meta name=\"robots\" content=\"index, follow, max-snippet:-1, max-image-preview:large, max-video-preview:-1\" \/>\n<link rel=\"canonical\" href=\"https:\/\/annette-ahrens.at\/onlineshop\/produkt\/art-deco-service-fa-quist-esslingen-deutschland-um-1930\/\" \/>\n<meta property=\"og:locale\" content=\"de_DE\" \/>\n<meta property=\"og:type\" content=\"article\" \/>\n<meta property=\"og:title\" content=\"Art Deco Kaffee- und Teeservice, Fa. Quist, Esslingen, Deutschland, um 1930\" \/>\n<meta property=\"og:description\" content=\"Art Deco Kaffee- und Teeservice, Fa. Quist, Esslingen, Deutschland, um 1930 \u2665 Antiquit\u00e4ten Online kaufen \u2713 Sichere Lieferung \u2713\" \/>\n<meta property=\"og:url\" content=\"https:\/\/annette-ahrens.at\/onlineshop\/produkt\/art-deco-service-fa-quist-esslingen-deutschland-um-1930\/\" \/>\n<meta property=\"og:site_name\" content=\"Tafelkultur Onlineshop\" \/>\n<meta property=\"article:publisher\" content=\"https:\/\/www.facebook.com\/AnnetteAhrensTafelkultur\" \/>\n<meta property=\"article:modified_time\" content=\"2022-06-07T22:29:00+00:00\" \/>\n<meta property=\"og:image\" content=\"https:\/\/annette-ahrens.at\/onlineshop\/wp-content\/uploads\/2022\/02\/IMG_5070-scaled.jpeg\" \/>\n\t<meta property=\"og:image:width\" content=\"2560\" \/>\n\t<meta property=\"og:image:height\" content=\"1912\" \/>\n<meta name=\"twitter:card\" content=\"summary_large_image\" \/>\n<meta name=\"twitter:label1\" content=\"Gesch\u00e4tzte Lesezeit\">\n\t<meta name=\"twitter:data1\" content=\"1\u00a0Minute\">\n<script type=\"application\/ld+json\" class=\"yoast-schema-graph\">{\"@context\":\"https:\/\/schema.org\",\"@graph\":[{\"@type\":[\"Person\",\"Organization\"],\"@id\":\"https:\/\/annette-ahrens.at\/onlineshop\/#\/schema\/person\/3e19676faae246bba0cb3b7e15f427d8\",\"name\":\"Annette Ahrens\",\"image\":{\"@type\":\"ImageObject\",\"@id\":\"https:\/\/annette-ahrens.at\/onlineshop\/#personlogo\",\"inLanguage\":\"de\",\"url\":\"https:\/\/annette-ahrens.at\/onlineshop\/wp-content\/uploads\/2020\/04\/aa_logo_End.png\",\"width\":800,\"height\":164,\"caption\":\"Annette Ahrens\"},\"logo\":{\"@id\":\"https:\/\/annette-ahrens.at\/onlineshop\/#personlogo\"},\"sameAs\":[\"https:\/\/annette-ahrens.at\",\"https:\/\/www.facebook.com\/AnnetteAhrensTafelkultur\",\"https:\/\/www.instagram.com\/tafelkulturistin\/\",\"https:\/\/de.wikipedia.org\/wiki\/Annette_Ahrens\"]},{\"@type\":\"WebSite\",\"@id\":\"https:\/\/annette-ahrens.at\/onlineshop\/#website\",\"url\":\"https:\/\/annette-ahrens.at\/onlineshop\/\",\"name\":\"Tafelkultur Onlineshop\",\"description\":\"Annette Ahrens\",\"publisher\":{\"@id\":\"https:\/\/annette-ahrens.at\/onlineshop\/#\/schema\/person\/3e19676faae246bba0cb3b7e15f427d8\"},\"potentialAction\":[{\"@type\":\"SearchAction\",\"target\":\"https:\/\/annette-ahrens.at\/onlineshop\/?s={search_term_string}\",\"query-input\":\"required name=search_term_string\"}],\"inLanguage\":\"de\"},{\"@type\":\"ImageObject\",\"@id\":\"https:\/\/annette-ahrens.at\/onlineshop\/produkt\/art-deco-service-fa-quist-esslingen-deutschland-um-1930\/#primaryimage\",\"inLanguage\":\"de\",\"url\":\"https:\/\/annette-ahrens.at\/onlineshop\/wp-content\/uploads\/2022\/02\/IMG_5070-scaled.jpeg\",\"width\":2560,\"height\":1912,\"caption\":\"service_quist_versilbert\"},{\"@type\":[\"WebPage\",\"ItemPage\"],\"@id\":\"https:\/\/annette-ahrens.at\/onlineshop\/produkt\/art-deco-service-fa-quist-esslingen-deutschland-um-1930\/#webpage\",\"url\":\"https:\/\/annette-ahrens.at\/onlineshop\/produkt\/art-deco-service-fa-quist-esslingen-deutschland-um-1930\/\",\"name\":\"Art Deco Kaffee- und Teeservice, Fa. Quist, Esslingen, Deutschland, um 1930\",\"isPartOf\":{\"@id\":\"https:\/\/annette-ahrens.at\/onlineshop\/#website\"},\"primaryImageOfPage\":{\"@id\":\"https:\/\/annette-ahrens.at\/onlineshop\/produkt\/art-deco-service-fa-quist-esslingen-deutschland-um-1930\/#primaryimage\"},\"datePublished\":\"2022-02-01T00:16:18+00:00\",\"dateModified\":\"2022-06-07T22:29:00+00:00\",\"description\":\"Art Deco Kaffee- und Teeservice, Fa. Quist, Esslingen, Deutschland, um 1930 \\u2665 Antiquit\\u00e4ten Online kaufen \\u2713 Sichere Lieferung \\u2713\",\"breadcrumb\":{\"@id\":\"https:\/\/annette-ahrens.at\/onlineshop\/produkt\/art-deco-service-fa-quist-esslingen-deutschland-um-1930\/#breadcrumb\"},\"inLanguage\":\"de\",\"potentialAction\":[{\"@type\":\"ReadAction\",\"target\":[\"https:\/\/annette-ahrens.at\/onlineshop\/produkt\/art-deco-service-fa-quist-esslingen-deutschland-um-1930\/\"]}]},{\"@type\":\"BreadcrumbList\",\"@id\":\"https:\/\/annette-ahrens.at\/onlineshop\/produkt\/art-deco-service-fa-quist-esslingen-deutschland-um-1930\/#breadcrumb\",\"itemListElement\":[{\"@type\":\"ListItem\",\"position\":1,\"item\":{\"@type\":\"WebPage\",\"@id\":\"https:\/\/annette-ahrens.at\/onlineshop\/\",\"url\":\"https:\/\/annette-ahrens.at\/onlineshop\/\",\"name\":\"Home\"}},{\"@type\":\"ListItem\",\"position\":2,\"item\":{\"@type\":\"WebPage\",\"@id\":\"https:\/\/annette-ahrens.at\/onlineshop\/alle-tafelkultur-objekte\/\",\"url\":\"https:\/\/annette-ahrens.at\/onlineshop\/alle-tafelkultur-objekte\/\",\"name\":\"Alle Tafelkultur Objekte\"}},{\"@type\":\"ListItem\",\"position\":3,\"item\":{\"@type\":\"WebPage\",\"@id\":\"https:\/\/annette-ahrens.at\/onlineshop\/produkt\/art-deco-service-fa-quist-esslingen-deutschland-um-1930\/\",\"url\":\"https:\/\/annette-ahrens.at\/onlineshop\/produkt\/art-deco-service-fa-quist-esslingen-deutschland-um-1930\/\",\"name\":\"Art Deco Kaffee- und Teeservice, Fa. Quist, Esslingen, Deutschland, um 1930\"}}]}]}<\/script>\n<!-- \/ Yoast SEO Premium plugin. -->","_links":{"self":[{"href":"https:\/\/annette-ahrens.at\/onlineshop\/wp-json\/wp\/v2\/product\/12997","targetHints":{"allow":["GET"]}}],"collection":[{"href":"https:\/\/annette-ahrens.at\/onlineshop\/wp-json\/wp\/v2\/product"}],"about":[{"href":"https:\/\/annette-ahrens.at\/onlineshop\/wp-json\/wp\/v2\/types\/product"}],"replies":[{"embeddable":true,"href":"https:\/\/annette-ahrens.at\/onlineshop\/wp-json\/wp\/v2\/comments?post=12997"}],"wp:featuredmedia":[{"embeddable":true,"href":"https:\/\/annette-ahrens.at\/onlineshop\/wp-json\/wp\/v2\/media\/13626"}],"wp:attachment":[{"href":"https:\/\/annette-ahrens.at\/onlineshop\/wp-json\/wp\/v2\/media?parent=12997"}],"wp:term":[{"taxonomy":"product_brand","embeddable":true,"href":"https:\/\/annette-ahrens.at\/onlineshop\/wp-json\/wp\/v2\/product_brand?post=12997"},{"taxonomy":"product_cat","embeddable":true,"href":"https:\/\/annette-ahrens.at\/onlineshop\/wp-json\/wp\/v2\/product_cat?post=12997"},{"taxonomy":"product_tag","embeddable":true,"href":"https:\/\/annette-ahrens.at\/onlineshop\/wp-json\/wp\/v2\/product_tag?post=12997"}],"curies":[{"name":"wp","href":"https:\/\/api.w.org\/{rel}","templated":true}]}}