{"id":130,"date":"2020-04-24T13:35:37","date_gmt":"2020-04-24T11:35:37","guid":{"rendered":"https:\/\/annette-ahrens.at\/silbershop\/?post_type=product&#038;p=130"},"modified":"2023-01-17T22:53:04","modified_gmt":"2023-01-17T21:53:04","slug":"glaeserkuehler-porzellanmanufaktur-wien-um-1780","status":"publish","type":"product","link":"https:\/\/annette-ahrens.at\/onlineshop\/produkt\/glaeserkuehler-porzellanmanufaktur-wien-um-1780\/","title":{"rendered":"Seltener Gl\u00e4serk\u00fchler, Kaiserliche Porzellanmanufaktur Wien,\u00a0um 1780"},"content":{"rendered":"<p>Seltener Gl\u00e4serk\u00fchler<\/p>\n<p>Kaiserliche Porzellanmanufaktur Wien,\u00a0um 1780<\/p>\n<p>Porzellan, bemalt und vergoldet, ovale Grundform, Abschluss mit Zinnen zum Einh\u00e4ngen der Gl\u00e4ser, am Boden gemarkt mit unterglasurblauem Bindenschild, am Rand minimal restauriert<\/p>\n<p>L\u00e4nge 32 cm<\/p>\n<p>&nbsp;<\/p>\n","protected":false},"excerpt":{"rendered":"<p>Annettes Etikette: Oftmals werden diese Art von Gef\u00e4\u00dfen als Jardini\u00e8ren angeboten, nicht wissend dass es sich um Gl\u00e4serk\u00fchler handelt. Die Gl\u00e4ser wurden verkehrt in die mit Eis gef\u00fcllte Schale eingeh\u00e4ngt, um das ungek\u00fchlte Getr\u00e4nk in richtiger Temperatur geniessen zu k\u00f6nnen. Die Gl\u00e4ser standen beim &#8222;service \u00e0 la fran\u00e7aise&#8220; im 18. Jahrhundert nicht auf dem Tisch, sondern wurden den G\u00e4sten von den nahe der Tafel aufgebauten Silberbuffets gereicht.<\/p>\n","protected":false},"featured_media":201,"comment_status":"open","ping_status":"closed","template":"","meta":[],"product_brand":[],"product_cat":[27,54,53,26],"product_tag":[],"class_list":{"0":"post-130","1":"product","2":"type-product","3":"status-publish","4":"has-post-thumbnail","6":"product_cat-barware","7":"product_cat-porzellan","8":"product_cat-weihnachten","9":"product_cat-wiener-melange","11":"first","12":"instock","13":"sold-individually","14":"purchasable","15":"product-type-simple"},"yoast_head":"<!-- This site is optimized with the Yoast SEO Premium plugin v15.8.2 - https:\/\/yoast.com\/wordpress\/plugins\/seo\/ -->\n<title>Seltener Gl\u00e4serk\u00fchler, Kaiserliche Porzellanmanufaktur Wien,\u00a0um 1780<\/title>\n<meta name=\"description\" content=\"Seltener Gl\u00e4serk\u00fchler, Kaiserliche Porzellanmanufaktur Wien,\u00a0um 1780 \u2665 Antiquit\u00e4ten Online kaufen \u2713 Sichere Lieferung \u2713\" \/>\n<meta name=\"robots\" content=\"index, follow, max-snippet:-1, max-image-preview:large, max-video-preview:-1\" \/>\n<link rel=\"canonical\" href=\"https:\/\/annette-ahrens.at\/onlineshop\/produkt\/glaeserkuehler-porzellanmanufaktur-wien-um-1780\/\" \/>\n<meta property=\"og:locale\" content=\"de_DE\" \/>\n<meta property=\"og:type\" content=\"article\" \/>\n<meta property=\"og:title\" content=\"Seltener Gl\u00e4serk\u00fchler, Kaiserliche Porzellanmanufaktur Wien,\u00a0um 1780\" \/>\n<meta property=\"og:description\" content=\"Seltener Gl\u00e4serk\u00fchler, Kaiserliche Porzellanmanufaktur Wien,\u00a0um 1780 \u2665 Antiquit\u00e4ten Online kaufen \u2713 Sichere Lieferung \u2713\" \/>\n<meta property=\"og:url\" content=\"https:\/\/annette-ahrens.at\/onlineshop\/produkt\/glaeserkuehler-porzellanmanufaktur-wien-um-1780\/\" \/>\n<meta property=\"og:site_name\" content=\"Tafelkultur Onlineshop\" \/>\n<meta property=\"article:publisher\" content=\"https:\/\/www.facebook.com\/AnnetteAhrensTafelkultur\" \/>\n<meta property=\"article:modified_time\" content=\"2023-01-17T21:53:04+00:00\" \/>\n<meta property=\"og:image\" content=\"https:\/\/annette-ahrens.at\/onlineshop\/wp-content\/uploads\/2020\/04\/GL\u00c4SERK\u00dcHLER_wien_1780.jpeg\" \/>\n\t<meta property=\"og:image:width\" content=\"480\" \/>\n\t<meta property=\"og:image:height\" content=\"640\" \/>\n<meta name=\"twitter:card\" content=\"summary_large_image\" \/>\n<meta name=\"twitter:label1\" content=\"Gesch\u00e4tzte Lesezeit\">\n\t<meta name=\"twitter:data1\" content=\"1\u00a0Minute\">\n<script type=\"application\/ld+json\" class=\"yoast-schema-graph\">{\"@context\":\"https:\/\/schema.org\",\"@graph\":[{\"@type\":[\"Person\",\"Organization\"],\"@id\":\"https:\/\/annette-ahrens.at\/onlineshop\/#\/schema\/person\/3e19676faae246bba0cb3b7e15f427d8\",\"name\":\"Annette Ahrens\",\"image\":{\"@type\":\"ImageObject\",\"@id\":\"https:\/\/annette-ahrens.at\/onlineshop\/#personlogo\",\"inLanguage\":\"de\",\"url\":\"https:\/\/annette-ahrens.at\/onlineshop\/wp-content\/uploads\/2020\/04\/aa_logo_End.png\",\"width\":800,\"height\":164,\"caption\":\"Annette Ahrens\"},\"logo\":{\"@id\":\"https:\/\/annette-ahrens.at\/onlineshop\/#personlogo\"},\"sameAs\":[\"https:\/\/annette-ahrens.at\",\"https:\/\/www.facebook.com\/AnnetteAhrensTafelkultur\",\"https:\/\/www.instagram.com\/tafelkulturistin\/\",\"https:\/\/de.wikipedia.org\/wiki\/Annette_Ahrens\"]},{\"@type\":\"WebSite\",\"@id\":\"https:\/\/annette-ahrens.at\/onlineshop\/#website\",\"url\":\"https:\/\/annette-ahrens.at\/onlineshop\/\",\"name\":\"Tafelkultur Onlineshop\",\"description\":\"Annette Ahrens\",\"publisher\":{\"@id\":\"https:\/\/annette-ahrens.at\/onlineshop\/#\/schema\/person\/3e19676faae246bba0cb3b7e15f427d8\"},\"potentialAction\":[{\"@type\":\"SearchAction\",\"target\":\"https:\/\/annette-ahrens.at\/onlineshop\/?s={search_term_string}\",\"query-input\":\"required name=search_term_string\"}],\"inLanguage\":\"de\"},{\"@type\":\"ImageObject\",\"@id\":\"https:\/\/annette-ahrens.at\/onlineshop\/produkt\/glaeserkuehler-porzellanmanufaktur-wien-um-1780\/#primaryimage\",\"inLanguage\":\"de\",\"url\":\"https:\/\/annette-ahrens.at\/onlineshop\/wp-content\/uploads\/2020\/04\/GL\\u00c4SERK\\u00dcHLER_wien_1780.jpeg\",\"width\":480,\"height\":640,\"caption\":\"GL\\u00c4SERK\\u00dcHLER_wien_1780\"},{\"@type\":[\"WebPage\",\"ItemPage\"],\"@id\":\"https:\/\/annette-ahrens.at\/onlineshop\/produkt\/glaeserkuehler-porzellanmanufaktur-wien-um-1780\/#webpage\",\"url\":\"https:\/\/annette-ahrens.at\/onlineshop\/produkt\/glaeserkuehler-porzellanmanufaktur-wien-um-1780\/\",\"name\":\"Seltener Gl\\u00e4serk\\u00fchler, Kaiserliche Porzellanmanufaktur Wien,\\u00a0um 1780\",\"isPartOf\":{\"@id\":\"https:\/\/annette-ahrens.at\/onlineshop\/#website\"},\"primaryImageOfPage\":{\"@id\":\"https:\/\/annette-ahrens.at\/onlineshop\/produkt\/glaeserkuehler-porzellanmanufaktur-wien-um-1780\/#primaryimage\"},\"datePublished\":\"2020-04-24T11:35:37+00:00\",\"dateModified\":\"2023-01-17T21:53:04+00:00\",\"description\":\"Seltener Gl\\u00e4serk\\u00fchler, Kaiserliche Porzellanmanufaktur Wien,\\u00a0um 1780 \\u2665 Antiquit\\u00e4ten Online kaufen \\u2713 Sichere Lieferung \\u2713\",\"breadcrumb\":{\"@id\":\"https:\/\/annette-ahrens.at\/onlineshop\/produkt\/glaeserkuehler-porzellanmanufaktur-wien-um-1780\/#breadcrumb\"},\"inLanguage\":\"de\",\"potentialAction\":[{\"@type\":\"ReadAction\",\"target\":[\"https:\/\/annette-ahrens.at\/onlineshop\/produkt\/glaeserkuehler-porzellanmanufaktur-wien-um-1780\/\"]}]},{\"@type\":\"BreadcrumbList\",\"@id\":\"https:\/\/annette-ahrens.at\/onlineshop\/produkt\/glaeserkuehler-porzellanmanufaktur-wien-um-1780\/#breadcrumb\",\"itemListElement\":[{\"@type\":\"ListItem\",\"position\":1,\"item\":{\"@type\":\"WebPage\",\"@id\":\"https:\/\/annette-ahrens.at\/onlineshop\/\",\"url\":\"https:\/\/annette-ahrens.at\/onlineshop\/\",\"name\":\"Home\"}},{\"@type\":\"ListItem\",\"position\":2,\"item\":{\"@type\":\"WebPage\",\"@id\":\"https:\/\/annette-ahrens.at\/onlineshop\/alle-tafelkultur-objekte\/\",\"url\":\"https:\/\/annette-ahrens.at\/onlineshop\/alle-tafelkultur-objekte\/\",\"name\":\"Alle Tafelkultur Objekte\"}},{\"@type\":\"ListItem\",\"position\":3,\"item\":{\"@type\":\"WebPage\",\"@id\":\"https:\/\/annette-ahrens.at\/onlineshop\/produkt\/glaeserkuehler-porzellanmanufaktur-wien-um-1780\/\",\"url\":\"https:\/\/annette-ahrens.at\/onlineshop\/produkt\/glaeserkuehler-porzellanmanufaktur-wien-um-1780\/\",\"name\":\"Seltener Gl\\u00e4serk\\u00fchler, Kaiserliche Porzellanmanufaktur Wien,\\u00a0um 1780\"}}]}]}<\/script>\n<!-- \/ Yoast SEO Premium plugin. -->","_links":{"self":[{"href":"https:\/\/annette-ahrens.at\/onlineshop\/wp-json\/wp\/v2\/product\/130","targetHints":{"allow":["GET"]}}],"collection":[{"href":"https:\/\/annette-ahrens.at\/onlineshop\/wp-json\/wp\/v2\/product"}],"about":[{"href":"https:\/\/annette-ahrens.at\/onlineshop\/wp-json\/wp\/v2\/types\/product"}],"replies":[{"embeddable":true,"href":"https:\/\/annette-ahrens.at\/onlineshop\/wp-json\/wp\/v2\/comments?post=130"}],"wp:featuredmedia":[{"embeddable":true,"href":"https:\/\/annette-ahrens.at\/onlineshop\/wp-json\/wp\/v2\/media\/201"}],"wp:attachment":[{"href":"https:\/\/annette-ahrens.at\/onlineshop\/wp-json\/wp\/v2\/media?parent=130"}],"wp:term":[{"taxonomy":"product_brand","embeddable":true,"href":"https:\/\/annette-ahrens.at\/onlineshop\/wp-json\/wp\/v2\/product_brand?post=130"},{"taxonomy":"product_cat","embeddable":true,"href":"https:\/\/annette-ahrens.at\/onlineshop\/wp-json\/wp\/v2\/product_cat?post=130"},{"taxonomy":"product_tag","embeddable":true,"href":"https:\/\/annette-ahrens.at\/onlineshop\/wp-json\/wp\/v2\/product_tag?post=130"}],"curies":[{"name":"wp","href":"https:\/\/api.w.org\/{rel}","templated":true}]}}