{"id":13291,"date":"2022-02-11T15:27:00","date_gmt":"2022-02-11T14:27:00","guid":{"rendered":"https:\/\/annette-ahrens.at\/onlineshop\/?post_type=product&#038;p=13291"},"modified":"2022-02-15T22:28:54","modified_gmt":"2022-02-15T21:28:54","slug":"4-teiliges-silbernes-art-deco-teeservice-england-um-1935","status":"publish","type":"product","link":"https:\/\/annette-ahrens.at\/onlineshop\/produkt\/4-teiliges-silbernes-art-deco-teeservice-england-um-1935\/","title":{"rendered":"4 teiliges, silbernes Art Deco Teeservice, England, um 1935"},"content":{"rendered":"<p>4 teiliges, silbernes Art Deco Teeservice<\/p>\n<p>Jay, Richard Attenborough Co Ltd, Sheffield, England, um 1935<\/p>\n<p>Silber, isolierender Henkel und Knauf aus geschnitztem Ebenholz, ovaler Gef\u00e4\u00dfk\u00f6rper auf ovalem Grundri\u00df, Scharnierdeckel; alle Teile gemarkt englischer Feingehaltstempel schreitender L\u00f6we, Stadtmarke Krone f\u00fcr Sheffield, Teekanne,\u00a0Milchkanne, Zuckerdose Jahresstempel s f\u00fcr 1935, Heisswasserkanne\/Kaffeekanne Jahresstempel r f\u00fcr 1937, alle Teile mit Firmenzeichen Jay, Richard Attenborough Co Ltd<\/p>\n<p>H\u00f6he Heisswasserkanne\/Kaffeekanne: 24 cm<\/p>\n<p>H\u00f6he Teekanne: 15 cm<\/p>\n<p>H\u00f6he Milchk\u00e4nnchen: 10 cm<\/p>\n<p>H\u00f6he Zuckerdose: 10,5 cm<\/p>\n<p>Gesamtgewicht: \u00a01.800 g<\/p>\n<p>&nbsp;<\/p>\n","protected":false},"excerpt":{"rendered":"<p>Annette\u00b4s Etikette: Richard Attenborough &amp; Co gr\u00fcndete 1796 sein Unternehmen als H\u00e4ndler und Produzent von Silberwaren. James Charles Jay erwarb die Firma 1897 und nannte sich ab 1904 Jay, Richard Attenborough Co Ltd. Die alte Abbildung zeigt die gro\u00dfz\u00fcgige Filiale 142-144 Oxford street in London, welche bis 1958 bestand. Bei englischen Servicen wird die hohe Kanne entweder f\u00fcr Kaffee oder f\u00fcr Heisswasser zum Nachschenken der intensiven Tee-Essenz verwendet.<\/p>\n","protected":false},"featured_media":13632,"comment_status":"open","ping_status":"closed","template":"","meta":[],"product_brand":[],"product_cat":[25,297,18,37,148,154,155,156,132,268,38,149,271,53,157,158],"product_tag":[],"class_list":{"0":"post-13291","1":"product","2":"type-product","3":"status-publish","4":"has-post-thumbnail","6":"product_cat-5o-clock-tea","7":"product_cat-adventjause","8":"product_cat-fruehstueck","9":"product_cat-kaffee","10":"product_cat-kaffeekannen","11":"product_cat-milch","12":"product_cat-milchgiesser","13":"product_cat-milchkanne","14":"product_cat-silber","15":"product_cat-tee-5o-clock-tea","16":"product_cat-tee","17":"product_cat-teekanne","18":"product_cat-teekessel","19":"product_cat-weihnachten","20":"product_cat-zucker-fruehstueck","21":"product_cat-zuckerdose","23":"first","24":"instock","25":"purchasable","26":"product-type-simple"},"yoast_head":"<!-- This site is optimized with the Yoast SEO Premium plugin v15.8.2 - https:\/\/yoast.com\/wordpress\/plugins\/seo\/ -->\n<title>4 teiliges, silbernes Art Deco Teeservice, England, um 1935<\/title>\n<meta name=\"description\" content=\"4 teiliges, silbernes Art Deco Teeservice, England, um 1935 \u2665 Antiquit\u00e4ten Online kaufen \u2713 Sichere Lieferung \u2713\" \/>\n<meta name=\"robots\" content=\"index, follow, max-snippet:-1, max-image-preview:large, max-video-preview:-1\" \/>\n<link rel=\"canonical\" href=\"https:\/\/annette-ahrens.at\/onlineshop\/produkt\/4-teiliges-silbernes-art-deco-teeservice-england-um-1935\/\" \/>\n<meta property=\"og:locale\" content=\"de_DE\" \/>\n<meta property=\"og:type\" content=\"article\" \/>\n<meta property=\"og:title\" content=\"4 teiliges, silbernes Art Deco Teeservice, England, um 1935\" \/>\n<meta property=\"og:description\" content=\"4 teiliges, silbernes Art Deco Teeservice, England, um 1935 \u2665 Antiquit\u00e4ten Online kaufen \u2713 Sichere Lieferung \u2713\" \/>\n<meta property=\"og:url\" content=\"https:\/\/annette-ahrens.at\/onlineshop\/produkt\/4-teiliges-silbernes-art-deco-teeservice-england-um-1935\/\" \/>\n<meta property=\"og:site_name\" content=\"Tafelkultur Onlineshop\" \/>\n<meta property=\"article:publisher\" content=\"https:\/\/www.facebook.com\/AnnetteAhrensTafelkultur\" \/>\n<meta property=\"article:modified_time\" content=\"2022-02-15T21:28:54+00:00\" \/>\n<meta property=\"og:image\" content=\"https:\/\/annette-ahrens.at\/onlineshop\/wp-content\/uploads\/2022\/02\/IMG_5079.jpeg\" \/>\n\t<meta property=\"og:image:width\" content=\"1936\" \/>\n\t<meta property=\"og:image:height\" content=\"1936\" \/>\n<meta name=\"twitter:card\" content=\"summary_large_image\" \/>\n<meta name=\"twitter:label1\" content=\"Gesch\u00e4tzte Lesezeit\">\n\t<meta name=\"twitter:data1\" content=\"1\u00a0Minute\">\n<script type=\"application\/ld+json\" class=\"yoast-schema-graph\">{\"@context\":\"https:\/\/schema.org\",\"@graph\":[{\"@type\":[\"Person\",\"Organization\"],\"@id\":\"https:\/\/annette-ahrens.at\/onlineshop\/#\/schema\/person\/3e19676faae246bba0cb3b7e15f427d8\",\"name\":\"Annette Ahrens\",\"image\":{\"@type\":\"ImageObject\",\"@id\":\"https:\/\/annette-ahrens.at\/onlineshop\/#personlogo\",\"inLanguage\":\"de\",\"url\":\"https:\/\/annette-ahrens.at\/onlineshop\/wp-content\/uploads\/2020\/04\/aa_logo_End.png\",\"width\":800,\"height\":164,\"caption\":\"Annette Ahrens\"},\"logo\":{\"@id\":\"https:\/\/annette-ahrens.at\/onlineshop\/#personlogo\"},\"sameAs\":[\"https:\/\/annette-ahrens.at\",\"https:\/\/www.facebook.com\/AnnetteAhrensTafelkultur\",\"https:\/\/www.instagram.com\/tafelkulturistin\/\",\"https:\/\/de.wikipedia.org\/wiki\/Annette_Ahrens\"]},{\"@type\":\"WebSite\",\"@id\":\"https:\/\/annette-ahrens.at\/onlineshop\/#website\",\"url\":\"https:\/\/annette-ahrens.at\/onlineshop\/\",\"name\":\"Tafelkultur Onlineshop\",\"description\":\"Annette Ahrens\",\"publisher\":{\"@id\":\"https:\/\/annette-ahrens.at\/onlineshop\/#\/schema\/person\/3e19676faae246bba0cb3b7e15f427d8\"},\"potentialAction\":[{\"@type\":\"SearchAction\",\"target\":\"https:\/\/annette-ahrens.at\/onlineshop\/?s={search_term_string}\",\"query-input\":\"required name=search_term_string\"}],\"inLanguage\":\"de\"},{\"@type\":\"ImageObject\",\"@id\":\"https:\/\/annette-ahrens.at\/onlineshop\/produkt\/4-teiliges-silbernes-art-deco-teeservice-england-um-1935\/#primaryimage\",\"inLanguage\":\"de\",\"url\":\"https:\/\/annette-ahrens.at\/onlineshop\/wp-content\/uploads\/2022\/02\/IMG_5079.jpeg\",\"width\":1936,\"height\":1936,\"caption\":\"teeservice_silber_sheffield\"},{\"@type\":[\"WebPage\",\"ItemPage\"],\"@id\":\"https:\/\/annette-ahrens.at\/onlineshop\/produkt\/4-teiliges-silbernes-art-deco-teeservice-england-um-1935\/#webpage\",\"url\":\"https:\/\/annette-ahrens.at\/onlineshop\/produkt\/4-teiliges-silbernes-art-deco-teeservice-england-um-1935\/\",\"name\":\"4 teiliges, silbernes Art Deco Teeservice, England, um 1935\",\"isPartOf\":{\"@id\":\"https:\/\/annette-ahrens.at\/onlineshop\/#website\"},\"primaryImageOfPage\":{\"@id\":\"https:\/\/annette-ahrens.at\/onlineshop\/produkt\/4-teiliges-silbernes-art-deco-teeservice-england-um-1935\/#primaryimage\"},\"datePublished\":\"2022-02-11T14:27:00+00:00\",\"dateModified\":\"2022-02-15T21:28:54+00:00\",\"description\":\"4 teiliges, silbernes Art Deco Teeservice, England, um 1935 \\u2665 Antiquit\\u00e4ten Online kaufen \\u2713 Sichere Lieferung \\u2713\",\"breadcrumb\":{\"@id\":\"https:\/\/annette-ahrens.at\/onlineshop\/produkt\/4-teiliges-silbernes-art-deco-teeservice-england-um-1935\/#breadcrumb\"},\"inLanguage\":\"de\",\"potentialAction\":[{\"@type\":\"ReadAction\",\"target\":[\"https:\/\/annette-ahrens.at\/onlineshop\/produkt\/4-teiliges-silbernes-art-deco-teeservice-england-um-1935\/\"]}]},{\"@type\":\"BreadcrumbList\",\"@id\":\"https:\/\/annette-ahrens.at\/onlineshop\/produkt\/4-teiliges-silbernes-art-deco-teeservice-england-um-1935\/#breadcrumb\",\"itemListElement\":[{\"@type\":\"ListItem\",\"position\":1,\"item\":{\"@type\":\"WebPage\",\"@id\":\"https:\/\/annette-ahrens.at\/onlineshop\/\",\"url\":\"https:\/\/annette-ahrens.at\/onlineshop\/\",\"name\":\"Home\"}},{\"@type\":\"ListItem\",\"position\":2,\"item\":{\"@type\":\"WebPage\",\"@id\":\"https:\/\/annette-ahrens.at\/onlineshop\/alle-tafelkultur-objekte\/\",\"url\":\"https:\/\/annette-ahrens.at\/onlineshop\/alle-tafelkultur-objekte\/\",\"name\":\"Alle Tafelkultur Objekte\"}},{\"@type\":\"ListItem\",\"position\":3,\"item\":{\"@type\":\"WebPage\",\"@id\":\"https:\/\/annette-ahrens.at\/onlineshop\/produkt\/4-teiliges-silbernes-art-deco-teeservice-england-um-1935\/\",\"url\":\"https:\/\/annette-ahrens.at\/onlineshop\/produkt\/4-teiliges-silbernes-art-deco-teeservice-england-um-1935\/\",\"name\":\"4 teiliges, silbernes Art Deco Teeservice, England, um 1935\"}}]}]}<\/script>\n<!-- \/ Yoast SEO Premium plugin. -->","_links":{"self":[{"href":"https:\/\/annette-ahrens.at\/onlineshop\/wp-json\/wp\/v2\/product\/13291","targetHints":{"allow":["GET"]}}],"collection":[{"href":"https:\/\/annette-ahrens.at\/onlineshop\/wp-json\/wp\/v2\/product"}],"about":[{"href":"https:\/\/annette-ahrens.at\/onlineshop\/wp-json\/wp\/v2\/types\/product"}],"replies":[{"embeddable":true,"href":"https:\/\/annette-ahrens.at\/onlineshop\/wp-json\/wp\/v2\/comments?post=13291"}],"wp:featuredmedia":[{"embeddable":true,"href":"https:\/\/annette-ahrens.at\/onlineshop\/wp-json\/wp\/v2\/media\/13632"}],"wp:attachment":[{"href":"https:\/\/annette-ahrens.at\/onlineshop\/wp-json\/wp\/v2\/media?parent=13291"}],"wp:term":[{"taxonomy":"product_brand","embeddable":true,"href":"https:\/\/annette-ahrens.at\/onlineshop\/wp-json\/wp\/v2\/product_brand?post=13291"},{"taxonomy":"product_cat","embeddable":true,"href":"https:\/\/annette-ahrens.at\/onlineshop\/wp-json\/wp\/v2\/product_cat?post=13291"},{"taxonomy":"product_tag","embeddable":true,"href":"https:\/\/annette-ahrens.at\/onlineshop\/wp-json\/wp\/v2\/product_tag?post=13291"}],"curies":[{"name":"wp","href":"https:\/\/api.w.org\/{rel}","templated":true}]}}