{"id":13499,"date":"2022-02-14T18:57:20","date_gmt":"2022-02-14T17:57:20","guid":{"rendered":"https:\/\/annette-ahrens.at\/onlineshop\/?post_type=product&#038;p=13499"},"modified":"2025-10-17T23:33:19","modified_gmt":"2025-10-17T21:33:19","slug":"umfangreiches-jugendstil-teeservice-fa-moritz-hacker-wien-um-1900","status":"publish","type":"product","link":"https:\/\/annette-ahrens.at\/onlineshop\/produkt\/umfangreiches-jugendstil-teeservice-fa-moritz-hacker-wien-um-1900\/","title":{"rendered":"Umfangreiches Jugendstil Teeservice, Fa. Moritz Hacker, Wien, um 1900"},"content":{"rendered":"<p>Umfangreiches Jugendstil Teeservice<\/p>\n<p>Fa. Moritz Hacker, Wien, \u00d6sterreich, um 1900<\/p>\n<p>Alpacca, versilbert, Teekessel mit reliefiertem vegetabilen Dekor, gebauchter Gef\u00e4\u00dfk\u00f6rper mit schwenkbarem Henkel, dieser mit Bast isoliert, hochgezogener Ausguss, Scharnierdeckel, Knauf aus Holz, Halterung mit Brenner, vegetabil ausgeformte Enden, Rechaud am Fuss gemarkt &#8222;MH&#8220; im Rechteck f\u00fcr HACKER, fabelhafter, aufpolierter Zustand, zugeh\u00f6rige Zuckerdose mit Deckel, zwei Bastumwickelte Henkel, Innenvergoldung, 12 zugeh\u00f6rige Teeglashalterungen in korrespondierendem Dekor, gemarkt MH 20 Doppeladler, 12 feuerfeste Glaseins\u00e4tze<\/p>\n<p>H\u00f6he Teekessel \u00a033 cm<\/p>\n<p>Basis 16,5 x 16,5 cm<\/p>\n<p>Zuckerdose 14 x 22 cm<\/p>\n<p>Teeglas H 10,5 cm<\/p>\n","protected":false},"excerpt":{"rendered":"<p>Annettes Etikette: Zur Geschichte der Firma von <a href=\"https:\/\/annette-ahrens.at\/moritz-hacker-und-seine-plattierwarenfabrik\/\">Moritz Hacker<\/a> habe ich mir auf meinem Blog ausf\u00fchrliche Gedanken gemacht. Nun ist es mir auch gelungen zu einem Enkel des urspr\u00fcnglichen Besitzers Kontakt zu bekommen. Dieser beeindruckend erhaltene Teekessel ist f\u00fcr mich eine richtige Trouvaille.<\/p>\n","protected":false},"featured_media":11138,"comment_status":"open","ping_status":"closed","template":"","meta":[],"product_brand":[],"product_cat":[25,276,298,32,300,217,226,24,22,281,131],"product_tag":[],"class_list":{"0":"post-13499","1":"product","2":"type-product","3":"status-publish","4":"has-post-thumbnail","6":"product_cat-5o-clock-tea","7":"product_cat-alpacca","8":"product_cat-buffet","9":"product_cat-festefeiern","10":"product_cat-gartenfest","11":"product_cat-heissgetraenke","12":"product_cat-kaffee-tee","13":"product_cat-patisserie","14":"product_cat-suess-sauer","15":"product_cat-tafelaufsatz","16":"product_cat-tafeldekorationen","18":"first","19":"instock","20":"sold-individually","21":"purchasable","22":"product-type-simple"},"yoast_head":"<!-- This site is optimized with the Yoast SEO Premium plugin v15.8.2 - https:\/\/yoast.com\/wordpress\/plugins\/seo\/ -->\n<title>Umfangreiches Jugendstil Teeservice, Fa. Moritz Hacker, Wien, um 1900<\/title>\n<meta name=\"description\" content=\"Umfangreiches Jugendstil Teeservice, Fa. Moritz Hacker, Wien, um 1900 \u2665 Antiquit\u00e4ten Online kaufen \u2713 Sichere Lieferung \u2713\" \/>\n<meta name=\"robots\" content=\"index, follow, max-snippet:-1, max-image-preview:large, max-video-preview:-1\" \/>\n<link rel=\"canonical\" href=\"https:\/\/annette-ahrens.at\/onlineshop\/produkt\/umfangreiches-jugendstil-teeservice-fa-moritz-hacker-wien-um-1900\/\" \/>\n<meta property=\"og:locale\" content=\"de_DE\" \/>\n<meta property=\"og:type\" content=\"article\" \/>\n<meta property=\"og:title\" content=\"Umfangreiches Jugendstil Teeservice, Fa. Moritz Hacker, Wien, um 1900\" \/>\n<meta property=\"og:description\" content=\"Umfangreiches Jugendstil Teeservice, Fa. Moritz Hacker, Wien, um 1900 \u2665 Antiquit\u00e4ten Online kaufen \u2713 Sichere Lieferung \u2713\" \/>\n<meta property=\"og:url\" content=\"https:\/\/annette-ahrens.at\/onlineshop\/produkt\/umfangreiches-jugendstil-teeservice-fa-moritz-hacker-wien-um-1900\/\" \/>\n<meta property=\"og:site_name\" content=\"Tafelkultur Onlineshop\" \/>\n<meta property=\"article:publisher\" content=\"https:\/\/www.facebook.com\/AnnetteAhrensTafelkultur\" \/>\n<meta property=\"article:modified_time\" content=\"2025-10-17T21:33:19+00:00\" \/>\n<meta property=\"og:image\" content=\"https:\/\/annette-ahrens.at\/onlineshop\/wp-content\/uploads\/2021\/10\/IMG_5216-scaled.jpeg\" \/>\n\t<meta property=\"og:image:width\" content=\"1920\" \/>\n\t<meta property=\"og:image:height\" content=\"2560\" \/>\n<meta name=\"twitter:card\" content=\"summary_large_image\" \/>\n<meta name=\"twitter:label1\" content=\"Gesch\u00e4tzte Lesezeit\">\n\t<meta name=\"twitter:data1\" content=\"1\u00a0Minute\">\n<script type=\"application\/ld+json\" class=\"yoast-schema-graph\">{\"@context\":\"https:\/\/schema.org\",\"@graph\":[{\"@type\":[\"Person\",\"Organization\"],\"@id\":\"https:\/\/annette-ahrens.at\/onlineshop\/#\/schema\/person\/3e19676faae246bba0cb3b7e15f427d8\",\"name\":\"Annette Ahrens\",\"image\":{\"@type\":\"ImageObject\",\"@id\":\"https:\/\/annette-ahrens.at\/onlineshop\/#personlogo\",\"inLanguage\":\"de\",\"url\":\"https:\/\/annette-ahrens.at\/onlineshop\/wp-content\/uploads\/2020\/04\/aa_logo_End.png\",\"width\":800,\"height\":164,\"caption\":\"Annette Ahrens\"},\"logo\":{\"@id\":\"https:\/\/annette-ahrens.at\/onlineshop\/#personlogo\"},\"sameAs\":[\"https:\/\/annette-ahrens.at\",\"https:\/\/www.facebook.com\/AnnetteAhrensTafelkultur\",\"https:\/\/www.instagram.com\/tafelkulturistin\/\",\"https:\/\/de.wikipedia.org\/wiki\/Annette_Ahrens\"]},{\"@type\":\"WebSite\",\"@id\":\"https:\/\/annette-ahrens.at\/onlineshop\/#website\",\"url\":\"https:\/\/annette-ahrens.at\/onlineshop\/\",\"name\":\"Tafelkultur Onlineshop\",\"description\":\"Annette Ahrens\",\"publisher\":{\"@id\":\"https:\/\/annette-ahrens.at\/onlineshop\/#\/schema\/person\/3e19676faae246bba0cb3b7e15f427d8\"},\"potentialAction\":[{\"@type\":\"SearchAction\",\"target\":\"https:\/\/annette-ahrens.at\/onlineshop\/?s={search_term_string}\",\"query-input\":\"required name=search_term_string\"}],\"inLanguage\":\"de\"},{\"@type\":\"ImageObject\",\"@id\":\"https:\/\/annette-ahrens.at\/onlineshop\/produkt\/umfangreiches-jugendstil-teeservice-fa-moritz-hacker-wien-um-1900\/#primaryimage\",\"inLanguage\":\"de\",\"url\":\"https:\/\/annette-ahrens.at\/onlineshop\/wp-content\/uploads\/2021\/10\/IMG_5216-scaled.jpeg\",\"width\":1920,\"height\":2560,\"caption\":\"teekessel_hacker\"},{\"@type\":[\"WebPage\",\"ItemPage\"],\"@id\":\"https:\/\/annette-ahrens.at\/onlineshop\/produkt\/umfangreiches-jugendstil-teeservice-fa-moritz-hacker-wien-um-1900\/#webpage\",\"url\":\"https:\/\/annette-ahrens.at\/onlineshop\/produkt\/umfangreiches-jugendstil-teeservice-fa-moritz-hacker-wien-um-1900\/\",\"name\":\"Umfangreiches Jugendstil Teeservice, Fa. Moritz Hacker, Wien, um 1900\",\"isPartOf\":{\"@id\":\"https:\/\/annette-ahrens.at\/onlineshop\/#website\"},\"primaryImageOfPage\":{\"@id\":\"https:\/\/annette-ahrens.at\/onlineshop\/produkt\/umfangreiches-jugendstil-teeservice-fa-moritz-hacker-wien-um-1900\/#primaryimage\"},\"datePublished\":\"2022-02-14T17:57:20+00:00\",\"dateModified\":\"2025-10-17T21:33:19+00:00\",\"description\":\"Umfangreiches Jugendstil Teeservice, Fa. Moritz Hacker, Wien, um 1900 \\u2665 Antiquit\\u00e4ten Online kaufen \\u2713 Sichere Lieferung \\u2713\",\"breadcrumb\":{\"@id\":\"https:\/\/annette-ahrens.at\/onlineshop\/produkt\/umfangreiches-jugendstil-teeservice-fa-moritz-hacker-wien-um-1900\/#breadcrumb\"},\"inLanguage\":\"de\",\"potentialAction\":[{\"@type\":\"ReadAction\",\"target\":[\"https:\/\/annette-ahrens.at\/onlineshop\/produkt\/umfangreiches-jugendstil-teeservice-fa-moritz-hacker-wien-um-1900\/\"]}]},{\"@type\":\"BreadcrumbList\",\"@id\":\"https:\/\/annette-ahrens.at\/onlineshop\/produkt\/umfangreiches-jugendstil-teeservice-fa-moritz-hacker-wien-um-1900\/#breadcrumb\",\"itemListElement\":[{\"@type\":\"ListItem\",\"position\":1,\"item\":{\"@type\":\"WebPage\",\"@id\":\"https:\/\/annette-ahrens.at\/onlineshop\/\",\"url\":\"https:\/\/annette-ahrens.at\/onlineshop\/\",\"name\":\"Home\"}},{\"@type\":\"ListItem\",\"position\":2,\"item\":{\"@type\":\"WebPage\",\"@id\":\"https:\/\/annette-ahrens.at\/onlineshop\/alle-tafelkultur-objekte\/\",\"url\":\"https:\/\/annette-ahrens.at\/onlineshop\/alle-tafelkultur-objekte\/\",\"name\":\"Alle Tafelkultur Objekte\"}},{\"@type\":\"ListItem\",\"position\":3,\"item\":{\"@type\":\"WebPage\",\"@id\":\"https:\/\/annette-ahrens.at\/onlineshop\/produkt\/umfangreiches-jugendstil-teeservice-fa-moritz-hacker-wien-um-1900\/\",\"url\":\"https:\/\/annette-ahrens.at\/onlineshop\/produkt\/umfangreiches-jugendstil-teeservice-fa-moritz-hacker-wien-um-1900\/\",\"name\":\"Umfangreiches Jugendstil Teeservice, Fa. Moritz Hacker, Wien, um 1900\"}}]}]}<\/script>\n<!-- \/ Yoast SEO Premium plugin. -->","_links":{"self":[{"href":"https:\/\/annette-ahrens.at\/onlineshop\/wp-json\/wp\/v2\/product\/13499","targetHints":{"allow":["GET"]}}],"collection":[{"href":"https:\/\/annette-ahrens.at\/onlineshop\/wp-json\/wp\/v2\/product"}],"about":[{"href":"https:\/\/annette-ahrens.at\/onlineshop\/wp-json\/wp\/v2\/types\/product"}],"replies":[{"embeddable":true,"href":"https:\/\/annette-ahrens.at\/onlineshop\/wp-json\/wp\/v2\/comments?post=13499"}],"wp:featuredmedia":[{"embeddable":true,"href":"https:\/\/annette-ahrens.at\/onlineshop\/wp-json\/wp\/v2\/media\/11138"}],"wp:attachment":[{"href":"https:\/\/annette-ahrens.at\/onlineshop\/wp-json\/wp\/v2\/media?parent=13499"}],"wp:term":[{"taxonomy":"product_brand","embeddable":true,"href":"https:\/\/annette-ahrens.at\/onlineshop\/wp-json\/wp\/v2\/product_brand?post=13499"},{"taxonomy":"product_cat","embeddable":true,"href":"https:\/\/annette-ahrens.at\/onlineshop\/wp-json\/wp\/v2\/product_cat?post=13499"},{"taxonomy":"product_tag","embeddable":true,"href":"https:\/\/annette-ahrens.at\/onlineshop\/wp-json\/wp\/v2\/product_tag?post=13499"}],"curies":[{"name":"wp","href":"https:\/\/api.w.org\/{rel}","templated":true}]}}