{"id":1354,"date":"2020-05-07T18:50:49","date_gmt":"2020-05-07T16:50:49","guid":{"rendered":"https:\/\/annette-ahrens.at\/silbershop\/?post_type=product&#038;p=1354"},"modified":"2020-07-17T01:04:47","modified_gmt":"2020-07-16T23:04:47","slug":"jugendstil-champagnerflasche-wien-um-1880","status":"publish","type":"product","link":"https:\/\/annette-ahrens.at\/onlineshop\/produkt\/jugendstil-champagnerflasche-wien-um-1880\/","title":{"rendered":"Jugendstil Champagnerflasche, Wien, um 1900"},"content":{"rendered":"<p>Jugendstil Champagnerflasche<\/p>\n<p>Wien, um 1900<\/p>\n<p>Glasflasche, versilberte Metallmontierung in Gestalt eines Champagnerkorkens, Bajonettverschlu\u00df, Korkdichtung<\/p>\n<p>H 29 cm<\/p>\n","protected":false},"excerpt":{"rendered":"<p>Annette\u00b4s Etikette: Um 1900 war es \u00fcblich den Schaumwein in F\u00e4sschen anzuliefern. In derlei Flaschen wurde der begehrte Sprudel dann bei Tisch gereicht. Heute k\u00f6nnte man ruhig einen guten Tropfen in zu billiger Flasche mit diesem Edelgebinde bei Tisch aufpeppen!<\/p>\n","protected":false},"featured_media":1346,"comment_status":"open","ping_status":"closed","template":"","meta":[],"product_brand":[],"product_cat":[25,27,215,299,300,31,275,291,296,53],"product_tag":[],"class_list":{"0":"post-1354","1":"product","2":"type-product","3":"status-publish","4":"has-post-thumbnail","6":"product_cat-5o-clock-tea","7":"product_cat-barware","8":"product_cat-champagnerschalen","9":"product_cat-cocktailparty","10":"product_cat-gartenfest","11":"product_cat-gastgeschenke","12":"product_cat-glas-fachbuecher","13":"product_cat-hochzeit","14":"product_cat-silvester","15":"product_cat-weihnachten","17":"first","18":"instock","19":"sold-individually","20":"purchasable","21":"product-type-simple"},"yoast_head":"<!-- This site is optimized with the Yoast SEO Premium plugin v15.8.2 - https:\/\/yoast.com\/wordpress\/plugins\/seo\/ -->\n<title>Jugendstil Champagnerflasche, Wien, um 1900<\/title>\n<meta name=\"description\" content=\"Jugendstil Champagnerflasche, Wien, um 1900 \u2665 Antiquit\u00e4ten Online kaufen \u2713 Sichere Lieferung \u2713\" \/>\n<meta name=\"robots\" content=\"index, follow, max-snippet:-1, max-image-preview:large, max-video-preview:-1\" \/>\n<link rel=\"canonical\" href=\"https:\/\/annette-ahrens.at\/onlineshop\/produkt\/jugendstil-champagnerflasche-wien-um-1880\/\" \/>\n<meta property=\"og:locale\" content=\"de_DE\" \/>\n<meta property=\"og:type\" content=\"article\" \/>\n<meta property=\"og:title\" content=\"Jugendstil Champagnerflasche, Wien, um 1900\" \/>\n<meta property=\"og:description\" content=\"Jugendstil Champagnerflasche, Wien, um 1900 \u2665 Antiquit\u00e4ten Online kaufen \u2713 Sichere Lieferung \u2713\" \/>\n<meta property=\"og:url\" content=\"https:\/\/annette-ahrens.at\/onlineshop\/produkt\/jugendstil-champagnerflasche-wien-um-1880\/\" \/>\n<meta property=\"og:site_name\" content=\"Tafelkultur Onlineshop\" \/>\n<meta property=\"article:publisher\" content=\"https:\/\/www.facebook.com\/AnnetteAhrensTafelkultur\" \/>\n<meta property=\"article:modified_time\" content=\"2020-07-16T23:04:47+00:00\" \/>\n<meta property=\"og:image\" content=\"https:\/\/annette-ahrens.at\/onlineshop\/wp-content\/uploads\/2020\/04\/IMG_2395-scaled.jpeg\" \/>\n\t<meta property=\"og:image:width\" content=\"2560\" \/>\n\t<meta property=\"og:image:height\" content=\"2560\" \/>\n<meta name=\"twitter:card\" content=\"summary_large_image\" \/>\n<script type=\"application\/ld+json\" class=\"yoast-schema-graph\">{\"@context\":\"https:\/\/schema.org\",\"@graph\":[{\"@type\":[\"Person\",\"Organization\"],\"@id\":\"https:\/\/annette-ahrens.at\/onlineshop\/#\/schema\/person\/3e19676faae246bba0cb3b7e15f427d8\",\"name\":\"Annette Ahrens\",\"image\":{\"@type\":\"ImageObject\",\"@id\":\"https:\/\/annette-ahrens.at\/onlineshop\/#personlogo\",\"inLanguage\":\"de\",\"url\":\"https:\/\/annette-ahrens.at\/onlineshop\/wp-content\/uploads\/2020\/04\/aa_logo_End.png\",\"width\":800,\"height\":164,\"caption\":\"Annette Ahrens\"},\"logo\":{\"@id\":\"https:\/\/annette-ahrens.at\/onlineshop\/#personlogo\"},\"sameAs\":[\"https:\/\/annette-ahrens.at\",\"https:\/\/www.facebook.com\/AnnetteAhrensTafelkultur\",\"https:\/\/www.instagram.com\/tafelkulturistin\/\",\"https:\/\/de.wikipedia.org\/wiki\/Annette_Ahrens\"]},{\"@type\":\"WebSite\",\"@id\":\"https:\/\/annette-ahrens.at\/onlineshop\/#website\",\"url\":\"https:\/\/annette-ahrens.at\/onlineshop\/\",\"name\":\"Tafelkultur Onlineshop\",\"description\":\"Annette Ahrens\",\"publisher\":{\"@id\":\"https:\/\/annette-ahrens.at\/onlineshop\/#\/schema\/person\/3e19676faae246bba0cb3b7e15f427d8\"},\"potentialAction\":[{\"@type\":\"SearchAction\",\"target\":\"https:\/\/annette-ahrens.at\/onlineshop\/?s={search_term_string}\",\"query-input\":\"required name=search_term_string\"}],\"inLanguage\":\"de\"},{\"@type\":\"ImageObject\",\"@id\":\"https:\/\/annette-ahrens.at\/onlineshop\/produkt\/jugendstil-champagnerflasche-wien-um-1880\/#primaryimage\",\"inLanguage\":\"de\",\"url\":\"https:\/\/annette-ahrens.at\/onlineshop\/wp-content\/uploads\/2020\/04\/IMG_2395-scaled.jpeg\",\"width\":2560,\"height\":2560,\"caption\":\"Champagnerflasche\"},{\"@type\":[\"WebPage\",\"ItemPage\"],\"@id\":\"https:\/\/annette-ahrens.at\/onlineshop\/produkt\/jugendstil-champagnerflasche-wien-um-1880\/#webpage\",\"url\":\"https:\/\/annette-ahrens.at\/onlineshop\/produkt\/jugendstil-champagnerflasche-wien-um-1880\/\",\"name\":\"Jugendstil Champagnerflasche, Wien, um 1900\",\"isPartOf\":{\"@id\":\"https:\/\/annette-ahrens.at\/onlineshop\/#website\"},\"primaryImageOfPage\":{\"@id\":\"https:\/\/annette-ahrens.at\/onlineshop\/produkt\/jugendstil-champagnerflasche-wien-um-1880\/#primaryimage\"},\"datePublished\":\"2020-05-07T16:50:49+00:00\",\"dateModified\":\"2020-07-16T23:04:47+00:00\",\"description\":\"Jugendstil Champagnerflasche, Wien, um 1900 \\u2665 Antiquit\\u00e4ten Online kaufen \\u2713 Sichere Lieferung \\u2713\",\"breadcrumb\":{\"@id\":\"https:\/\/annette-ahrens.at\/onlineshop\/produkt\/jugendstil-champagnerflasche-wien-um-1880\/#breadcrumb\"},\"inLanguage\":\"de\",\"potentialAction\":[{\"@type\":\"ReadAction\",\"target\":[\"https:\/\/annette-ahrens.at\/onlineshop\/produkt\/jugendstil-champagnerflasche-wien-um-1880\/\"]}]},{\"@type\":\"BreadcrumbList\",\"@id\":\"https:\/\/annette-ahrens.at\/onlineshop\/produkt\/jugendstil-champagnerflasche-wien-um-1880\/#breadcrumb\",\"itemListElement\":[{\"@type\":\"ListItem\",\"position\":1,\"item\":{\"@type\":\"WebPage\",\"@id\":\"https:\/\/annette-ahrens.at\/onlineshop\/\",\"url\":\"https:\/\/annette-ahrens.at\/onlineshop\/\",\"name\":\"Home\"}},{\"@type\":\"ListItem\",\"position\":2,\"item\":{\"@type\":\"WebPage\",\"@id\":\"https:\/\/annette-ahrens.at\/onlineshop\/alle-tafelkultur-objekte\/\",\"url\":\"https:\/\/annette-ahrens.at\/onlineshop\/alle-tafelkultur-objekte\/\",\"name\":\"Alle Tafelkultur Objekte\"}},{\"@type\":\"ListItem\",\"position\":3,\"item\":{\"@type\":\"WebPage\",\"@id\":\"https:\/\/annette-ahrens.at\/onlineshop\/produkt\/jugendstil-champagnerflasche-wien-um-1880\/\",\"url\":\"https:\/\/annette-ahrens.at\/onlineshop\/produkt\/jugendstil-champagnerflasche-wien-um-1880\/\",\"name\":\"Jugendstil Champagnerflasche, Wien, um 1900\"}}]}]}<\/script>\n<!-- \/ Yoast SEO Premium plugin. -->","_links":{"self":[{"href":"https:\/\/annette-ahrens.at\/onlineshop\/wp-json\/wp\/v2\/product\/1354","targetHints":{"allow":["GET"]}}],"collection":[{"href":"https:\/\/annette-ahrens.at\/onlineshop\/wp-json\/wp\/v2\/product"}],"about":[{"href":"https:\/\/annette-ahrens.at\/onlineshop\/wp-json\/wp\/v2\/types\/product"}],"replies":[{"embeddable":true,"href":"https:\/\/annette-ahrens.at\/onlineshop\/wp-json\/wp\/v2\/comments?post=1354"}],"wp:featuredmedia":[{"embeddable":true,"href":"https:\/\/annette-ahrens.at\/onlineshop\/wp-json\/wp\/v2\/media\/1346"}],"wp:attachment":[{"href":"https:\/\/annette-ahrens.at\/onlineshop\/wp-json\/wp\/v2\/media?parent=1354"}],"wp:term":[{"taxonomy":"product_brand","embeddable":true,"href":"https:\/\/annette-ahrens.at\/onlineshop\/wp-json\/wp\/v2\/product_brand?post=1354"},{"taxonomy":"product_cat","embeddable":true,"href":"https:\/\/annette-ahrens.at\/onlineshop\/wp-json\/wp\/v2\/product_cat?post=1354"},{"taxonomy":"product_tag","embeddable":true,"href":"https:\/\/annette-ahrens.at\/onlineshop\/wp-json\/wp\/v2\/product_tag?post=1354"}],"curies":[{"name":"wp","href":"https:\/\/api.w.org\/{rel}","templated":true}]}}