{"id":1359,"date":"2020-05-07T19:12:04","date_gmt":"2020-05-07T17:12:04","guid":{"rendered":"https:\/\/annette-ahrens.at\/silbershop\/?post_type=product&#038;p=1359"},"modified":"2023-12-26T19:31:18","modified_gmt":"2023-12-26T18:31:18","slug":"art-deco-tafelaufsatz-fa-sandrik-boehmen-um-1925","status":"publish","type":"product","link":"https:\/\/annette-ahrens.at\/onlineshop\/produkt\/art-deco-tafelaufsatz-fa-sandrik-boehmen-um-1925\/","title":{"rendered":"Art Deco Tafelaufsatz, Fa. Sandrik, B\u00f6hmen, um 1925"},"content":{"rendered":"<p>Versilberter Art Deco Tafelaufsatz<\/p>\n<p>Fa. Sandrik, B\u00f6hmen, um 1925<\/p>\n<p>Alpacca, versilbert, runder Fu\u00df mit Kugelknauf, glatte Abstellfl\u00e4che mit originalem Glaseinsatz mit Schliffdekor des Art Deco, gemarkt Sandrik<\/p>\n<p>Dm 23 cm<\/p>\n<p>H 10 cm<\/p>\n","protected":false},"excerpt":{"rendered":"<p>Annettes Etikette:\u00a0Die Firma Sandrik wurde von ihrem Namensgeber Jan Sandrik 1895 in Hodrusa-Hamre der Slowakei gegr\u00fcndet. Mit Eintritt von Jan Peterka um 1900 \u00e4nderte die Firma ihre Angebotspalette und reagierte mit der Produktion von plattierter Ware auf die neue Nachfrage leistbarer Objekte der Tafelkultur. 70% der Produktion entfiel auf Bestecke aus Alpaka oder versilberter Alpaka, zu 30% aus der Herstellung von luxuri\u00f6sen Tafelger\u00e4ten. Sandrik hat im Jahre 1918 auch den Auftrag f\u00fcr die ehemaligen \u00d6sterreich-Ungarischen Kriegsschiffe erhalten und hat fast die H\u00e4lfte der hochwertigen Ausstattungen f\u00fcr Luxus-Hotels in Wien geliefert. Schon in dieser Zeit kam es zu Kontakten mit der Firma Arthur Krupp aus Berndorf, die die gr\u00f6\u00dfte Firma in dieser Branche war und zu dieser Zeit fast 1500 Mitarbeiter hatte. Berndorf beteiligte sich zu dieser Zeit mit Kapital an der Firma Sandrik. Nach 1945 wurde die Firma verstaatlicht. Im Jahre 1991, nach dem Regimewechsel, haben sich die beiden Marken wieder zusammengeschlossen und es wurde die Gesellschaft &#8211; Berndorf Sandrik gegr\u00fcndet und diese ist bis heute eine traditionsreiche Marke f\u00fcr Tischkultur.<\/p>\n","protected":false},"featured_media":2423,"comment_status":"open","ping_status":"closed","template":"","meta":[],"product_brand":[],"product_cat":[25,297,276,298,19,300,31,294,292,24,281,131,53],"product_tag":[],"class_list":{"0":"post-1359","1":"product","2":"type-product","3":"status-publish","4":"has-post-thumbnail","6":"product_cat-5o-clock-tea","7":"product_cat-adventjause","8":"product_cat-alpacca","9":"product_cat-buffet","10":"product_cat-gabelfruehstueck","11":"product_cat-gartenfest","12":"product_cat-gastgeschenke","13":"product_cat-geburtstag","14":"product_cat-muttertag","15":"product_cat-patisserie","16":"product_cat-tafelaufsatz","17":"product_cat-tafeldekorationen","18":"product_cat-weihnachten","20":"first","21":"instock","22":"sold-individually","23":"purchasable","24":"product-type-simple"},"yoast_head":"<!-- This site is optimized with the Yoast SEO Premium plugin v15.8.2 - https:\/\/yoast.com\/wordpress\/plugins\/seo\/ -->\n<title>Art Deco Tafelaufsatz, Fa. Sandrik, B\u00f6hmen, um 1925<\/title>\n<meta name=\"description\" content=\"Art Deco Tafelaufsatz, Fa. Sandrik, B\u00f6hmen, um 1925 \u2665 Antiquit\u00e4ten Online kaufen \u2713 Sichere Lieferung \u2713\" \/>\n<meta name=\"robots\" content=\"index, follow, max-snippet:-1, max-image-preview:large, max-video-preview:-1\" \/>\n<link rel=\"canonical\" href=\"https:\/\/annette-ahrens.at\/onlineshop\/produkt\/art-deco-tafelaufsatz-fa-sandrik-boehmen-um-1925\/\" \/>\n<meta property=\"og:locale\" content=\"de_DE\" \/>\n<meta property=\"og:type\" content=\"article\" \/>\n<meta property=\"og:title\" content=\"Art Deco Tafelaufsatz, Fa. Sandrik, B\u00f6hmen, um 1925\" \/>\n<meta property=\"og:description\" content=\"Art Deco Tafelaufsatz, Fa. Sandrik, B\u00f6hmen, um 1925 \u2665 Antiquit\u00e4ten Online kaufen \u2713 Sichere Lieferung \u2713\" \/>\n<meta property=\"og:url\" content=\"https:\/\/annette-ahrens.at\/onlineshop\/produkt\/art-deco-tafelaufsatz-fa-sandrik-boehmen-um-1925\/\" \/>\n<meta property=\"og:site_name\" content=\"Tafelkultur Onlineshop\" \/>\n<meta property=\"article:publisher\" content=\"https:\/\/www.facebook.com\/AnnetteAhrensTafelkultur\" \/>\n<meta property=\"article:modified_time\" content=\"2023-12-26T18:31:18+00:00\" \/>\n<meta property=\"og:image\" content=\"https:\/\/annette-ahrens.at\/onlineshop\/wp-content\/uploads\/2020\/07\/IMG_6145-scaled.jpeg\" \/>\n\t<meta property=\"og:image:width\" content=\"2560\" \/>\n\t<meta property=\"og:image:height\" content=\"2560\" \/>\n<meta name=\"twitter:card\" content=\"summary_large_image\" \/>\n<meta name=\"twitter:label1\" content=\"Gesch\u00e4tzte Lesezeit\">\n\t<meta name=\"twitter:data1\" content=\"1\u00a0Minute\">\n<script type=\"application\/ld+json\" class=\"yoast-schema-graph\">{\"@context\":\"https:\/\/schema.org\",\"@graph\":[{\"@type\":[\"Person\",\"Organization\"],\"@id\":\"https:\/\/annette-ahrens.at\/onlineshop\/#\/schema\/person\/3e19676faae246bba0cb3b7e15f427d8\",\"name\":\"Annette Ahrens\",\"image\":{\"@type\":\"ImageObject\",\"@id\":\"https:\/\/annette-ahrens.at\/onlineshop\/#personlogo\",\"inLanguage\":\"de\",\"url\":\"https:\/\/annette-ahrens.at\/onlineshop\/wp-content\/uploads\/2020\/04\/aa_logo_End.png\",\"width\":800,\"height\":164,\"caption\":\"Annette Ahrens\"},\"logo\":{\"@id\":\"https:\/\/annette-ahrens.at\/onlineshop\/#personlogo\"},\"sameAs\":[\"https:\/\/annette-ahrens.at\",\"https:\/\/www.facebook.com\/AnnetteAhrensTafelkultur\",\"https:\/\/www.instagram.com\/tafelkulturistin\/\",\"https:\/\/de.wikipedia.org\/wiki\/Annette_Ahrens\"]},{\"@type\":\"WebSite\",\"@id\":\"https:\/\/annette-ahrens.at\/onlineshop\/#website\",\"url\":\"https:\/\/annette-ahrens.at\/onlineshop\/\",\"name\":\"Tafelkultur Onlineshop\",\"description\":\"Annette Ahrens\",\"publisher\":{\"@id\":\"https:\/\/annette-ahrens.at\/onlineshop\/#\/schema\/person\/3e19676faae246bba0cb3b7e15f427d8\"},\"potentialAction\":[{\"@type\":\"SearchAction\",\"target\":\"https:\/\/annette-ahrens.at\/onlineshop\/?s={search_term_string}\",\"query-input\":\"required name=search_term_string\"}],\"inLanguage\":\"de\"},{\"@type\":\"ImageObject\",\"@id\":\"https:\/\/annette-ahrens.at\/onlineshop\/produkt\/art-deco-tafelaufsatz-fa-sandrik-boehmen-um-1925\/#primaryimage\",\"inLanguage\":\"de\",\"url\":\"https:\/\/annette-ahrens.at\/onlineshop\/wp-content\/uploads\/2020\/07\/IMG_6145-scaled.jpeg\",\"width\":2560,\"height\":2560,\"caption\":\"Aufsatz Sandrik\"},{\"@type\":[\"WebPage\",\"ItemPage\"],\"@id\":\"https:\/\/annette-ahrens.at\/onlineshop\/produkt\/art-deco-tafelaufsatz-fa-sandrik-boehmen-um-1925\/#webpage\",\"url\":\"https:\/\/annette-ahrens.at\/onlineshop\/produkt\/art-deco-tafelaufsatz-fa-sandrik-boehmen-um-1925\/\",\"name\":\"Art Deco Tafelaufsatz, Fa. Sandrik, B\\u00f6hmen, um 1925\",\"isPartOf\":{\"@id\":\"https:\/\/annette-ahrens.at\/onlineshop\/#website\"},\"primaryImageOfPage\":{\"@id\":\"https:\/\/annette-ahrens.at\/onlineshop\/produkt\/art-deco-tafelaufsatz-fa-sandrik-boehmen-um-1925\/#primaryimage\"},\"datePublished\":\"2020-05-07T17:12:04+00:00\",\"dateModified\":\"2023-12-26T18:31:18+00:00\",\"description\":\"Art Deco Tafelaufsatz, Fa. Sandrik, B\\u00f6hmen, um 1925 \\u2665 Antiquit\\u00e4ten Online kaufen \\u2713 Sichere Lieferung \\u2713\",\"breadcrumb\":{\"@id\":\"https:\/\/annette-ahrens.at\/onlineshop\/produkt\/art-deco-tafelaufsatz-fa-sandrik-boehmen-um-1925\/#breadcrumb\"},\"inLanguage\":\"de\",\"potentialAction\":[{\"@type\":\"ReadAction\",\"target\":[\"https:\/\/annette-ahrens.at\/onlineshop\/produkt\/art-deco-tafelaufsatz-fa-sandrik-boehmen-um-1925\/\"]}]},{\"@type\":\"BreadcrumbList\",\"@id\":\"https:\/\/annette-ahrens.at\/onlineshop\/produkt\/art-deco-tafelaufsatz-fa-sandrik-boehmen-um-1925\/#breadcrumb\",\"itemListElement\":[{\"@type\":\"ListItem\",\"position\":1,\"item\":{\"@type\":\"WebPage\",\"@id\":\"https:\/\/annette-ahrens.at\/onlineshop\/\",\"url\":\"https:\/\/annette-ahrens.at\/onlineshop\/\",\"name\":\"Home\"}},{\"@type\":\"ListItem\",\"position\":2,\"item\":{\"@type\":\"WebPage\",\"@id\":\"https:\/\/annette-ahrens.at\/onlineshop\/alle-tafelkultur-objekte\/\",\"url\":\"https:\/\/annette-ahrens.at\/onlineshop\/alle-tafelkultur-objekte\/\",\"name\":\"Alle Tafelkultur Objekte\"}},{\"@type\":\"ListItem\",\"position\":3,\"item\":{\"@type\":\"WebPage\",\"@id\":\"https:\/\/annette-ahrens.at\/onlineshop\/produkt\/art-deco-tafelaufsatz-fa-sandrik-boehmen-um-1925\/\",\"url\":\"https:\/\/annette-ahrens.at\/onlineshop\/produkt\/art-deco-tafelaufsatz-fa-sandrik-boehmen-um-1925\/\",\"name\":\"Art Deco Tafelaufsatz, Fa. Sandrik, B\\u00f6hmen, um 1925\"}}]}]}<\/script>\n<!-- \/ Yoast SEO Premium plugin. -->","_links":{"self":[{"href":"https:\/\/annette-ahrens.at\/onlineshop\/wp-json\/wp\/v2\/product\/1359","targetHints":{"allow":["GET"]}}],"collection":[{"href":"https:\/\/annette-ahrens.at\/onlineshop\/wp-json\/wp\/v2\/product"}],"about":[{"href":"https:\/\/annette-ahrens.at\/onlineshop\/wp-json\/wp\/v2\/types\/product"}],"replies":[{"embeddable":true,"href":"https:\/\/annette-ahrens.at\/onlineshop\/wp-json\/wp\/v2\/comments?post=1359"}],"wp:featuredmedia":[{"embeddable":true,"href":"https:\/\/annette-ahrens.at\/onlineshop\/wp-json\/wp\/v2\/media\/2423"}],"wp:attachment":[{"href":"https:\/\/annette-ahrens.at\/onlineshop\/wp-json\/wp\/v2\/media?parent=1359"}],"wp:term":[{"taxonomy":"product_brand","embeddable":true,"href":"https:\/\/annette-ahrens.at\/onlineshop\/wp-json\/wp\/v2\/product_brand?post=1359"},{"taxonomy":"product_cat","embeddable":true,"href":"https:\/\/annette-ahrens.at\/onlineshop\/wp-json\/wp\/v2\/product_cat?post=1359"},{"taxonomy":"product_tag","embeddable":true,"href":"https:\/\/annette-ahrens.at\/onlineshop\/wp-json\/wp\/v2\/product_tag?post=1359"}],"curies":[{"name":"wp","href":"https:\/\/api.w.org\/{rel}","templated":true}]}}