{"id":13664,"date":"2022-02-16T00:07:18","date_gmt":"2022-02-15T23:07:18","guid":{"rendered":"https:\/\/annette-ahrens.at\/onlineshop\/?post_type=product&#038;p=13664"},"modified":"2024-10-03T09:22:40","modified_gmt":"2024-10-03T07:22:40","slug":"142-teiliges-jugendstil-besteck-form-6500-fa-berndorf-um-1900","status":"publish","type":"product","link":"https:\/\/annette-ahrens.at\/onlineshop\/produkt\/142-teiliges-jugendstil-besteck-form-6500-fa-berndorf-um-1900\/","title":{"rendered":"142 teiliges Jugendstil Besteck Form 6500,  Fa. Berndorf, um 1900"},"content":{"rendered":"<p>142 teiliges Jugendstil Besteck Form 6500<\/p>\n<p>Fa. Berndorf, um 1900<\/p>\n<p>Alpacca, versilbert, 142 Teile, alle Teile gemarkt mit runder B\u00e4renmarke, Gew\u00fcrzf\u00e4sser mit Innenvergoldung, originale Messerklingen (wohl nicht rostfrei)<\/p>\n<p>Bestehend aus:<\/p>\n<p>12 Suppenl\u00f6ffel L 21,5 cm<\/p>\n<p>12 Menumesser L 26 cm<\/p>\n<p>12 Menugabeln L 21 cm<\/p>\n<p>12 Teel\u00f6ffel L 15 cm (r\u00fcckseitiger Abrieb)<\/p>\n<p>12 Vorspeisgabeln L 19 cm<\/p>\n<p>12 Vorspeismesser L 21,8 cm<\/p>\n<p>12 Mokkal\u00f6ffel L 10,2 cm<\/p>\n<p>12 Obstgabeln L 15,5 cm<\/p>\n<p>12 Obstmesser L 18,8 cm<\/p>\n<p>12 Messerb\u00e4nke L 11,5 cm<\/p>\n<p>6 runde Gew\u00fcrzf\u00e4sser, innen vergoldet Dm 6,2 cm, H 2,5 cm<\/p>\n<p>6 Gew\u00fcrzl\u00f6ffel L 6,8 cm<\/p>\n<p>10 Vorlegern:<\/p>\n<p>1 Suppensch\u00f6pfer L 31 cm<\/p>\n<p>1 Vorlegel\u00f6ffel, vergoldet L 20,7 cm<\/p>\n<p>1 Fleischgabel L 22,2 cm<\/p>\n<p>1 Saucensch\u00f6pfer L 18 cm<\/p>\n<p>1 Tortenheber mit Gravur L 25 cm<\/p>\n<p>2 Salatbestecke L 25 cm<\/p>\n<p>2 x Fischvorleger L 28,4 cm und 24,2 cm<\/p>\n<p>1 Wurstgabel L 22,4 cm<\/p>\n","protected":false},"excerpt":{"rendered":"<p>142 teiliges Jugendstil Besteck Form 6500 Fa. Berndorf, um 1900 Alpacca, versilbert, 142 Teile, alle Teile gemarkt mit runder B\u00e4renmarke, Gew\u00fcrzf\u00e4sser mit Innenvergoldung, originale Messerklingen (wohl nicht rostfrei) Bestehend aus: 12 Suppenl\u00f6ffel L 21,5 cm 12 Menumesser L 26 cm 12 Menugabeln L 21 cm 12 Teel\u00f6ffel L 15 cm (r\u00fcckseitiger Abrieb) 12 Vorspeisgabeln L [&hellip;]<\/p>\n","protected":false},"featured_media":13679,"comment_status":"open","ping_status":"closed","template":"","meta":[],"product_brand":[],"product_cat":[130,30,166,235,291,236,20,237,243,248,266,239,252,250,53,26],"product_tag":[],"class_list":{"0":"post-13664","1":"product","2":"type-product","3":"status-publish","4":"has-post-thumbnail","6":"product_cat-abendessen","7":"product_cat-besteck","8":"product_cat-fleisch","9":"product_cat-gabeln","10":"product_cat-hochzeit","11":"product_cat-loeffel","12":"product_cat-lunchtime","13":"product_cat-messer","14":"product_cat-messerbaenke","15":"product_cat-mokkakloeffel","16":"product_cat-schoepfer","17":"product_cat-spezialbestecke","18":"product_cat-suppenloeffel","19":"product_cat-teeloeffel-loeffeln","20":"product_cat-weihnachten","21":"product_cat-wiener-melange","23":"first","24":"instock","25":"sold-individually","26":"purchasable","27":"product-type-simple"},"yoast_head":"<!-- This site is optimized with the Yoast SEO Premium plugin v15.8.2 - https:\/\/yoast.com\/wordpress\/plugins\/seo\/ -->\n<title>142 teiliges Jugendstil Besteck Form 6500, Fa. Berndorf, um 1900<\/title>\n<meta name=\"description\" content=\"142 teiliges Jugendstil Besteck Form 6500, Fa. Berndorf, um 1900 \u2665 Antiquit\u00e4ten Online kaufen \u2713 Sichere Lieferung \u2713\" \/>\n<meta name=\"robots\" content=\"index, follow, max-snippet:-1, max-image-preview:large, max-video-preview:-1\" \/>\n<link rel=\"canonical\" href=\"https:\/\/annette-ahrens.at\/onlineshop\/produkt\/142-teiliges-jugendstil-besteck-form-6500-fa-berndorf-um-1900\/\" \/>\n<meta property=\"og:locale\" content=\"de_DE\" \/>\n<meta property=\"og:type\" content=\"article\" \/>\n<meta property=\"og:title\" content=\"142 teiliges Jugendstil Besteck Form 6500, Fa. Berndorf, um 1900\" \/>\n<meta property=\"og:description\" content=\"142 teiliges Jugendstil Besteck Form 6500, Fa. Berndorf, um 1900 \u2665 Antiquit\u00e4ten Online kaufen \u2713 Sichere Lieferung \u2713\" \/>\n<meta property=\"og:url\" content=\"https:\/\/annette-ahrens.at\/onlineshop\/produkt\/142-teiliges-jugendstil-besteck-form-6500-fa-berndorf-um-1900\/\" \/>\n<meta property=\"og:site_name\" content=\"Tafelkultur Onlineshop\" \/>\n<meta property=\"article:publisher\" content=\"https:\/\/www.facebook.com\/AnnetteAhrensTafelkultur\" \/>\n<meta property=\"article:modified_time\" content=\"2024-10-03T07:22:40+00:00\" \/>\n<meta property=\"og:image\" content=\"https:\/\/annette-ahrens.at\/onlineshop\/wp-content\/uploads\/2022\/02\/IMG_5144-rotated.jpeg\" \/>\n\t<meta property=\"og:image:width\" content=\"1936\" \/>\n\t<meta property=\"og:image:height\" content=\"1936\" \/>\n<meta name=\"twitter:card\" content=\"summary_large_image\" \/>\n<meta name=\"twitter:label1\" content=\"Gesch\u00e4tzte Lesezeit\">\n\t<meta name=\"twitter:data1\" content=\"1\u00a0Minute\">\n<script type=\"application\/ld+json\" class=\"yoast-schema-graph\">{\"@context\":\"https:\/\/schema.org\",\"@graph\":[{\"@type\":[\"Person\",\"Organization\"],\"@id\":\"https:\/\/annette-ahrens.at\/onlineshop\/#\/schema\/person\/3e19676faae246bba0cb3b7e15f427d8\",\"name\":\"Annette Ahrens\",\"image\":{\"@type\":\"ImageObject\",\"@id\":\"https:\/\/annette-ahrens.at\/onlineshop\/#personlogo\",\"inLanguage\":\"de\",\"url\":\"https:\/\/annette-ahrens.at\/onlineshop\/wp-content\/uploads\/2020\/04\/aa_logo_End.png\",\"width\":800,\"height\":164,\"caption\":\"Annette Ahrens\"},\"logo\":{\"@id\":\"https:\/\/annette-ahrens.at\/onlineshop\/#personlogo\"},\"sameAs\":[\"https:\/\/annette-ahrens.at\",\"https:\/\/www.facebook.com\/AnnetteAhrensTafelkultur\",\"https:\/\/www.instagram.com\/tafelkulturistin\/\",\"https:\/\/de.wikipedia.org\/wiki\/Annette_Ahrens\"]},{\"@type\":\"WebSite\",\"@id\":\"https:\/\/annette-ahrens.at\/onlineshop\/#website\",\"url\":\"https:\/\/annette-ahrens.at\/onlineshop\/\",\"name\":\"Tafelkultur Onlineshop\",\"description\":\"Annette Ahrens\",\"publisher\":{\"@id\":\"https:\/\/annette-ahrens.at\/onlineshop\/#\/schema\/person\/3e19676faae246bba0cb3b7e15f427d8\"},\"potentialAction\":[{\"@type\":\"SearchAction\",\"target\":\"https:\/\/annette-ahrens.at\/onlineshop\/?s={search_term_string}\",\"query-input\":\"required name=search_term_string\"}],\"inLanguage\":\"de\"},{\"@type\":\"ImageObject\",\"@id\":\"https:\/\/annette-ahrens.at\/onlineshop\/produkt\/142-teiliges-jugendstil-besteck-form-6500-fa-berndorf-um-1900\/#primaryimage\",\"inLanguage\":\"de\",\"url\":\"https:\/\/annette-ahrens.at\/onlineshop\/wp-content\/uploads\/2022\/02\/IMG_5144-rotated.jpeg\",\"width\":1936,\"height\":1936,\"caption\":\"berndorf_besteck_6500\"},{\"@type\":[\"WebPage\",\"ItemPage\"],\"@id\":\"https:\/\/annette-ahrens.at\/onlineshop\/produkt\/142-teiliges-jugendstil-besteck-form-6500-fa-berndorf-um-1900\/#webpage\",\"url\":\"https:\/\/annette-ahrens.at\/onlineshop\/produkt\/142-teiliges-jugendstil-besteck-form-6500-fa-berndorf-um-1900\/\",\"name\":\"142 teiliges Jugendstil Besteck Form 6500, Fa. Berndorf, um 1900\",\"isPartOf\":{\"@id\":\"https:\/\/annette-ahrens.at\/onlineshop\/#website\"},\"primaryImageOfPage\":{\"@id\":\"https:\/\/annette-ahrens.at\/onlineshop\/produkt\/142-teiliges-jugendstil-besteck-form-6500-fa-berndorf-um-1900\/#primaryimage\"},\"datePublished\":\"2022-02-15T23:07:18+00:00\",\"dateModified\":\"2024-10-03T07:22:40+00:00\",\"description\":\"142 teiliges Jugendstil Besteck Form 6500, Fa. Berndorf, um 1900 \\u2665 Antiquit\\u00e4ten Online kaufen \\u2713 Sichere Lieferung \\u2713\",\"breadcrumb\":{\"@id\":\"https:\/\/annette-ahrens.at\/onlineshop\/produkt\/142-teiliges-jugendstil-besteck-form-6500-fa-berndorf-um-1900\/#breadcrumb\"},\"inLanguage\":\"de\",\"potentialAction\":[{\"@type\":\"ReadAction\",\"target\":[\"https:\/\/annette-ahrens.at\/onlineshop\/produkt\/142-teiliges-jugendstil-besteck-form-6500-fa-berndorf-um-1900\/\"]}]},{\"@type\":\"BreadcrumbList\",\"@id\":\"https:\/\/annette-ahrens.at\/onlineshop\/produkt\/142-teiliges-jugendstil-besteck-form-6500-fa-berndorf-um-1900\/#breadcrumb\",\"itemListElement\":[{\"@type\":\"ListItem\",\"position\":1,\"item\":{\"@type\":\"WebPage\",\"@id\":\"https:\/\/annette-ahrens.at\/onlineshop\/\",\"url\":\"https:\/\/annette-ahrens.at\/onlineshop\/\",\"name\":\"Home\"}},{\"@type\":\"ListItem\",\"position\":2,\"item\":{\"@type\":\"WebPage\",\"@id\":\"https:\/\/annette-ahrens.at\/onlineshop\/alle-tafelkultur-objekte\/\",\"url\":\"https:\/\/annette-ahrens.at\/onlineshop\/alle-tafelkultur-objekte\/\",\"name\":\"Alle Tafelkultur Objekte\"}},{\"@type\":\"ListItem\",\"position\":3,\"item\":{\"@type\":\"WebPage\",\"@id\":\"https:\/\/annette-ahrens.at\/onlineshop\/produkt\/142-teiliges-jugendstil-besteck-form-6500-fa-berndorf-um-1900\/\",\"url\":\"https:\/\/annette-ahrens.at\/onlineshop\/produkt\/142-teiliges-jugendstil-besteck-form-6500-fa-berndorf-um-1900\/\",\"name\":\"142 teiliges Jugendstil Besteck Form 6500, Fa. Berndorf, um 1900\"}}]}]}<\/script>\n<!-- \/ Yoast SEO Premium plugin. -->","_links":{"self":[{"href":"https:\/\/annette-ahrens.at\/onlineshop\/wp-json\/wp\/v2\/product\/13664","targetHints":{"allow":["GET"]}}],"collection":[{"href":"https:\/\/annette-ahrens.at\/onlineshop\/wp-json\/wp\/v2\/product"}],"about":[{"href":"https:\/\/annette-ahrens.at\/onlineshop\/wp-json\/wp\/v2\/types\/product"}],"replies":[{"embeddable":true,"href":"https:\/\/annette-ahrens.at\/onlineshop\/wp-json\/wp\/v2\/comments?post=13664"}],"wp:featuredmedia":[{"embeddable":true,"href":"https:\/\/annette-ahrens.at\/onlineshop\/wp-json\/wp\/v2\/media\/13679"}],"wp:attachment":[{"href":"https:\/\/annette-ahrens.at\/onlineshop\/wp-json\/wp\/v2\/media?parent=13664"}],"wp:term":[{"taxonomy":"product_brand","embeddable":true,"href":"https:\/\/annette-ahrens.at\/onlineshop\/wp-json\/wp\/v2\/product_brand?post=13664"},{"taxonomy":"product_cat","embeddable":true,"href":"https:\/\/annette-ahrens.at\/onlineshop\/wp-json\/wp\/v2\/product_cat?post=13664"},{"taxonomy":"product_tag","embeddable":true,"href":"https:\/\/annette-ahrens.at\/onlineshop\/wp-json\/wp\/v2\/product_tag?post=13664"}],"curies":[{"name":"wp","href":"https:\/\/api.w.org\/{rel}","templated":true}]}}