{"id":13665,"date":"2022-02-16T16:14:23","date_gmt":"2022-02-16T15:14:23","guid":{"rendered":"https:\/\/annette-ahrens.at\/onlineshop\/?post_type=product&#038;p=13665"},"modified":"2023-11-17T23:15:31","modified_gmt":"2023-11-17T22:15:31","slug":"vernickelte-midcentury-sauciere-marianne-denzel-fa-berndorf-um-1960","status":"publish","type":"product","link":"https:\/\/annette-ahrens.at\/onlineshop\/produkt\/vernickelte-midcentury-sauciere-marianne-denzel-fa-berndorf-um-1960\/","title":{"rendered":"Vernickelte Midcentury Sauci\u00e8re, Marianne Denzel, Fa. Berndorf, um 1960"},"content":{"rendered":"<p>Vernickelte Midcentury Sauci\u00e8re<\/p>\n<p>Entwurf: Marianne Denzel (1932 &#8211; 1975) f\u00fcr die Fa. Berndorf, um 1960<\/p>\n<p>Nickel, hochgezogener Henkel, gemarkt NICRO 18\/10, BERNDORF, bezeichnet &#8222;\u00d6GB&#8220; und 20 cl<\/p>\n<p>L\u00e4nge 18,2 cm<\/p>\n<p>H 6,5 cm<\/p>\n<p>B 8,4 cm<\/p>\n<p>Literatur:\u00a0Tulga Beyerle, Karin Hirschberger: Designlandschaft \u00d6sterreich, 1900-2005, Basel 2006, Seite 146<\/p>\n","protected":false},"excerpt":{"rendered":"<p>Annetts Etikette: Die deutsche K\u00fcnstlerin Marianne Denzel zeichnet f\u00fcr moderne Entw\u00fcrfe der Berndorfer Metallwarenfabrik verantwortlich. Neben dieser Sauci\u00e8re kann man ihr ein Essig-\u00d6lset, Platten und Besteckentw\u00fcrfe, die unter dem Namen &#8222;MADAM&#8220; und &#8222;SIR&#8220; angeboten wurden, zuordnen. Ihr vernickelter Besteckentwurf wurde sogar f\u00fcr die 1. Klasse der Austrian Airlines ausgef\u00fchrt.<\/p>\n","protected":false},"featured_media":13689,"comment_status":"open","ping_status":"closed","template":"","meta":[],"product_brand":[],"product_cat":[130,298,32,300,295,209,285,296,53],"product_tag":[],"class_list":{"0":"post-13665","1":"product","2":"type-product","3":"status-publish","4":"has-post-thumbnail","6":"product_cat-abendessen","7":"product_cat-buffet","8":"product_cat-festefeiern","9":"product_cat-gartenfest","10":"product_cat-jagdeinladung","11":"product_cat-sauciere","12":"product_cat-sauciere-tafeldekorationen","13":"product_cat-silvester","14":"product_cat-weihnachten","16":"first","17":"instock","18":"purchasable","19":"product-type-simple"},"yoast_head":"<!-- This site is optimized with the Yoast SEO Premium plugin v15.8.2 - https:\/\/yoast.com\/wordpress\/plugins\/seo\/ -->\n<title>Vernickelte Midcentury Sauci\u00e8re, Marianne Denzel, Fa. Berndorf, um 1960<\/title>\n<meta name=\"description\" content=\"Vernickelte Midcentury Sauci\u00e8re, Marianne Denzel, Fa. Berndorf, um 1960 \u2665 Antiquit\u00e4ten Online kaufen \u2713 Sichere Lieferung \u2713\" \/>\n<meta name=\"robots\" content=\"index, follow, max-snippet:-1, max-image-preview:large, max-video-preview:-1\" \/>\n<link rel=\"canonical\" href=\"https:\/\/annette-ahrens.at\/onlineshop\/produkt\/vernickelte-midcentury-sauciere-marianne-denzel-fa-berndorf-um-1960\/\" \/>\n<meta property=\"og:locale\" content=\"de_DE\" \/>\n<meta property=\"og:type\" content=\"article\" \/>\n<meta property=\"og:title\" content=\"Vernickelte Midcentury Sauci\u00e8re, Marianne Denzel, Fa. Berndorf, um 1960\" \/>\n<meta property=\"og:description\" content=\"Vernickelte Midcentury Sauci\u00e8re, Marianne Denzel, Fa. Berndorf, um 1960 \u2665 Antiquit\u00e4ten Online kaufen \u2713 Sichere Lieferung \u2713\" \/>\n<meta property=\"og:url\" content=\"https:\/\/annette-ahrens.at\/onlineshop\/produkt\/vernickelte-midcentury-sauciere-marianne-denzel-fa-berndorf-um-1960\/\" \/>\n<meta property=\"og:site_name\" content=\"Tafelkultur Onlineshop\" \/>\n<meta property=\"article:publisher\" content=\"https:\/\/www.facebook.com\/AnnetteAhrensTafelkultur\" \/>\n<meta property=\"article:modified_time\" content=\"2023-11-17T22:15:31+00:00\" \/>\n<meta property=\"og:image\" content=\"https:\/\/annette-ahrens.at\/onlineshop\/wp-content\/uploads\/2022\/02\/IMG_5135-rotated.jpeg\" \/>\n\t<meta property=\"og:image:width\" content=\"1936\" \/>\n\t<meta property=\"og:image:height\" content=\"1936\" \/>\n<meta name=\"twitter:card\" content=\"summary_large_image\" \/>\n<meta name=\"twitter:label1\" content=\"Gesch\u00e4tzte Lesezeit\">\n\t<meta name=\"twitter:data1\" content=\"1\u00a0Minute\">\n<script type=\"application\/ld+json\" class=\"yoast-schema-graph\">{\"@context\":\"https:\/\/schema.org\",\"@graph\":[{\"@type\":[\"Person\",\"Organization\"],\"@id\":\"https:\/\/annette-ahrens.at\/onlineshop\/#\/schema\/person\/3e19676faae246bba0cb3b7e15f427d8\",\"name\":\"Annette Ahrens\",\"image\":{\"@type\":\"ImageObject\",\"@id\":\"https:\/\/annette-ahrens.at\/onlineshop\/#personlogo\",\"inLanguage\":\"de\",\"url\":\"https:\/\/annette-ahrens.at\/onlineshop\/wp-content\/uploads\/2020\/04\/aa_logo_End.png\",\"width\":800,\"height\":164,\"caption\":\"Annette Ahrens\"},\"logo\":{\"@id\":\"https:\/\/annette-ahrens.at\/onlineshop\/#personlogo\"},\"sameAs\":[\"https:\/\/annette-ahrens.at\",\"https:\/\/www.facebook.com\/AnnetteAhrensTafelkultur\",\"https:\/\/www.instagram.com\/tafelkulturistin\/\",\"https:\/\/de.wikipedia.org\/wiki\/Annette_Ahrens\"]},{\"@type\":\"WebSite\",\"@id\":\"https:\/\/annette-ahrens.at\/onlineshop\/#website\",\"url\":\"https:\/\/annette-ahrens.at\/onlineshop\/\",\"name\":\"Tafelkultur Onlineshop\",\"description\":\"Annette Ahrens\",\"publisher\":{\"@id\":\"https:\/\/annette-ahrens.at\/onlineshop\/#\/schema\/person\/3e19676faae246bba0cb3b7e15f427d8\"},\"potentialAction\":[{\"@type\":\"SearchAction\",\"target\":\"https:\/\/annette-ahrens.at\/onlineshop\/?s={search_term_string}\",\"query-input\":\"required name=search_term_string\"}],\"inLanguage\":\"de\"},{\"@type\":\"ImageObject\",\"@id\":\"https:\/\/annette-ahrens.at\/onlineshop\/produkt\/vernickelte-midcentury-sauciere-marianne-denzel-fa-berndorf-um-1960\/#primaryimage\",\"inLanguage\":\"de\",\"url\":\"https:\/\/annette-ahrens.at\/onlineshop\/wp-content\/uploads\/2022\/02\/IMG_5135-rotated.jpeg\",\"width\":1936,\"height\":1936,\"caption\":\"marianne_denzel_sauciere\"},{\"@type\":[\"WebPage\",\"ItemPage\"],\"@id\":\"https:\/\/annette-ahrens.at\/onlineshop\/produkt\/vernickelte-midcentury-sauciere-marianne-denzel-fa-berndorf-um-1960\/#webpage\",\"url\":\"https:\/\/annette-ahrens.at\/onlineshop\/produkt\/vernickelte-midcentury-sauciere-marianne-denzel-fa-berndorf-um-1960\/\",\"name\":\"Vernickelte Midcentury Sauci\\u00e8re, Marianne Denzel, Fa. Berndorf, um 1960\",\"isPartOf\":{\"@id\":\"https:\/\/annette-ahrens.at\/onlineshop\/#website\"},\"primaryImageOfPage\":{\"@id\":\"https:\/\/annette-ahrens.at\/onlineshop\/produkt\/vernickelte-midcentury-sauciere-marianne-denzel-fa-berndorf-um-1960\/#primaryimage\"},\"datePublished\":\"2022-02-16T15:14:23+00:00\",\"dateModified\":\"2023-11-17T22:15:31+00:00\",\"description\":\"Vernickelte Midcentury Sauci\\u00e8re, Marianne Denzel, Fa. Berndorf, um 1960 \\u2665 Antiquit\\u00e4ten Online kaufen \\u2713 Sichere Lieferung \\u2713\",\"breadcrumb\":{\"@id\":\"https:\/\/annette-ahrens.at\/onlineshop\/produkt\/vernickelte-midcentury-sauciere-marianne-denzel-fa-berndorf-um-1960\/#breadcrumb\"},\"inLanguage\":\"de\",\"potentialAction\":[{\"@type\":\"ReadAction\",\"target\":[\"https:\/\/annette-ahrens.at\/onlineshop\/produkt\/vernickelte-midcentury-sauciere-marianne-denzel-fa-berndorf-um-1960\/\"]}]},{\"@type\":\"BreadcrumbList\",\"@id\":\"https:\/\/annette-ahrens.at\/onlineshop\/produkt\/vernickelte-midcentury-sauciere-marianne-denzel-fa-berndorf-um-1960\/#breadcrumb\",\"itemListElement\":[{\"@type\":\"ListItem\",\"position\":1,\"item\":{\"@type\":\"WebPage\",\"@id\":\"https:\/\/annette-ahrens.at\/onlineshop\/\",\"url\":\"https:\/\/annette-ahrens.at\/onlineshop\/\",\"name\":\"Home\"}},{\"@type\":\"ListItem\",\"position\":2,\"item\":{\"@type\":\"WebPage\",\"@id\":\"https:\/\/annette-ahrens.at\/onlineshop\/alle-tafelkultur-objekte\/\",\"url\":\"https:\/\/annette-ahrens.at\/onlineshop\/alle-tafelkultur-objekte\/\",\"name\":\"Alle Tafelkultur Objekte\"}},{\"@type\":\"ListItem\",\"position\":3,\"item\":{\"@type\":\"WebPage\",\"@id\":\"https:\/\/annette-ahrens.at\/onlineshop\/produkt\/vernickelte-midcentury-sauciere-marianne-denzel-fa-berndorf-um-1960\/\",\"url\":\"https:\/\/annette-ahrens.at\/onlineshop\/produkt\/vernickelte-midcentury-sauciere-marianne-denzel-fa-berndorf-um-1960\/\",\"name\":\"Vernickelte Midcentury Sauci\\u00e8re, Marianne Denzel, Fa. Berndorf, um 1960\"}}]}]}<\/script>\n<!-- \/ Yoast SEO Premium plugin. -->","_links":{"self":[{"href":"https:\/\/annette-ahrens.at\/onlineshop\/wp-json\/wp\/v2\/product\/13665","targetHints":{"allow":["GET"]}}],"collection":[{"href":"https:\/\/annette-ahrens.at\/onlineshop\/wp-json\/wp\/v2\/product"}],"about":[{"href":"https:\/\/annette-ahrens.at\/onlineshop\/wp-json\/wp\/v2\/types\/product"}],"replies":[{"embeddable":true,"href":"https:\/\/annette-ahrens.at\/onlineshop\/wp-json\/wp\/v2\/comments?post=13665"}],"wp:featuredmedia":[{"embeddable":true,"href":"https:\/\/annette-ahrens.at\/onlineshop\/wp-json\/wp\/v2\/media\/13689"}],"wp:attachment":[{"href":"https:\/\/annette-ahrens.at\/onlineshop\/wp-json\/wp\/v2\/media?parent=13665"}],"wp:term":[{"taxonomy":"product_brand","embeddable":true,"href":"https:\/\/annette-ahrens.at\/onlineshop\/wp-json\/wp\/v2\/product_brand?post=13665"},{"taxonomy":"product_cat","embeddable":true,"href":"https:\/\/annette-ahrens.at\/onlineshop\/wp-json\/wp\/v2\/product_cat?post=13665"},{"taxonomy":"product_tag","embeddable":true,"href":"https:\/\/annette-ahrens.at\/onlineshop\/wp-json\/wp\/v2\/product_tag?post=13665"}],"curies":[{"name":"wp","href":"https:\/\/api.w.org\/{rel}","templated":true}]}}