{"id":13695,"date":"2022-02-17T19:56:48","date_gmt":"2022-02-17T18:56:48","guid":{"rendered":"https:\/\/annette-ahrens.at\/onlineshop\/?post_type=product&#038;p=13695"},"modified":"2022-07-07T10:17:40","modified_gmt":"2022-07-07T08:17:40","slug":"seltener-bleu-du-roi-henkelkorb-kaiserliche-porzellanmanufaktur-wien-1784","status":"publish","type":"product","link":"https:\/\/annette-ahrens.at\/onlineshop\/produkt\/seltener-bleu-du-roi-henkelkorb-kaiserliche-porzellanmanufaktur-wien-1784\/","title":{"rendered":"Seltener \u201ebleu du roi\u201c Henkelkorb, Kaiserliche Porzellanmanufaktur Wien, 1784"},"content":{"rendered":"<p>Seltener klassizistischer Henkelkorb<\/p>\n<p>Kaiserliche Porzellanmanufaktur Wien,\u00a01784<\/p>\n<p>Porzellan, farblos glasiert, feine Bemalung in Blau (\u201ebleu du roi\u201c-Fond) und Gold, im Spiegel ein Blumenbukett, umlaufendes Band in Gold auf blauem Band, Wandung aufwendig durchbrochen gearbeitet, zwei vergoldete, vegetabile Ast-Henkel, am Boden gemarkt unterglaurblauer Bindenschild, Jahreszahl (17)84, Bossierer G , Malernummer 70. in Purpur<\/p>\n<p>L\u00e4nge 28 x 21 cm<\/p>\n<p>H 11 cm<\/p>\n<p>Vergleiche: Platte aus den\u00a0<span lang=\"DE\">Sammlungen des F\u00fcrsten von und zu Liechtenstein, Vaduz-Wien, Inv.-Nr.\u00a0<\/span>PO 2208<\/p>\n","protected":false},"excerpt":{"rendered":"<p>Annettes Etikette: Dieser wundervolle Korb geh\u00f6rt zu den besonders seltenen, denn f\u00fcr den Bossierer aufwendigen Ausformungen der Wiener Manufaktur. Sowohl die aufwendig durchbrochen gearbeitete Wandung als auch die feinen Ast-Henkeln sind eine Herausforderung f\u00fcr den Bossierer. Der Dekor legt nahe, dass vorliegender Korb zu einem umfangreichen Service im Besitz der F\u00fcrsten Liechtenstein geh\u00f6rt haben muss.\u00a0Im Jahre 1785 stellte die Wiener Manufaktur ein Service als diplomatisches Geschenk f\u00fcr Gro\u00dff\u00fcrst Pawel von Russland mit 659 St\u00fccken und 45 Biskuitgruppen verschiedener antiker G\u00f6tter her, welches dem von S\u00e8vres vorgegebenen franz\u00f6sischem Geschmack nacheiferte. Die erhaltene Rechnung kl\u00e4rt uns \u00fcber den Umfang des gro\u00dfen Prunkservices auf. Von 1784-87 fertigte die Wiener Manufaktur das heute noch mit 298 St\u00fccken erhaltene Tafel- und Dessertservice mit \u201ebleu du roi\u201c-Fond f\u00fcr F\u00fcrst Alois von Liechtenstein (1759-1805), der das Service 1784 in Auftrag gegeben hatte und damit das Streben nach \u00e4sthetischer Erneuerung des gerade ernannten Direktors Conrad von Sorgenthal unterst\u00fctzte.<\/p>\n","protected":false},"featured_media":13742,"comment_status":"open","ping_status":"closed","template":"","meta":[],"product_brand":[],"product_cat":[25,297,34,19,135,292,51,54,274,53,162,26],"product_tag":[],"class_list":{"0":"post-13695","1":"product","2":"type-product","3":"status-publish","4":"has-post-thumbnail","6":"product_cat-5o-clock-tea","7":"product_cat-adventjause","8":"product_cat-brot","9":"product_cat-gabelfruehstueck","10":"product_cat-korb","11":"product_cat-muttertag","12":"product_cat-ostern","13":"product_cat-porzellan","14":"product_cat-porzellan-fachbuecher","15":"product_cat-weihnachten","16":"product_cat-weintrauben","17":"product_cat-wiener-melange","19":"first","20":"instock","21":"sold-individually","22":"purchasable","23":"product-type-simple"},"yoast_head":"<!-- This site is optimized with the Yoast SEO Premium plugin v15.8.2 - https:\/\/yoast.com\/wordpress\/plugins\/seo\/ -->\n<title>Seltener \u201ebleu du roi\u201c Henkelkorb, Kaiserliche Porzellanmanufaktur Wien, 1784<\/title>\n<meta name=\"description\" content=\"Seltener \u201ebleu du roi\u201c Henkelkorb, Kaiserliche Porzellanmanufaktur Wien, 1784 \u2665 Antiquit\u00e4ten Online kaufen \u2713 Sichere Lieferung \u2713\" \/>\n<meta name=\"robots\" content=\"index, follow, max-snippet:-1, max-image-preview:large, max-video-preview:-1\" \/>\n<link rel=\"canonical\" href=\"https:\/\/annette-ahrens.at\/onlineshop\/produkt\/seltener-bleu-du-roi-henkelkorb-kaiserliche-porzellanmanufaktur-wien-1784\/\" \/>\n<meta property=\"og:locale\" content=\"de_DE\" \/>\n<meta property=\"og:type\" content=\"article\" \/>\n<meta property=\"og:title\" content=\"Seltener \u201ebleu du roi\u201c Henkelkorb, Kaiserliche Porzellanmanufaktur Wien, 1784\" \/>\n<meta property=\"og:description\" content=\"Seltener \u201ebleu du roi\u201c Henkelkorb, Kaiserliche Porzellanmanufaktur Wien, 1784 \u2665 Antiquit\u00e4ten Online kaufen \u2713 Sichere Lieferung \u2713\" \/>\n<meta property=\"og:url\" content=\"https:\/\/annette-ahrens.at\/onlineshop\/produkt\/seltener-bleu-du-roi-henkelkorb-kaiserliche-porzellanmanufaktur-wien-1784\/\" \/>\n<meta property=\"og:site_name\" content=\"Tafelkultur Onlineshop\" \/>\n<meta property=\"article:publisher\" content=\"https:\/\/www.facebook.com\/AnnetteAhrensTafelkultur\" \/>\n<meta property=\"article:modified_time\" content=\"2022-07-07T08:17:40+00:00\" \/>\n<meta property=\"og:image\" content=\"https:\/\/annette-ahrens.at\/onlineshop\/wp-content\/uploads\/2022\/02\/IMG_5176-scaled.jpeg\" \/>\n\t<meta property=\"og:image:width\" content=\"2560\" \/>\n\t<meta property=\"og:image:height\" content=\"1912\" \/>\n<meta name=\"twitter:card\" content=\"summary_large_image\" \/>\n<meta name=\"twitter:label1\" content=\"Gesch\u00e4tzte Lesezeit\">\n\t<meta name=\"twitter:data1\" content=\"1\u00a0Minute\">\n<script type=\"application\/ld+json\" class=\"yoast-schema-graph\">{\"@context\":\"https:\/\/schema.org\",\"@graph\":[{\"@type\":[\"Person\",\"Organization\"],\"@id\":\"https:\/\/annette-ahrens.at\/onlineshop\/#\/schema\/person\/3e19676faae246bba0cb3b7e15f427d8\",\"name\":\"Annette Ahrens\",\"image\":{\"@type\":\"ImageObject\",\"@id\":\"https:\/\/annette-ahrens.at\/onlineshop\/#personlogo\",\"inLanguage\":\"de\",\"url\":\"https:\/\/annette-ahrens.at\/onlineshop\/wp-content\/uploads\/2020\/04\/aa_logo_End.png\",\"width\":800,\"height\":164,\"caption\":\"Annette Ahrens\"},\"logo\":{\"@id\":\"https:\/\/annette-ahrens.at\/onlineshop\/#personlogo\"},\"sameAs\":[\"https:\/\/annette-ahrens.at\",\"https:\/\/www.facebook.com\/AnnetteAhrensTafelkultur\",\"https:\/\/www.instagram.com\/tafelkulturistin\/\",\"https:\/\/de.wikipedia.org\/wiki\/Annette_Ahrens\"]},{\"@type\":\"WebSite\",\"@id\":\"https:\/\/annette-ahrens.at\/onlineshop\/#website\",\"url\":\"https:\/\/annette-ahrens.at\/onlineshop\/\",\"name\":\"Tafelkultur Onlineshop\",\"description\":\"Annette Ahrens\",\"publisher\":{\"@id\":\"https:\/\/annette-ahrens.at\/onlineshop\/#\/schema\/person\/3e19676faae246bba0cb3b7e15f427d8\"},\"potentialAction\":[{\"@type\":\"SearchAction\",\"target\":\"https:\/\/annette-ahrens.at\/onlineshop\/?s={search_term_string}\",\"query-input\":\"required name=search_term_string\"}],\"inLanguage\":\"de\"},{\"@type\":\"ImageObject\",\"@id\":\"https:\/\/annette-ahrens.at\/onlineshop\/produkt\/seltener-bleu-du-roi-henkelkorb-kaiserliche-porzellanmanufaktur-wien-1784\/#primaryimage\",\"inLanguage\":\"de\",\"url\":\"https:\/\/annette-ahrens.at\/onlineshop\/wp-content\/uploads\/2022\/02\/IMG_5176-scaled.jpeg\",\"width\":2560,\"height\":1912,\"caption\":\"alt_wien_korb\"},{\"@type\":[\"WebPage\",\"ItemPage\"],\"@id\":\"https:\/\/annette-ahrens.at\/onlineshop\/produkt\/seltener-bleu-du-roi-henkelkorb-kaiserliche-porzellanmanufaktur-wien-1784\/#webpage\",\"url\":\"https:\/\/annette-ahrens.at\/onlineshop\/produkt\/seltener-bleu-du-roi-henkelkorb-kaiserliche-porzellanmanufaktur-wien-1784\/\",\"name\":\"Seltener \\u201ebleu du roi\\u201c Henkelkorb, Kaiserliche Porzellanmanufaktur Wien, 1784\",\"isPartOf\":{\"@id\":\"https:\/\/annette-ahrens.at\/onlineshop\/#website\"},\"primaryImageOfPage\":{\"@id\":\"https:\/\/annette-ahrens.at\/onlineshop\/produkt\/seltener-bleu-du-roi-henkelkorb-kaiserliche-porzellanmanufaktur-wien-1784\/#primaryimage\"},\"datePublished\":\"2022-02-17T18:56:48+00:00\",\"dateModified\":\"2022-07-07T08:17:40+00:00\",\"description\":\"Seltener \\u201ebleu du roi\\u201c Henkelkorb, Kaiserliche Porzellanmanufaktur Wien, 1784 \\u2665 Antiquit\\u00e4ten Online kaufen \\u2713 Sichere Lieferung \\u2713\",\"breadcrumb\":{\"@id\":\"https:\/\/annette-ahrens.at\/onlineshop\/produkt\/seltener-bleu-du-roi-henkelkorb-kaiserliche-porzellanmanufaktur-wien-1784\/#breadcrumb\"},\"inLanguage\":\"de\",\"potentialAction\":[{\"@type\":\"ReadAction\",\"target\":[\"https:\/\/annette-ahrens.at\/onlineshop\/produkt\/seltener-bleu-du-roi-henkelkorb-kaiserliche-porzellanmanufaktur-wien-1784\/\"]}]},{\"@type\":\"BreadcrumbList\",\"@id\":\"https:\/\/annette-ahrens.at\/onlineshop\/produkt\/seltener-bleu-du-roi-henkelkorb-kaiserliche-porzellanmanufaktur-wien-1784\/#breadcrumb\",\"itemListElement\":[{\"@type\":\"ListItem\",\"position\":1,\"item\":{\"@type\":\"WebPage\",\"@id\":\"https:\/\/annette-ahrens.at\/onlineshop\/\",\"url\":\"https:\/\/annette-ahrens.at\/onlineshop\/\",\"name\":\"Home\"}},{\"@type\":\"ListItem\",\"position\":2,\"item\":{\"@type\":\"WebPage\",\"@id\":\"https:\/\/annette-ahrens.at\/onlineshop\/alle-tafelkultur-objekte\/\",\"url\":\"https:\/\/annette-ahrens.at\/onlineshop\/alle-tafelkultur-objekte\/\",\"name\":\"Alle Tafelkultur Objekte\"}},{\"@type\":\"ListItem\",\"position\":3,\"item\":{\"@type\":\"WebPage\",\"@id\":\"https:\/\/annette-ahrens.at\/onlineshop\/produkt\/seltener-bleu-du-roi-henkelkorb-kaiserliche-porzellanmanufaktur-wien-1784\/\",\"url\":\"https:\/\/annette-ahrens.at\/onlineshop\/produkt\/seltener-bleu-du-roi-henkelkorb-kaiserliche-porzellanmanufaktur-wien-1784\/\",\"name\":\"Seltener \\u201ebleu du roi\\u201c Henkelkorb, Kaiserliche Porzellanmanufaktur Wien, 1784\"}}]}]}<\/script>\n<!-- \/ Yoast SEO Premium plugin. -->","_links":{"self":[{"href":"https:\/\/annette-ahrens.at\/onlineshop\/wp-json\/wp\/v2\/product\/13695","targetHints":{"allow":["GET"]}}],"collection":[{"href":"https:\/\/annette-ahrens.at\/onlineshop\/wp-json\/wp\/v2\/product"}],"about":[{"href":"https:\/\/annette-ahrens.at\/onlineshop\/wp-json\/wp\/v2\/types\/product"}],"replies":[{"embeddable":true,"href":"https:\/\/annette-ahrens.at\/onlineshop\/wp-json\/wp\/v2\/comments?post=13695"}],"wp:featuredmedia":[{"embeddable":true,"href":"https:\/\/annette-ahrens.at\/onlineshop\/wp-json\/wp\/v2\/media\/13742"}],"wp:attachment":[{"href":"https:\/\/annette-ahrens.at\/onlineshop\/wp-json\/wp\/v2\/media?parent=13695"}],"wp:term":[{"taxonomy":"product_brand","embeddable":true,"href":"https:\/\/annette-ahrens.at\/onlineshop\/wp-json\/wp\/v2\/product_brand?post=13695"},{"taxonomy":"product_cat","embeddable":true,"href":"https:\/\/annette-ahrens.at\/onlineshop\/wp-json\/wp\/v2\/product_cat?post=13695"},{"taxonomy":"product_tag","embeddable":true,"href":"https:\/\/annette-ahrens.at\/onlineshop\/wp-json\/wp\/v2\/product_tag?post=13695"}],"curies":[{"name":"wp","href":"https:\/\/api.w.org\/{rel}","templated":true}]}}