{"id":137,"date":"2020-04-24T13:49:31","date_gmt":"2020-04-24T11:49:31","guid":{"rendered":"https:\/\/annette-ahrens.at\/silbershop\/?post_type=product&#038;p=137"},"modified":"2023-09-23T19:33:44","modified_gmt":"2023-09-23T17:33:44","slug":"8-versilberte-platzteller-fa-wilkens-bremen","status":"publish","type":"product","link":"https:\/\/annette-ahrens.at\/onlineshop\/produkt\/8-versilberte-platzteller-fa-wilkens-bremen\/","title":{"rendered":"8 versilberte Platzteller, Fa. Wilkens, Bremen, 20. Jahrhundert"},"content":{"rendered":"<p>8 versilberte Platzteller<\/p>\n<p>Fa. Wilkens, Bremen, 20. Jahrhundert<\/p>\n<p>Alpacca, versilbert, geschweifte Tellerfahne, glatter Spiegel, alle Teller gemarkt<\/p>\n<p>Dm 28 cm<\/p>\n<p>Neupreis etwa Euro 200,-\/ St\u00fcck<\/p>\n<p>Versand kann etwas l\u00e4nger dauern. ( 3 &#8211; 5 Tage)<\/p>\n","protected":false},"excerpt":{"rendered":"<p>Annettes Etikette: Antike Platzteller zu finden, ist nahezu unm\u00f6glich, da von den Tellern direkt gespeist wurde. Daher r\u00fchrt auch der meist zu kleine Umfang, um einen normalen Menuteller darauf noch zu platzieren. Daher ist es ratsam bei einem Platzteller-Wunsch immer achtsam das tats\u00e4chliche Alter zu hinterfragen oder aber auf zeitgen\u00f6ssische Produzenten auszuweichen. Die renommierte Silberwarenfabrik M.H. Wilkens &amp; S\u00f6hne wurde bereits 1810 vom Goldschmied Martin Heinrich Wilkens (1782 &#8211; 1869) in Bremen gegr\u00fcndet. 1859 wurde die Produktion nach Hemelingen verlegt. Ein Gl\u00fccksfall, dass sich bei Wilkens die Auftragsb\u00fccher seit 1866 erhalten haben. Hier kann die weite Verbreitung und Produktvielfalt nachvollzogen werden, die oftmals nur mit einer Modellnummer auf den tats\u00e4chlichen Produzenten hinweist. Seit 1886 fungiert die Punzierung einer Spindelpresse als Markenzeichen. Um 1900 z\u00e4hlt die Firma neben Bruckmann &amp; S\u00f6hne (gegr\u00fcndet 1805) und Koch &amp; Bergfeld (gegr\u00fcndet 1829) zu den drei bedeutendsten Silberwarenfabrikanten. Der Urenkel des Gr\u00fcnders <a title=\"Martin-Heinrich Wilkens\" href=\"https:\/\/de.wikipedia.org\/wiki\/Martin-Heinrich_Wilkens\">Martin-Heinrich Wilkens<\/a> (1888\u20131966) \u00a0\u00fcbernahm 1917 das Unternehmen. Nach 185 Jahren wurde \u00a0die Firma 1995 unter Helmut Wilkens geschlossen, um 2006 neu gegr\u00fcndet zu werden.<\/p>\n","protected":false},"featured_media":269,"comment_status":"open","ping_status":"closed","template":"","meta":[],"product_brand":[],"product_cat":[23,52,53],"product_tag":[],"class_list":{"0":"post-137","1":"product","2":"type-product","3":"status-publish","4":"has-post-thumbnail","6":"product_cat-nicht-fisch-nicht-fleisch","7":"product_cat-thanksgiving","8":"product_cat-weihnachten","10":"first","11":"instock","12":"sold-individually","13":"purchasable","14":"product-type-simple"},"yoast_head":"<!-- This site is optimized with the Yoast SEO Premium plugin v15.8.2 - https:\/\/yoast.com\/wordpress\/plugins\/seo\/ -->\n<title>8 versilberte Platzteller, Fa. Wilkens, Bremen, 20. Jahrhundert<\/title>\n<meta name=\"description\" content=\"8 versilberte Platzteller, Fa. Wilkens, Bremen, 20. Jahrhundert \u2665 Antiquit\u00e4ten Online kaufen \u2713 Sichere Lieferung \u2713\" \/>\n<meta name=\"robots\" content=\"index, follow, max-snippet:-1, max-image-preview:large, max-video-preview:-1\" \/>\n<link rel=\"canonical\" href=\"https:\/\/annette-ahrens.at\/onlineshop\/produkt\/8-versilberte-platzteller-fa-wilkens-bremen\/\" \/>\n<meta property=\"og:locale\" content=\"de_DE\" \/>\n<meta property=\"og:type\" content=\"article\" \/>\n<meta property=\"og:title\" content=\"8 versilberte Platzteller, Fa. Wilkens, Bremen, 20. Jahrhundert\" \/>\n<meta property=\"og:description\" content=\"8 versilberte Platzteller, Fa. Wilkens, Bremen, 20. Jahrhundert \u2665 Antiquit\u00e4ten Online kaufen \u2713 Sichere Lieferung \u2713\" \/>\n<meta property=\"og:url\" content=\"https:\/\/annette-ahrens.at\/onlineshop\/produkt\/8-versilberte-platzteller-fa-wilkens-bremen\/\" \/>\n<meta property=\"og:site_name\" content=\"Tafelkultur Onlineshop\" \/>\n<meta property=\"article:publisher\" content=\"https:\/\/www.facebook.com\/AnnetteAhrensTafelkultur\" \/>\n<meta property=\"article:modified_time\" content=\"2023-09-23T17:33:44+00:00\" \/>\n<meta property=\"og:image\" content=\"https:\/\/annette-ahrens.at\/onlineshop\/wp-content\/uploads\/2020\/04\/IMG_8163-scaled.jpeg\" \/>\n\t<meta property=\"og:image:width\" content=\"2560\" \/>\n\t<meta property=\"og:image:height\" content=\"2560\" \/>\n<meta name=\"twitter:card\" content=\"summary_large_image\" \/>\n<meta name=\"twitter:label1\" content=\"Gesch\u00e4tzte Lesezeit\">\n\t<meta name=\"twitter:data1\" content=\"1\u00a0Minute\">\n<script type=\"application\/ld+json\" class=\"yoast-schema-graph\">{\"@context\":\"https:\/\/schema.org\",\"@graph\":[{\"@type\":[\"Person\",\"Organization\"],\"@id\":\"https:\/\/annette-ahrens.at\/onlineshop\/#\/schema\/person\/3e19676faae246bba0cb3b7e15f427d8\",\"name\":\"Annette Ahrens\",\"image\":{\"@type\":\"ImageObject\",\"@id\":\"https:\/\/annette-ahrens.at\/onlineshop\/#personlogo\",\"inLanguage\":\"de\",\"url\":\"https:\/\/annette-ahrens.at\/onlineshop\/wp-content\/uploads\/2020\/04\/aa_logo_End.png\",\"width\":800,\"height\":164,\"caption\":\"Annette Ahrens\"},\"logo\":{\"@id\":\"https:\/\/annette-ahrens.at\/onlineshop\/#personlogo\"},\"sameAs\":[\"https:\/\/annette-ahrens.at\",\"https:\/\/www.facebook.com\/AnnetteAhrensTafelkultur\",\"https:\/\/www.instagram.com\/tafelkulturistin\/\",\"https:\/\/de.wikipedia.org\/wiki\/Annette_Ahrens\"]},{\"@type\":\"WebSite\",\"@id\":\"https:\/\/annette-ahrens.at\/onlineshop\/#website\",\"url\":\"https:\/\/annette-ahrens.at\/onlineshop\/\",\"name\":\"Tafelkultur Onlineshop\",\"description\":\"Annette Ahrens\",\"publisher\":{\"@id\":\"https:\/\/annette-ahrens.at\/onlineshop\/#\/schema\/person\/3e19676faae246bba0cb3b7e15f427d8\"},\"potentialAction\":[{\"@type\":\"SearchAction\",\"target\":\"https:\/\/annette-ahrens.at\/onlineshop\/?s={search_term_string}\",\"query-input\":\"required name=search_term_string\"}],\"inLanguage\":\"de\"},{\"@type\":\"ImageObject\",\"@id\":\"https:\/\/annette-ahrens.at\/onlineshop\/produkt\/8-versilberte-platzteller-fa-wilkens-bremen\/#primaryimage\",\"inLanguage\":\"de\",\"url\":\"https:\/\/annette-ahrens.at\/onlineshop\/wp-content\/uploads\/2020\/04\/IMG_8163-scaled.jpeg\",\"width\":2560,\"height\":2560,\"caption\":\"platzteller\"},{\"@type\":[\"WebPage\",\"ItemPage\"],\"@id\":\"https:\/\/annette-ahrens.at\/onlineshop\/produkt\/8-versilberte-platzteller-fa-wilkens-bremen\/#webpage\",\"url\":\"https:\/\/annette-ahrens.at\/onlineshop\/produkt\/8-versilberte-platzteller-fa-wilkens-bremen\/\",\"name\":\"8 versilberte Platzteller, Fa. Wilkens, Bremen, 20. Jahrhundert\",\"isPartOf\":{\"@id\":\"https:\/\/annette-ahrens.at\/onlineshop\/#website\"},\"primaryImageOfPage\":{\"@id\":\"https:\/\/annette-ahrens.at\/onlineshop\/produkt\/8-versilberte-platzteller-fa-wilkens-bremen\/#primaryimage\"},\"datePublished\":\"2020-04-24T11:49:31+00:00\",\"dateModified\":\"2023-09-23T17:33:44+00:00\",\"description\":\"8 versilberte Platzteller, Fa. Wilkens, Bremen, 20. Jahrhundert \\u2665 Antiquit\\u00e4ten Online kaufen \\u2713 Sichere Lieferung \\u2713\",\"breadcrumb\":{\"@id\":\"https:\/\/annette-ahrens.at\/onlineshop\/produkt\/8-versilberte-platzteller-fa-wilkens-bremen\/#breadcrumb\"},\"inLanguage\":\"de\",\"potentialAction\":[{\"@type\":\"ReadAction\",\"target\":[\"https:\/\/annette-ahrens.at\/onlineshop\/produkt\/8-versilberte-platzteller-fa-wilkens-bremen\/\"]}]},{\"@type\":\"BreadcrumbList\",\"@id\":\"https:\/\/annette-ahrens.at\/onlineshop\/produkt\/8-versilberte-platzteller-fa-wilkens-bremen\/#breadcrumb\",\"itemListElement\":[{\"@type\":\"ListItem\",\"position\":1,\"item\":{\"@type\":\"WebPage\",\"@id\":\"https:\/\/annette-ahrens.at\/onlineshop\/\",\"url\":\"https:\/\/annette-ahrens.at\/onlineshop\/\",\"name\":\"Home\"}},{\"@type\":\"ListItem\",\"position\":2,\"item\":{\"@type\":\"WebPage\",\"@id\":\"https:\/\/annette-ahrens.at\/onlineshop\/alle-tafelkultur-objekte\/\",\"url\":\"https:\/\/annette-ahrens.at\/onlineshop\/alle-tafelkultur-objekte\/\",\"name\":\"Alle Tafelkultur Objekte\"}},{\"@type\":\"ListItem\",\"position\":3,\"item\":{\"@type\":\"WebPage\",\"@id\":\"https:\/\/annette-ahrens.at\/onlineshop\/produkt\/8-versilberte-platzteller-fa-wilkens-bremen\/\",\"url\":\"https:\/\/annette-ahrens.at\/onlineshop\/produkt\/8-versilberte-platzteller-fa-wilkens-bremen\/\",\"name\":\"8 versilberte Platzteller, Fa. Wilkens, Bremen, 20. Jahrhundert\"}}]}]}<\/script>\n<!-- \/ Yoast SEO Premium plugin. -->","_links":{"self":[{"href":"https:\/\/annette-ahrens.at\/onlineshop\/wp-json\/wp\/v2\/product\/137","targetHints":{"allow":["GET"]}}],"collection":[{"href":"https:\/\/annette-ahrens.at\/onlineshop\/wp-json\/wp\/v2\/product"}],"about":[{"href":"https:\/\/annette-ahrens.at\/onlineshop\/wp-json\/wp\/v2\/types\/product"}],"replies":[{"embeddable":true,"href":"https:\/\/annette-ahrens.at\/onlineshop\/wp-json\/wp\/v2\/comments?post=137"}],"wp:featuredmedia":[{"embeddable":true,"href":"https:\/\/annette-ahrens.at\/onlineshop\/wp-json\/wp\/v2\/media\/269"}],"wp:attachment":[{"href":"https:\/\/annette-ahrens.at\/onlineshop\/wp-json\/wp\/v2\/media?parent=137"}],"wp:term":[{"taxonomy":"product_brand","embeddable":true,"href":"https:\/\/annette-ahrens.at\/onlineshop\/wp-json\/wp\/v2\/product_brand?post=137"},{"taxonomy":"product_cat","embeddable":true,"href":"https:\/\/annette-ahrens.at\/onlineshop\/wp-json\/wp\/v2\/product_cat?post=137"},{"taxonomy":"product_tag","embeddable":true,"href":"https:\/\/annette-ahrens.at\/onlineshop\/wp-json\/wp\/v2\/product_tag?post=137"}],"curies":[{"name":"wp","href":"https:\/\/api.w.org\/{rel}","templated":true}]}}