{"id":13793,"date":"2022-02-19T21:47:41","date_gmt":"2022-02-19T20:47:41","guid":{"rendered":"https:\/\/annette-ahrens.at\/onlineshop\/?post_type=product&#038;p=13793"},"modified":"2022-04-11T12:59:29","modified_gmt":"2022-04-11T10:59:29","slug":"georg-jensen-silberner-art-deco-sardinenheber-kugel-kopenhagen-1916","status":"publish","type":"product","link":"https:\/\/annette-ahrens.at\/onlineshop\/produkt\/georg-jensen-silberner-art-deco-sardinenheber-kugel-kopenhagen-1916\/","title":{"rendered":"Georg Jensen, Silberner Art Deco Sardinenheber &#8222;Kugel&#8220;, Kopenhagen, 1916"},"content":{"rendered":"<p>Silberner Art Deco Sardinenheber &#8222;Kugel\/Beaded Nr. 7&#8220;<\/p>\n<p>Entwurf: Georg Jensen (1866 &#8211; 1935),\u00a0Kopenhagen, D\u00e4nemark, 1916<\/p>\n<p>Ausf\u00fchrung: Georg Jensen Silberschmiede, nach 1945<\/p>\n<p>Silber, Hefte gemarkt Kopenhagener Turmmarke Jahresstempel (19)53, ligiertes Meisterzeichen GJ, Aufsatz aus Stahl &#8222;STAINLESS DENMARK&#8220;<\/p>\n<p>L\u00e4nge 17,5 cm<\/p>\n<p>43 g (brutto)<\/p>\n<p>Literatur: Janet Drucker, Georg Jensen: A Tradition of Splendid Silver, 2001<\/p>\n","protected":false},"excerpt":{"rendered":"<p>Annettes Etikette: Georg Arthur Jensen (1866 \u2013 1935 Kopenhagen) er\u00f6ffnete nach einem absolviertem Bildhauerei-Studium und anschlie\u00dfender Mitarbeit im Atelier des d\u00e4nischen Hofjuweliers A. Michelsen 1904 sein eigenes Atelier in Kopenhagen. Hat Jensen anfangs vor allem Schmuckst\u00fccke in Arbeit, widmet er sich jedoch auch vereinzelt Korpusware, wie einer kleinen Teekanne, die zum Prototyp der 1919 entworfenen Besteck-und Korpus-Serie MAGNOLIA # 2 \/ BLOSSOM # 84 wurde. Georg Jensens erster Besteckentwurf entstand 1906 f\u00fcr das Muster ANTIK \/ CONTINENTAL. Bereits 1924 wurde eine Zweigstelle der h\u00f6chst erfolgreichen Georg Jensen Silberschmiede in New York er\u00f6ffnet, was seine Beliebtheit am internationalen Kunstmarkt bis heute erkl\u00e4rt. Sardinenheber werden im D\u00e4nischen als &#8222;sillgaffel&#8220; bezeichnet.<\/p>\n","protected":false},"featured_media":13882,"comment_status":"open","ping_status":"closed","template":"","meta":[],"product_brand":[],"product_cat":[30,298,267,235,300,295,263,132,296,239,53],"product_tag":[],"class_list":{"0":"post-13793","1":"product","2":"type-product","3":"status-publish","4":"has-post-thumbnail","6":"product_cat-besteck","7":"product_cat-buffet","8":"product_cat-fischvorleger","9":"product_cat-gabeln","10":"product_cat-gartenfest","11":"product_cat-jagdeinladung","12":"product_cat-sardinenheber","13":"product_cat-silber","14":"product_cat-silvester","15":"product_cat-spezialbestecke","16":"product_cat-weihnachten","18":"first","19":"instock","20":"sold-individually","21":"purchasable","22":"product-type-simple"},"yoast_head":"<!-- This site is optimized with the Yoast SEO Premium plugin v15.8.2 - https:\/\/yoast.com\/wordpress\/plugins\/seo\/ -->\n<title>Georg Jensen, Silberner Art Deco Sardinenheber &quot;Kugel&quot;, Kopenhagen, 1916<\/title>\n<meta name=\"description\" content=\"Georg Jensen, Silberner Art Deco Sardinenheber &quot;Kugel&quot;, Kopenhagen, 1916 \u2665 Antiquit\u00e4ten Online kaufen \u2713 Sichere Lieferung \u2713\" \/>\n<meta name=\"robots\" content=\"index, follow, max-snippet:-1, max-image-preview:large, max-video-preview:-1\" \/>\n<link rel=\"canonical\" href=\"https:\/\/annette-ahrens.at\/onlineshop\/produkt\/georg-jensen-silberner-art-deco-sardinenheber-kugel-kopenhagen-1916\/\" \/>\n<meta property=\"og:locale\" content=\"de_DE\" \/>\n<meta property=\"og:type\" content=\"article\" \/>\n<meta property=\"og:title\" content=\"Georg Jensen, Silberner Art Deco Sardinenheber &quot;Kugel&quot;, Kopenhagen, 1916\" \/>\n<meta property=\"og:description\" content=\"Georg Jensen, Silberner Art Deco Sardinenheber &quot;Kugel&quot;, Kopenhagen, 1916 \u2665 Antiquit\u00e4ten Online kaufen \u2713 Sichere Lieferung \u2713\" \/>\n<meta property=\"og:url\" content=\"https:\/\/annette-ahrens.at\/onlineshop\/produkt\/georg-jensen-silberner-art-deco-sardinenheber-kugel-kopenhagen-1916\/\" \/>\n<meta property=\"og:site_name\" content=\"Tafelkultur Onlineshop\" \/>\n<meta property=\"article:publisher\" content=\"https:\/\/www.facebook.com\/AnnetteAhrensTafelkultur\" \/>\n<meta property=\"article:modified_time\" content=\"2022-04-11T10:59:29+00:00\" \/>\n<meta property=\"og:image\" content=\"https:\/\/annette-ahrens.at\/onlineshop\/wp-content\/uploads\/2022\/02\/IMG_5341-rotated.jpeg\" \/>\n\t<meta property=\"og:image:width\" content=\"1936\" \/>\n\t<meta property=\"og:image:height\" content=\"1936\" \/>\n<meta name=\"twitter:card\" content=\"summary_large_image\" \/>\n<meta name=\"twitter:label1\" content=\"Gesch\u00e4tzte Lesezeit\">\n\t<meta name=\"twitter:data1\" content=\"1\u00a0Minute\">\n<script type=\"application\/ld+json\" class=\"yoast-schema-graph\">{\"@context\":\"https:\/\/schema.org\",\"@graph\":[{\"@type\":[\"Person\",\"Organization\"],\"@id\":\"https:\/\/annette-ahrens.at\/onlineshop\/#\/schema\/person\/3e19676faae246bba0cb3b7e15f427d8\",\"name\":\"Annette Ahrens\",\"image\":{\"@type\":\"ImageObject\",\"@id\":\"https:\/\/annette-ahrens.at\/onlineshop\/#personlogo\",\"inLanguage\":\"de\",\"url\":\"https:\/\/annette-ahrens.at\/onlineshop\/wp-content\/uploads\/2020\/04\/aa_logo_End.png\",\"width\":800,\"height\":164,\"caption\":\"Annette Ahrens\"},\"logo\":{\"@id\":\"https:\/\/annette-ahrens.at\/onlineshop\/#personlogo\"},\"sameAs\":[\"https:\/\/annette-ahrens.at\",\"https:\/\/www.facebook.com\/AnnetteAhrensTafelkultur\",\"https:\/\/www.instagram.com\/tafelkulturistin\/\",\"https:\/\/de.wikipedia.org\/wiki\/Annette_Ahrens\"]},{\"@type\":\"WebSite\",\"@id\":\"https:\/\/annette-ahrens.at\/onlineshop\/#website\",\"url\":\"https:\/\/annette-ahrens.at\/onlineshop\/\",\"name\":\"Tafelkultur Onlineshop\",\"description\":\"Annette Ahrens\",\"publisher\":{\"@id\":\"https:\/\/annette-ahrens.at\/onlineshop\/#\/schema\/person\/3e19676faae246bba0cb3b7e15f427d8\"},\"potentialAction\":[{\"@type\":\"SearchAction\",\"target\":\"https:\/\/annette-ahrens.at\/onlineshop\/?s={search_term_string}\",\"query-input\":\"required name=search_term_string\"}],\"inLanguage\":\"de\"},{\"@type\":\"ImageObject\",\"@id\":\"https:\/\/annette-ahrens.at\/onlineshop\/produkt\/georg-jensen-silberner-art-deco-sardinenheber-kugel-kopenhagen-1916\/#primaryimage\",\"inLanguage\":\"de\",\"url\":\"https:\/\/annette-ahrens.at\/onlineshop\/wp-content\/uploads\/2022\/02\/IMG_5341-rotated.jpeg\",\"width\":1936,\"height\":1936,\"caption\":\"sardinenheber_jensen\"},{\"@type\":[\"WebPage\",\"ItemPage\"],\"@id\":\"https:\/\/annette-ahrens.at\/onlineshop\/produkt\/georg-jensen-silberner-art-deco-sardinenheber-kugel-kopenhagen-1916\/#webpage\",\"url\":\"https:\/\/annette-ahrens.at\/onlineshop\/produkt\/georg-jensen-silberner-art-deco-sardinenheber-kugel-kopenhagen-1916\/\",\"name\":\"Georg Jensen, Silberner Art Deco Sardinenheber \\\"Kugel\\\", Kopenhagen, 1916\",\"isPartOf\":{\"@id\":\"https:\/\/annette-ahrens.at\/onlineshop\/#website\"},\"primaryImageOfPage\":{\"@id\":\"https:\/\/annette-ahrens.at\/onlineshop\/produkt\/georg-jensen-silberner-art-deco-sardinenheber-kugel-kopenhagen-1916\/#primaryimage\"},\"datePublished\":\"2022-02-19T20:47:41+00:00\",\"dateModified\":\"2022-04-11T10:59:29+00:00\",\"description\":\"Georg Jensen, Silberner Art Deco Sardinenheber \\\"Kugel\\\", Kopenhagen, 1916 \\u2665 Antiquit\\u00e4ten Online kaufen \\u2713 Sichere Lieferung \\u2713\",\"breadcrumb\":{\"@id\":\"https:\/\/annette-ahrens.at\/onlineshop\/produkt\/georg-jensen-silberner-art-deco-sardinenheber-kugel-kopenhagen-1916\/#breadcrumb\"},\"inLanguage\":\"de\",\"potentialAction\":[{\"@type\":\"ReadAction\",\"target\":[\"https:\/\/annette-ahrens.at\/onlineshop\/produkt\/georg-jensen-silberner-art-deco-sardinenheber-kugel-kopenhagen-1916\/\"]}]},{\"@type\":\"BreadcrumbList\",\"@id\":\"https:\/\/annette-ahrens.at\/onlineshop\/produkt\/georg-jensen-silberner-art-deco-sardinenheber-kugel-kopenhagen-1916\/#breadcrumb\",\"itemListElement\":[{\"@type\":\"ListItem\",\"position\":1,\"item\":{\"@type\":\"WebPage\",\"@id\":\"https:\/\/annette-ahrens.at\/onlineshop\/\",\"url\":\"https:\/\/annette-ahrens.at\/onlineshop\/\",\"name\":\"Home\"}},{\"@type\":\"ListItem\",\"position\":2,\"item\":{\"@type\":\"WebPage\",\"@id\":\"https:\/\/annette-ahrens.at\/onlineshop\/alle-tafelkultur-objekte\/\",\"url\":\"https:\/\/annette-ahrens.at\/onlineshop\/alle-tafelkultur-objekte\/\",\"name\":\"Alle Tafelkultur Objekte\"}},{\"@type\":\"ListItem\",\"position\":3,\"item\":{\"@type\":\"WebPage\",\"@id\":\"https:\/\/annette-ahrens.at\/onlineshop\/produkt\/georg-jensen-silberner-art-deco-sardinenheber-kugel-kopenhagen-1916\/\",\"url\":\"https:\/\/annette-ahrens.at\/onlineshop\/produkt\/georg-jensen-silberner-art-deco-sardinenheber-kugel-kopenhagen-1916\/\",\"name\":\"Georg Jensen, Silberner Art Deco Sardinenheber &#8220;Kugel&#8221;, Kopenhagen, 1916\"}}]}]}<\/script>\n<!-- \/ Yoast SEO Premium plugin. -->","_links":{"self":[{"href":"https:\/\/annette-ahrens.at\/onlineshop\/wp-json\/wp\/v2\/product\/13793","targetHints":{"allow":["GET"]}}],"collection":[{"href":"https:\/\/annette-ahrens.at\/onlineshop\/wp-json\/wp\/v2\/product"}],"about":[{"href":"https:\/\/annette-ahrens.at\/onlineshop\/wp-json\/wp\/v2\/types\/product"}],"replies":[{"embeddable":true,"href":"https:\/\/annette-ahrens.at\/onlineshop\/wp-json\/wp\/v2\/comments?post=13793"}],"wp:featuredmedia":[{"embeddable":true,"href":"https:\/\/annette-ahrens.at\/onlineshop\/wp-json\/wp\/v2\/media\/13882"}],"wp:attachment":[{"href":"https:\/\/annette-ahrens.at\/onlineshop\/wp-json\/wp\/v2\/media?parent=13793"}],"wp:term":[{"taxonomy":"product_brand","embeddable":true,"href":"https:\/\/annette-ahrens.at\/onlineshop\/wp-json\/wp\/v2\/product_brand?post=13793"},{"taxonomy":"product_cat","embeddable":true,"href":"https:\/\/annette-ahrens.at\/onlineshop\/wp-json\/wp\/v2\/product_cat?post=13793"},{"taxonomy":"product_tag","embeddable":true,"href":"https:\/\/annette-ahrens.at\/onlineshop\/wp-json\/wp\/v2\/product_tag?post=13793"}],"curies":[{"name":"wp","href":"https:\/\/api.w.org\/{rel}","templated":true}]}}