{"id":13794,"date":"2022-02-19T21:51:43","date_gmt":"2022-02-19T20:51:43","guid":{"rendered":"https:\/\/annette-ahrens.at\/onlineshop\/?post_type=product&#038;p=13794"},"modified":"2024-07-24T13:44:39","modified_gmt":"2024-07-24T11:44:39","slug":"versilberte-midcentury-teekanne-hans-bunde-fuer-fa-cohr-daenemark-um-1950","status":"publish","type":"product","link":"https:\/\/annette-ahrens.at\/onlineshop\/produkt\/versilberte-midcentury-teekanne-hans-bunde-fuer-fa-cohr-daenemark-um-1950\/","title":{"rendered":"Versilberte Midcentury Teekanne &#8222;CONICA&#8220;, Hans Bunde f\u00fcr Fa. Cohr, D\u00e4nemark, um 1960"},"content":{"rendered":"<p>Versilberte Midcentury Teekanne &#8222;CONICA&#8220;,<\/p>\n<p>Hans Bunde (geb. 1919) f\u00fcr Fa. Carl M. Cohr, D\u00e4nemark, um 1960<\/p>\n<p>Alpacca, versilbert, runde Kanne mit glatter Wandung, abnehmbarer Deckel und\u00a0geschwungener Henkel aus schwarzem Bakelit, am Boden gemarkt &#8222;COHR, DENMARK&#8220;<\/p>\n<p>H 15 cm<\/p>\n<p>Dm 14 cm<\/p>\n<p>Fassungsverm\u00f6gen Teekanne ca. 1.100ml<\/p>\n","protected":false},"excerpt":{"rendered":"<p>Annettes Etikette:\u00a0<span class=\"Y2IQFc\" lang=\"de\">Hans Bunde ist einer der \u201eneuen\u201c Silbernamen in der Auktionswelt und zeichnet f\u00fcr besondere Silbergegenst\u00e4nde des in J\u00fctland ans\u00e4ssigen Silberunternehmens Carl M. Cohr verantwoortlich. W\u00e4hrend Bundes Lehre in der Silberschmiedewerkstatt von A. Michelsen waren zahlreiche Architekten damit besch\u00e4ftigt, der Gestaltung von Korpussilber neue Inspiration und Kreativit\u00e4t zu verleihen. Sp\u00e4ter arbeitete er f\u00fcr den weltber\u00fchmten schwedischen Silberschmied Wiwen Nilsson, kehrte jedoch 1951 zu Cohr zur\u00fcck.<\/span><\/p>\n","protected":false},"featured_media":13812,"comment_status":"open","ping_status":"closed","template":"","meta":[],"product_brand":[],"product_cat":[25,297,276,18,19,217,226,38,268,149,271],"product_tag":[],"class_list":{"0":"post-13794","1":"product","2":"type-product","3":"status-publish","4":"has-post-thumbnail","6":"product_cat-5o-clock-tea","7":"product_cat-adventjause","8":"product_cat-alpacca","9":"product_cat-fruehstueck","10":"product_cat-gabelfruehstueck","11":"product_cat-heissgetraenke","12":"product_cat-kaffee-tee","13":"product_cat-tee","14":"product_cat-tee-5o-clock-tea","15":"product_cat-teekanne","16":"product_cat-teekessel","18":"first","19":"instock","20":"sold-individually","21":"purchasable","22":"product-type-simple"},"yoast_head":"<!-- This site is optimized with the Yoast SEO Premium plugin v15.8.2 - https:\/\/yoast.com\/wordpress\/plugins\/seo\/ -->\n<title>Versilberte Midcentury Teekanne &quot;CONICA&quot;, Hans Bunde f\u00fcr Fa. Cohr, D\u00e4nemark, um 1960<\/title>\n<meta name=\"description\" content=\"Versilberte Midcentury Teekanne &quot;CONICA&quot;, Hans Bunde f\u00fcr Fa. Cohr, D\u00e4nemark, um 1960 \u2665 Antiquit\u00e4ten Online kaufen \u2713 Sichere Lieferung \u2713\" \/>\n<meta name=\"robots\" content=\"index, follow, max-snippet:-1, max-image-preview:large, max-video-preview:-1\" \/>\n<link rel=\"canonical\" href=\"https:\/\/annette-ahrens.at\/onlineshop\/produkt\/versilberte-midcentury-teekanne-hans-bunde-fuer-fa-cohr-daenemark-um-1950\/\" \/>\n<meta property=\"og:locale\" content=\"de_DE\" \/>\n<meta property=\"og:type\" content=\"article\" \/>\n<meta property=\"og:title\" content=\"Versilberte Midcentury Teekanne &quot;CONICA&quot;, Hans Bunde f\u00fcr Fa. Cohr, D\u00e4nemark, um 1960\" \/>\n<meta property=\"og:description\" content=\"Versilberte Midcentury Teekanne &quot;CONICA&quot;, Hans Bunde f\u00fcr Fa. Cohr, D\u00e4nemark, um 1960 \u2665 Antiquit\u00e4ten Online kaufen \u2713 Sichere Lieferung \u2713\" \/>\n<meta property=\"og:url\" content=\"https:\/\/annette-ahrens.at\/onlineshop\/produkt\/versilberte-midcentury-teekanne-hans-bunde-fuer-fa-cohr-daenemark-um-1950\/\" \/>\n<meta property=\"og:site_name\" content=\"Tafelkultur Onlineshop\" \/>\n<meta property=\"article:publisher\" content=\"https:\/\/www.facebook.com\/AnnetteAhrensTafelkultur\" \/>\n<meta property=\"article:modified_time\" content=\"2024-07-24T11:44:39+00:00\" \/>\n<meta property=\"og:image\" content=\"https:\/\/annette-ahrens.at\/onlineshop\/wp-content\/uploads\/2022\/02\/IMG_5222.jpeg\" \/>\n\t<meta property=\"og:image:width\" content=\"1704\" \/>\n\t<meta property=\"og:image:height\" content=\"1687\" \/>\n<meta name=\"twitter:card\" content=\"summary_large_image\" \/>\n<meta name=\"twitter:label1\" content=\"Gesch\u00e4tzte Lesezeit\">\n\t<meta name=\"twitter:data1\" content=\"1\u00a0Minute\">\n<script type=\"application\/ld+json\" class=\"yoast-schema-graph\">{\"@context\":\"https:\/\/schema.org\",\"@graph\":[{\"@type\":[\"Person\",\"Organization\"],\"@id\":\"https:\/\/annette-ahrens.at\/onlineshop\/#\/schema\/person\/3e19676faae246bba0cb3b7e15f427d8\",\"name\":\"Annette Ahrens\",\"image\":{\"@type\":\"ImageObject\",\"@id\":\"https:\/\/annette-ahrens.at\/onlineshop\/#personlogo\",\"inLanguage\":\"de\",\"url\":\"https:\/\/annette-ahrens.at\/onlineshop\/wp-content\/uploads\/2020\/04\/aa_logo_End.png\",\"width\":800,\"height\":164,\"caption\":\"Annette Ahrens\"},\"logo\":{\"@id\":\"https:\/\/annette-ahrens.at\/onlineshop\/#personlogo\"},\"sameAs\":[\"https:\/\/annette-ahrens.at\",\"https:\/\/www.facebook.com\/AnnetteAhrensTafelkultur\",\"https:\/\/www.instagram.com\/tafelkulturistin\/\",\"https:\/\/de.wikipedia.org\/wiki\/Annette_Ahrens\"]},{\"@type\":\"WebSite\",\"@id\":\"https:\/\/annette-ahrens.at\/onlineshop\/#website\",\"url\":\"https:\/\/annette-ahrens.at\/onlineshop\/\",\"name\":\"Tafelkultur Onlineshop\",\"description\":\"Annette Ahrens\",\"publisher\":{\"@id\":\"https:\/\/annette-ahrens.at\/onlineshop\/#\/schema\/person\/3e19676faae246bba0cb3b7e15f427d8\"},\"potentialAction\":[{\"@type\":\"SearchAction\",\"target\":\"https:\/\/annette-ahrens.at\/onlineshop\/?s={search_term_string}\",\"query-input\":\"required name=search_term_string\"}],\"inLanguage\":\"de\"},{\"@type\":\"ImageObject\",\"@id\":\"https:\/\/annette-ahrens.at\/onlineshop\/produkt\/versilberte-midcentury-teekanne-hans-bunde-fuer-fa-cohr-daenemark-um-1950\/#primaryimage\",\"inLanguage\":\"de\",\"url\":\"https:\/\/annette-ahrens.at\/onlineshop\/wp-content\/uploads\/2022\/02\/IMG_5222.jpeg\",\"width\":1704,\"height\":1687,\"caption\":\"teekanne_cohr_bunde\"},{\"@type\":[\"WebPage\",\"ItemPage\"],\"@id\":\"https:\/\/annette-ahrens.at\/onlineshop\/produkt\/versilberte-midcentury-teekanne-hans-bunde-fuer-fa-cohr-daenemark-um-1950\/#webpage\",\"url\":\"https:\/\/annette-ahrens.at\/onlineshop\/produkt\/versilberte-midcentury-teekanne-hans-bunde-fuer-fa-cohr-daenemark-um-1950\/\",\"name\":\"Versilberte Midcentury Teekanne \\\"CONICA\\\", Hans Bunde f\\u00fcr Fa. Cohr, D\\u00e4nemark, um 1960\",\"isPartOf\":{\"@id\":\"https:\/\/annette-ahrens.at\/onlineshop\/#website\"},\"primaryImageOfPage\":{\"@id\":\"https:\/\/annette-ahrens.at\/onlineshop\/produkt\/versilberte-midcentury-teekanne-hans-bunde-fuer-fa-cohr-daenemark-um-1950\/#primaryimage\"},\"datePublished\":\"2022-02-19T20:51:43+00:00\",\"dateModified\":\"2024-07-24T11:44:39+00:00\",\"description\":\"Versilberte Midcentury Teekanne \\\"CONICA\\\", Hans Bunde f\\u00fcr Fa. Cohr, D\\u00e4nemark, um 1960 \\u2665 Antiquit\\u00e4ten Online kaufen \\u2713 Sichere Lieferung \\u2713\",\"breadcrumb\":{\"@id\":\"https:\/\/annette-ahrens.at\/onlineshop\/produkt\/versilberte-midcentury-teekanne-hans-bunde-fuer-fa-cohr-daenemark-um-1950\/#breadcrumb\"},\"inLanguage\":\"de\",\"potentialAction\":[{\"@type\":\"ReadAction\",\"target\":[\"https:\/\/annette-ahrens.at\/onlineshop\/produkt\/versilberte-midcentury-teekanne-hans-bunde-fuer-fa-cohr-daenemark-um-1950\/\"]}]},{\"@type\":\"BreadcrumbList\",\"@id\":\"https:\/\/annette-ahrens.at\/onlineshop\/produkt\/versilberte-midcentury-teekanne-hans-bunde-fuer-fa-cohr-daenemark-um-1950\/#breadcrumb\",\"itemListElement\":[{\"@type\":\"ListItem\",\"position\":1,\"item\":{\"@type\":\"WebPage\",\"@id\":\"https:\/\/annette-ahrens.at\/onlineshop\/\",\"url\":\"https:\/\/annette-ahrens.at\/onlineshop\/\",\"name\":\"Home\"}},{\"@type\":\"ListItem\",\"position\":2,\"item\":{\"@type\":\"WebPage\",\"@id\":\"https:\/\/annette-ahrens.at\/onlineshop\/alle-tafelkultur-objekte\/\",\"url\":\"https:\/\/annette-ahrens.at\/onlineshop\/alle-tafelkultur-objekte\/\",\"name\":\"Alle Tafelkultur Objekte\"}},{\"@type\":\"ListItem\",\"position\":3,\"item\":{\"@type\":\"WebPage\",\"@id\":\"https:\/\/annette-ahrens.at\/onlineshop\/produkt\/versilberte-midcentury-teekanne-hans-bunde-fuer-fa-cohr-daenemark-um-1950\/\",\"url\":\"https:\/\/annette-ahrens.at\/onlineshop\/produkt\/versilberte-midcentury-teekanne-hans-bunde-fuer-fa-cohr-daenemark-um-1950\/\",\"name\":\"Versilberte Midcentury Teekanne &#8220;CONICA&#8221;, Hans Bunde f\\u00fcr Fa. Cohr, D\\u00e4nemark, um 1960\"}}]}]}<\/script>\n<!-- \/ Yoast SEO Premium plugin. -->","_links":{"self":[{"href":"https:\/\/annette-ahrens.at\/onlineshop\/wp-json\/wp\/v2\/product\/13794","targetHints":{"allow":["GET"]}}],"collection":[{"href":"https:\/\/annette-ahrens.at\/onlineshop\/wp-json\/wp\/v2\/product"}],"about":[{"href":"https:\/\/annette-ahrens.at\/onlineshop\/wp-json\/wp\/v2\/types\/product"}],"replies":[{"embeddable":true,"href":"https:\/\/annette-ahrens.at\/onlineshop\/wp-json\/wp\/v2\/comments?post=13794"}],"wp:featuredmedia":[{"embeddable":true,"href":"https:\/\/annette-ahrens.at\/onlineshop\/wp-json\/wp\/v2\/media\/13812"}],"wp:attachment":[{"href":"https:\/\/annette-ahrens.at\/onlineshop\/wp-json\/wp\/v2\/media?parent=13794"}],"wp:term":[{"taxonomy":"product_brand","embeddable":true,"href":"https:\/\/annette-ahrens.at\/onlineshop\/wp-json\/wp\/v2\/product_brand?post=13794"},{"taxonomy":"product_cat","embeddable":true,"href":"https:\/\/annette-ahrens.at\/onlineshop\/wp-json\/wp\/v2\/product_cat?post=13794"},{"taxonomy":"product_tag","embeddable":true,"href":"https:\/\/annette-ahrens.at\/onlineshop\/wp-json\/wp\/v2\/product_tag?post=13794"}],"curies":[{"name":"wp","href":"https:\/\/api.w.org\/{rel}","templated":true}]}}