{"id":140,"date":"2020-04-24T14:54:10","date_gmt":"2020-04-24T12:54:10","guid":{"rendered":"https:\/\/annette-ahrens.at\/silbershop\/?post_type=product&#038;p=140"},"modified":"2025-11-16T22:06:16","modified_gmt":"2025-11-16T21:06:16","slug":"jardiniere-renaissance-fa-berndorf-um-1880","status":"publish","type":"product","link":"https:\/\/annette-ahrens.at\/onlineshop\/produkt\/jardiniere-renaissance-fa-berndorf-um-1880\/","title":{"rendered":"Versilberte Jardini\u00e8re &#8222;Renaissance&#8220;, Fa. Berndorf, um 1880"},"content":{"rendered":"<p>Versilberte Jardini\u00e8re &#8222;Renaissance&#8220;<\/p>\n<p>Fa. Berndorf, \u00d6sterreich &#8211; Ungarische Monarchie, um 1880<\/p>\n<p>Alpacca, versilbert, ovale Halterung mit seitlichen Handhaben, als plastische K\u00f6pfe ausgef\u00fchrt, bewegliche Lorbeerfestons, originaler, handgeschliffener Glaseinsatz, farbloses Glas mit Sch\u00e4lschliff und Bodenstern, tadelloser, handpolierter Erhaltungszustand, gemarkt mit runder Firmenmarke schreitender B\u00e4r<\/p>\n<p>L\u00e4nge 24 cm<\/p>\n<p>H\u00f6he 17 cm<\/p>\n<p>Breite 22 m<\/p>\n<p>Siehe: Auszug aus dem Katalog der Fa. Berndorf, 1911, Modellnummer 50015<\/p>\n","protected":false},"excerpt":{"rendered":"<p>Annettes Etikette: Die Berndorfer Metallwarenfabrik wurde von den beiden Unternehmern <a title=\"Alexander von Schoeller\" href=\"https:\/\/de.wikipedia.org\/wiki\/Alexander_von_Schoeller\">Alexander Schoeller<\/a> und <a title=\"Alfred Krupp\" href=\"https:\/\/de.wikipedia.org\/wiki\/Alfred_Krupp\">Alfred Krupp<\/a> im Jahr 1843 gegr\u00fcndet. Der <a title=\"B\u00e4r (Wappentier)\" href=\"https:\/\/de.wikipedia.org\/wiki\/B%C3%A4r_(Wappentier)\">B\u00e4r<\/a>, das Wappentier von Berndorf, wurde ab 1890 gemeinsam mit dem Namen Berndorf im Markenzeichen verwendet. Zahlreiche erhaltene Firmenkataloge geben mir Auskunft wof\u00fcr das St\u00fcck Tafelkultur eigentlich vorgesehen war. Der Ausdruck &#8222;Jardini\u00e8re&#8220; leitet sich vom franz\u00f6sischen Wort ab und soll quasi mit gesteckten Blumen den Garten auf die Tafel zaubern.<\/p>\n<p><u>Weiterf\u00fchrende Literatur:\u00a0<\/u>Muster- und Preisbuch der Berndorfer Metallwarenfabrik \u00fcber Bestecke und Tafelger\u00e4te aus Alpacca-Silber I., Arthur Krupp, 1911;\u00a0Ingrid Haslinger, Tafelkultur Marke Berndorf, Wien 1998 (Ausstellung in der Silberkammer Wien);\u00a0krupp stadt museum BERNDORF (Hg.), \u201eBerndorfer Silber, Tafeln mit Stil, Besteckkultur von 1843 bis heute\u201c, Berndorf 2007;<\/p>\n","protected":false},"featured_media":141,"comment_status":"open","ping_status":"closed","template":"","meta":[],"product_brand":[],"product_cat":[297,276,298,294,275,291,282,292,279,281,131,53,308],"product_tag":[],"class_list":{"0":"post-140","1":"product","2":"type-product","3":"status-publish","4":"has-post-thumbnail","6":"product_cat-adventjause","7":"product_cat-alpacca","8":"product_cat-buffet","9":"product_cat-geburtstag","10":"product_cat-glas-fachbuecher","11":"product_cat-hochzeit","12":"product_cat-jardiniere","13":"product_cat-muttertag","14":"product_cat-schale","15":"product_cat-tafelaufsatz","16":"product_cat-tafeldekorationen","17":"product_cat-weihnachten","18":"product_cat-weihnachtsgebaeck","20":"first","21":"instock","22":"sold-individually","23":"purchasable","24":"product-type-simple"},"yoast_head":"<!-- This site is optimized with the Yoast SEO Premium plugin v15.8.2 - https:\/\/yoast.com\/wordpress\/plugins\/seo\/ -->\n<title>Versilberte Jardini\u00e8re &quot;Renaissance&quot;, Fa. Berndorf, um 1880<\/title>\n<meta name=\"description\" content=\"Versilberte Jardini\u00e8re &quot;Renaissance&quot;, Fa. Berndorf, um 1880 \u2665 Antiquit\u00e4ten Online kaufen \u2713 Sichere Lieferung \u2713\" \/>\n<meta name=\"robots\" content=\"index, follow, max-snippet:-1, max-image-preview:large, max-video-preview:-1\" \/>\n<link rel=\"canonical\" href=\"https:\/\/annette-ahrens.at\/onlineshop\/produkt\/jardiniere-renaissance-fa-berndorf-um-1880\/\" \/>\n<meta property=\"og:locale\" content=\"de_DE\" \/>\n<meta property=\"og:type\" content=\"article\" \/>\n<meta property=\"og:title\" content=\"Versilberte Jardini\u00e8re &quot;Renaissance&quot;, Fa. Berndorf, um 1880\" \/>\n<meta property=\"og:description\" content=\"Versilberte Jardini\u00e8re &quot;Renaissance&quot;, Fa. Berndorf, um 1880 \u2665 Antiquit\u00e4ten Online kaufen \u2713 Sichere Lieferung \u2713\" \/>\n<meta property=\"og:url\" content=\"https:\/\/annette-ahrens.at\/onlineshop\/produkt\/jardiniere-renaissance-fa-berndorf-um-1880\/\" \/>\n<meta property=\"og:site_name\" content=\"Tafelkultur Onlineshop\" \/>\n<meta property=\"article:publisher\" content=\"https:\/\/www.facebook.com\/AnnetteAhrensTafelkultur\" \/>\n<meta property=\"article:modified_time\" content=\"2025-11-16T21:06:16+00:00\" \/>\n<meta property=\"og:image\" content=\"https:\/\/annette-ahrens.at\/onlineshop\/wp-content\/uploads\/2020\/04\/jardiniere_berndorf.jpeg\" \/>\n\t<meta property=\"og:image:width\" content=\"640\" \/>\n\t<meta property=\"og:image:height\" content=\"480\" \/>\n<meta name=\"twitter:card\" content=\"summary_large_image\" \/>\n<script type=\"application\/ld+json\" class=\"yoast-schema-graph\">{\"@context\":\"https:\/\/schema.org\",\"@graph\":[{\"@type\":[\"Person\",\"Organization\"],\"@id\":\"https:\/\/annette-ahrens.at\/onlineshop\/#\/schema\/person\/3e19676faae246bba0cb3b7e15f427d8\",\"name\":\"Annette Ahrens\",\"image\":{\"@type\":\"ImageObject\",\"@id\":\"https:\/\/annette-ahrens.at\/onlineshop\/#personlogo\",\"inLanguage\":\"de\",\"url\":\"https:\/\/annette-ahrens.at\/onlineshop\/wp-content\/uploads\/2020\/04\/aa_logo_End.png\",\"width\":800,\"height\":164,\"caption\":\"Annette Ahrens\"},\"logo\":{\"@id\":\"https:\/\/annette-ahrens.at\/onlineshop\/#personlogo\"},\"sameAs\":[\"https:\/\/annette-ahrens.at\",\"https:\/\/www.facebook.com\/AnnetteAhrensTafelkultur\",\"https:\/\/www.instagram.com\/tafelkulturistin\/\",\"https:\/\/de.wikipedia.org\/wiki\/Annette_Ahrens\"]},{\"@type\":\"WebSite\",\"@id\":\"https:\/\/annette-ahrens.at\/onlineshop\/#website\",\"url\":\"https:\/\/annette-ahrens.at\/onlineshop\/\",\"name\":\"Tafelkultur Onlineshop\",\"description\":\"Annette Ahrens\",\"publisher\":{\"@id\":\"https:\/\/annette-ahrens.at\/onlineshop\/#\/schema\/person\/3e19676faae246bba0cb3b7e15f427d8\"},\"potentialAction\":[{\"@type\":\"SearchAction\",\"target\":\"https:\/\/annette-ahrens.at\/onlineshop\/?s={search_term_string}\",\"query-input\":\"required name=search_term_string\"}],\"inLanguage\":\"de\"},{\"@type\":\"ImageObject\",\"@id\":\"https:\/\/annette-ahrens.at\/onlineshop\/produkt\/jardiniere-renaissance-fa-berndorf-um-1880\/#primaryimage\",\"inLanguage\":\"de\",\"url\":\"https:\/\/annette-ahrens.at\/onlineshop\/wp-content\/uploads\/2020\/04\/jardiniere_berndorf.jpeg\",\"width\":640,\"height\":480,\"caption\":\"jardiniere_berndorf\"},{\"@type\":[\"WebPage\",\"ItemPage\"],\"@id\":\"https:\/\/annette-ahrens.at\/onlineshop\/produkt\/jardiniere-renaissance-fa-berndorf-um-1880\/#webpage\",\"url\":\"https:\/\/annette-ahrens.at\/onlineshop\/produkt\/jardiniere-renaissance-fa-berndorf-um-1880\/\",\"name\":\"Versilberte Jardini\\u00e8re \\\"Renaissance\\\", Fa. Berndorf, um 1880\",\"isPartOf\":{\"@id\":\"https:\/\/annette-ahrens.at\/onlineshop\/#website\"},\"primaryImageOfPage\":{\"@id\":\"https:\/\/annette-ahrens.at\/onlineshop\/produkt\/jardiniere-renaissance-fa-berndorf-um-1880\/#primaryimage\"},\"datePublished\":\"2020-04-24T12:54:10+00:00\",\"dateModified\":\"2025-11-16T21:06:16+00:00\",\"description\":\"Versilberte Jardini\\u00e8re \\\"Renaissance\\\", Fa. Berndorf, um 1880 \\u2665 Antiquit\\u00e4ten Online kaufen \\u2713 Sichere Lieferung \\u2713\",\"breadcrumb\":{\"@id\":\"https:\/\/annette-ahrens.at\/onlineshop\/produkt\/jardiniere-renaissance-fa-berndorf-um-1880\/#breadcrumb\"},\"inLanguage\":\"de\",\"potentialAction\":[{\"@type\":\"ReadAction\",\"target\":[\"https:\/\/annette-ahrens.at\/onlineshop\/produkt\/jardiniere-renaissance-fa-berndorf-um-1880\/\"]}]},{\"@type\":\"BreadcrumbList\",\"@id\":\"https:\/\/annette-ahrens.at\/onlineshop\/produkt\/jardiniere-renaissance-fa-berndorf-um-1880\/#breadcrumb\",\"itemListElement\":[{\"@type\":\"ListItem\",\"position\":1,\"item\":{\"@type\":\"WebPage\",\"@id\":\"https:\/\/annette-ahrens.at\/onlineshop\/\",\"url\":\"https:\/\/annette-ahrens.at\/onlineshop\/\",\"name\":\"Home\"}},{\"@type\":\"ListItem\",\"position\":2,\"item\":{\"@type\":\"WebPage\",\"@id\":\"https:\/\/annette-ahrens.at\/onlineshop\/alle-tafelkultur-objekte\/\",\"url\":\"https:\/\/annette-ahrens.at\/onlineshop\/alle-tafelkultur-objekte\/\",\"name\":\"Alle Tafelkultur Objekte\"}},{\"@type\":\"ListItem\",\"position\":3,\"item\":{\"@type\":\"WebPage\",\"@id\":\"https:\/\/annette-ahrens.at\/onlineshop\/produkt\/jardiniere-renaissance-fa-berndorf-um-1880\/\",\"url\":\"https:\/\/annette-ahrens.at\/onlineshop\/produkt\/jardiniere-renaissance-fa-berndorf-um-1880\/\",\"name\":\"Versilberte Jardini\\u00e8re &#8222;Renaissance&#8220;, Fa. Berndorf, um 1880\"}}]}]}<\/script>\n<!-- \/ Yoast SEO Premium plugin. -->","_links":{"self":[{"href":"https:\/\/annette-ahrens.at\/onlineshop\/wp-json\/wp\/v2\/product\/140","targetHints":{"allow":["GET"]}}],"collection":[{"href":"https:\/\/annette-ahrens.at\/onlineshop\/wp-json\/wp\/v2\/product"}],"about":[{"href":"https:\/\/annette-ahrens.at\/onlineshop\/wp-json\/wp\/v2\/types\/product"}],"replies":[{"embeddable":true,"href":"https:\/\/annette-ahrens.at\/onlineshop\/wp-json\/wp\/v2\/comments?post=140"}],"wp:featuredmedia":[{"embeddable":true,"href":"https:\/\/annette-ahrens.at\/onlineshop\/wp-json\/wp\/v2\/media\/141"}],"wp:attachment":[{"href":"https:\/\/annette-ahrens.at\/onlineshop\/wp-json\/wp\/v2\/media?parent=140"}],"wp:term":[{"taxonomy":"product_brand","embeddable":true,"href":"https:\/\/annette-ahrens.at\/onlineshop\/wp-json\/wp\/v2\/product_brand?post=140"},{"taxonomy":"product_cat","embeddable":true,"href":"https:\/\/annette-ahrens.at\/onlineshop\/wp-json\/wp\/v2\/product_cat?post=140"},{"taxonomy":"product_tag","embeddable":true,"href":"https:\/\/annette-ahrens.at\/onlineshop\/wp-json\/wp\/v2\/product_tag?post=140"}],"curies":[{"name":"wp","href":"https:\/\/api.w.org\/{rel}","templated":true}]}}