{"id":14025,"date":"2022-05-10T11:35:58","date_gmt":"2022-05-10T09:35:58","guid":{"rendered":"https:\/\/annette-ahrens.at\/onlineshop\/?post_type=product&#038;p=14025"},"modified":"2023-12-09T16:47:27","modified_gmt":"2023-12-09T15:47:27","slug":"23-teiliges-midcentury-service-oskar-schlegelmilch-langewiesen-thueringen-um-1950","status":"publish","type":"product","link":"https:\/\/annette-ahrens.at\/onlineshop\/produkt\/23-teiliges-midcentury-service-oskar-schlegelmilch-langewiesen-thueringen-um-1950\/","title":{"rendered":"23 teiliges Midcentury Service, Oskar Schlegelmilch, Langewiesen, Th\u00fcringen, um 1950"},"content":{"rendered":"<p>Midcentury Teeservice<\/p>\n<p>Oskar Schlegelmilch, Langewiesen, Th\u00fcringen, um 1950<\/p>\n<p>Porzellan, weiss glasiert, in vier Farben gespritzter Fond, ausgekratzter Liniendekor, insgesamt 23 Teile bestehend aus 6 Tassen mit 6 Untertellern und 6 Dessertellern, Kanne mit Deckel, Zuckerdose mit Deckel und Milchk\u00e4nnchen, alle Teile auf der Unterseite mit unterglasurblauer Manufakturmarke gemarkt &#8222;Oskar Schlegelmilch&#8220; und bekr\u00f6ntem &#8222;L&#8220; f\u00fcr den Produktionsstandort Langewiesen<\/p>\n<p>Dm 10 cm, H 5,8 cm (Tasse)<\/p>\n<p>Dm 15,2 cm (Untertasse)<\/p>\n<p>Dm 19,4 cm (Teller)<\/p>\n","protected":false},"excerpt":{"rendered":"<p>Annettes Etikette:<span class=\"tBJ dyH iFc yTZ pBj zDA IZT swG\">\u00a0Die Porzellanfabrik Schlegelmilch wurde vom Einzelhandelskaufmann Oskar Schlegelmilch im Jahre 1892 gegr\u00fcndet und geh\u00f6rte bis zur Schliessung 1972 zu den wichtigen Porzellanmanufakturen Th\u00fcringens. Um 1930 sind hundert neue Muster und ca. 1.200 Dekore belegt. Ab 1953 wird der Betrieb von der VEB Gehren staatlich verwaltet und nennt rund 225 Mitarbeiter. Der Gro\u00dfteil der Produktion geht ins Ausland. Treu den neuen Anforderungen einer nicht mehr so aufwendigen Produktionstechnik entspricht dieses fr\u00f6hliche Service einer neue Sachlichkeit. Eine Dauerausstellung im Heinse-Haus in Langewieden zeigt die Produktionsvielfalt. Die blaue Bodenmarke mit dem bekr\u00f6nten L wird von 1953 bis 1972 datiert.<\/span><\/p>\n","protected":false},"featured_media":15389,"comment_status":"open","ping_status":"closed","template":"","meta":[],"product_brand":[],"product_cat":[25,297,136,18,300,294,191,217,291,37,226,148,20,154,155,292,51,54,268,38,53,157,158],"product_tag":[],"class_list":{"0":"post-14025","1":"product","2":"type-product","3":"status-publish","4":"has-post-thumbnail","6":"product_cat-5o-clock-tea","7":"product_cat-adventjause","8":"product_cat-aufs-brot","9":"product_cat-fruehstueck","10":"product_cat-gartenfest","11":"product_cat-geburtstag","12":"product_cat-hauptspeise","13":"product_cat-heissgetraenke","14":"product_cat-hochzeit","15":"product_cat-kaffee","16":"product_cat-kaffee-tee","17":"product_cat-kaffeekannen","18":"product_cat-lunchtime","19":"product_cat-milch","20":"product_cat-milchgiesser","21":"product_cat-muttertag","22":"product_cat-ostern","23":"product_cat-porzellan","24":"product_cat-tee-5o-clock-tea","25":"product_cat-tee","26":"product_cat-weihnachten","27":"product_cat-zucker-fruehstueck","28":"product_cat-zuckerdose","30":"first","31":"instock","32":"sold-individually","33":"purchasable","34":"product-type-simple"},"yoast_head":"<!-- This site is optimized with the Yoast SEO Premium plugin v15.8.2 - https:\/\/yoast.com\/wordpress\/plugins\/seo\/ -->\n<title>23 teiliges Midcentury Service, Oskar Schlegelmilch, Langewiesen, Th\u00fcringen, um 1950<\/title>\n<meta name=\"description\" content=\"23 teiliges Midcentury Service, Oskar Schlegelmilch, Langewiesen, Th\u00fcringen, um 1950 \u2665 Antiquit\u00e4ten Online kaufen \u2713 Sichere Lieferung \u2713\" \/>\n<meta name=\"robots\" content=\"index, follow, max-snippet:-1, max-image-preview:large, max-video-preview:-1\" \/>\n<link rel=\"canonical\" href=\"https:\/\/annette-ahrens.at\/onlineshop\/produkt\/23-teiliges-midcentury-service-oskar-schlegelmilch-langewiesen-thueringen-um-1950\/\" \/>\n<meta property=\"og:locale\" content=\"de_DE\" \/>\n<meta property=\"og:type\" content=\"article\" \/>\n<meta property=\"og:title\" content=\"23 teiliges Midcentury Service, Oskar Schlegelmilch, Langewiesen, Th\u00fcringen, um 1950\" \/>\n<meta property=\"og:description\" content=\"23 teiliges Midcentury Service, Oskar Schlegelmilch, Langewiesen, Th\u00fcringen, um 1950 \u2665 Antiquit\u00e4ten Online kaufen \u2713 Sichere Lieferung \u2713\" \/>\n<meta property=\"og:url\" content=\"https:\/\/annette-ahrens.at\/onlineshop\/produkt\/23-teiliges-midcentury-service-oskar-schlegelmilch-langewiesen-thueringen-um-1950\/\" \/>\n<meta property=\"og:site_name\" content=\"Tafelkultur Onlineshop\" \/>\n<meta property=\"article:publisher\" content=\"https:\/\/www.facebook.com\/AnnetteAhrensTafelkultur\" \/>\n<meta property=\"article:modified_time\" content=\"2023-12-09T15:47:27+00:00\" \/>\n<meta property=\"og:image\" content=\"https:\/\/annette-ahrens.at\/onlineshop\/wp-content\/uploads\/2022\/05\/IMG_6652-scaled.jpeg\" \/>\n\t<meta property=\"og:image:width\" content=\"1912\" \/>\n\t<meta property=\"og:image:height\" content=\"2560\" \/>\n<meta name=\"twitter:card\" content=\"summary_large_image\" \/>\n<meta name=\"twitter:label1\" content=\"Gesch\u00e4tzte Lesezeit\">\n\t<meta name=\"twitter:data1\" content=\"1\u00a0Minute\">\n<script type=\"application\/ld+json\" class=\"yoast-schema-graph\">{\"@context\":\"https:\/\/schema.org\",\"@graph\":[{\"@type\":[\"Person\",\"Organization\"],\"@id\":\"https:\/\/annette-ahrens.at\/onlineshop\/#\/schema\/person\/3e19676faae246bba0cb3b7e15f427d8\",\"name\":\"Annette Ahrens\",\"image\":{\"@type\":\"ImageObject\",\"@id\":\"https:\/\/annette-ahrens.at\/onlineshop\/#personlogo\",\"inLanguage\":\"de\",\"url\":\"https:\/\/annette-ahrens.at\/onlineshop\/wp-content\/uploads\/2020\/04\/aa_logo_End.png\",\"width\":800,\"height\":164,\"caption\":\"Annette Ahrens\"},\"logo\":{\"@id\":\"https:\/\/annette-ahrens.at\/onlineshop\/#personlogo\"},\"sameAs\":[\"https:\/\/annette-ahrens.at\",\"https:\/\/www.facebook.com\/AnnetteAhrensTafelkultur\",\"https:\/\/www.instagram.com\/tafelkulturistin\/\",\"https:\/\/de.wikipedia.org\/wiki\/Annette_Ahrens\"]},{\"@type\":\"WebSite\",\"@id\":\"https:\/\/annette-ahrens.at\/onlineshop\/#website\",\"url\":\"https:\/\/annette-ahrens.at\/onlineshop\/\",\"name\":\"Tafelkultur Onlineshop\",\"description\":\"Annette Ahrens\",\"publisher\":{\"@id\":\"https:\/\/annette-ahrens.at\/onlineshop\/#\/schema\/person\/3e19676faae246bba0cb3b7e15f427d8\"},\"potentialAction\":[{\"@type\":\"SearchAction\",\"target\":\"https:\/\/annette-ahrens.at\/onlineshop\/?s={search_term_string}\",\"query-input\":\"required name=search_term_string\"}],\"inLanguage\":\"de\"},{\"@type\":\"ImageObject\",\"@id\":\"https:\/\/annette-ahrens.at\/onlineshop\/produkt\/23-teiliges-midcentury-service-oskar-schlegelmilch-langewiesen-thueringen-um-1950\/#primaryimage\",\"inLanguage\":\"de\",\"url\":\"https:\/\/annette-ahrens.at\/onlineshop\/wp-content\/uploads\/2022\/05\/IMG_6652-scaled.jpeg\",\"width\":1912,\"height\":2560,\"caption\":\"schlegenmilch_service\"},{\"@type\":[\"WebPage\",\"ItemPage\"],\"@id\":\"https:\/\/annette-ahrens.at\/onlineshop\/produkt\/23-teiliges-midcentury-service-oskar-schlegelmilch-langewiesen-thueringen-um-1950\/#webpage\",\"url\":\"https:\/\/annette-ahrens.at\/onlineshop\/produkt\/23-teiliges-midcentury-service-oskar-schlegelmilch-langewiesen-thueringen-um-1950\/\",\"name\":\"23 teiliges Midcentury Service, Oskar Schlegelmilch, Langewiesen, Th\\u00fcringen, um 1950\",\"isPartOf\":{\"@id\":\"https:\/\/annette-ahrens.at\/onlineshop\/#website\"},\"primaryImageOfPage\":{\"@id\":\"https:\/\/annette-ahrens.at\/onlineshop\/produkt\/23-teiliges-midcentury-service-oskar-schlegelmilch-langewiesen-thueringen-um-1950\/#primaryimage\"},\"datePublished\":\"2022-05-10T09:35:58+00:00\",\"dateModified\":\"2023-12-09T15:47:27+00:00\",\"description\":\"23 teiliges Midcentury Service, Oskar Schlegelmilch, Langewiesen, Th\\u00fcringen, um 1950 \\u2665 Antiquit\\u00e4ten Online kaufen \\u2713 Sichere Lieferung \\u2713\",\"breadcrumb\":{\"@id\":\"https:\/\/annette-ahrens.at\/onlineshop\/produkt\/23-teiliges-midcentury-service-oskar-schlegelmilch-langewiesen-thueringen-um-1950\/#breadcrumb\"},\"inLanguage\":\"de\",\"potentialAction\":[{\"@type\":\"ReadAction\",\"target\":[\"https:\/\/annette-ahrens.at\/onlineshop\/produkt\/23-teiliges-midcentury-service-oskar-schlegelmilch-langewiesen-thueringen-um-1950\/\"]}]},{\"@type\":\"BreadcrumbList\",\"@id\":\"https:\/\/annette-ahrens.at\/onlineshop\/produkt\/23-teiliges-midcentury-service-oskar-schlegelmilch-langewiesen-thueringen-um-1950\/#breadcrumb\",\"itemListElement\":[{\"@type\":\"ListItem\",\"position\":1,\"item\":{\"@type\":\"WebPage\",\"@id\":\"https:\/\/annette-ahrens.at\/onlineshop\/\",\"url\":\"https:\/\/annette-ahrens.at\/onlineshop\/\",\"name\":\"Home\"}},{\"@type\":\"ListItem\",\"position\":2,\"item\":{\"@type\":\"WebPage\",\"@id\":\"https:\/\/annette-ahrens.at\/onlineshop\/alle-tafelkultur-objekte\/\",\"url\":\"https:\/\/annette-ahrens.at\/onlineshop\/alle-tafelkultur-objekte\/\",\"name\":\"Alle Tafelkultur Objekte\"}},{\"@type\":\"ListItem\",\"position\":3,\"item\":{\"@type\":\"WebPage\",\"@id\":\"https:\/\/annette-ahrens.at\/onlineshop\/produkt\/23-teiliges-midcentury-service-oskar-schlegelmilch-langewiesen-thueringen-um-1950\/\",\"url\":\"https:\/\/annette-ahrens.at\/onlineshop\/produkt\/23-teiliges-midcentury-service-oskar-schlegelmilch-langewiesen-thueringen-um-1950\/\",\"name\":\"23 teiliges Midcentury Service, Oskar Schlegelmilch, Langewiesen, Th\\u00fcringen, um 1950\"}}]}]}<\/script>\n<!-- \/ Yoast SEO Premium plugin. -->","_links":{"self":[{"href":"https:\/\/annette-ahrens.at\/onlineshop\/wp-json\/wp\/v2\/product\/14025","targetHints":{"allow":["GET"]}}],"collection":[{"href":"https:\/\/annette-ahrens.at\/onlineshop\/wp-json\/wp\/v2\/product"}],"about":[{"href":"https:\/\/annette-ahrens.at\/onlineshop\/wp-json\/wp\/v2\/types\/product"}],"replies":[{"embeddable":true,"href":"https:\/\/annette-ahrens.at\/onlineshop\/wp-json\/wp\/v2\/comments?post=14025"}],"wp:featuredmedia":[{"embeddable":true,"href":"https:\/\/annette-ahrens.at\/onlineshop\/wp-json\/wp\/v2\/media\/15389"}],"wp:attachment":[{"href":"https:\/\/annette-ahrens.at\/onlineshop\/wp-json\/wp\/v2\/media?parent=14025"}],"wp:term":[{"taxonomy":"product_brand","embeddable":true,"href":"https:\/\/annette-ahrens.at\/onlineshop\/wp-json\/wp\/v2\/product_brand?post=14025"},{"taxonomy":"product_cat","embeddable":true,"href":"https:\/\/annette-ahrens.at\/onlineshop\/wp-json\/wp\/v2\/product_cat?post=14025"},{"taxonomy":"product_tag","embeddable":true,"href":"https:\/\/annette-ahrens.at\/onlineshop\/wp-json\/wp\/v2\/product_tag?post=14025"}],"curies":[{"name":"wp","href":"https:\/\/api.w.org\/{rel}","templated":true}]}}