{"id":14395,"date":"2022-03-21T16:30:25","date_gmt":"2022-03-21T15:30:25","guid":{"rendered":"https:\/\/annette-ahrens.at\/onlineshop\/?post_type=product&#038;p=14395"},"modified":"2026-01-29T15:37:13","modified_gmt":"2026-01-29T14:37:13","slug":"26-teiliges-silbernes-fischbesteck-eselsruecken-fuer-12-personen-fa-v-c-dub-wien-1872-1922","status":"publish","type":"product","link":"https:\/\/annette-ahrens.at\/onlineshop\/produkt\/26-teiliges-silbernes-fischbesteck-eselsruecken-fuer-12-personen-fa-v-c-dub-wien-1872-1922\/","title":{"rendered":"14 teiliges silbernes Fischbesteck &#8222;Eselsr\u00fccken&#8220; f\u00fcr 6 Personen, Fa. V. C.Dub, Wien, 1872-1922"},"content":{"rendered":"<p>Silbernes Fischbesteck f\u00fcr 6 Personen<\/p>\n<p>Fa.\u00a0Vinzenz Carl Dub, Wien, 1872-1922<\/p>\n<p>Silber, 14 Hefte in Eselsr\u00fccken-Facon mit ligierter Monogrammgravur &#8222;AS&#8220;, alle Teile gemarkt mit Dianakopfpunze 1872 &#8211; 1922 und Firmenzeichen Eichblatt f\u00fcr V.C.Dub, Fabrikbefugniszeichen Doppeladler, Meistermarke R.F im Rechteck, 6 silberne Klingen und 6 silberne Gabelaufs\u00e4tze mit ornamentaler Gravur, 2 zugeh\u00f6rige Vorleger mit massiv silbernen Aufs\u00e4tzen<\/p>\n<p>Fischmesser L\u00e4nge 20,4 cm<\/p>\n<p>Fischgabel L\u00e4nge 19,3 cm<\/p>\n<p>Fischvorlegemesser L\u00e4nge 26,5 cm<\/p>\n<p>Fischvorlegegabel L\u00e4nge 25,3 cm<\/p>\n<p>930 g<\/p>\n","protected":false},"excerpt":{"rendered":"<p>Annettes Etikette: Der Wiener Silberschmied Vincenz Carl Dub (1852 \u2013 1924) erhielt 1886 seine Gewerbsverleihung und war auf kunstgewerbliche Gegenst\u00e4nde sowie Silberbesteck spezialisiert. Er \u00fcbernahm die Werkst\u00e4tte in der Zieglergasse 65 von seinem Vater Thomas Dub, welcher sie 1838 gegr\u00fcndet hatte. In den Jahren 1908 bis 1914 sind laut Waltraud Neuwirth 50 Arbeiter belegt. Die Form &#8222;Eselsr\u00fccken&#8220; geh\u00f6rt zu den beliebtesten Besteckformen, wobei ein Fischbesteck mit zugeh\u00f6rigen Vorlegern selten zu finden ist. Hier gef\u00e4llt mir die Gravur mit fein ziselierten Fischen besonders gut.<\/p>\n","protected":false},"featured_media":14403,"comment_status":"open","ping_status":"closed","template":"","meta":[],"product_brand":[],"product_cat":[30,32,309,167,203,240,291,47,292,273,296,239,53],"product_tag":[],"class_list":{"0":"post-14395","1":"product","2":"type-product","3":"status-publish","4":"has-post-thumbnail","6":"product_cat-besteck","7":"product_cat-festefeiern","8":"product_cat-fisch-weihnachten","9":"product_cat-fisch","10":"product_cat-fisch-speisen","11":"product_cat-fischbesteck","12":"product_cat-hochzeit","13":"product_cat-meerestiere","14":"product_cat-muttertag","15":"product_cat-silber-fachbuecher","16":"product_cat-silvester","17":"product_cat-spezialbestecke","18":"product_cat-weihnachten","20":"first","21":"instock","22":"sold-individually","23":"purchasable","24":"product-type-simple"},"yoast_head":"<!-- This site is optimized with the Yoast SEO Premium plugin v15.8.2 - https:\/\/yoast.com\/wordpress\/plugins\/seo\/ -->\n<title>14 teiliges silbernes Fischbesteck &quot;Eselsr\u00fccken&quot; f\u00fcr 6 Personen, Fa. V. C.Dub, Wien, 1872-1922<\/title>\n<meta name=\"description\" content=\"14 teiliges silbernes Fischbesteck &quot;Eselsr\u00fccken&quot; f\u00fcr 6 Personen, Fa. V. C.Dub, Wien, 1872-1922 \u2665 Antiquit\u00e4ten Online kaufen \u2713 Sichere Lieferung \u2713\" \/>\n<meta name=\"robots\" content=\"index, follow, max-snippet:-1, max-image-preview:large, max-video-preview:-1\" \/>\n<link rel=\"canonical\" href=\"https:\/\/annette-ahrens.at\/onlineshop\/produkt\/26-teiliges-silbernes-fischbesteck-eselsruecken-fuer-12-personen-fa-v-c-dub-wien-1872-1922\/\" \/>\n<meta property=\"og:locale\" content=\"de_DE\" \/>\n<meta property=\"og:type\" content=\"article\" \/>\n<meta property=\"og:title\" content=\"14 teiliges silbernes Fischbesteck &quot;Eselsr\u00fccken&quot; f\u00fcr 6 Personen, Fa. V. C.Dub, Wien, 1872-1922\" \/>\n<meta property=\"og:description\" content=\"14 teiliges silbernes Fischbesteck &quot;Eselsr\u00fccken&quot; f\u00fcr 6 Personen, Fa. V. C.Dub, Wien, 1872-1922 \u2665 Antiquit\u00e4ten Online kaufen \u2713 Sichere Lieferung \u2713\" \/>\n<meta property=\"og:url\" content=\"https:\/\/annette-ahrens.at\/onlineshop\/produkt\/26-teiliges-silbernes-fischbesteck-eselsruecken-fuer-12-personen-fa-v-c-dub-wien-1872-1922\/\" \/>\n<meta property=\"og:site_name\" content=\"Tafelkultur Onlineshop\" \/>\n<meta property=\"article:publisher\" content=\"https:\/\/www.facebook.com\/AnnetteAhrensTafelkultur\" \/>\n<meta property=\"article:modified_time\" content=\"2026-01-29T14:37:13+00:00\" \/>\n<meta property=\"og:image\" content=\"https:\/\/annette-ahrens.at\/onlineshop\/wp-content\/uploads\/2022\/03\/IMG_5728-scaled.jpeg\" \/>\n\t<meta property=\"og:image:width\" content=\"1912\" \/>\n\t<meta property=\"og:image:height\" content=\"2560\" \/>\n<meta name=\"twitter:card\" content=\"summary_large_image\" \/>\n<meta name=\"twitter:label1\" content=\"Gesch\u00e4tzte Lesezeit\">\n\t<meta name=\"twitter:data1\" content=\"1\u00a0Minute\">\n<script type=\"application\/ld+json\" class=\"yoast-schema-graph\">{\"@context\":\"https:\/\/schema.org\",\"@graph\":[{\"@type\":[\"Person\",\"Organization\"],\"@id\":\"https:\/\/annette-ahrens.at\/onlineshop\/#\/schema\/person\/3e19676faae246bba0cb3b7e15f427d8\",\"name\":\"Annette Ahrens\",\"image\":{\"@type\":\"ImageObject\",\"@id\":\"https:\/\/annette-ahrens.at\/onlineshop\/#personlogo\",\"inLanguage\":\"de\",\"url\":\"https:\/\/annette-ahrens.at\/onlineshop\/wp-content\/uploads\/2020\/04\/aa_logo_End.png\",\"width\":800,\"height\":164,\"caption\":\"Annette Ahrens\"},\"logo\":{\"@id\":\"https:\/\/annette-ahrens.at\/onlineshop\/#personlogo\"},\"sameAs\":[\"https:\/\/annette-ahrens.at\",\"https:\/\/www.facebook.com\/AnnetteAhrensTafelkultur\",\"https:\/\/www.instagram.com\/tafelkulturistin\/\",\"https:\/\/de.wikipedia.org\/wiki\/Annette_Ahrens\"]},{\"@type\":\"WebSite\",\"@id\":\"https:\/\/annette-ahrens.at\/onlineshop\/#website\",\"url\":\"https:\/\/annette-ahrens.at\/onlineshop\/\",\"name\":\"Tafelkultur Onlineshop\",\"description\":\"Annette Ahrens\",\"publisher\":{\"@id\":\"https:\/\/annette-ahrens.at\/onlineshop\/#\/schema\/person\/3e19676faae246bba0cb3b7e15f427d8\"},\"potentialAction\":[{\"@type\":\"SearchAction\",\"target\":\"https:\/\/annette-ahrens.at\/onlineshop\/?s={search_term_string}\",\"query-input\":\"required name=search_term_string\"}],\"inLanguage\":\"de\"},{\"@type\":\"ImageObject\",\"@id\":\"https:\/\/annette-ahrens.at\/onlineshop\/produkt\/26-teiliges-silbernes-fischbesteck-eselsruecken-fuer-12-personen-fa-v-c-dub-wien-1872-1922\/#primaryimage\",\"inLanguage\":\"de\",\"url\":\"https:\/\/annette-ahrens.at\/onlineshop\/wp-content\/uploads\/2022\/03\/IMG_5728-scaled.jpeg\",\"width\":1912,\"height\":2560,\"caption\":\"fischbesteck_silber_eselsr\\u00fccken\"},{\"@type\":[\"WebPage\",\"ItemPage\"],\"@id\":\"https:\/\/annette-ahrens.at\/onlineshop\/produkt\/26-teiliges-silbernes-fischbesteck-eselsruecken-fuer-12-personen-fa-v-c-dub-wien-1872-1922\/#webpage\",\"url\":\"https:\/\/annette-ahrens.at\/onlineshop\/produkt\/26-teiliges-silbernes-fischbesteck-eselsruecken-fuer-12-personen-fa-v-c-dub-wien-1872-1922\/\",\"name\":\"14 teiliges silbernes Fischbesteck \\\"Eselsr\\u00fccken\\\" f\\u00fcr 6 Personen, Fa. V. C.Dub, Wien, 1872-1922\",\"isPartOf\":{\"@id\":\"https:\/\/annette-ahrens.at\/onlineshop\/#website\"},\"primaryImageOfPage\":{\"@id\":\"https:\/\/annette-ahrens.at\/onlineshop\/produkt\/26-teiliges-silbernes-fischbesteck-eselsruecken-fuer-12-personen-fa-v-c-dub-wien-1872-1922\/#primaryimage\"},\"datePublished\":\"2022-03-21T15:30:25+00:00\",\"dateModified\":\"2026-01-29T14:37:13+00:00\",\"description\":\"14 teiliges silbernes Fischbesteck \\\"Eselsr\\u00fccken\\\" f\\u00fcr 6 Personen, Fa. V. C.Dub, Wien, 1872-1922 \\u2665 Antiquit\\u00e4ten Online kaufen \\u2713 Sichere Lieferung \\u2713\",\"breadcrumb\":{\"@id\":\"https:\/\/annette-ahrens.at\/onlineshop\/produkt\/26-teiliges-silbernes-fischbesteck-eselsruecken-fuer-12-personen-fa-v-c-dub-wien-1872-1922\/#breadcrumb\"},\"inLanguage\":\"de\",\"potentialAction\":[{\"@type\":\"ReadAction\",\"target\":[\"https:\/\/annette-ahrens.at\/onlineshop\/produkt\/26-teiliges-silbernes-fischbesteck-eselsruecken-fuer-12-personen-fa-v-c-dub-wien-1872-1922\/\"]}]},{\"@type\":\"BreadcrumbList\",\"@id\":\"https:\/\/annette-ahrens.at\/onlineshop\/produkt\/26-teiliges-silbernes-fischbesteck-eselsruecken-fuer-12-personen-fa-v-c-dub-wien-1872-1922\/#breadcrumb\",\"itemListElement\":[{\"@type\":\"ListItem\",\"position\":1,\"item\":{\"@type\":\"WebPage\",\"@id\":\"https:\/\/annette-ahrens.at\/onlineshop\/\",\"url\":\"https:\/\/annette-ahrens.at\/onlineshop\/\",\"name\":\"Home\"}},{\"@type\":\"ListItem\",\"position\":2,\"item\":{\"@type\":\"WebPage\",\"@id\":\"https:\/\/annette-ahrens.at\/onlineshop\/alle-tafelkultur-objekte\/\",\"url\":\"https:\/\/annette-ahrens.at\/onlineshop\/alle-tafelkultur-objekte\/\",\"name\":\"Alle Tafelkultur Objekte\"}},{\"@type\":\"ListItem\",\"position\":3,\"item\":{\"@type\":\"WebPage\",\"@id\":\"https:\/\/annette-ahrens.at\/onlineshop\/produkt\/26-teiliges-silbernes-fischbesteck-eselsruecken-fuer-12-personen-fa-v-c-dub-wien-1872-1922\/\",\"url\":\"https:\/\/annette-ahrens.at\/onlineshop\/produkt\/26-teiliges-silbernes-fischbesteck-eselsruecken-fuer-12-personen-fa-v-c-dub-wien-1872-1922\/\",\"name\":\"14 teiliges silbernes Fischbesteck &#8222;Eselsr\\u00fccken&#8220; f\\u00fcr 6 Personen, Fa. V. C.Dub, Wien, 1872-1922\"}}]}]}<\/script>\n<!-- \/ Yoast SEO Premium plugin. -->","_links":{"self":[{"href":"https:\/\/annette-ahrens.at\/onlineshop\/wp-json\/wp\/v2\/product\/14395","targetHints":{"allow":["GET"]}}],"collection":[{"href":"https:\/\/annette-ahrens.at\/onlineshop\/wp-json\/wp\/v2\/product"}],"about":[{"href":"https:\/\/annette-ahrens.at\/onlineshop\/wp-json\/wp\/v2\/types\/product"}],"replies":[{"embeddable":true,"href":"https:\/\/annette-ahrens.at\/onlineshop\/wp-json\/wp\/v2\/comments?post=14395"}],"wp:featuredmedia":[{"embeddable":true,"href":"https:\/\/annette-ahrens.at\/onlineshop\/wp-json\/wp\/v2\/media\/14403"}],"wp:attachment":[{"href":"https:\/\/annette-ahrens.at\/onlineshop\/wp-json\/wp\/v2\/media?parent=14395"}],"wp:term":[{"taxonomy":"product_brand","embeddable":true,"href":"https:\/\/annette-ahrens.at\/onlineshop\/wp-json\/wp\/v2\/product_brand?post=14395"},{"taxonomy":"product_cat","embeddable":true,"href":"https:\/\/annette-ahrens.at\/onlineshop\/wp-json\/wp\/v2\/product_cat?post=14395"},{"taxonomy":"product_tag","embeddable":true,"href":"https:\/\/annette-ahrens.at\/onlineshop\/wp-json\/wp\/v2\/product_tag?post=14395"}],"curies":[{"name":"wp","href":"https:\/\/api.w.org\/{rel}","templated":true}]}}