{"id":14963,"date":"2022-04-25T20:16:43","date_gmt":"2022-04-25T18:16:43","guid":{"rendered":"https:\/\/annette-ahrens.at\/onlineshop\/?post_type=product&#038;p=14963"},"modified":"2023-10-03T21:02:56","modified_gmt":"2023-10-03T19:02:56","slug":"versilbertes-midcentury-set-fuer-zucker-und-milch-fa-cohr-kopenhagen-um-1950","status":"publish","type":"product","link":"https:\/\/annette-ahrens.at\/onlineshop\/produkt\/versilbertes-midcentury-set-fuer-zucker-und-milch-fa-cohr-kopenhagen-um-1950\/","title":{"rendered":"Versilbertes Midcentury Set f\u00fcr Zucker und Milch, Fa. Cohr, Kopenhagen, um 1950"},"content":{"rendered":"<p>Versilbertes Midcentury Set f\u00fcr Zucker und Milch<\/p>\n<p>Fa. Cohr, Kopenhagen, um 1950<\/p>\n<p>Alpacca, versilbert, bestehend aus Tablett, Milchgiesser und Zuckerschale, alle Teile gemarkt COHR DENMARK ATLA EPNS<\/p>\n<p>L\u00e4nge 20 x 8,6 cm (Tablett)<\/p>\n","protected":false},"excerpt":{"rendered":"<p>Annettes Etikette: <span class=\"Y2IQFc\" lang=\"de\">1860 gr\u00fcndete der junger Goldschmied Ditlev Madsen Cohr seine Werkstatt in Fredericia. Sein \u00e4ltester Sohn, der 25-j\u00e4hrige Carl Madsen Cohr f\u00fchrte schnell mechanische Fertigungsmethoden in das Unternehmen ein und begann 1895 mit der Herstellung von Hohlwaren. 1921 begann Cohr unter dem Namen &#8222;ATLA Silverplate&#8220; mit der Herstellung versilberter Gegenst\u00e4nde. Als Carl M. Cohr 1925 starb, wurde Harald L\u00fctzen Pr\u00e4sident des Unternehmens, Carls Sohn Einar Cohr fungierte als Vizepr\u00e4sident. Die Firma Cohr verf\u00fcgte \u00fcber die gr\u00f6\u00dfte Silberwarenfabrik ihrer Zeit und verwendete die Entw\u00fcrfe mehrerer ber\u00fchmter Designer wie: Eduart Eggeling, Knud V. Engelhardt, Sigfred Wagner, Mogens Koch und HF Gross. In den 1930er Jahren begann man mit der Produktion von Stahlartikeln. Internationale Anerkennung erfolgte nach der Weltausstellung in Br\u00fcssel 1935 und in Paris 1937 unter der k\u00fcnstlerischen Leitung von HP Jacobsen. Die Entw\u00fcrfe des Silberschmieds Hans Bunde waren in den 50er Jahren entscheidend f\u00fcr den Erfolg von Cohr. 1959 \u00fcbernahm Einar Cohr die Gesch\u00e4ftsf\u00fchrung, besch\u00e4ftigte sich aber auch selbst mit Silber und stellte Bestecke und Kirchensilber her. Einar Cohr starb 1970 und das Unternehmen wurde zuvor an Jens Graf Krag-Juel-Wind-Frijs verkauft und ein Jahr sp\u00e4ter von Horsens S\u00f8lvvarefabrik und Danish Krone Silver in Slagelse \u00fcbernommen. 1985 wurde ein neues Fabrikgeb\u00e4ude gebaut und eingeweiht, doch im September 1985 ging das Unternehmen in Konkurs und die Fabrik musste am 20. August 1987 geschlossen werden.<\/span><\/p>\n","protected":false},"featured_media":15020,"comment_status":"open","ping_status":"closed","template":"","meta":[],"product_brand":[],"product_cat":[25,297,276,31,37,154,155,156,292,38,44],"product_tag":[],"class_list":{"0":"post-14963","1":"product","2":"type-product","3":"status-publish","4":"has-post-thumbnail","6":"product_cat-5o-clock-tea","7":"product_cat-adventjause","8":"product_cat-alpacca","9":"product_cat-gastgeschenke","10":"product_cat-kaffee","11":"product_cat-milch","12":"product_cat-milchgiesser","13":"product_cat-milchkanne","14":"product_cat-muttertag","15":"product_cat-tee","16":"product_cat-zucker","18":"first","19":"instock","20":"sold-individually","21":"purchasable","22":"product-type-simple"},"yoast_head":"<!-- This site is optimized with the Yoast SEO Premium plugin v15.8.2 - https:\/\/yoast.com\/wordpress\/plugins\/seo\/ -->\n<title>Versilbertes Midcentury Set f\u00fcr Zucker und Milch, Fa. Cohr, Kopenhagen, um 1950<\/title>\n<meta name=\"description\" content=\"Versilbertes Midcentury Set f\u00fcr Zucker und Milch, Fa. Cohr, Kopenhagen, um 1950 \u2665 Antiquit\u00e4ten Online kaufen \u2713 Sichere Lieferung \u2713\" \/>\n<meta name=\"robots\" content=\"index, follow, max-snippet:-1, max-image-preview:large, max-video-preview:-1\" \/>\n<link rel=\"canonical\" href=\"https:\/\/annette-ahrens.at\/onlineshop\/produkt\/versilbertes-midcentury-set-fuer-zucker-und-milch-fa-cohr-kopenhagen-um-1950\/\" \/>\n<meta property=\"og:locale\" content=\"de_DE\" \/>\n<meta property=\"og:type\" content=\"article\" \/>\n<meta property=\"og:title\" content=\"Versilbertes Midcentury Set f\u00fcr Zucker und Milch, Fa. Cohr, Kopenhagen, um 1950\" \/>\n<meta property=\"og:description\" content=\"Versilbertes Midcentury Set f\u00fcr Zucker und Milch, Fa. Cohr, Kopenhagen, um 1950 \u2665 Antiquit\u00e4ten Online kaufen \u2713 Sichere Lieferung \u2713\" \/>\n<meta property=\"og:url\" content=\"https:\/\/annette-ahrens.at\/onlineshop\/produkt\/versilbertes-midcentury-set-fuer-zucker-und-milch-fa-cohr-kopenhagen-um-1950\/\" \/>\n<meta property=\"og:site_name\" content=\"Tafelkultur Onlineshop\" \/>\n<meta property=\"article:publisher\" content=\"https:\/\/www.facebook.com\/AnnetteAhrensTafelkultur\" \/>\n<meta property=\"article:modified_time\" content=\"2023-10-03T19:02:56+00:00\" \/>\n<meta property=\"og:image\" content=\"https:\/\/annette-ahrens.at\/onlineshop\/wp-content\/uploads\/2022\/04\/IMG_6242-rotated.jpeg\" \/>\n\t<meta property=\"og:image:width\" content=\"1936\" \/>\n\t<meta property=\"og:image:height\" content=\"1936\" \/>\n<meta name=\"twitter:card\" content=\"summary_large_image\" \/>\n<meta name=\"twitter:label1\" content=\"Gesch\u00e4tzte Lesezeit\">\n\t<meta name=\"twitter:data1\" content=\"1\u00a0Minute\">\n<script type=\"application\/ld+json\" class=\"yoast-schema-graph\">{\"@context\":\"https:\/\/schema.org\",\"@graph\":[{\"@type\":[\"Person\",\"Organization\"],\"@id\":\"https:\/\/annette-ahrens.at\/onlineshop\/#\/schema\/person\/3e19676faae246bba0cb3b7e15f427d8\",\"name\":\"Annette Ahrens\",\"image\":{\"@type\":\"ImageObject\",\"@id\":\"https:\/\/annette-ahrens.at\/onlineshop\/#personlogo\",\"inLanguage\":\"de\",\"url\":\"https:\/\/annette-ahrens.at\/onlineshop\/wp-content\/uploads\/2020\/04\/aa_logo_End.png\",\"width\":800,\"height\":164,\"caption\":\"Annette Ahrens\"},\"logo\":{\"@id\":\"https:\/\/annette-ahrens.at\/onlineshop\/#personlogo\"},\"sameAs\":[\"https:\/\/annette-ahrens.at\",\"https:\/\/www.facebook.com\/AnnetteAhrensTafelkultur\",\"https:\/\/www.instagram.com\/tafelkulturistin\/\",\"https:\/\/de.wikipedia.org\/wiki\/Annette_Ahrens\"]},{\"@type\":\"WebSite\",\"@id\":\"https:\/\/annette-ahrens.at\/onlineshop\/#website\",\"url\":\"https:\/\/annette-ahrens.at\/onlineshop\/\",\"name\":\"Tafelkultur Onlineshop\",\"description\":\"Annette Ahrens\",\"publisher\":{\"@id\":\"https:\/\/annette-ahrens.at\/onlineshop\/#\/schema\/person\/3e19676faae246bba0cb3b7e15f427d8\"},\"potentialAction\":[{\"@type\":\"SearchAction\",\"target\":\"https:\/\/annette-ahrens.at\/onlineshop\/?s={search_term_string}\",\"query-input\":\"required name=search_term_string\"}],\"inLanguage\":\"de\"},{\"@type\":\"ImageObject\",\"@id\":\"https:\/\/annette-ahrens.at\/onlineshop\/produkt\/versilbertes-midcentury-set-fuer-zucker-und-milch-fa-cohr-kopenhagen-um-1950\/#primaryimage\",\"inLanguage\":\"de\",\"url\":\"https:\/\/annette-ahrens.at\/onlineshop\/wp-content\/uploads\/2022\/04\/IMG_6242-rotated.jpeg\",\"width\":1936,\"height\":1936,\"caption\":\"milch_zucker_set\"},{\"@type\":[\"WebPage\",\"ItemPage\"],\"@id\":\"https:\/\/annette-ahrens.at\/onlineshop\/produkt\/versilbertes-midcentury-set-fuer-zucker-und-milch-fa-cohr-kopenhagen-um-1950\/#webpage\",\"url\":\"https:\/\/annette-ahrens.at\/onlineshop\/produkt\/versilbertes-midcentury-set-fuer-zucker-und-milch-fa-cohr-kopenhagen-um-1950\/\",\"name\":\"Versilbertes Midcentury Set f\\u00fcr Zucker und Milch, Fa. Cohr, Kopenhagen, um 1950\",\"isPartOf\":{\"@id\":\"https:\/\/annette-ahrens.at\/onlineshop\/#website\"},\"primaryImageOfPage\":{\"@id\":\"https:\/\/annette-ahrens.at\/onlineshop\/produkt\/versilbertes-midcentury-set-fuer-zucker-und-milch-fa-cohr-kopenhagen-um-1950\/#primaryimage\"},\"datePublished\":\"2022-04-25T18:16:43+00:00\",\"dateModified\":\"2023-10-03T19:02:56+00:00\",\"description\":\"Versilbertes Midcentury Set f\\u00fcr Zucker und Milch, Fa. Cohr, Kopenhagen, um 1950 \\u2665 Antiquit\\u00e4ten Online kaufen \\u2713 Sichere Lieferung \\u2713\",\"breadcrumb\":{\"@id\":\"https:\/\/annette-ahrens.at\/onlineshop\/produkt\/versilbertes-midcentury-set-fuer-zucker-und-milch-fa-cohr-kopenhagen-um-1950\/#breadcrumb\"},\"inLanguage\":\"de\",\"potentialAction\":[{\"@type\":\"ReadAction\",\"target\":[\"https:\/\/annette-ahrens.at\/onlineshop\/produkt\/versilbertes-midcentury-set-fuer-zucker-und-milch-fa-cohr-kopenhagen-um-1950\/\"]}]},{\"@type\":\"BreadcrumbList\",\"@id\":\"https:\/\/annette-ahrens.at\/onlineshop\/produkt\/versilbertes-midcentury-set-fuer-zucker-und-milch-fa-cohr-kopenhagen-um-1950\/#breadcrumb\",\"itemListElement\":[{\"@type\":\"ListItem\",\"position\":1,\"item\":{\"@type\":\"WebPage\",\"@id\":\"https:\/\/annette-ahrens.at\/onlineshop\/\",\"url\":\"https:\/\/annette-ahrens.at\/onlineshop\/\",\"name\":\"Home\"}},{\"@type\":\"ListItem\",\"position\":2,\"item\":{\"@type\":\"WebPage\",\"@id\":\"https:\/\/annette-ahrens.at\/onlineshop\/alle-tafelkultur-objekte\/\",\"url\":\"https:\/\/annette-ahrens.at\/onlineshop\/alle-tafelkultur-objekte\/\",\"name\":\"Alle Tafelkultur Objekte\"}},{\"@type\":\"ListItem\",\"position\":3,\"item\":{\"@type\":\"WebPage\",\"@id\":\"https:\/\/annette-ahrens.at\/onlineshop\/produkt\/versilbertes-midcentury-set-fuer-zucker-und-milch-fa-cohr-kopenhagen-um-1950\/\",\"url\":\"https:\/\/annette-ahrens.at\/onlineshop\/produkt\/versilbertes-midcentury-set-fuer-zucker-und-milch-fa-cohr-kopenhagen-um-1950\/\",\"name\":\"Versilbertes Midcentury Set f\\u00fcr Zucker und Milch, Fa. Cohr, Kopenhagen, um 1950\"}}]}]}<\/script>\n<!-- \/ Yoast SEO Premium plugin. -->","_links":{"self":[{"href":"https:\/\/annette-ahrens.at\/onlineshop\/wp-json\/wp\/v2\/product\/14963","targetHints":{"allow":["GET"]}}],"collection":[{"href":"https:\/\/annette-ahrens.at\/onlineshop\/wp-json\/wp\/v2\/product"}],"about":[{"href":"https:\/\/annette-ahrens.at\/onlineshop\/wp-json\/wp\/v2\/types\/product"}],"replies":[{"embeddable":true,"href":"https:\/\/annette-ahrens.at\/onlineshop\/wp-json\/wp\/v2\/comments?post=14963"}],"wp:featuredmedia":[{"embeddable":true,"href":"https:\/\/annette-ahrens.at\/onlineshop\/wp-json\/wp\/v2\/media\/15020"}],"wp:attachment":[{"href":"https:\/\/annette-ahrens.at\/onlineshop\/wp-json\/wp\/v2\/media?parent=14963"}],"wp:term":[{"taxonomy":"product_brand","embeddable":true,"href":"https:\/\/annette-ahrens.at\/onlineshop\/wp-json\/wp\/v2\/product_brand?post=14963"},{"taxonomy":"product_cat","embeddable":true,"href":"https:\/\/annette-ahrens.at\/onlineshop\/wp-json\/wp\/v2\/product_cat?post=14963"},{"taxonomy":"product_tag","embeddable":true,"href":"https:\/\/annette-ahrens.at\/onlineshop\/wp-json\/wp\/v2\/product_tag?post=14963"}],"curies":[{"name":"wp","href":"https:\/\/api.w.org\/{rel}","templated":true}]}}