{"id":14968,"date":"2022-04-25T21:38:47","date_gmt":"2022-04-25T19:38:47","guid":{"rendered":"https:\/\/annette-ahrens.at\/onlineshop\/?post_type=product&#038;p=14968"},"modified":"2022-04-26T10:13:26","modified_gmt":"2022-04-26T08:13:26","slug":"versilberter-art-deco-saucenschoepfer-fa-amager-daenemark-um-1940","status":"publish","type":"product","link":"https:\/\/annette-ahrens.at\/onlineshop\/produkt\/versilberter-art-deco-saucenschoepfer-fa-amager-daenemark-um-1940\/","title":{"rendered":"Versilberter Art Deco Saucensch\u00f6pfer, Fa. Amager, D\u00e4nemark, um 1940"},"content":{"rendered":"<p>Versilberter Art Deco Saucensch\u00f6pfer<\/p>\n<p>Fa. Amager, Kopenhagen, D\u00e4nemark, um 1940<\/p>\n<p>Alpacca, versilbert, Stielende mit reliefierter Bl\u00fcte, gemarkt P, Turmmarke und ABSA<\/p>\n<p>L\u00e4nge 18,5 cm<\/p>\n","protected":false},"excerpt":{"rendered":"<p>Annettes Etikette: Die Formensprache d\u00e4nischer Bestecke fasziniert mich schon lange. Oftmals sind die Stielenden floral ausgeformt und erinnern an die Designs des Silberschmiede von Georg Jensen.Vorliegender Sch\u00f6pfer stammt aus der Kopenhagener Silberwarenfabrik Cohr. Der Name ABSA bezeichnet plattierte Ware der Firma Amager.<\/p>\n","protected":false},"featured_media":15073,"comment_status":"open","ping_status":"closed","template":"","meta":[],"product_brand":[],"product_cat":[276,30,298,20,209,285,266,239,315,238],"product_tag":[],"class_list":{"0":"post-14968","1":"product","2":"type-product","3":"status-publish","4":"has-post-thumbnail","6":"product_cat-alpacca","7":"product_cat-besteck","8":"product_cat-buffet","9":"product_cat-lunchtime","10":"product_cat-sauciere","11":"product_cat-sauciere-tafeldekorationen","12":"product_cat-schoepfer","13":"product_cat-spezialbestecke","14":"product_cat-trivet","15":"product_cat-vorleger","17":"first","18":"instock","19":"sold-individually","20":"purchasable","21":"product-type-simple"},"yoast_head":"<!-- This site is optimized with the Yoast SEO Premium plugin v15.8.2 - https:\/\/yoast.com\/wordpress\/plugins\/seo\/ -->\n<title>Versilberter Art Deco Saucensch\u00f6pfer, Fa. Amager, D\u00e4nemark, um 1940<\/title>\n<meta name=\"description\" content=\"Versilberter Art Deco Saucensch\u00f6pfer, Fa. Amager, D\u00e4nemark, um 1940 \u2665 Antiquit\u00e4ten Online kaufen \u2713 Sichere Lieferung \u2713\" \/>\n<meta name=\"robots\" content=\"index, follow, max-snippet:-1, max-image-preview:large, max-video-preview:-1\" \/>\n<link rel=\"canonical\" href=\"https:\/\/annette-ahrens.at\/onlineshop\/produkt\/versilberter-art-deco-saucenschoepfer-fa-amager-daenemark-um-1940\/\" \/>\n<meta property=\"og:locale\" content=\"de_DE\" \/>\n<meta property=\"og:type\" content=\"article\" \/>\n<meta property=\"og:title\" content=\"Versilberter Art Deco Saucensch\u00f6pfer, Fa. Amager, D\u00e4nemark, um 1940\" \/>\n<meta property=\"og:description\" content=\"Versilberter Art Deco Saucensch\u00f6pfer, Fa. Amager, D\u00e4nemark, um 1940 \u2665 Antiquit\u00e4ten Online kaufen \u2713 Sichere Lieferung \u2713\" \/>\n<meta property=\"og:url\" content=\"https:\/\/annette-ahrens.at\/onlineshop\/produkt\/versilberter-art-deco-saucenschoepfer-fa-amager-daenemark-um-1940\/\" \/>\n<meta property=\"og:site_name\" content=\"Tafelkultur Onlineshop\" \/>\n<meta property=\"article:publisher\" content=\"https:\/\/www.facebook.com\/AnnetteAhrensTafelkultur\" \/>\n<meta property=\"article:modified_time\" content=\"2022-04-26T08:13:26+00:00\" \/>\n<meta property=\"og:image\" content=\"https:\/\/annette-ahrens.at\/onlineshop\/wp-content\/uploads\/2022\/04\/IMG_6252-rotated.jpeg\" \/>\n\t<meta property=\"og:image:width\" content=\"1936\" \/>\n\t<meta property=\"og:image:height\" content=\"1936\" \/>\n<meta name=\"twitter:card\" content=\"summary_large_image\" \/>\n<meta name=\"twitter:label1\" content=\"Gesch\u00e4tzte Lesezeit\">\n\t<meta name=\"twitter:data1\" content=\"1\u00a0Minute\">\n<script type=\"application\/ld+json\" class=\"yoast-schema-graph\">{\"@context\":\"https:\/\/schema.org\",\"@graph\":[{\"@type\":[\"Person\",\"Organization\"],\"@id\":\"https:\/\/annette-ahrens.at\/onlineshop\/#\/schema\/person\/3e19676faae246bba0cb3b7e15f427d8\",\"name\":\"Annette Ahrens\",\"image\":{\"@type\":\"ImageObject\",\"@id\":\"https:\/\/annette-ahrens.at\/onlineshop\/#personlogo\",\"inLanguage\":\"de\",\"url\":\"https:\/\/annette-ahrens.at\/onlineshop\/wp-content\/uploads\/2020\/04\/aa_logo_End.png\",\"width\":800,\"height\":164,\"caption\":\"Annette Ahrens\"},\"logo\":{\"@id\":\"https:\/\/annette-ahrens.at\/onlineshop\/#personlogo\"},\"sameAs\":[\"https:\/\/annette-ahrens.at\",\"https:\/\/www.facebook.com\/AnnetteAhrensTafelkultur\",\"https:\/\/www.instagram.com\/tafelkulturistin\/\",\"https:\/\/de.wikipedia.org\/wiki\/Annette_Ahrens\"]},{\"@type\":\"WebSite\",\"@id\":\"https:\/\/annette-ahrens.at\/onlineshop\/#website\",\"url\":\"https:\/\/annette-ahrens.at\/onlineshop\/\",\"name\":\"Tafelkultur Onlineshop\",\"description\":\"Annette Ahrens\",\"publisher\":{\"@id\":\"https:\/\/annette-ahrens.at\/onlineshop\/#\/schema\/person\/3e19676faae246bba0cb3b7e15f427d8\"},\"potentialAction\":[{\"@type\":\"SearchAction\",\"target\":\"https:\/\/annette-ahrens.at\/onlineshop\/?s={search_term_string}\",\"query-input\":\"required name=search_term_string\"}],\"inLanguage\":\"de\"},{\"@type\":\"ImageObject\",\"@id\":\"https:\/\/annette-ahrens.at\/onlineshop\/produkt\/versilberter-art-deco-saucenschoepfer-fa-amager-daenemark-um-1940\/#primaryimage\",\"inLanguage\":\"de\",\"url\":\"https:\/\/annette-ahrens.at\/onlineshop\/wp-content\/uploads\/2022\/04\/IMG_6252-rotated.jpeg\",\"width\":1936,\"height\":1936,\"caption\":\"sch\\u00f6pfer_amager\"},{\"@type\":[\"WebPage\",\"ItemPage\"],\"@id\":\"https:\/\/annette-ahrens.at\/onlineshop\/produkt\/versilberter-art-deco-saucenschoepfer-fa-amager-daenemark-um-1940\/#webpage\",\"url\":\"https:\/\/annette-ahrens.at\/onlineshop\/produkt\/versilberter-art-deco-saucenschoepfer-fa-amager-daenemark-um-1940\/\",\"name\":\"Versilberter Art Deco Saucensch\\u00f6pfer, Fa. Amager, D\\u00e4nemark, um 1940\",\"isPartOf\":{\"@id\":\"https:\/\/annette-ahrens.at\/onlineshop\/#website\"},\"primaryImageOfPage\":{\"@id\":\"https:\/\/annette-ahrens.at\/onlineshop\/produkt\/versilberter-art-deco-saucenschoepfer-fa-amager-daenemark-um-1940\/#primaryimage\"},\"datePublished\":\"2022-04-25T19:38:47+00:00\",\"dateModified\":\"2022-04-26T08:13:26+00:00\",\"description\":\"Versilberter Art Deco Saucensch\\u00f6pfer, Fa. Amager, D\\u00e4nemark, um 1940 \\u2665 Antiquit\\u00e4ten Online kaufen \\u2713 Sichere Lieferung \\u2713\",\"breadcrumb\":{\"@id\":\"https:\/\/annette-ahrens.at\/onlineshop\/produkt\/versilberter-art-deco-saucenschoepfer-fa-amager-daenemark-um-1940\/#breadcrumb\"},\"inLanguage\":\"de\",\"potentialAction\":[{\"@type\":\"ReadAction\",\"target\":[\"https:\/\/annette-ahrens.at\/onlineshop\/produkt\/versilberter-art-deco-saucenschoepfer-fa-amager-daenemark-um-1940\/\"]}]},{\"@type\":\"BreadcrumbList\",\"@id\":\"https:\/\/annette-ahrens.at\/onlineshop\/produkt\/versilberter-art-deco-saucenschoepfer-fa-amager-daenemark-um-1940\/#breadcrumb\",\"itemListElement\":[{\"@type\":\"ListItem\",\"position\":1,\"item\":{\"@type\":\"WebPage\",\"@id\":\"https:\/\/annette-ahrens.at\/onlineshop\/\",\"url\":\"https:\/\/annette-ahrens.at\/onlineshop\/\",\"name\":\"Home\"}},{\"@type\":\"ListItem\",\"position\":2,\"item\":{\"@type\":\"WebPage\",\"@id\":\"https:\/\/annette-ahrens.at\/onlineshop\/alle-tafelkultur-objekte\/\",\"url\":\"https:\/\/annette-ahrens.at\/onlineshop\/alle-tafelkultur-objekte\/\",\"name\":\"Alle Tafelkultur Objekte\"}},{\"@type\":\"ListItem\",\"position\":3,\"item\":{\"@type\":\"WebPage\",\"@id\":\"https:\/\/annette-ahrens.at\/onlineshop\/produkt\/versilberter-art-deco-saucenschoepfer-fa-amager-daenemark-um-1940\/\",\"url\":\"https:\/\/annette-ahrens.at\/onlineshop\/produkt\/versilberter-art-deco-saucenschoepfer-fa-amager-daenemark-um-1940\/\",\"name\":\"Versilberter Art Deco Saucensch\\u00f6pfer, Fa. Amager, D\\u00e4nemark, um 1940\"}}]}]}<\/script>\n<!-- \/ Yoast SEO Premium plugin. -->","_links":{"self":[{"href":"https:\/\/annette-ahrens.at\/onlineshop\/wp-json\/wp\/v2\/product\/14968","targetHints":{"allow":["GET"]}}],"collection":[{"href":"https:\/\/annette-ahrens.at\/onlineshop\/wp-json\/wp\/v2\/product"}],"about":[{"href":"https:\/\/annette-ahrens.at\/onlineshop\/wp-json\/wp\/v2\/types\/product"}],"replies":[{"embeddable":true,"href":"https:\/\/annette-ahrens.at\/onlineshop\/wp-json\/wp\/v2\/comments?post=14968"}],"wp:featuredmedia":[{"embeddable":true,"href":"https:\/\/annette-ahrens.at\/onlineshop\/wp-json\/wp\/v2\/media\/15073"}],"wp:attachment":[{"href":"https:\/\/annette-ahrens.at\/onlineshop\/wp-json\/wp\/v2\/media?parent=14968"}],"wp:term":[{"taxonomy":"product_brand","embeddable":true,"href":"https:\/\/annette-ahrens.at\/onlineshop\/wp-json\/wp\/v2\/product_brand?post=14968"},{"taxonomy":"product_cat","embeddable":true,"href":"https:\/\/annette-ahrens.at\/onlineshop\/wp-json\/wp\/v2\/product_cat?post=14968"},{"taxonomy":"product_tag","embeddable":true,"href":"https:\/\/annette-ahrens.at\/onlineshop\/wp-json\/wp\/v2\/product_tag?post=14968"}],"curies":[{"name":"wp","href":"https:\/\/api.w.org\/{rel}","templated":true}]}}