{"id":1506,"date":"2020-05-13T00:27:25","date_gmt":"2020-05-12T22:27:25","guid":{"rendered":"https:\/\/annette-ahrens.at\/silbershop\/?post_type=product&#038;p=1506"},"modified":"2023-11-19T10:08:50","modified_gmt":"2023-11-19T09:08:50","slug":"1506","status":"publish","type":"product","link":"https:\/\/annette-ahrens.at\/onlineshop\/produkt\/1506\/","title":{"rendered":"Seltener Jugendstil Tafelaufsatz, Fa. Argentor, Wien, um 1900"},"content":{"rendered":"<p>Seltener Jugendstil Tafelaufsatz<\/p>\n<p>Fa. Argentor-<span lang=\"DE\">Werke Rust &amp; Hetzel<\/span>, Wien, um 1900<\/p>\n<p>Alpacca, versilbert, rechteckige Plinthe, Aufsatzschale auf\u00a0vier F\u00fc\u00dfen, Fahne mit vegetabilen Dekor, am Boden gemarkt ARGENTOR, minimale Gebrauchsspuren im Spiegel<\/p>\n<p>L 37 x 24,5 cm<\/p>\n<p>H 16 cm<\/p>\n<p>Vergleiche: Verkaufskatalog der Firma Argentor, Modellnummer 6860 &#8222;Fruchtschale&#8220;<\/p>\n","protected":false},"excerpt":{"rendered":"<p>Annettes Etikette: Der prachtvolle, vegetabile Dekor dieses Tafelaufsatzes spricht deutlich die Ornamentsprache des Jugendstils. <span lang=\"DE\">Die auf der ganzen Welt von Sammlern Wiener Jugendstils gesch\u00e4tzte Firma Argentor-Werke Rust &amp; Hetzel wurde 1902 mit der Vorg\u00e4ngerfirma C.A. M\u00fcnchmeyer &amp; Co in der Kaiserstrasse 83 gegr\u00fcndet und war bis zum Jahre 1970 aktiv. Die erhaltenen Firmenkataloge dieses Metallwarenherstellers mit \u00fcber 9.000 verschiedenen Artikeln zeigen die hohe Qualit\u00e4t an Entw\u00fcrfen. <\/span><\/p>\n","protected":false},"featured_media":25740,"comment_status":"open","ping_status":"closed","template":"","meta":[],"product_brand":[],"product_cat":[282,21,281,131,52,53],"product_tag":[],"class_list":{"0":"post-1506","1":"product","2":"type-product","3":"status-publish","4":"has-post-thumbnail","6":"product_cat-jardiniere","7":"product_cat-obst-gemuese","8":"product_cat-tafelaufsatz","9":"product_cat-tafeldekorationen","10":"product_cat-thanksgiving","11":"product_cat-weihnachten","13":"first","14":"instock","15":"sold-individually","16":"purchasable","17":"product-type-simple"},"yoast_head":"<!-- This site is optimized with the Yoast SEO Premium plugin v15.8.2 - https:\/\/yoast.com\/wordpress\/plugins\/seo\/ -->\n<title>Seltener Jugendstil Tafelaufsatz, Fa. Argentor, Wien, um 1900<\/title>\n<meta name=\"description\" content=\"Seltener Jugendstil Tafelaufsatz, Fa. Argentor, Wien, um 1900 \u2665 Antiquit\u00e4ten Online kaufen \u2713 Sichere Lieferung \u2713\" \/>\n<meta name=\"robots\" content=\"index, follow, max-snippet:-1, max-image-preview:large, max-video-preview:-1\" \/>\n<link rel=\"canonical\" href=\"https:\/\/annette-ahrens.at\/onlineshop\/produkt\/1506\/\" \/>\n<meta property=\"og:locale\" content=\"de_DE\" \/>\n<meta property=\"og:type\" content=\"article\" \/>\n<meta property=\"og:title\" content=\"Seltener Jugendstil Tafelaufsatz, Fa. Argentor, Wien, um 1900\" \/>\n<meta property=\"og:description\" content=\"Seltener Jugendstil Tafelaufsatz, Fa. Argentor, Wien, um 1900 \u2665 Antiquit\u00e4ten Online kaufen \u2713 Sichere Lieferung \u2713\" \/>\n<meta property=\"og:url\" content=\"https:\/\/annette-ahrens.at\/onlineshop\/produkt\/1506\/\" \/>\n<meta property=\"og:site_name\" content=\"Tafelkultur Onlineshop\" \/>\n<meta property=\"article:publisher\" content=\"https:\/\/www.facebook.com\/AnnetteAhrensTafelkultur\" \/>\n<meta property=\"article:modified_time\" content=\"2023-11-19T09:08:50+00:00\" \/>\n<meta property=\"og:image\" content=\"https:\/\/annette-ahrens.at\/onlineshop\/wp-content\/uploads\/2020\/05\/IMG_6649-rotated.jpeg\" \/>\n\t<meta property=\"og:image:width\" content=\"1936\" \/>\n\t<meta property=\"og:image:height\" content=\"1936\" \/>\n<meta name=\"twitter:card\" content=\"summary_large_image\" \/>\n<meta name=\"twitter:label1\" content=\"Gesch\u00e4tzte Lesezeit\">\n\t<meta name=\"twitter:data1\" content=\"1\u00a0Minute\">\n<script type=\"application\/ld+json\" class=\"yoast-schema-graph\">{\"@context\":\"https:\/\/schema.org\",\"@graph\":[{\"@type\":[\"Person\",\"Organization\"],\"@id\":\"https:\/\/annette-ahrens.at\/onlineshop\/#\/schema\/person\/3e19676faae246bba0cb3b7e15f427d8\",\"name\":\"Annette Ahrens\",\"image\":{\"@type\":\"ImageObject\",\"@id\":\"https:\/\/annette-ahrens.at\/onlineshop\/#personlogo\",\"inLanguage\":\"de\",\"url\":\"https:\/\/annette-ahrens.at\/onlineshop\/wp-content\/uploads\/2020\/04\/aa_logo_End.png\",\"width\":800,\"height\":164,\"caption\":\"Annette Ahrens\"},\"logo\":{\"@id\":\"https:\/\/annette-ahrens.at\/onlineshop\/#personlogo\"},\"sameAs\":[\"https:\/\/annette-ahrens.at\",\"https:\/\/www.facebook.com\/AnnetteAhrensTafelkultur\",\"https:\/\/www.instagram.com\/tafelkulturistin\/\",\"https:\/\/de.wikipedia.org\/wiki\/Annette_Ahrens\"]},{\"@type\":\"WebSite\",\"@id\":\"https:\/\/annette-ahrens.at\/onlineshop\/#website\",\"url\":\"https:\/\/annette-ahrens.at\/onlineshop\/\",\"name\":\"Tafelkultur Onlineshop\",\"description\":\"Annette Ahrens\",\"publisher\":{\"@id\":\"https:\/\/annette-ahrens.at\/onlineshop\/#\/schema\/person\/3e19676faae246bba0cb3b7e15f427d8\"},\"potentialAction\":[{\"@type\":\"SearchAction\",\"target\":\"https:\/\/annette-ahrens.at\/onlineshop\/?s={search_term_string}\",\"query-input\":\"required name=search_term_string\"}],\"inLanguage\":\"de\"},{\"@type\":\"ImageObject\",\"@id\":\"https:\/\/annette-ahrens.at\/onlineshop\/produkt\/1506\/#primaryimage\",\"inLanguage\":\"de\",\"url\":\"https:\/\/annette-ahrens.at\/onlineshop\/wp-content\/uploads\/2020\/05\/IMG_6649-rotated.jpeg\",\"width\":1936,\"height\":1936,\"caption\":\"tafelaufsatz_argentor\"},{\"@type\":[\"WebPage\",\"ItemPage\"],\"@id\":\"https:\/\/annette-ahrens.at\/onlineshop\/produkt\/1506\/#webpage\",\"url\":\"https:\/\/annette-ahrens.at\/onlineshop\/produkt\/1506\/\",\"name\":\"Seltener Jugendstil Tafelaufsatz, Fa. Argentor, Wien, um 1900\",\"isPartOf\":{\"@id\":\"https:\/\/annette-ahrens.at\/onlineshop\/#website\"},\"primaryImageOfPage\":{\"@id\":\"https:\/\/annette-ahrens.at\/onlineshop\/produkt\/1506\/#primaryimage\"},\"datePublished\":\"2020-05-12T22:27:25+00:00\",\"dateModified\":\"2023-11-19T09:08:50+00:00\",\"description\":\"Seltener Jugendstil Tafelaufsatz, Fa. Argentor, Wien, um 1900 \\u2665 Antiquit\\u00e4ten Online kaufen \\u2713 Sichere Lieferung \\u2713\",\"breadcrumb\":{\"@id\":\"https:\/\/annette-ahrens.at\/onlineshop\/produkt\/1506\/#breadcrumb\"},\"inLanguage\":\"de\",\"potentialAction\":[{\"@type\":\"ReadAction\",\"target\":[\"https:\/\/annette-ahrens.at\/onlineshop\/produkt\/1506\/\"]}]},{\"@type\":\"BreadcrumbList\",\"@id\":\"https:\/\/annette-ahrens.at\/onlineshop\/produkt\/1506\/#breadcrumb\",\"itemListElement\":[{\"@type\":\"ListItem\",\"position\":1,\"item\":{\"@type\":\"WebPage\",\"@id\":\"https:\/\/annette-ahrens.at\/onlineshop\/\",\"url\":\"https:\/\/annette-ahrens.at\/onlineshop\/\",\"name\":\"Home\"}},{\"@type\":\"ListItem\",\"position\":2,\"item\":{\"@type\":\"WebPage\",\"@id\":\"https:\/\/annette-ahrens.at\/onlineshop\/alle-tafelkultur-objekte\/\",\"url\":\"https:\/\/annette-ahrens.at\/onlineshop\/alle-tafelkultur-objekte\/\",\"name\":\"Alle Tafelkultur Objekte\"}},{\"@type\":\"ListItem\",\"position\":3,\"item\":{\"@type\":\"WebPage\",\"@id\":\"https:\/\/annette-ahrens.at\/onlineshop\/produkt\/1506\/\",\"url\":\"https:\/\/annette-ahrens.at\/onlineshop\/produkt\/1506\/\",\"name\":\"Seltener Jugendstil Tafelaufsatz, Fa. Argentor, Wien, um 1900\"}}]}]}<\/script>\n<!-- \/ Yoast SEO Premium plugin. -->","_links":{"self":[{"href":"https:\/\/annette-ahrens.at\/onlineshop\/wp-json\/wp\/v2\/product\/1506","targetHints":{"allow":["GET"]}}],"collection":[{"href":"https:\/\/annette-ahrens.at\/onlineshop\/wp-json\/wp\/v2\/product"}],"about":[{"href":"https:\/\/annette-ahrens.at\/onlineshop\/wp-json\/wp\/v2\/types\/product"}],"replies":[{"embeddable":true,"href":"https:\/\/annette-ahrens.at\/onlineshop\/wp-json\/wp\/v2\/comments?post=1506"}],"wp:featuredmedia":[{"embeddable":true,"href":"https:\/\/annette-ahrens.at\/onlineshop\/wp-json\/wp\/v2\/media\/25740"}],"wp:attachment":[{"href":"https:\/\/annette-ahrens.at\/onlineshop\/wp-json\/wp\/v2\/media?parent=1506"}],"wp:term":[{"taxonomy":"product_brand","embeddable":true,"href":"https:\/\/annette-ahrens.at\/onlineshop\/wp-json\/wp\/v2\/product_brand?post=1506"},{"taxonomy":"product_cat","embeddable":true,"href":"https:\/\/annette-ahrens.at\/onlineshop\/wp-json\/wp\/v2\/product_cat?post=1506"},{"taxonomy":"product_tag","embeddable":true,"href":"https:\/\/annette-ahrens.at\/onlineshop\/wp-json\/wp\/v2\/product_tag?post=1506"}],"curies":[{"name":"wp","href":"https:\/\/api.w.org\/{rel}","templated":true}]}}