{"id":151,"date":"2020-04-24T15:50:14","date_gmt":"2020-04-24T13:50:14","guid":{"rendered":"https:\/\/annette-ahrens.at\/silbershop\/?post_type=product&#038;p=151"},"modified":"2024-11-14T23:30:36","modified_gmt":"2024-11-14T22:30:36","slug":"6-glaeser-culbuto-fa-moser-karlsbad-um-1960","status":"publish","type":"product","link":"https:\/\/annette-ahrens.at\/onlineshop\/produkt\/6-glaeser-culbuto-fa-moser-karlsbad-um-1960\/","title":{"rendered":"6 kleine Gl\u00e4ser &#8222;Culbuto&#8220;,  Fa. Moser, Karlsbad, um 1935"},"content":{"rendered":"<p>6 kleine Gl\u00e4ser aus der Serie &#8222;Culbuto&#8220;<\/p>\n<p>Fa. Ludwig Moser, Karlsbad, um 1935<\/p>\n<p>Entwurf: Rudolf Eschler<\/p>\n<p>bleifreies Kristallglas in 6 verschiedenen Farben, tadelloser Zustand<\/p>\n<p>H\u00f6he: 4,8 cm<\/p>\n<p>Aus der gleichen Serie sind noch Gl\u00e4ser in 7 cm H\u00f6he vorhanden.<\/p>\n","protected":false},"excerpt":{"rendered":"<p>Annettes Etikette: Ich verwende diese Gl\u00e4ser auch gerne als Glasvasen oder noch lieber als Salzfass f\u00fcr jeden einzelnen Gast. Ein Teelicht passt auch ganz genau in diese bunten Zeitgenossen bei Tisch. Die Firma Moser aus Karlsbad besteht bis heute, eine Reise in die Kurstadt lohnt, nicht nur wegen eines Rundgangs durch die 1857 von Ludwig Moser gegr\u00fcndete Glasmanufaktur und ihr Museum. Diese Gl\u00e4ser liegen perfekt in der Hand, der austarierte Boden verlangt vom Glasbl\u00e4ser hohes K\u00f6nnen. Der Name Culbuto geht auf ein Stehaufm\u00e4nnchen, ein Spielzeug zur\u00fcck.<\/p>\n","protected":false},"featured_media":153,"comment_status":"open","ping_status":"closed","template":"","meta":[],"product_brand":[],"product_cat":[27,36,19,31],"product_tag":[],"class_list":{"0":"post-151","1":"product","2":"type-product","3":"status-publish","4":"has-post-thumbnail","6":"product_cat-barware","7":"product_cat-eierbecher","8":"product_cat-gabelfruehstueck","9":"product_cat-gastgeschenke","11":"first","12":"instock","13":"sold-individually","14":"purchasable","15":"product-type-simple"},"yoast_head":"<!-- This site is optimized with the Yoast SEO Premium plugin v15.8.2 - https:\/\/yoast.com\/wordpress\/plugins\/seo\/ -->\n<title>6 kleine Gl\u00e4ser &quot;Culbuto&quot;, Fa. Moser, Karlsbad, um 1935<\/title>\n<meta name=\"description\" content=\"6 kleine Gl\u00e4ser &quot;Culbuto&quot;, Fa. Moser, Karlsbad, um 1935 \u2665 Antiquit\u00e4ten Online kaufen \u2713 Sichere Lieferung \u2713\" \/>\n<meta name=\"robots\" content=\"index, follow, max-snippet:-1, max-image-preview:large, max-video-preview:-1\" \/>\n<link rel=\"canonical\" href=\"https:\/\/annette-ahrens.at\/onlineshop\/produkt\/6-glaeser-culbuto-fa-moser-karlsbad-um-1960\/\" \/>\n<meta property=\"og:locale\" content=\"de_DE\" \/>\n<meta property=\"og:type\" content=\"article\" \/>\n<meta property=\"og:title\" content=\"6 kleine Gl\u00e4ser &quot;Culbuto&quot;, Fa. Moser, Karlsbad, um 1935\" \/>\n<meta property=\"og:description\" content=\"6 kleine Gl\u00e4ser &quot;Culbuto&quot;, Fa. Moser, Karlsbad, um 1935 \u2665 Antiquit\u00e4ten Online kaufen \u2713 Sichere Lieferung \u2713\" \/>\n<meta property=\"og:url\" content=\"https:\/\/annette-ahrens.at\/onlineshop\/produkt\/6-glaeser-culbuto-fa-moser-karlsbad-um-1960\/\" \/>\n<meta property=\"og:site_name\" content=\"Tafelkultur Onlineshop\" \/>\n<meta property=\"article:publisher\" content=\"https:\/\/www.facebook.com\/AnnetteAhrensTafelkultur\" \/>\n<meta property=\"article:modified_time\" content=\"2024-11-14T22:30:36+00:00\" \/>\n<meta property=\"og:image\" content=\"https:\/\/annette-ahrens.at\/onlineshop\/wp-content\/uploads\/2020\/04\/6-glaeser.jpeg\" \/>\n\t<meta property=\"og:image:width\" content=\"400\" \/>\n\t<meta property=\"og:image:height\" content=\"144\" \/>\n<meta name=\"twitter:card\" content=\"summary_large_image\" \/>\n<script type=\"application\/ld+json\" class=\"yoast-schema-graph\">{\"@context\":\"https:\/\/schema.org\",\"@graph\":[{\"@type\":[\"Person\",\"Organization\"],\"@id\":\"https:\/\/annette-ahrens.at\/onlineshop\/#\/schema\/person\/3e19676faae246bba0cb3b7e15f427d8\",\"name\":\"Annette Ahrens\",\"image\":{\"@type\":\"ImageObject\",\"@id\":\"https:\/\/annette-ahrens.at\/onlineshop\/#personlogo\",\"inLanguage\":\"de\",\"url\":\"https:\/\/annette-ahrens.at\/onlineshop\/wp-content\/uploads\/2020\/04\/aa_logo_End.png\",\"width\":800,\"height\":164,\"caption\":\"Annette Ahrens\"},\"logo\":{\"@id\":\"https:\/\/annette-ahrens.at\/onlineshop\/#personlogo\"},\"sameAs\":[\"https:\/\/annette-ahrens.at\",\"https:\/\/www.facebook.com\/AnnetteAhrensTafelkultur\",\"https:\/\/www.instagram.com\/tafelkulturistin\/\",\"https:\/\/de.wikipedia.org\/wiki\/Annette_Ahrens\"]},{\"@type\":\"WebSite\",\"@id\":\"https:\/\/annette-ahrens.at\/onlineshop\/#website\",\"url\":\"https:\/\/annette-ahrens.at\/onlineshop\/\",\"name\":\"Tafelkultur Onlineshop\",\"description\":\"Annette Ahrens\",\"publisher\":{\"@id\":\"https:\/\/annette-ahrens.at\/onlineshop\/#\/schema\/person\/3e19676faae246bba0cb3b7e15f427d8\"},\"potentialAction\":[{\"@type\":\"SearchAction\",\"target\":\"https:\/\/annette-ahrens.at\/onlineshop\/?s={search_term_string}\",\"query-input\":\"required name=search_term_string\"}],\"inLanguage\":\"de\"},{\"@type\":\"ImageObject\",\"@id\":\"https:\/\/annette-ahrens.at\/onlineshop\/produkt\/6-glaeser-culbuto-fa-moser-karlsbad-um-1960\/#primaryimage\",\"inLanguage\":\"de\",\"url\":\"https:\/\/annette-ahrens.at\/onlineshop\/wp-content\/uploads\/2020\/04\/6-glaeser.jpeg\",\"width\":400,\"height\":144,\"caption\":\"schnapsgl\\u00e4ser_moser\"},{\"@type\":[\"WebPage\",\"ItemPage\"],\"@id\":\"https:\/\/annette-ahrens.at\/onlineshop\/produkt\/6-glaeser-culbuto-fa-moser-karlsbad-um-1960\/#webpage\",\"url\":\"https:\/\/annette-ahrens.at\/onlineshop\/produkt\/6-glaeser-culbuto-fa-moser-karlsbad-um-1960\/\",\"name\":\"6 kleine Gl\\u00e4ser \\\"Culbuto\\\", Fa. Moser, Karlsbad, um 1935\",\"isPartOf\":{\"@id\":\"https:\/\/annette-ahrens.at\/onlineshop\/#website\"},\"primaryImageOfPage\":{\"@id\":\"https:\/\/annette-ahrens.at\/onlineshop\/produkt\/6-glaeser-culbuto-fa-moser-karlsbad-um-1960\/#primaryimage\"},\"datePublished\":\"2020-04-24T13:50:14+00:00\",\"dateModified\":\"2024-11-14T22:30:36+00:00\",\"description\":\"6 kleine Gl\\u00e4ser \\\"Culbuto\\\", Fa. Moser, Karlsbad, um 1935 \\u2665 Antiquit\\u00e4ten Online kaufen \\u2713 Sichere Lieferung \\u2713\",\"breadcrumb\":{\"@id\":\"https:\/\/annette-ahrens.at\/onlineshop\/produkt\/6-glaeser-culbuto-fa-moser-karlsbad-um-1960\/#breadcrumb\"},\"inLanguage\":\"de\",\"potentialAction\":[{\"@type\":\"ReadAction\",\"target\":[\"https:\/\/annette-ahrens.at\/onlineshop\/produkt\/6-glaeser-culbuto-fa-moser-karlsbad-um-1960\/\"]}]},{\"@type\":\"BreadcrumbList\",\"@id\":\"https:\/\/annette-ahrens.at\/onlineshop\/produkt\/6-glaeser-culbuto-fa-moser-karlsbad-um-1960\/#breadcrumb\",\"itemListElement\":[{\"@type\":\"ListItem\",\"position\":1,\"item\":{\"@type\":\"WebPage\",\"@id\":\"https:\/\/annette-ahrens.at\/onlineshop\/\",\"url\":\"https:\/\/annette-ahrens.at\/onlineshop\/\",\"name\":\"Home\"}},{\"@type\":\"ListItem\",\"position\":2,\"item\":{\"@type\":\"WebPage\",\"@id\":\"https:\/\/annette-ahrens.at\/onlineshop\/alle-tafelkultur-objekte\/\",\"url\":\"https:\/\/annette-ahrens.at\/onlineshop\/alle-tafelkultur-objekte\/\",\"name\":\"Alle Tafelkultur Objekte\"}},{\"@type\":\"ListItem\",\"position\":3,\"item\":{\"@type\":\"WebPage\",\"@id\":\"https:\/\/annette-ahrens.at\/onlineshop\/produkt\/6-glaeser-culbuto-fa-moser-karlsbad-um-1960\/\",\"url\":\"https:\/\/annette-ahrens.at\/onlineshop\/produkt\/6-glaeser-culbuto-fa-moser-karlsbad-um-1960\/\",\"name\":\"6 kleine Gl\\u00e4ser &#8220;Culbuto&#8221;, Fa. Moser, Karlsbad, um 1935\"}}]}]}<\/script>\n<!-- \/ Yoast SEO Premium plugin. -->","_links":{"self":[{"href":"https:\/\/annette-ahrens.at\/onlineshop\/wp-json\/wp\/v2\/product\/151","targetHints":{"allow":["GET"]}}],"collection":[{"href":"https:\/\/annette-ahrens.at\/onlineshop\/wp-json\/wp\/v2\/product"}],"about":[{"href":"https:\/\/annette-ahrens.at\/onlineshop\/wp-json\/wp\/v2\/types\/product"}],"replies":[{"embeddable":true,"href":"https:\/\/annette-ahrens.at\/onlineshop\/wp-json\/wp\/v2\/comments?post=151"}],"wp:featuredmedia":[{"embeddable":true,"href":"https:\/\/annette-ahrens.at\/onlineshop\/wp-json\/wp\/v2\/media\/153"}],"wp:attachment":[{"href":"https:\/\/annette-ahrens.at\/onlineshop\/wp-json\/wp\/v2\/media?parent=151"}],"wp:term":[{"taxonomy":"product_brand","embeddable":true,"href":"https:\/\/annette-ahrens.at\/onlineshop\/wp-json\/wp\/v2\/product_brand?post=151"},{"taxonomy":"product_cat","embeddable":true,"href":"https:\/\/annette-ahrens.at\/onlineshop\/wp-json\/wp\/v2\/product_cat?post=151"},{"taxonomy":"product_tag","embeddable":true,"href":"https:\/\/annette-ahrens.at\/onlineshop\/wp-json\/wp\/v2\/product_tag?post=151"}],"curies":[{"name":"wp","href":"https:\/\/api.w.org\/{rel}","templated":true}]}}