{"id":15343,"date":"2022-05-10T10:51:06","date_gmt":"2022-05-10T08:51:06","guid":{"rendered":"https:\/\/annette-ahrens.at\/onlineshop\/?post_type=product&#038;p=15343"},"modified":"2022-05-16T17:22:52","modified_gmt":"2022-05-16T15:22:52","slug":"marianne-denzel-runde-midcentury-platte-fa-collini-um-1960","status":"publish","type":"product","link":"https:\/\/annette-ahrens.at\/onlineshop\/produkt\/marianne-denzel-runde-midcentury-platte-fa-collini-um-1960\/","title":{"rendered":"Marianne Denzel, Runde Midcentury Platte, Fa. Collini, um 1960"},"content":{"rendered":"<p>Runde Midcentury Platte &#8222;Gl\u00fcckauf&#8220;<\/p>\n<p>Entwurf: Marianne Denzel (1932 &#8211; 1975) f\u00fcr die Fa. Collini, um 1960<\/p>\n<p>Alpacca, versilbert, gemarkt &#8222;COLLINI A.S.&#8220;, Widmungsgravur an der Fahne<\/p>\n<p>31 x 31 cm<\/p>\n<p>Literatur:\u00a0Tulga Beyerle, Karin Hirschberger: Designlandschaft \u00d6sterreich, 1900-2005, Basel 2006, Seite 146<\/p>\n","protected":false},"excerpt":{"rendered":"<p>Annettes Etikette: Die deutsche K\u00fcnstlerin Marianne Denzel zeichnet f\u00fcr moderne Entw\u00fcrfe der Berndorfer Metallwarenfabrik verantwortlich. Neben diesem Plattenentwurf in unterschiedlichen Gr\u00f6\u00dfen kann man ihr ein Essig-\u00d6lset, Sauci\u00e8ren ohne Fuss und Besteckentw\u00fcrfe zuordnen, die unter dem Namen &#8222;MADAM&#8220; und &#8222;SIR&#8220; angeboten wurden. Ihr vernickelter Besteckentwurf wurde sogar f\u00fcr die 1. Klasse der Austrian Airlines ausgef\u00fchrt. Besonders Architekten und Designer lieben ihre bis heute aktuellen Entw\u00fcrfe.<\/p>\n","protected":false},"featured_media":15373,"comment_status":"open","ping_status":"closed","template":"","meta":[],"product_brand":[],"product_cat":[130,276,298,32,204,300,283,131,52,53],"product_tag":[],"class_list":{"0":"post-15343","1":"product","2":"type-product","3":"status-publish","4":"has-post-thumbnail","6":"product_cat-abendessen","7":"product_cat-alpacca","8":"product_cat-buffet","9":"product_cat-festefeiern","10":"product_cat-fleisch-speisen","11":"product_cat-gartenfest","12":"product_cat-tablett","13":"product_cat-tafeldekorationen","14":"product_cat-thanksgiving","15":"product_cat-weihnachten","17":"first","18":"instock","19":"sold-individually","20":"purchasable","21":"product-type-simple"},"yoast_head":"<!-- This site is optimized with the Yoast SEO Premium plugin v15.8.2 - https:\/\/yoast.com\/wordpress\/plugins\/seo\/ -->\n<title>Marianne Denzel, Runde Midcentury Platte, Fa. Collini, um 1960<\/title>\n<meta name=\"description\" content=\"Marianne Denzel, Runde Midcentury Platte, Fa. Collini, um 1960 \u2665 Antiquit\u00e4ten Online kaufen \u2713 Sichere Lieferung \u2713\" \/>\n<meta name=\"robots\" content=\"index, follow, max-snippet:-1, max-image-preview:large, max-video-preview:-1\" \/>\n<link rel=\"canonical\" href=\"https:\/\/annette-ahrens.at\/onlineshop\/produkt\/marianne-denzel-runde-midcentury-platte-fa-collini-um-1960\/\" \/>\n<meta property=\"og:locale\" content=\"de_DE\" \/>\n<meta property=\"og:type\" content=\"article\" \/>\n<meta property=\"og:title\" content=\"Marianne Denzel, Runde Midcentury Platte, Fa. Collini, um 1960\" \/>\n<meta property=\"og:description\" content=\"Marianne Denzel, Runde Midcentury Platte, Fa. Collini, um 1960 \u2665 Antiquit\u00e4ten Online kaufen \u2713 Sichere Lieferung \u2713\" \/>\n<meta property=\"og:url\" content=\"https:\/\/annette-ahrens.at\/onlineshop\/produkt\/marianne-denzel-runde-midcentury-platte-fa-collini-um-1960\/\" \/>\n<meta property=\"og:site_name\" content=\"Tafelkultur Onlineshop\" \/>\n<meta property=\"article:publisher\" content=\"https:\/\/www.facebook.com\/AnnetteAhrensTafelkultur\" \/>\n<meta property=\"article:modified_time\" content=\"2022-05-16T15:22:52+00:00\" \/>\n<meta property=\"og:image\" content=\"https:\/\/annette-ahrens.at\/onlineshop\/wp-content\/uploads\/2022\/05\/IMG_6639-rotated.jpeg\" \/>\n\t<meta property=\"og:image:width\" content=\"1936\" \/>\n\t<meta property=\"og:image:height\" content=\"1936\" \/>\n<meta name=\"twitter:card\" content=\"summary_large_image\" \/>\n<meta name=\"twitter:label1\" content=\"Gesch\u00e4tzte Lesezeit\">\n\t<meta name=\"twitter:data1\" content=\"1\u00a0Minute\">\n<script type=\"application\/ld+json\" class=\"yoast-schema-graph\">{\"@context\":\"https:\/\/schema.org\",\"@graph\":[{\"@type\":[\"Person\",\"Organization\"],\"@id\":\"https:\/\/annette-ahrens.at\/onlineshop\/#\/schema\/person\/3e19676faae246bba0cb3b7e15f427d8\",\"name\":\"Annette Ahrens\",\"image\":{\"@type\":\"ImageObject\",\"@id\":\"https:\/\/annette-ahrens.at\/onlineshop\/#personlogo\",\"inLanguage\":\"de\",\"url\":\"https:\/\/annette-ahrens.at\/onlineshop\/wp-content\/uploads\/2020\/04\/aa_logo_End.png\",\"width\":800,\"height\":164,\"caption\":\"Annette Ahrens\"},\"logo\":{\"@id\":\"https:\/\/annette-ahrens.at\/onlineshop\/#personlogo\"},\"sameAs\":[\"https:\/\/annette-ahrens.at\",\"https:\/\/www.facebook.com\/AnnetteAhrensTafelkultur\",\"https:\/\/www.instagram.com\/tafelkulturistin\/\",\"https:\/\/de.wikipedia.org\/wiki\/Annette_Ahrens\"]},{\"@type\":\"WebSite\",\"@id\":\"https:\/\/annette-ahrens.at\/onlineshop\/#website\",\"url\":\"https:\/\/annette-ahrens.at\/onlineshop\/\",\"name\":\"Tafelkultur Onlineshop\",\"description\":\"Annette Ahrens\",\"publisher\":{\"@id\":\"https:\/\/annette-ahrens.at\/onlineshop\/#\/schema\/person\/3e19676faae246bba0cb3b7e15f427d8\"},\"potentialAction\":[{\"@type\":\"SearchAction\",\"target\":\"https:\/\/annette-ahrens.at\/onlineshop\/?s={search_term_string}\",\"query-input\":\"required name=search_term_string\"}],\"inLanguage\":\"de\"},{\"@type\":\"ImageObject\",\"@id\":\"https:\/\/annette-ahrens.at\/onlineshop\/produkt\/marianne-denzel-runde-midcentury-platte-fa-collini-um-1960\/#primaryimage\",\"inLanguage\":\"de\",\"url\":\"https:\/\/annette-ahrens.at\/onlineshop\/wp-content\/uploads\/2022\/05\/IMG_6639-rotated.jpeg\",\"width\":1936,\"height\":1936,\"caption\":\"denzel_teller_berndorf\"},{\"@type\":[\"WebPage\",\"ItemPage\"],\"@id\":\"https:\/\/annette-ahrens.at\/onlineshop\/produkt\/marianne-denzel-runde-midcentury-platte-fa-collini-um-1960\/#webpage\",\"url\":\"https:\/\/annette-ahrens.at\/onlineshop\/produkt\/marianne-denzel-runde-midcentury-platte-fa-collini-um-1960\/\",\"name\":\"Marianne Denzel, Runde Midcentury Platte, Fa. Collini, um 1960\",\"isPartOf\":{\"@id\":\"https:\/\/annette-ahrens.at\/onlineshop\/#website\"},\"primaryImageOfPage\":{\"@id\":\"https:\/\/annette-ahrens.at\/onlineshop\/produkt\/marianne-denzel-runde-midcentury-platte-fa-collini-um-1960\/#primaryimage\"},\"datePublished\":\"2022-05-10T08:51:06+00:00\",\"dateModified\":\"2022-05-16T15:22:52+00:00\",\"description\":\"Marianne Denzel, Runde Midcentury Platte, Fa. Collini, um 1960 \\u2665 Antiquit\\u00e4ten Online kaufen \\u2713 Sichere Lieferung \\u2713\",\"breadcrumb\":{\"@id\":\"https:\/\/annette-ahrens.at\/onlineshop\/produkt\/marianne-denzel-runde-midcentury-platte-fa-collini-um-1960\/#breadcrumb\"},\"inLanguage\":\"de\",\"potentialAction\":[{\"@type\":\"ReadAction\",\"target\":[\"https:\/\/annette-ahrens.at\/onlineshop\/produkt\/marianne-denzel-runde-midcentury-platte-fa-collini-um-1960\/\"]}]},{\"@type\":\"BreadcrumbList\",\"@id\":\"https:\/\/annette-ahrens.at\/onlineshop\/produkt\/marianne-denzel-runde-midcentury-platte-fa-collini-um-1960\/#breadcrumb\",\"itemListElement\":[{\"@type\":\"ListItem\",\"position\":1,\"item\":{\"@type\":\"WebPage\",\"@id\":\"https:\/\/annette-ahrens.at\/onlineshop\/\",\"url\":\"https:\/\/annette-ahrens.at\/onlineshop\/\",\"name\":\"Home\"}},{\"@type\":\"ListItem\",\"position\":2,\"item\":{\"@type\":\"WebPage\",\"@id\":\"https:\/\/annette-ahrens.at\/onlineshop\/alle-tafelkultur-objekte\/\",\"url\":\"https:\/\/annette-ahrens.at\/onlineshop\/alle-tafelkultur-objekte\/\",\"name\":\"Alle Tafelkultur Objekte\"}},{\"@type\":\"ListItem\",\"position\":3,\"item\":{\"@type\":\"WebPage\",\"@id\":\"https:\/\/annette-ahrens.at\/onlineshop\/produkt\/marianne-denzel-runde-midcentury-platte-fa-collini-um-1960\/\",\"url\":\"https:\/\/annette-ahrens.at\/onlineshop\/produkt\/marianne-denzel-runde-midcentury-platte-fa-collini-um-1960\/\",\"name\":\"Marianne Denzel, Runde Midcentury Platte, Fa. Collini, um 1960\"}}]}]}<\/script>\n<!-- \/ Yoast SEO Premium plugin. -->","_links":{"self":[{"href":"https:\/\/annette-ahrens.at\/onlineshop\/wp-json\/wp\/v2\/product\/15343","targetHints":{"allow":["GET"]}}],"collection":[{"href":"https:\/\/annette-ahrens.at\/onlineshop\/wp-json\/wp\/v2\/product"}],"about":[{"href":"https:\/\/annette-ahrens.at\/onlineshop\/wp-json\/wp\/v2\/types\/product"}],"replies":[{"embeddable":true,"href":"https:\/\/annette-ahrens.at\/onlineshop\/wp-json\/wp\/v2\/comments?post=15343"}],"wp:featuredmedia":[{"embeddable":true,"href":"https:\/\/annette-ahrens.at\/onlineshop\/wp-json\/wp\/v2\/media\/15373"}],"wp:attachment":[{"href":"https:\/\/annette-ahrens.at\/onlineshop\/wp-json\/wp\/v2\/media?parent=15343"}],"wp:term":[{"taxonomy":"product_brand","embeddable":true,"href":"https:\/\/annette-ahrens.at\/onlineshop\/wp-json\/wp\/v2\/product_brand?post=15343"},{"taxonomy":"product_cat","embeddable":true,"href":"https:\/\/annette-ahrens.at\/onlineshop\/wp-json\/wp\/v2\/product_cat?post=15343"},{"taxonomy":"product_tag","embeddable":true,"href":"https:\/\/annette-ahrens.at\/onlineshop\/wp-json\/wp\/v2\/product_tag?post=15343"}],"curies":[{"name":"wp","href":"https:\/\/api.w.org\/{rel}","templated":true}]}}