{"id":154,"date":"2020-04-24T15:58:04","date_gmt":"2020-04-24T13:58:04","guid":{"rendered":"https:\/\/annette-ahrens.at\/silbershop\/?post_type=product&#038;p=154"},"modified":"2025-11-05T20:37:19","modified_gmt":"2025-11-05T19:37:19","slug":"rechaud-fa-christofle-paris-um-1880","status":"publish","type":"product","link":"https:\/\/annette-ahrens.at\/onlineshop\/produkt\/rechaud-fa-christofle-paris-um-1880\/","title":{"rendered":"Reversibles, versilbertes Rechaud, Fa. Christofle, Paris um 1880"},"content":{"rendered":"<p>Reversibles Rechaud<\/p>\n<p>Fa. Christofle, Paris um 1880<\/p>\n<p>Metall, versilbert, Abstellfl\u00e4chen f\u00fcr kleine und gro\u00dfe Platten wendbar, Brenner wird mit Brennpaste \u00fcbergeben, leichte Gebrauchsspuren, gemarkt CHRISTOFLE<\/p>\n<p>38 x 23 cm<\/p>\n<p>Vergleiche: Verkaufskatalog der Firma Christofle, 1883, Modellnummer 1723<\/p>\n","protected":false},"excerpt":{"rendered":"<p>Annettes Etikette: Die 1845 gegr\u00fcndete Firma Christofle aus Paris ist quasi der Mercedes der versilberten Tafelkultur. Das Unternehmen produziert bis heute hochwertigste Bestecke und Tafelst\u00fccke. Gut erinnere ich mich an die beschwerliche, aber lohnende Anreise ins firmeneigene Museum Bouilhet-Christofle im Pariser Vorrort Saint Denis. Dieses Rechaud kann beidseitig verwendet werden, f\u00fcr ovale und runde Platten.<\/p>\n","protected":false},"featured_media":155,"comment_status":"open","ping_status":"closed","template":"","meta":[],"product_brand":[],"product_cat":[20,23,52,53],"product_tag":[],"class_list":{"0":"post-154","1":"product","2":"type-product","3":"status-publish","4":"has-post-thumbnail","6":"product_cat-lunchtime","7":"product_cat-nicht-fisch-nicht-fleisch","8":"product_cat-thanksgiving","9":"product_cat-weihnachten","11":"first","12":"instock","13":"sold-individually","14":"purchasable","15":"product-type-simple"},"yoast_head":"<!-- This site is optimized with the Yoast SEO Premium plugin v15.8.2 - https:\/\/yoast.com\/wordpress\/plugins\/seo\/ -->\n<title>Reversibles, versilbertes Rechaud, Fa. Christofle, Paris um 1880<\/title>\n<meta name=\"description\" content=\"Reversibles, versilbertes Rechaud, Fa. Christofle, Paris um 1880 \u2665 Antiquit\u00e4ten Online kaufen \u2713 Sichere Lieferung \u2713\" \/>\n<meta name=\"robots\" content=\"index, follow, max-snippet:-1, max-image-preview:large, max-video-preview:-1\" \/>\n<link rel=\"canonical\" href=\"https:\/\/annette-ahrens.at\/onlineshop\/produkt\/rechaud-fa-christofle-paris-um-1880\/\" \/>\n<meta property=\"og:locale\" content=\"de_DE\" \/>\n<meta property=\"og:type\" content=\"article\" \/>\n<meta property=\"og:title\" content=\"Reversibles, versilbertes Rechaud, Fa. Christofle, Paris um 1880\" \/>\n<meta property=\"og:description\" content=\"Reversibles, versilbertes Rechaud, Fa. Christofle, Paris um 1880 \u2665 Antiquit\u00e4ten Online kaufen \u2713 Sichere Lieferung \u2713\" \/>\n<meta property=\"og:url\" content=\"https:\/\/annette-ahrens.at\/onlineshop\/produkt\/rechaud-fa-christofle-paris-um-1880\/\" \/>\n<meta property=\"og:site_name\" content=\"Tafelkultur Onlineshop\" \/>\n<meta property=\"article:publisher\" content=\"https:\/\/www.facebook.com\/AnnetteAhrensTafelkultur\" \/>\n<meta property=\"article:modified_time\" content=\"2025-11-05T19:37:19+00:00\" \/>\n<meta property=\"og:image\" content=\"https:\/\/annette-ahrens.at\/onlineshop\/wp-content\/uploads\/2020\/04\/christofle_rechaud.jpeg\" \/>\n\t<meta property=\"og:image:width\" content=\"400\" \/>\n\t<meta property=\"og:image:height\" content=\"286\" \/>\n<meta name=\"twitter:card\" content=\"summary_large_image\" \/>\n<meta name=\"twitter:label1\" content=\"Gesch\u00e4tzte Lesezeit\">\n\t<meta name=\"twitter:data1\" content=\"1\u00a0Minute\">\n<script type=\"application\/ld+json\" class=\"yoast-schema-graph\">{\"@context\":\"https:\/\/schema.org\",\"@graph\":[{\"@type\":[\"Person\",\"Organization\"],\"@id\":\"https:\/\/annette-ahrens.at\/onlineshop\/#\/schema\/person\/3e19676faae246bba0cb3b7e15f427d8\",\"name\":\"Annette Ahrens\",\"image\":{\"@type\":\"ImageObject\",\"@id\":\"https:\/\/annette-ahrens.at\/onlineshop\/#personlogo\",\"inLanguage\":\"de\",\"url\":\"https:\/\/annette-ahrens.at\/onlineshop\/wp-content\/uploads\/2020\/04\/aa_logo_End.png\",\"width\":800,\"height\":164,\"caption\":\"Annette Ahrens\"},\"logo\":{\"@id\":\"https:\/\/annette-ahrens.at\/onlineshop\/#personlogo\"},\"sameAs\":[\"https:\/\/annette-ahrens.at\",\"https:\/\/www.facebook.com\/AnnetteAhrensTafelkultur\",\"https:\/\/www.instagram.com\/tafelkulturistin\/\",\"https:\/\/de.wikipedia.org\/wiki\/Annette_Ahrens\"]},{\"@type\":\"WebSite\",\"@id\":\"https:\/\/annette-ahrens.at\/onlineshop\/#website\",\"url\":\"https:\/\/annette-ahrens.at\/onlineshop\/\",\"name\":\"Tafelkultur Onlineshop\",\"description\":\"Annette Ahrens\",\"publisher\":{\"@id\":\"https:\/\/annette-ahrens.at\/onlineshop\/#\/schema\/person\/3e19676faae246bba0cb3b7e15f427d8\"},\"potentialAction\":[{\"@type\":\"SearchAction\",\"target\":\"https:\/\/annette-ahrens.at\/onlineshop\/?s={search_term_string}\",\"query-input\":\"required name=search_term_string\"}],\"inLanguage\":\"de\"},{\"@type\":\"ImageObject\",\"@id\":\"https:\/\/annette-ahrens.at\/onlineshop\/produkt\/rechaud-fa-christofle-paris-um-1880\/#primaryimage\",\"inLanguage\":\"de\",\"url\":\"https:\/\/annette-ahrens.at\/onlineshop\/wp-content\/uploads\/2020\/04\/christofle_rechaud.jpeg\",\"width\":400,\"height\":286,\"caption\":\"christofle_rechaud\"},{\"@type\":[\"WebPage\",\"ItemPage\"],\"@id\":\"https:\/\/annette-ahrens.at\/onlineshop\/produkt\/rechaud-fa-christofle-paris-um-1880\/#webpage\",\"url\":\"https:\/\/annette-ahrens.at\/onlineshop\/produkt\/rechaud-fa-christofle-paris-um-1880\/\",\"name\":\"Reversibles, versilbertes Rechaud, Fa. Christofle, Paris um 1880\",\"isPartOf\":{\"@id\":\"https:\/\/annette-ahrens.at\/onlineshop\/#website\"},\"primaryImageOfPage\":{\"@id\":\"https:\/\/annette-ahrens.at\/onlineshop\/produkt\/rechaud-fa-christofle-paris-um-1880\/#primaryimage\"},\"datePublished\":\"2020-04-24T13:58:04+00:00\",\"dateModified\":\"2025-11-05T19:37:19+00:00\",\"description\":\"Reversibles, versilbertes Rechaud, Fa. Christofle, Paris um 1880 \\u2665 Antiquit\\u00e4ten Online kaufen \\u2713 Sichere Lieferung \\u2713\",\"breadcrumb\":{\"@id\":\"https:\/\/annette-ahrens.at\/onlineshop\/produkt\/rechaud-fa-christofle-paris-um-1880\/#breadcrumb\"},\"inLanguage\":\"de\",\"potentialAction\":[{\"@type\":\"ReadAction\",\"target\":[\"https:\/\/annette-ahrens.at\/onlineshop\/produkt\/rechaud-fa-christofle-paris-um-1880\/\"]}]},{\"@type\":\"BreadcrumbList\",\"@id\":\"https:\/\/annette-ahrens.at\/onlineshop\/produkt\/rechaud-fa-christofle-paris-um-1880\/#breadcrumb\",\"itemListElement\":[{\"@type\":\"ListItem\",\"position\":1,\"item\":{\"@type\":\"WebPage\",\"@id\":\"https:\/\/annette-ahrens.at\/onlineshop\/\",\"url\":\"https:\/\/annette-ahrens.at\/onlineshop\/\",\"name\":\"Home\"}},{\"@type\":\"ListItem\",\"position\":2,\"item\":{\"@type\":\"WebPage\",\"@id\":\"https:\/\/annette-ahrens.at\/onlineshop\/alle-tafelkultur-objekte\/\",\"url\":\"https:\/\/annette-ahrens.at\/onlineshop\/alle-tafelkultur-objekte\/\",\"name\":\"Alle Tafelkultur Objekte\"}},{\"@type\":\"ListItem\",\"position\":3,\"item\":{\"@type\":\"WebPage\",\"@id\":\"https:\/\/annette-ahrens.at\/onlineshop\/produkt\/rechaud-fa-christofle-paris-um-1880\/\",\"url\":\"https:\/\/annette-ahrens.at\/onlineshop\/produkt\/rechaud-fa-christofle-paris-um-1880\/\",\"name\":\"Reversibles, versilbertes Rechaud, Fa. Christofle, Paris um 1880\"}}]}]}<\/script>\n<!-- \/ Yoast SEO Premium plugin. -->","_links":{"self":[{"href":"https:\/\/annette-ahrens.at\/onlineshop\/wp-json\/wp\/v2\/product\/154","targetHints":{"allow":["GET"]}}],"collection":[{"href":"https:\/\/annette-ahrens.at\/onlineshop\/wp-json\/wp\/v2\/product"}],"about":[{"href":"https:\/\/annette-ahrens.at\/onlineshop\/wp-json\/wp\/v2\/types\/product"}],"replies":[{"embeddable":true,"href":"https:\/\/annette-ahrens.at\/onlineshop\/wp-json\/wp\/v2\/comments?post=154"}],"wp:featuredmedia":[{"embeddable":true,"href":"https:\/\/annette-ahrens.at\/onlineshop\/wp-json\/wp\/v2\/media\/155"}],"wp:attachment":[{"href":"https:\/\/annette-ahrens.at\/onlineshop\/wp-json\/wp\/v2\/media?parent=154"}],"wp:term":[{"taxonomy":"product_brand","embeddable":true,"href":"https:\/\/annette-ahrens.at\/onlineshop\/wp-json\/wp\/v2\/product_brand?post=154"},{"taxonomy":"product_cat","embeddable":true,"href":"https:\/\/annette-ahrens.at\/onlineshop\/wp-json\/wp\/v2\/product_cat?post=154"},{"taxonomy":"product_tag","embeddable":true,"href":"https:\/\/annette-ahrens.at\/onlineshop\/wp-json\/wp\/v2\/product_tag?post=154"}],"curies":[{"name":"wp","href":"https:\/\/api.w.org\/{rel}","templated":true}]}}