{"id":15702,"date":"2022-06-13T11:13:13","date_gmt":"2022-06-13T09:13:13","guid":{"rendered":"https:\/\/annette-ahrens.at\/onlineshop\/?post_type=product&#038;p=15702"},"modified":"2025-09-24T22:01:38","modified_gmt":"2025-09-24T20:01:38","slug":"runde-historismus-kuchenplatte-fa-a-koehler-wien-um-1880","status":"publish","type":"product","link":"https:\/\/annette-ahrens.at\/onlineshop\/produkt\/runde-historismus-kuchenplatte-fa-a-koehler-wien-um-1880\/","title":{"rendered":"Runde Historismus Kuchenplatte, Fa. A.K\u00f6hler, Wien, um 1880"},"content":{"rendered":"<p>Runde Historismus Kuchenplatte<\/p>\n<p>Fa. A.K\u00f6hler (WMF), Wien, um 1880<\/p>\n<p>Alpacca, versilbert, runde Platte mit zwei Henkeln, auf vier fein ausgearbeiteten Maskeronenf\u00fcsschen, herausnehmbare, geschliffene Glasplatte (erneuert), Untersatz gemarkt &#8222;K.&amp;Cie&#8220;<\/p>\n<p>Dm 36,5 cm (\u00fcber die Henkeln)<\/p>\n<p>Dm 25,5 cm (Glasplatte)<\/p>\n","protected":false},"excerpt":{"rendered":"<p>Annettes Etikette: Die Wiener Alpaccafabrik von Adolph K\u00f6hler &amp; Cie. wurde 1879 vom Esslinger Unternehmer A. Ritter &amp; Co gegr\u00fcndet, bereits 1880 ging die Firma in den Besitz von WMF \u00fcber. Um die hohen Importz\u00f6lle f\u00fcr Silberwaren nach \u00d6sterreich zu umgehen, wurde die Wiener Firma als Zweigstelle von WMF weitergef\u00fchrt. Die Produktion ist bis 1914 belegt. Der abgek\u00fcrzte Namen A. bezieht sich auf Adolph und nicht Albert, wie mir sein Urenkel mitteilte. Diese Tortenplatte hat den Vorteil wirklich flach zu sein und mit der herausnehmbaren Glasplatte ein f\u00fcr die versilberte Oberfl\u00e4che ungef\u00e4hrliches Schneiden zu erm\u00f6glichen. Go for it!<\/p>\n","protected":false},"featured_media":15710,"comment_status":"open","ping_status":"closed","template":"","meta":[],"product_brand":[],"product_cat":[25,276,192,31,199,198,292,24,283,26],"product_tag":[],"class_list":{"0":"post-15702","1":"product","2":"type-product","3":"status-publish","4":"has-post-thumbnail","6":"product_cat-5o-clock-tea","7":"product_cat-alpacca","8":"product_cat-dessert","9":"product_cat-gastgeschenke","10":"product_cat-jause","11":"product_cat-kuchen","12":"product_cat-muttertag","13":"product_cat-patisserie","14":"product_cat-tablett","15":"product_cat-wiener-melange","17":"first","18":"instock","19":"sold-individually","20":"purchasable","21":"product-type-simple"},"yoast_head":"<!-- This site is optimized with the Yoast SEO Premium plugin v15.8.2 - https:\/\/yoast.com\/wordpress\/plugins\/seo\/ -->\n<title>Runde Historismus Kuchenplatte, Fa. A.K\u00f6hler, Wien, um 1880<\/title>\n<meta name=\"description\" content=\"Runde Historismus Kuchenplatte, Fa. A.K\u00f6hler, Wien, um 1880 \u2665 Antiquit\u00e4ten Online kaufen \u2713 Sichere Lieferung \u2713\" \/>\n<meta name=\"robots\" content=\"index, follow, max-snippet:-1, max-image-preview:large, max-video-preview:-1\" \/>\n<link rel=\"canonical\" href=\"https:\/\/annette-ahrens.at\/onlineshop\/produkt\/runde-historismus-kuchenplatte-fa-a-koehler-wien-um-1880\/\" \/>\n<meta property=\"og:locale\" content=\"de_DE\" \/>\n<meta property=\"og:type\" content=\"article\" \/>\n<meta property=\"og:title\" content=\"Runde Historismus Kuchenplatte, Fa. A.K\u00f6hler, Wien, um 1880\" \/>\n<meta property=\"og:description\" content=\"Runde Historismus Kuchenplatte, Fa. A.K\u00f6hler, Wien, um 1880 \u2665 Antiquit\u00e4ten Online kaufen \u2713 Sichere Lieferung \u2713\" \/>\n<meta property=\"og:url\" content=\"https:\/\/annette-ahrens.at\/onlineshop\/produkt\/runde-historismus-kuchenplatte-fa-a-koehler-wien-um-1880\/\" \/>\n<meta property=\"og:site_name\" content=\"Tafelkultur Onlineshop\" \/>\n<meta property=\"article:publisher\" content=\"https:\/\/www.facebook.com\/AnnetteAhrensTafelkultur\" \/>\n<meta property=\"article:modified_time\" content=\"2025-09-24T20:01:38+00:00\" \/>\n<meta property=\"og:image\" content=\"https:\/\/annette-ahrens.at\/onlineshop\/wp-content\/uploads\/2022\/06\/IMG_6974-rotated.jpeg\" \/>\n\t<meta property=\"og:image:width\" content=\"1936\" \/>\n\t<meta property=\"og:image:height\" content=\"1936\" \/>\n<meta name=\"twitter:card\" content=\"summary_large_image\" \/>\n<meta name=\"twitter:label1\" content=\"Gesch\u00e4tzte Lesezeit\">\n\t<meta name=\"twitter:data1\" content=\"1\u00a0Minute\">\n<script type=\"application\/ld+json\" class=\"yoast-schema-graph\">{\"@context\":\"https:\/\/schema.org\",\"@graph\":[{\"@type\":[\"Person\",\"Organization\"],\"@id\":\"https:\/\/annette-ahrens.at\/onlineshop\/#\/schema\/person\/3e19676faae246bba0cb3b7e15f427d8\",\"name\":\"Annette Ahrens\",\"image\":{\"@type\":\"ImageObject\",\"@id\":\"https:\/\/annette-ahrens.at\/onlineshop\/#personlogo\",\"inLanguage\":\"de\",\"url\":\"https:\/\/annette-ahrens.at\/onlineshop\/wp-content\/uploads\/2020\/04\/aa_logo_End.png\",\"width\":800,\"height\":164,\"caption\":\"Annette Ahrens\"},\"logo\":{\"@id\":\"https:\/\/annette-ahrens.at\/onlineshop\/#personlogo\"},\"sameAs\":[\"https:\/\/annette-ahrens.at\",\"https:\/\/www.facebook.com\/AnnetteAhrensTafelkultur\",\"https:\/\/www.instagram.com\/tafelkulturistin\/\",\"https:\/\/de.wikipedia.org\/wiki\/Annette_Ahrens\"]},{\"@type\":\"WebSite\",\"@id\":\"https:\/\/annette-ahrens.at\/onlineshop\/#website\",\"url\":\"https:\/\/annette-ahrens.at\/onlineshop\/\",\"name\":\"Tafelkultur Onlineshop\",\"description\":\"Annette Ahrens\",\"publisher\":{\"@id\":\"https:\/\/annette-ahrens.at\/onlineshop\/#\/schema\/person\/3e19676faae246bba0cb3b7e15f427d8\"},\"potentialAction\":[{\"@type\":\"SearchAction\",\"target\":\"https:\/\/annette-ahrens.at\/onlineshop\/?s={search_term_string}\",\"query-input\":\"required name=search_term_string\"}],\"inLanguage\":\"de\"},{\"@type\":\"ImageObject\",\"@id\":\"https:\/\/annette-ahrens.at\/onlineshop\/produkt\/runde-historismus-kuchenplatte-fa-a-koehler-wien-um-1880\/#primaryimage\",\"inLanguage\":\"de\",\"url\":\"https:\/\/annette-ahrens.at\/onlineshop\/wp-content\/uploads\/2022\/06\/IMG_6974-rotated.jpeg\",\"width\":1936,\"height\":1936,\"caption\":\"tortenplatte_k\\u00f6hler\"},{\"@type\":[\"WebPage\",\"ItemPage\"],\"@id\":\"https:\/\/annette-ahrens.at\/onlineshop\/produkt\/runde-historismus-kuchenplatte-fa-a-koehler-wien-um-1880\/#webpage\",\"url\":\"https:\/\/annette-ahrens.at\/onlineshop\/produkt\/runde-historismus-kuchenplatte-fa-a-koehler-wien-um-1880\/\",\"name\":\"Runde Historismus Kuchenplatte, Fa. A.K\\u00f6hler, Wien, um 1880\",\"isPartOf\":{\"@id\":\"https:\/\/annette-ahrens.at\/onlineshop\/#website\"},\"primaryImageOfPage\":{\"@id\":\"https:\/\/annette-ahrens.at\/onlineshop\/produkt\/runde-historismus-kuchenplatte-fa-a-koehler-wien-um-1880\/#primaryimage\"},\"datePublished\":\"2022-06-13T09:13:13+00:00\",\"dateModified\":\"2025-09-24T20:01:38+00:00\",\"description\":\"Runde Historismus Kuchenplatte, Fa. A.K\\u00f6hler, Wien, um 1880 \\u2665 Antiquit\\u00e4ten Online kaufen \\u2713 Sichere Lieferung \\u2713\",\"breadcrumb\":{\"@id\":\"https:\/\/annette-ahrens.at\/onlineshop\/produkt\/runde-historismus-kuchenplatte-fa-a-koehler-wien-um-1880\/#breadcrumb\"},\"inLanguage\":\"de\",\"potentialAction\":[{\"@type\":\"ReadAction\",\"target\":[\"https:\/\/annette-ahrens.at\/onlineshop\/produkt\/runde-historismus-kuchenplatte-fa-a-koehler-wien-um-1880\/\"]}]},{\"@type\":\"BreadcrumbList\",\"@id\":\"https:\/\/annette-ahrens.at\/onlineshop\/produkt\/runde-historismus-kuchenplatte-fa-a-koehler-wien-um-1880\/#breadcrumb\",\"itemListElement\":[{\"@type\":\"ListItem\",\"position\":1,\"item\":{\"@type\":\"WebPage\",\"@id\":\"https:\/\/annette-ahrens.at\/onlineshop\/\",\"url\":\"https:\/\/annette-ahrens.at\/onlineshop\/\",\"name\":\"Home\"}},{\"@type\":\"ListItem\",\"position\":2,\"item\":{\"@type\":\"WebPage\",\"@id\":\"https:\/\/annette-ahrens.at\/onlineshop\/alle-tafelkultur-objekte\/\",\"url\":\"https:\/\/annette-ahrens.at\/onlineshop\/alle-tafelkultur-objekte\/\",\"name\":\"Alle Tafelkultur Objekte\"}},{\"@type\":\"ListItem\",\"position\":3,\"item\":{\"@type\":\"WebPage\",\"@id\":\"https:\/\/annette-ahrens.at\/onlineshop\/produkt\/runde-historismus-kuchenplatte-fa-a-koehler-wien-um-1880\/\",\"url\":\"https:\/\/annette-ahrens.at\/onlineshop\/produkt\/runde-historismus-kuchenplatte-fa-a-koehler-wien-um-1880\/\",\"name\":\"Runde Historismus Kuchenplatte, Fa. A.K\\u00f6hler, Wien, um 1880\"}}]}]}<\/script>\n<!-- \/ Yoast SEO Premium plugin. -->","_links":{"self":[{"href":"https:\/\/annette-ahrens.at\/onlineshop\/wp-json\/wp\/v2\/product\/15702","targetHints":{"allow":["GET"]}}],"collection":[{"href":"https:\/\/annette-ahrens.at\/onlineshop\/wp-json\/wp\/v2\/product"}],"about":[{"href":"https:\/\/annette-ahrens.at\/onlineshop\/wp-json\/wp\/v2\/types\/product"}],"replies":[{"embeddable":true,"href":"https:\/\/annette-ahrens.at\/onlineshop\/wp-json\/wp\/v2\/comments?post=15702"}],"wp:featuredmedia":[{"embeddable":true,"href":"https:\/\/annette-ahrens.at\/onlineshop\/wp-json\/wp\/v2\/media\/15710"}],"wp:attachment":[{"href":"https:\/\/annette-ahrens.at\/onlineshop\/wp-json\/wp\/v2\/media?parent=15702"}],"wp:term":[{"taxonomy":"product_brand","embeddable":true,"href":"https:\/\/annette-ahrens.at\/onlineshop\/wp-json\/wp\/v2\/product_brand?post=15702"},{"taxonomy":"product_cat","embeddable":true,"href":"https:\/\/annette-ahrens.at\/onlineshop\/wp-json\/wp\/v2\/product_cat?post=15702"},{"taxonomy":"product_tag","embeddable":true,"href":"https:\/\/annette-ahrens.at\/onlineshop\/wp-json\/wp\/v2\/product_tag?post=15702"}],"curies":[{"name":"wp","href":"https:\/\/api.w.org\/{rel}","templated":true}]}}