{"id":15850,"date":"2022-06-14T21:08:13","date_gmt":"2022-06-14T19:08:13","guid":{"rendered":"https:\/\/annette-ahrens.at\/onlineshop\/?post_type=product&#038;p=15850"},"modified":"2022-06-14T21:09:17","modified_gmt":"2022-06-14T19:09:17","slug":"jens-harald-quistgaard-paar-teardrop-candles-daenemark-um-1960-2","status":"publish","type":"product","link":"https:\/\/annette-ahrens.at\/onlineshop\/produkt\/jens-harald-quistgaard-paar-teardrop-candles-daenemark-um-1960-2\/","title":{"rendered":"Jens Harald Quistgaard, Paar Teardrop Candles, D\u00e4nemark, um 1960"},"content":{"rendered":"<p>Paar Teardrop Candles<\/p>\n<p>Jens Harald Quistgaard (1919-2008)<\/p>\n<p>DANSK Designs, um 1960<\/p>\n<p>Alpacca, versilbert, gemarkt \u201cDansk Designs Denmark JHQ\u201d f\u00fcr Jens Harald Quistgaard, auf der Standfl\u00e4che ein eingel\u00f6tetes Gewicht, kippbar<\/p>\n<p>H 6 cm<\/p>\n","protected":false},"excerpt":{"rendered":"<p>Annettes Etikette: Danish sculptor and industrial designer Jens Quistgaard (1919\u20132008) enjoyed a long and successful career in Denmark and in the United States. He was particularly active during the 1950 and \u201860s. His best known and most commercially successful works were produced by Dansk Designs, an American manufacturer whose name is the Danish word for \u201cDanish\u201d itself. Dansk Designs brought Quistgaard and his reductionist Nordic design aesthetic to the United States, where the pair were instrumental in the creation of an American awareness and appreciation of Danish Modern design.<\/p>\n","protected":false},"featured_media":13806,"comment_status":"open","ping_status":"closed","template":"","meta":[],"product_brand":[],"product_cat":[25,48,28,289,131,311],"product_tag":[],"class_list":{"0":"post-15850","1":"product","2":"type-product","3":"status-publish","4":"has-post-thumbnail","6":"product_cat-5o-clock-tea","7":"product_cat-kerzenleuchter","8":"product_cat-licht-rauch","9":"product_cat-paar-leuchter","10":"product_cat-tafeldekorationen","11":"product_cat-tafelinventar","13":"first","14":"instock","15":"sold-individually","16":"purchasable","17":"product-type-simple"},"yoast_head":"<!-- This site is optimized with the Yoast SEO Premium plugin v15.8.2 - https:\/\/yoast.com\/wordpress\/plugins\/seo\/ -->\n<title>Jens Harald Quistgaard, Paar Teardrop Candles, D\u00e4nemark, um 1960<\/title>\n<meta name=\"description\" content=\"Jens Harald Quistgaard, Paar Teardrop Candles, D\u00e4nemark, um 1960 \u2665 Antiquit\u00e4ten Online kaufen \u2713 Sichere Lieferung \u2713\" \/>\n<meta name=\"robots\" content=\"index, follow, max-snippet:-1, max-image-preview:large, max-video-preview:-1\" \/>\n<link rel=\"canonical\" href=\"https:\/\/annette-ahrens.at\/onlineshop\/produkt\/jens-harald-quistgaard-paar-teardrop-candles-daenemark-um-1960-2\/\" \/>\n<meta property=\"og:locale\" content=\"de_DE\" \/>\n<meta property=\"og:type\" content=\"article\" \/>\n<meta property=\"og:title\" content=\"Jens Harald Quistgaard, Paar Teardrop Candles, D\u00e4nemark, um 1960\" \/>\n<meta property=\"og:description\" content=\"Jens Harald Quistgaard, Paar Teardrop Candles, D\u00e4nemark, um 1960 \u2665 Antiquit\u00e4ten Online kaufen \u2713 Sichere Lieferung \u2713\" \/>\n<meta property=\"og:url\" content=\"https:\/\/annette-ahrens.at\/onlineshop\/produkt\/jens-harald-quistgaard-paar-teardrop-candles-daenemark-um-1960-2\/\" \/>\n<meta property=\"og:site_name\" content=\"Tafelkultur Onlineshop\" \/>\n<meta property=\"article:publisher\" content=\"https:\/\/www.facebook.com\/AnnetteAhrensTafelkultur\" \/>\n<meta property=\"article:modified_time\" content=\"2022-06-14T19:09:17+00:00\" \/>\n<meta property=\"og:image\" content=\"https:\/\/annette-ahrens.at\/onlineshop\/wp-content\/uploads\/2022\/02\/IMG_5244-rotated.jpeg\" \/>\n\t<meta property=\"og:image:width\" content=\"1936\" \/>\n\t<meta property=\"og:image:height\" content=\"1936\" \/>\n<meta name=\"twitter:card\" content=\"summary_large_image\" \/>\n<meta name=\"twitter:label1\" content=\"Gesch\u00e4tzte Lesezeit\">\n\t<meta name=\"twitter:data1\" content=\"1\u00a0Minute\">\n<script type=\"application\/ld+json\" class=\"yoast-schema-graph\">{\"@context\":\"https:\/\/schema.org\",\"@graph\":[{\"@type\":[\"Person\",\"Organization\"],\"@id\":\"https:\/\/annette-ahrens.at\/onlineshop\/#\/schema\/person\/3e19676faae246bba0cb3b7e15f427d8\",\"name\":\"Annette Ahrens\",\"image\":{\"@type\":\"ImageObject\",\"@id\":\"https:\/\/annette-ahrens.at\/onlineshop\/#personlogo\",\"inLanguage\":\"de\",\"url\":\"https:\/\/annette-ahrens.at\/onlineshop\/wp-content\/uploads\/2020\/04\/aa_logo_End.png\",\"width\":800,\"height\":164,\"caption\":\"Annette Ahrens\"},\"logo\":{\"@id\":\"https:\/\/annette-ahrens.at\/onlineshop\/#personlogo\"},\"sameAs\":[\"https:\/\/annette-ahrens.at\",\"https:\/\/www.facebook.com\/AnnetteAhrensTafelkultur\",\"https:\/\/www.instagram.com\/tafelkulturistin\/\",\"https:\/\/de.wikipedia.org\/wiki\/Annette_Ahrens\"]},{\"@type\":\"WebSite\",\"@id\":\"https:\/\/annette-ahrens.at\/onlineshop\/#website\",\"url\":\"https:\/\/annette-ahrens.at\/onlineshop\/\",\"name\":\"Tafelkultur Onlineshop\",\"description\":\"Annette Ahrens\",\"publisher\":{\"@id\":\"https:\/\/annette-ahrens.at\/onlineshop\/#\/schema\/person\/3e19676faae246bba0cb3b7e15f427d8\"},\"potentialAction\":[{\"@type\":\"SearchAction\",\"target\":\"https:\/\/annette-ahrens.at\/onlineshop\/?s={search_term_string}\",\"query-input\":\"required name=search_term_string\"}],\"inLanguage\":\"de\"},{\"@type\":\"ImageObject\",\"@id\":\"https:\/\/annette-ahrens.at\/onlineshop\/produkt\/jens-harald-quistgaard-paar-teardrop-candles-daenemark-um-1960-2\/#primaryimage\",\"inLanguage\":\"de\",\"url\":\"https:\/\/annette-ahrens.at\/onlineshop\/wp-content\/uploads\/2022\/02\/IMG_5244-rotated.jpeg\",\"width\":1936,\"height\":1936,\"caption\":\"teardrops\"},{\"@type\":[\"WebPage\",\"ItemPage\"],\"@id\":\"https:\/\/annette-ahrens.at\/onlineshop\/produkt\/jens-harald-quistgaard-paar-teardrop-candles-daenemark-um-1960-2\/#webpage\",\"url\":\"https:\/\/annette-ahrens.at\/onlineshop\/produkt\/jens-harald-quistgaard-paar-teardrop-candles-daenemark-um-1960-2\/\",\"name\":\"Jens Harald Quistgaard, Paar Teardrop Candles, D\\u00e4nemark, um 1960\",\"isPartOf\":{\"@id\":\"https:\/\/annette-ahrens.at\/onlineshop\/#website\"},\"primaryImageOfPage\":{\"@id\":\"https:\/\/annette-ahrens.at\/onlineshop\/produkt\/jens-harald-quistgaard-paar-teardrop-candles-daenemark-um-1960-2\/#primaryimage\"},\"datePublished\":\"2022-06-14T19:08:13+00:00\",\"dateModified\":\"2022-06-14T19:09:17+00:00\",\"description\":\"Jens Harald Quistgaard, Paar Teardrop Candles, D\\u00e4nemark, um 1960 \\u2665 Antiquit\\u00e4ten Online kaufen \\u2713 Sichere Lieferung \\u2713\",\"breadcrumb\":{\"@id\":\"https:\/\/annette-ahrens.at\/onlineshop\/produkt\/jens-harald-quistgaard-paar-teardrop-candles-daenemark-um-1960-2\/#breadcrumb\"},\"inLanguage\":\"de\",\"potentialAction\":[{\"@type\":\"ReadAction\",\"target\":[\"https:\/\/annette-ahrens.at\/onlineshop\/produkt\/jens-harald-quistgaard-paar-teardrop-candles-daenemark-um-1960-2\/\"]}]},{\"@type\":\"BreadcrumbList\",\"@id\":\"https:\/\/annette-ahrens.at\/onlineshop\/produkt\/jens-harald-quistgaard-paar-teardrop-candles-daenemark-um-1960-2\/#breadcrumb\",\"itemListElement\":[{\"@type\":\"ListItem\",\"position\":1,\"item\":{\"@type\":\"WebPage\",\"@id\":\"https:\/\/annette-ahrens.at\/onlineshop\/\",\"url\":\"https:\/\/annette-ahrens.at\/onlineshop\/\",\"name\":\"Home\"}},{\"@type\":\"ListItem\",\"position\":2,\"item\":{\"@type\":\"WebPage\",\"@id\":\"https:\/\/annette-ahrens.at\/onlineshop\/alle-tafelkultur-objekte\/\",\"url\":\"https:\/\/annette-ahrens.at\/onlineshop\/alle-tafelkultur-objekte\/\",\"name\":\"Alle Tafelkultur Objekte\"}},{\"@type\":\"ListItem\",\"position\":3,\"item\":{\"@type\":\"WebPage\",\"@id\":\"https:\/\/annette-ahrens.at\/onlineshop\/produkt\/jens-harald-quistgaard-paar-teardrop-candles-daenemark-um-1960-2\/\",\"url\":\"https:\/\/annette-ahrens.at\/onlineshop\/produkt\/jens-harald-quistgaard-paar-teardrop-candles-daenemark-um-1960-2\/\",\"name\":\"Jens Harald Quistgaard, Paar Teardrop Candles, D\\u00e4nemark, um 1960\"}}]}]}<\/script>\n<!-- \/ Yoast SEO Premium plugin. -->","_links":{"self":[{"href":"https:\/\/annette-ahrens.at\/onlineshop\/wp-json\/wp\/v2\/product\/15850","targetHints":{"allow":["GET"]}}],"collection":[{"href":"https:\/\/annette-ahrens.at\/onlineshop\/wp-json\/wp\/v2\/product"}],"about":[{"href":"https:\/\/annette-ahrens.at\/onlineshop\/wp-json\/wp\/v2\/types\/product"}],"replies":[{"embeddable":true,"href":"https:\/\/annette-ahrens.at\/onlineshop\/wp-json\/wp\/v2\/comments?post=15850"}],"wp:featuredmedia":[{"embeddable":true,"href":"https:\/\/annette-ahrens.at\/onlineshop\/wp-json\/wp\/v2\/media\/13806"}],"wp:attachment":[{"href":"https:\/\/annette-ahrens.at\/onlineshop\/wp-json\/wp\/v2\/media?parent=15850"}],"wp:term":[{"taxonomy":"product_brand","embeddable":true,"href":"https:\/\/annette-ahrens.at\/onlineshop\/wp-json\/wp\/v2\/product_brand?post=15850"},{"taxonomy":"product_cat","embeddable":true,"href":"https:\/\/annette-ahrens.at\/onlineshop\/wp-json\/wp\/v2\/product_cat?post=15850"},{"taxonomy":"product_tag","embeddable":true,"href":"https:\/\/annette-ahrens.at\/onlineshop\/wp-json\/wp\/v2\/product_tag?post=15850"}],"curies":[{"name":"wp","href":"https:\/\/api.w.org\/{rel}","templated":true}]}}