{"id":15937,"date":"2022-06-21T15:16:47","date_gmt":"2022-06-21T13:16:47","guid":{"rendered":"https:\/\/annette-ahrens.at\/onlineshop\/?post_type=product&#038;p=15937"},"modified":"2022-06-28T10:30:27","modified_gmt":"2022-06-28T08:30:27","slug":"24-teiliges-besteck-premiere-fuer-6-personen-fa-hacker-wien-um-1900","status":"publish","type":"product","link":"https:\/\/annette-ahrens.at\/onlineshop\/produkt\/24-teiliges-besteck-premiere-fuer-6-personen-fa-hacker-wien-um-1900\/","title":{"rendered":"24 teiliges Besteck &#8222;Premiere&#8220; f\u00fcr 6 Personen, Fa. Hacker, Wien, um 1900"},"content":{"rendered":"<p>24 teiliges Besteck &#8222;Premiere&#8220;\u00a0f\u00fcr 6 Personen<\/p>\n<p>Fa. Moritz Hacker, Wien, um 1900<\/p>\n<p>Alpacca, stark versilbert, 24 Teile, alle Teile gemarkt mit Firmenmarke HACKER, 2 Teel\u00f6ffel andere Marke, Messer mit rostfreien Klingen Marke Steyr<\/p>\n<p>Bestehend aus:<\/p>\n<p>6 Suppenl\u00f6ffel L 21 cm<\/p>\n<p>6 Menumesser L 25,1 cm<\/p>\n<p>6 Menugabeln L 21 cm<\/p>\n<p>6 Teel\u00f6ffel L 14,6 cm<\/p>\n","protected":false},"excerpt":{"rendered":"<p>Annettes Etikette: Zur Geschichte der Firma Hacker habe ich mir auf meinem <a href=\"https:\/\/annette-ahrens.at\/moritz-hacker-und-seine-plattierwarenfabrik\/\">Blog<\/a> ausf\u00fchrliche Gedanken gemacht. Nun ist es mir auch gelungen zu einem Enkel des urspr\u00fcnglichen Besitzers Kontakt zu bekommen.Der erhaltene Firmenkatalog der Firma Hacker in meinem Besitz gibt uns \u00fcber die Vielfalt der angebotenen Besteckformen Auskunft. Zugeh\u00f6rige Vorleger k\u00f6nnen auf Wunsch auch bei mir erworben werden. Diese Facon wurde bei Berndorf unter der Nummer &#8222;6800&#8220; und heute unter dem Namen &#8222;Premiere&#8220; vertrieben.<\/p>\n","protected":false},"featured_media":15974,"comment_status":"open","ping_status":"closed","template":"","meta":[],"product_brand":[],"product_cat":[276,30,203,240,291,295,296,53],"product_tag":[],"class_list":{"0":"post-15937","1":"product","2":"type-product","3":"status-publish","4":"has-post-thumbnail","6":"product_cat-alpacca","7":"product_cat-besteck","8":"product_cat-fisch-speisen","9":"product_cat-fischbesteck","10":"product_cat-hochzeit","11":"product_cat-jagdeinladung","12":"product_cat-silvester","13":"product_cat-weihnachten","15":"first","16":"instock","17":"sold-individually","18":"purchasable","19":"product-type-simple"},"yoast_head":"<!-- This site is optimized with the Yoast SEO Premium plugin v15.8.2 - https:\/\/yoast.com\/wordpress\/plugins\/seo\/ -->\n<title>24 teiliges Besteck &quot;Premiere&quot; f\u00fcr 6 Personen, Fa. Hacker, Wien, um 1900<\/title>\n<meta name=\"description\" content=\"24 teiliges Besteck &quot;Premiere&quot; f\u00fcr 6 Personen, Fa. Hacker, Wien, um 1900 \u2665 Antiquit\u00e4ten Online kaufen \u2713 Sichere Lieferung \u2713\" \/>\n<meta name=\"robots\" content=\"index, follow, max-snippet:-1, max-image-preview:large, max-video-preview:-1\" \/>\n<link rel=\"canonical\" href=\"https:\/\/annette-ahrens.at\/onlineshop\/produkt\/24-teiliges-besteck-premiere-fuer-6-personen-fa-hacker-wien-um-1900\/\" \/>\n<meta property=\"og:locale\" content=\"de_DE\" \/>\n<meta property=\"og:type\" content=\"article\" \/>\n<meta property=\"og:title\" content=\"24 teiliges Besteck &quot;Premiere&quot; f\u00fcr 6 Personen, Fa. Hacker, Wien, um 1900\" \/>\n<meta property=\"og:description\" content=\"24 teiliges Besteck &quot;Premiere&quot; f\u00fcr 6 Personen, Fa. Hacker, Wien, um 1900 \u2665 Antiquit\u00e4ten Online kaufen \u2713 Sichere Lieferung \u2713\" \/>\n<meta property=\"og:url\" content=\"https:\/\/annette-ahrens.at\/onlineshop\/produkt\/24-teiliges-besteck-premiere-fuer-6-personen-fa-hacker-wien-um-1900\/\" \/>\n<meta property=\"og:site_name\" content=\"Tafelkultur Onlineshop\" \/>\n<meta property=\"article:publisher\" content=\"https:\/\/www.facebook.com\/AnnetteAhrensTafelkultur\" \/>\n<meta property=\"article:modified_time\" content=\"2022-06-28T08:30:27+00:00\" \/>\n<meta property=\"og:image\" content=\"https:\/\/annette-ahrens.at\/onlineshop\/wp-content\/uploads\/2022\/06\/IMG_7282-scaled.jpeg\" \/>\n\t<meta property=\"og:image:width\" content=\"1912\" \/>\n\t<meta property=\"og:image:height\" content=\"2560\" \/>\n<meta name=\"twitter:card\" content=\"summary_large_image\" \/>\n<meta name=\"twitter:label1\" content=\"Gesch\u00e4tzte Lesezeit\">\n\t<meta name=\"twitter:data1\" content=\"1\u00a0Minute\">\n<script type=\"application\/ld+json\" class=\"yoast-schema-graph\">{\"@context\":\"https:\/\/schema.org\",\"@graph\":[{\"@type\":[\"Person\",\"Organization\"],\"@id\":\"https:\/\/annette-ahrens.at\/onlineshop\/#\/schema\/person\/3e19676faae246bba0cb3b7e15f427d8\",\"name\":\"Annette Ahrens\",\"image\":{\"@type\":\"ImageObject\",\"@id\":\"https:\/\/annette-ahrens.at\/onlineshop\/#personlogo\",\"inLanguage\":\"de\",\"url\":\"https:\/\/annette-ahrens.at\/onlineshop\/wp-content\/uploads\/2020\/04\/aa_logo_End.png\",\"width\":800,\"height\":164,\"caption\":\"Annette Ahrens\"},\"logo\":{\"@id\":\"https:\/\/annette-ahrens.at\/onlineshop\/#personlogo\"},\"sameAs\":[\"https:\/\/annette-ahrens.at\",\"https:\/\/www.facebook.com\/AnnetteAhrensTafelkultur\",\"https:\/\/www.instagram.com\/tafelkulturistin\/\",\"https:\/\/de.wikipedia.org\/wiki\/Annette_Ahrens\"]},{\"@type\":\"WebSite\",\"@id\":\"https:\/\/annette-ahrens.at\/onlineshop\/#website\",\"url\":\"https:\/\/annette-ahrens.at\/onlineshop\/\",\"name\":\"Tafelkultur Onlineshop\",\"description\":\"Annette Ahrens\",\"publisher\":{\"@id\":\"https:\/\/annette-ahrens.at\/onlineshop\/#\/schema\/person\/3e19676faae246bba0cb3b7e15f427d8\"},\"potentialAction\":[{\"@type\":\"SearchAction\",\"target\":\"https:\/\/annette-ahrens.at\/onlineshop\/?s={search_term_string}\",\"query-input\":\"required name=search_term_string\"}],\"inLanguage\":\"de\"},{\"@type\":\"ImageObject\",\"@id\":\"https:\/\/annette-ahrens.at\/onlineshop\/produkt\/24-teiliges-besteck-premiere-fuer-6-personen-fa-hacker-wien-um-1900\/#primaryimage\",\"inLanguage\":\"de\",\"url\":\"https:\/\/annette-ahrens.at\/onlineshop\/wp-content\/uploads\/2022\/06\/IMG_7282-scaled.jpeg\",\"width\":1912,\"height\":2560,\"caption\":\"premiere_berndorf\"},{\"@type\":[\"WebPage\",\"ItemPage\"],\"@id\":\"https:\/\/annette-ahrens.at\/onlineshop\/produkt\/24-teiliges-besteck-premiere-fuer-6-personen-fa-hacker-wien-um-1900\/#webpage\",\"url\":\"https:\/\/annette-ahrens.at\/onlineshop\/produkt\/24-teiliges-besteck-premiere-fuer-6-personen-fa-hacker-wien-um-1900\/\",\"name\":\"24 teiliges Besteck \\\"Premiere\\\" f\\u00fcr 6 Personen, Fa. Hacker, Wien, um 1900\",\"isPartOf\":{\"@id\":\"https:\/\/annette-ahrens.at\/onlineshop\/#website\"},\"primaryImageOfPage\":{\"@id\":\"https:\/\/annette-ahrens.at\/onlineshop\/produkt\/24-teiliges-besteck-premiere-fuer-6-personen-fa-hacker-wien-um-1900\/#primaryimage\"},\"datePublished\":\"2022-06-21T13:16:47+00:00\",\"dateModified\":\"2022-06-28T08:30:27+00:00\",\"description\":\"24 teiliges Besteck \\\"Premiere\\\" f\\u00fcr 6 Personen, Fa. Hacker, Wien, um 1900 \\u2665 Antiquit\\u00e4ten Online kaufen \\u2713 Sichere Lieferung \\u2713\",\"breadcrumb\":{\"@id\":\"https:\/\/annette-ahrens.at\/onlineshop\/produkt\/24-teiliges-besteck-premiere-fuer-6-personen-fa-hacker-wien-um-1900\/#breadcrumb\"},\"inLanguage\":\"de\",\"potentialAction\":[{\"@type\":\"ReadAction\",\"target\":[\"https:\/\/annette-ahrens.at\/onlineshop\/produkt\/24-teiliges-besteck-premiere-fuer-6-personen-fa-hacker-wien-um-1900\/\"]}]},{\"@type\":\"BreadcrumbList\",\"@id\":\"https:\/\/annette-ahrens.at\/onlineshop\/produkt\/24-teiliges-besteck-premiere-fuer-6-personen-fa-hacker-wien-um-1900\/#breadcrumb\",\"itemListElement\":[{\"@type\":\"ListItem\",\"position\":1,\"item\":{\"@type\":\"WebPage\",\"@id\":\"https:\/\/annette-ahrens.at\/onlineshop\/\",\"url\":\"https:\/\/annette-ahrens.at\/onlineshop\/\",\"name\":\"Home\"}},{\"@type\":\"ListItem\",\"position\":2,\"item\":{\"@type\":\"WebPage\",\"@id\":\"https:\/\/annette-ahrens.at\/onlineshop\/alle-tafelkultur-objekte\/\",\"url\":\"https:\/\/annette-ahrens.at\/onlineshop\/alle-tafelkultur-objekte\/\",\"name\":\"Alle Tafelkultur Objekte\"}},{\"@type\":\"ListItem\",\"position\":3,\"item\":{\"@type\":\"WebPage\",\"@id\":\"https:\/\/annette-ahrens.at\/onlineshop\/produkt\/24-teiliges-besteck-premiere-fuer-6-personen-fa-hacker-wien-um-1900\/\",\"url\":\"https:\/\/annette-ahrens.at\/onlineshop\/produkt\/24-teiliges-besteck-premiere-fuer-6-personen-fa-hacker-wien-um-1900\/\",\"name\":\"24 teiliges Besteck &#8220;Premiere&#8221; f\\u00fcr 6 Personen, Fa. Hacker, Wien, um 1900\"}}]}]}<\/script>\n<!-- \/ Yoast SEO Premium plugin. -->","_links":{"self":[{"href":"https:\/\/annette-ahrens.at\/onlineshop\/wp-json\/wp\/v2\/product\/15937","targetHints":{"allow":["GET"]}}],"collection":[{"href":"https:\/\/annette-ahrens.at\/onlineshop\/wp-json\/wp\/v2\/product"}],"about":[{"href":"https:\/\/annette-ahrens.at\/onlineshop\/wp-json\/wp\/v2\/types\/product"}],"replies":[{"embeddable":true,"href":"https:\/\/annette-ahrens.at\/onlineshop\/wp-json\/wp\/v2\/comments?post=15937"}],"wp:featuredmedia":[{"embeddable":true,"href":"https:\/\/annette-ahrens.at\/onlineshop\/wp-json\/wp\/v2\/media\/15974"}],"wp:attachment":[{"href":"https:\/\/annette-ahrens.at\/onlineshop\/wp-json\/wp\/v2\/media?parent=15937"}],"wp:term":[{"taxonomy":"product_brand","embeddable":true,"href":"https:\/\/annette-ahrens.at\/onlineshop\/wp-json\/wp\/v2\/product_brand?post=15937"},{"taxonomy":"product_cat","embeddable":true,"href":"https:\/\/annette-ahrens.at\/onlineshop\/wp-json\/wp\/v2\/product_cat?post=15937"},{"taxonomy":"product_tag","embeddable":true,"href":"https:\/\/annette-ahrens.at\/onlineshop\/wp-json\/wp\/v2\/product_tag?post=15937"}],"curies":[{"name":"wp","href":"https:\/\/api.w.org\/{rel}","templated":true}]}}