{"id":16063,"date":"2022-07-04T21:52:49","date_gmt":"2022-07-04T19:52:49","guid":{"rendered":"https:\/\/annette-ahrens.at\/onlineshop\/?post_type=product&#038;p=16063"},"modified":"2023-12-09T17:19:59","modified_gmt":"2023-12-09T16:19:59","slug":"6-versilberte-jugendstil-teller-fa-tauers-soehne-wien-um-1900","status":"publish","type":"product","link":"https:\/\/annette-ahrens.at\/onlineshop\/produkt\/6-versilberte-jugendstil-teller-fa-tauers-soehne-wien-um-1900\/","title":{"rendered":"6 versilberte Jugendstil Teller, Fa. Tauer\u00b4s &#038; S\u00f6hne, Wien, um 1900"},"content":{"rendered":"<p>Sechs versilberte Jugendstil Teller<\/p>\n<p>Fa. Paul Tauer\u00b4s &amp; S\u00f6hne, Wien, um 1900<\/p>\n<p>Alpacca, versilbert, runder Spiegel mit Fahne, gemarkt &#8222;P. TAUER`S &amp; S\u00d6HNE&#8220;, tadelloser Erhaltungszustand<\/p>\n<p>Dm 15 cm<\/p>\n<p>Dm 8,4 cm (innen)<\/p>\n","protected":false},"excerpt":{"rendered":"<p>Annettes Etikette: Die Firma Paul Tauer\u00b4s S\u00f6hne wurde 1893 gegr\u00fcndet und hatte eine Fabrik im 16. Bezirk und eine Niederlassung und den Vertrieb in der Zieglergasse 32. Diese sechs Teller lassen sich ausgezeichnet unter Kompottschalen, Desserts oder als Beilagenteller f\u00fcr Geb\u00e4ck oder Butter kredenzen. Die Anzeige wirbt mit: &#8222;PAUL TAUER&#8217;s S\u00d6HNE, Wien &#8211; Alpacca-, Chinasilber- und Metallwaaren-Fabrik von PAUL TAUER&#8217;s S\u00d6HNE, Wien, XVI. Ottakring, Eisnerstrasse 21, empfehlen sich zur Anfertigung aller Gattungen Chinasilber- und Alpaccawaaren f\u00fcr Hoteliers, Caf\u00e9tiers, Dampfschiffe und Private. Lager von Tassen, Kaffee- und Thee-Services f\u00fcr den Versandt zu den billigsten Preisen.&#8220;<\/p>\n","protected":false},"featured_media":16118,"comment_status":"open","ping_status":"closed","template":"","meta":[],"product_brand":[],"product_cat":[130,276,20,190,194],"product_tag":[],"class_list":{"0":"post-16063","1":"product","2":"type-product","3":"status-publish","4":"has-post-thumbnail","6":"product_cat-abendessen","7":"product_cat-alpacca","8":"product_cat-lunchtime","9":"product_cat-suppe","10":"product_cat-suppentasse","12":"first","13":"instock","14":"sold-individually","15":"purchasable","16":"product-type-simple"},"yoast_head":"<!-- This site is optimized with the Yoast SEO Premium plugin v15.8.2 - https:\/\/yoast.com\/wordpress\/plugins\/seo\/ -->\n<title>6 versilberte Jugendstil Teller, Fa. Tauer\u00b4s &amp; S\u00f6hne, Wien, um 1900<\/title>\n<meta name=\"description\" content=\"6 versilberte Jugendstil Teller, Fa. Tauer\u00b4s &amp; S\u00f6hne, Wien, um 1900 \u2665 Antiquit\u00e4ten Online kaufen \u2713 Sichere Lieferung \u2713\" \/>\n<meta name=\"robots\" content=\"index, follow, max-snippet:-1, max-image-preview:large, max-video-preview:-1\" \/>\n<link rel=\"canonical\" href=\"https:\/\/annette-ahrens.at\/onlineshop\/produkt\/6-versilberte-jugendstil-teller-fa-tauers-soehne-wien-um-1900\/\" \/>\n<meta property=\"og:locale\" content=\"de_DE\" \/>\n<meta property=\"og:type\" content=\"article\" \/>\n<meta property=\"og:title\" content=\"6 versilberte Jugendstil Teller, Fa. Tauer\u00b4s &amp; S\u00f6hne, Wien, um 1900\" \/>\n<meta property=\"og:description\" content=\"6 versilberte Jugendstil Teller, Fa. Tauer\u00b4s &amp; S\u00f6hne, Wien, um 1900 \u2665 Antiquit\u00e4ten Online kaufen \u2713 Sichere Lieferung \u2713\" \/>\n<meta property=\"og:url\" content=\"https:\/\/annette-ahrens.at\/onlineshop\/produkt\/6-versilberte-jugendstil-teller-fa-tauers-soehne-wien-um-1900\/\" \/>\n<meta property=\"og:site_name\" content=\"Tafelkultur Onlineshop\" \/>\n<meta property=\"article:publisher\" content=\"https:\/\/www.facebook.com\/AnnetteAhrensTafelkultur\" \/>\n<meta property=\"article:modified_time\" content=\"2023-12-09T16:19:59+00:00\" \/>\n<meta property=\"og:image\" content=\"https:\/\/annette-ahrens.at\/onlineshop\/wp-content\/uploads\/2022\/07\/IMG_7364-rotated.jpeg\" \/>\n\t<meta property=\"og:image:width\" content=\"1936\" \/>\n\t<meta property=\"og:image:height\" content=\"1936\" \/>\n<meta name=\"twitter:card\" content=\"summary_large_image\" \/>\n<meta name=\"twitter:label1\" content=\"Gesch\u00e4tzte Lesezeit\">\n\t<meta name=\"twitter:data1\" content=\"1\u00a0Minute\">\n<script type=\"application\/ld+json\" class=\"yoast-schema-graph\">{\"@context\":\"https:\/\/schema.org\",\"@graph\":[{\"@type\":[\"Person\",\"Organization\"],\"@id\":\"https:\/\/annette-ahrens.at\/onlineshop\/#\/schema\/person\/3e19676faae246bba0cb3b7e15f427d8\",\"name\":\"Annette Ahrens\",\"image\":{\"@type\":\"ImageObject\",\"@id\":\"https:\/\/annette-ahrens.at\/onlineshop\/#personlogo\",\"inLanguage\":\"de\",\"url\":\"https:\/\/annette-ahrens.at\/onlineshop\/wp-content\/uploads\/2020\/04\/aa_logo_End.png\",\"width\":800,\"height\":164,\"caption\":\"Annette Ahrens\"},\"logo\":{\"@id\":\"https:\/\/annette-ahrens.at\/onlineshop\/#personlogo\"},\"sameAs\":[\"https:\/\/annette-ahrens.at\",\"https:\/\/www.facebook.com\/AnnetteAhrensTafelkultur\",\"https:\/\/www.instagram.com\/tafelkulturistin\/\",\"https:\/\/de.wikipedia.org\/wiki\/Annette_Ahrens\"]},{\"@type\":\"WebSite\",\"@id\":\"https:\/\/annette-ahrens.at\/onlineshop\/#website\",\"url\":\"https:\/\/annette-ahrens.at\/onlineshop\/\",\"name\":\"Tafelkultur Onlineshop\",\"description\":\"Annette Ahrens\",\"publisher\":{\"@id\":\"https:\/\/annette-ahrens.at\/onlineshop\/#\/schema\/person\/3e19676faae246bba0cb3b7e15f427d8\"},\"potentialAction\":[{\"@type\":\"SearchAction\",\"target\":\"https:\/\/annette-ahrens.at\/onlineshop\/?s={search_term_string}\",\"query-input\":\"required name=search_term_string\"}],\"inLanguage\":\"de\"},{\"@type\":\"ImageObject\",\"@id\":\"https:\/\/annette-ahrens.at\/onlineshop\/produkt\/6-versilberte-jugendstil-teller-fa-tauers-soehne-wien-um-1900\/#primaryimage\",\"inLanguage\":\"de\",\"url\":\"https:\/\/annette-ahrens.at\/onlineshop\/wp-content\/uploads\/2022\/07\/IMG_7364-rotated.jpeg\",\"width\":1936,\"height\":1936,\"caption\":\"teller_versilbert\"},{\"@type\":[\"WebPage\",\"ItemPage\"],\"@id\":\"https:\/\/annette-ahrens.at\/onlineshop\/produkt\/6-versilberte-jugendstil-teller-fa-tauers-soehne-wien-um-1900\/#webpage\",\"url\":\"https:\/\/annette-ahrens.at\/onlineshop\/produkt\/6-versilberte-jugendstil-teller-fa-tauers-soehne-wien-um-1900\/\",\"name\":\"6 versilberte Jugendstil Teller, Fa. Tauer\\u00b4s & S\\u00f6hne, Wien, um 1900\",\"isPartOf\":{\"@id\":\"https:\/\/annette-ahrens.at\/onlineshop\/#website\"},\"primaryImageOfPage\":{\"@id\":\"https:\/\/annette-ahrens.at\/onlineshop\/produkt\/6-versilberte-jugendstil-teller-fa-tauers-soehne-wien-um-1900\/#primaryimage\"},\"datePublished\":\"2022-07-04T19:52:49+00:00\",\"dateModified\":\"2023-12-09T16:19:59+00:00\",\"description\":\"6 versilberte Jugendstil Teller, Fa. Tauer\\u00b4s & S\\u00f6hne, Wien, um 1900 \\u2665 Antiquit\\u00e4ten Online kaufen \\u2713 Sichere Lieferung \\u2713\",\"breadcrumb\":{\"@id\":\"https:\/\/annette-ahrens.at\/onlineshop\/produkt\/6-versilberte-jugendstil-teller-fa-tauers-soehne-wien-um-1900\/#breadcrumb\"},\"inLanguage\":\"de\",\"potentialAction\":[{\"@type\":\"ReadAction\",\"target\":[\"https:\/\/annette-ahrens.at\/onlineshop\/produkt\/6-versilberte-jugendstil-teller-fa-tauers-soehne-wien-um-1900\/\"]}]},{\"@type\":\"BreadcrumbList\",\"@id\":\"https:\/\/annette-ahrens.at\/onlineshop\/produkt\/6-versilberte-jugendstil-teller-fa-tauers-soehne-wien-um-1900\/#breadcrumb\",\"itemListElement\":[{\"@type\":\"ListItem\",\"position\":1,\"item\":{\"@type\":\"WebPage\",\"@id\":\"https:\/\/annette-ahrens.at\/onlineshop\/\",\"url\":\"https:\/\/annette-ahrens.at\/onlineshop\/\",\"name\":\"Home\"}},{\"@type\":\"ListItem\",\"position\":2,\"item\":{\"@type\":\"WebPage\",\"@id\":\"https:\/\/annette-ahrens.at\/onlineshop\/alle-tafelkultur-objekte\/\",\"url\":\"https:\/\/annette-ahrens.at\/onlineshop\/alle-tafelkultur-objekte\/\",\"name\":\"Alle Tafelkultur Objekte\"}},{\"@type\":\"ListItem\",\"position\":3,\"item\":{\"@type\":\"WebPage\",\"@id\":\"https:\/\/annette-ahrens.at\/onlineshop\/produkt\/6-versilberte-jugendstil-teller-fa-tauers-soehne-wien-um-1900\/\",\"url\":\"https:\/\/annette-ahrens.at\/onlineshop\/produkt\/6-versilberte-jugendstil-teller-fa-tauers-soehne-wien-um-1900\/\",\"name\":\"6 versilberte Jugendstil Teller, Fa. Tauer\\u00b4s &#038; S\\u00f6hne, Wien, um 1900\"}}]}]}<\/script>\n<!-- \/ Yoast SEO Premium plugin. -->","_links":{"self":[{"href":"https:\/\/annette-ahrens.at\/onlineshop\/wp-json\/wp\/v2\/product\/16063","targetHints":{"allow":["GET"]}}],"collection":[{"href":"https:\/\/annette-ahrens.at\/onlineshop\/wp-json\/wp\/v2\/product"}],"about":[{"href":"https:\/\/annette-ahrens.at\/onlineshop\/wp-json\/wp\/v2\/types\/product"}],"replies":[{"embeddable":true,"href":"https:\/\/annette-ahrens.at\/onlineshop\/wp-json\/wp\/v2\/comments?post=16063"}],"wp:featuredmedia":[{"embeddable":true,"href":"https:\/\/annette-ahrens.at\/onlineshop\/wp-json\/wp\/v2\/media\/16118"}],"wp:attachment":[{"href":"https:\/\/annette-ahrens.at\/onlineshop\/wp-json\/wp\/v2\/media?parent=16063"}],"wp:term":[{"taxonomy":"product_brand","embeddable":true,"href":"https:\/\/annette-ahrens.at\/onlineshop\/wp-json\/wp\/v2\/product_brand?post=16063"},{"taxonomy":"product_cat","embeddable":true,"href":"https:\/\/annette-ahrens.at\/onlineshop\/wp-json\/wp\/v2\/product_cat?post=16063"},{"taxonomy":"product_tag","embeddable":true,"href":"https:\/\/annette-ahrens.at\/onlineshop\/wp-json\/wp\/v2\/product_tag?post=16063"}],"curies":[{"name":"wp","href":"https:\/\/api.w.org\/{rel}","templated":true}]}}