{"id":16391,"date":"2022-07-21T22:44:34","date_gmt":"2022-07-21T20:44:34","guid":{"rendered":"https:\/\/annette-ahrens.at\/onlineshop\/?post_type=product&#038;p=16391"},"modified":"2025-02-11T16:47:55","modified_gmt":"2025-02-11T15:47:55","slug":"4-teiliges-versilbertes-art-deco-teeservice-england-um-1935","status":"publish","type":"product","link":"https:\/\/annette-ahrens.at\/onlineshop\/produkt\/4-teiliges-versilbertes-art-deco-teeservice-england-um-1935\/","title":{"rendered":"4 teiliges, versilbertes Art Deco Teeservice, England, um 1935"},"content":{"rendered":"<p>4 teiliges, versilbertes Art Deco Teeservice<\/p>\n<p>Fa. Viners, Sheffield, England, um 1935<\/p>\n<p>Kupfer, versilbert, isolierender Henkel und Knauf aus geschnitztem Ebenholz, ovaler Gef\u00e4\u00dfk\u00f6rper auf ovalem Grundri\u00df, Scharnierdeckel; alle Teile gemarkt &#8222;COPORATE MARK GRANTED BY THE CUTLERS COMPANY 1836 ALPHA PLATE, VINERS OF SHEFFIELD, ENGLAND, Service bestehend aus Teekanne, Heisswasserkanne\/Kaffeekanne, Milchkanne, Zuckerdose<\/p>\n<p>H\u00f6he Heisswasserkanne\/Kaffeekanne: 24 cm<\/p>\n<p>H\u00f6he Teekanne: 14,7 cm<\/p>\n<p>H\u00f6he Milchk\u00e4nnchen: 9,5 cm<\/p>\n<p>H\u00f6he Zuckerdose: 9 cm<\/p>\n<p>&nbsp;<\/p>\n","protected":false},"excerpt":{"rendered":"<p>Annettes Etikette: Immer sch\u00f6n, so ein komplettes Service bei einer Einladung zum 5\u00b4o clock Tea zu verwenden. Bei englischen Servicen wird die hohe Kanne entweder f\u00fcr Kaffee oder f\u00fcr Heisswasser zum Nachschenken der intensiven Tee-Essenz verwendet. Auf alle F\u00e4lle bleibt der Tee dank der Leiteigenschaft des Metalls l\u00e4nger warm. Ein Muss f\u00fcr Teeliebhaber.<\/p>\n","protected":false},"featured_media":16505,"comment_status":"open","ping_status":"closed","template":"","meta":[],"product_brand":[],"product_cat":[25,297,18,37,148,154,155,156,132,38,268,149,271,53,157,158],"product_tag":[],"class_list":{"0":"post-16391","1":"product","2":"type-product","3":"status-publish","4":"has-post-thumbnail","6":"product_cat-5o-clock-tea","7":"product_cat-adventjause","8":"product_cat-fruehstueck","9":"product_cat-kaffee","10":"product_cat-kaffeekannen","11":"product_cat-milch","12":"product_cat-milchgiesser","13":"product_cat-milchkanne","14":"product_cat-silber","15":"product_cat-tee","16":"product_cat-tee-5o-clock-tea","17":"product_cat-teekanne","18":"product_cat-teekessel","19":"product_cat-weihnachten","20":"product_cat-zucker-fruehstueck","21":"product_cat-zuckerdose","23":"first","24":"instock","25":"purchasable","26":"product-type-simple"},"yoast_head":"<!-- This site is optimized with the Yoast SEO Premium plugin v15.8.2 - https:\/\/yoast.com\/wordpress\/plugins\/seo\/ -->\n<title>4 teiliges, versilbertes Art Deco Teeservice, England, um 1935<\/title>\n<meta name=\"description\" content=\"4 teiliges, versilbertes Art Deco Teeservice, England, um 1935 \u2665 Antiquit\u00e4ten Online kaufen \u2713 Sichere Lieferung \u2713\" \/>\n<meta name=\"robots\" content=\"index, follow, max-snippet:-1, max-image-preview:large, max-video-preview:-1\" \/>\n<link rel=\"canonical\" href=\"https:\/\/annette-ahrens.at\/onlineshop\/produkt\/4-teiliges-versilbertes-art-deco-teeservice-england-um-1935\/\" \/>\n<meta property=\"og:locale\" content=\"de_DE\" \/>\n<meta property=\"og:type\" content=\"article\" \/>\n<meta property=\"og:title\" content=\"4 teiliges, versilbertes Art Deco Teeservice, England, um 1935\" \/>\n<meta property=\"og:description\" content=\"4 teiliges, versilbertes Art Deco Teeservice, England, um 1935 \u2665 Antiquit\u00e4ten Online kaufen \u2713 Sichere Lieferung \u2713\" \/>\n<meta property=\"og:url\" content=\"https:\/\/annette-ahrens.at\/onlineshop\/produkt\/4-teiliges-versilbertes-art-deco-teeservice-england-um-1935\/\" \/>\n<meta property=\"og:site_name\" content=\"Tafelkultur Onlineshop\" \/>\n<meta property=\"article:publisher\" content=\"https:\/\/www.facebook.com\/AnnetteAhrensTafelkultur\" \/>\n<meta property=\"article:modified_time\" content=\"2025-02-11T15:47:55+00:00\" \/>\n<meta property=\"og:image\" content=\"https:\/\/annette-ahrens.at\/onlineshop\/wp-content\/uploads\/2022\/07\/IMG_7758.jpeg\" \/>\n\t<meta property=\"og:image:width\" content=\"1810\" \/>\n\t<meta property=\"og:image:height\" content=\"1810\" \/>\n<meta name=\"twitter:card\" content=\"summary_large_image\" \/>\n<meta name=\"twitter:label1\" content=\"Gesch\u00e4tzte Lesezeit\">\n\t<meta name=\"twitter:data1\" content=\"1\u00a0Minute\">\n<script type=\"application\/ld+json\" class=\"yoast-schema-graph\">{\"@context\":\"https:\/\/schema.org\",\"@graph\":[{\"@type\":[\"Person\",\"Organization\"],\"@id\":\"https:\/\/annette-ahrens.at\/onlineshop\/#\/schema\/person\/3e19676faae246bba0cb3b7e15f427d8\",\"name\":\"Annette Ahrens\",\"image\":{\"@type\":\"ImageObject\",\"@id\":\"https:\/\/annette-ahrens.at\/onlineshop\/#personlogo\",\"inLanguage\":\"de\",\"url\":\"https:\/\/annette-ahrens.at\/onlineshop\/wp-content\/uploads\/2020\/04\/aa_logo_End.png\",\"width\":800,\"height\":164,\"caption\":\"Annette Ahrens\"},\"logo\":{\"@id\":\"https:\/\/annette-ahrens.at\/onlineshop\/#personlogo\"},\"sameAs\":[\"https:\/\/annette-ahrens.at\",\"https:\/\/www.facebook.com\/AnnetteAhrensTafelkultur\",\"https:\/\/www.instagram.com\/tafelkulturistin\/\",\"https:\/\/de.wikipedia.org\/wiki\/Annette_Ahrens\"]},{\"@type\":\"WebSite\",\"@id\":\"https:\/\/annette-ahrens.at\/onlineshop\/#website\",\"url\":\"https:\/\/annette-ahrens.at\/onlineshop\/\",\"name\":\"Tafelkultur Onlineshop\",\"description\":\"Annette Ahrens\",\"publisher\":{\"@id\":\"https:\/\/annette-ahrens.at\/onlineshop\/#\/schema\/person\/3e19676faae246bba0cb3b7e15f427d8\"},\"potentialAction\":[{\"@type\":\"SearchAction\",\"target\":\"https:\/\/annette-ahrens.at\/onlineshop\/?s={search_term_string}\",\"query-input\":\"required name=search_term_string\"}],\"inLanguage\":\"de\"},{\"@type\":\"ImageObject\",\"@id\":\"https:\/\/annette-ahrens.at\/onlineshop\/produkt\/4-teiliges-versilbertes-art-deco-teeservice-england-um-1935\/#primaryimage\",\"inLanguage\":\"de\",\"url\":\"https:\/\/annette-ahrens.at\/onlineshop\/wp-content\/uploads\/2022\/07\/IMG_7758.jpeg\",\"width\":1810,\"height\":1810,\"caption\":\"teeservice_versilbert_england\"},{\"@type\":[\"WebPage\",\"ItemPage\"],\"@id\":\"https:\/\/annette-ahrens.at\/onlineshop\/produkt\/4-teiliges-versilbertes-art-deco-teeservice-england-um-1935\/#webpage\",\"url\":\"https:\/\/annette-ahrens.at\/onlineshop\/produkt\/4-teiliges-versilbertes-art-deco-teeservice-england-um-1935\/\",\"name\":\"4 teiliges, versilbertes Art Deco Teeservice, England, um 1935\",\"isPartOf\":{\"@id\":\"https:\/\/annette-ahrens.at\/onlineshop\/#website\"},\"primaryImageOfPage\":{\"@id\":\"https:\/\/annette-ahrens.at\/onlineshop\/produkt\/4-teiliges-versilbertes-art-deco-teeservice-england-um-1935\/#primaryimage\"},\"datePublished\":\"2022-07-21T20:44:34+00:00\",\"dateModified\":\"2025-02-11T15:47:55+00:00\",\"description\":\"4 teiliges, versilbertes Art Deco Teeservice, England, um 1935 \\u2665 Antiquit\\u00e4ten Online kaufen \\u2713 Sichere Lieferung \\u2713\",\"breadcrumb\":{\"@id\":\"https:\/\/annette-ahrens.at\/onlineshop\/produkt\/4-teiliges-versilbertes-art-deco-teeservice-england-um-1935\/#breadcrumb\"},\"inLanguage\":\"de\",\"potentialAction\":[{\"@type\":\"ReadAction\",\"target\":[\"https:\/\/annette-ahrens.at\/onlineshop\/produkt\/4-teiliges-versilbertes-art-deco-teeservice-england-um-1935\/\"]}]},{\"@type\":\"BreadcrumbList\",\"@id\":\"https:\/\/annette-ahrens.at\/onlineshop\/produkt\/4-teiliges-versilbertes-art-deco-teeservice-england-um-1935\/#breadcrumb\",\"itemListElement\":[{\"@type\":\"ListItem\",\"position\":1,\"item\":{\"@type\":\"WebPage\",\"@id\":\"https:\/\/annette-ahrens.at\/onlineshop\/\",\"url\":\"https:\/\/annette-ahrens.at\/onlineshop\/\",\"name\":\"Home\"}},{\"@type\":\"ListItem\",\"position\":2,\"item\":{\"@type\":\"WebPage\",\"@id\":\"https:\/\/annette-ahrens.at\/onlineshop\/alle-tafelkultur-objekte\/\",\"url\":\"https:\/\/annette-ahrens.at\/onlineshop\/alle-tafelkultur-objekte\/\",\"name\":\"Alle Tafelkultur Objekte\"}},{\"@type\":\"ListItem\",\"position\":3,\"item\":{\"@type\":\"WebPage\",\"@id\":\"https:\/\/annette-ahrens.at\/onlineshop\/produkt\/4-teiliges-versilbertes-art-deco-teeservice-england-um-1935\/\",\"url\":\"https:\/\/annette-ahrens.at\/onlineshop\/produkt\/4-teiliges-versilbertes-art-deco-teeservice-england-um-1935\/\",\"name\":\"4 teiliges, versilbertes Art Deco Teeservice, England, um 1935\"}}]}]}<\/script>\n<!-- \/ Yoast SEO Premium plugin. -->","_links":{"self":[{"href":"https:\/\/annette-ahrens.at\/onlineshop\/wp-json\/wp\/v2\/product\/16391","targetHints":{"allow":["GET"]}}],"collection":[{"href":"https:\/\/annette-ahrens.at\/onlineshop\/wp-json\/wp\/v2\/product"}],"about":[{"href":"https:\/\/annette-ahrens.at\/onlineshop\/wp-json\/wp\/v2\/types\/product"}],"replies":[{"embeddable":true,"href":"https:\/\/annette-ahrens.at\/onlineshop\/wp-json\/wp\/v2\/comments?post=16391"}],"wp:featuredmedia":[{"embeddable":true,"href":"https:\/\/annette-ahrens.at\/onlineshop\/wp-json\/wp\/v2\/media\/16505"}],"wp:attachment":[{"href":"https:\/\/annette-ahrens.at\/onlineshop\/wp-json\/wp\/v2\/media?parent=16391"}],"wp:term":[{"taxonomy":"product_brand","embeddable":true,"href":"https:\/\/annette-ahrens.at\/onlineshop\/wp-json\/wp\/v2\/product_brand?post=16391"},{"taxonomy":"product_cat","embeddable":true,"href":"https:\/\/annette-ahrens.at\/onlineshop\/wp-json\/wp\/v2\/product_cat?post=16391"},{"taxonomy":"product_tag","embeddable":true,"href":"https:\/\/annette-ahrens.at\/onlineshop\/wp-json\/wp\/v2\/product_tag?post=16391"}],"curies":[{"name":"wp","href":"https:\/\/api.w.org\/{rel}","templated":true}]}}