{"id":16941,"date":"2022-08-22T21:32:36","date_gmt":"2022-08-22T19:32:36","guid":{"rendered":"https:\/\/annette-ahrens.at\/onlineshop\/?post_type=product&#038;p=16941"},"modified":"2022-09-04T23:42:05","modified_gmt":"2022-09-04T21:42:05","slug":"jugendstil-deckeldose-mit-glaseinsatz-fa-argentor-wien-um-1900-2","status":"publish","type":"product","link":"https:\/\/annette-ahrens.at\/onlineshop\/produkt\/jugendstil-deckeldose-mit-glaseinsatz-fa-argentor-wien-um-1900-2\/","title":{"rendered":"Jugendstil Deckeldose mit Glaseinsatz, Fa. Argentor, Wien, um 1900"},"content":{"rendered":"<p>Jugendstil Butterdose mit Glaseinsatz<\/p>\n<p>Fa. Argentor-Werke Rust &amp; Hetzel, Wien, um 1900<\/p>\n<p>Alpacca, versilbert, runder Teller mit fixem, Bast umwickelten Henkel, gemarkt ARGENTOR A.S. f\u00fcr Fa. Argentor-Werke Rust &amp; Hetzel, runde, optisch geblasene und farblose Glasschale mit Bodenschliffstern, runder Deckel mit Knauf, minimale Gebrauchspuren<\/p>\n<p>H 18 cm<\/p>\n<p>Dm 17 cm (Teller)<\/p>\n<p>Dm 9,5 cm (Glasschale)<\/p>\n<p>Vergleiche: Musterkatalog der Firma Argentor, Wien um 1900, Modellnummer 6369<\/p>\n","protected":false},"excerpt":{"rendered":"<p>Annettes Etikette: Diese Jugendstil Deckeldose l\u00e4sst sich vielf\u00e4ltig verwenden: Marmelade, Honig, Zucker oder am besten Butter l\u00e4\u00dft sich unter dem Deckel gek\u00fchlt verwahren.\u00a0Die auf der ganzen Welt von Sammlern Wiener Jugendstils gesch\u00e4tzte Firma Argentor-Werke Rust &amp; Hetzel wurde 1902 mit der Vorg\u00e4ngerfirma C.A. M\u00fcnchmeyer &amp; Co in der Kaiserstrasse 83 gegr\u00fcndet und war bis zum Jahre 1970 aktiv. Die erhaltenen Firmenkataloge dieses Metallwarenherstellers mit \u00fcber 9.000 verschiedenen Artikeln zeigen die hohe Qualit\u00e4t an Entw\u00fcrfen. Zwei der Kataloge (Nr. 13 und 30) wurden von Frau Dr. Waltraud Neuwirth wiederaufgelegt und dienen dem Sammler und mir als wichtige Grundlage.<\/p>\n","protected":false},"featured_media":16982,"comment_status":"open","ping_status":"closed","template":"","meta":[],"product_brand":[],"product_cat":[276,139,141,18,19,137,35,138,22,311,26,157],"product_tag":[],"class_list":{"0":"post-16941","1":"product","2":"type-product","3":"status-publish","4":"has-post-thumbnail","6":"product_cat-alpacca","7":"product_cat-butter","8":"product_cat-butterdose","9":"product_cat-fruehstueck","10":"product_cat-gabelfruehstueck","11":"product_cat-honig-aufstrich","12":"product_cat-honig","13":"product_cat-marmelade","14":"product_cat-suess-sauer","15":"product_cat-tafelinventar","16":"product_cat-wiener-melange","17":"product_cat-zucker-fruehstueck","19":"first","20":"instock","21":"sold-individually","22":"purchasable","23":"product-type-simple"},"yoast_head":"<!-- This site is optimized with the Yoast SEO Premium plugin v15.8.2 - https:\/\/yoast.com\/wordpress\/plugins\/seo\/ -->\n<title>Jugendstil Deckeldose mit Glaseinsatz, Fa. Argentor, Wien, um 1900<\/title>\n<meta name=\"description\" content=\"Jugendstil Deckeldose mit Glaseinsatz, Fa. Argentor, Wien, um 1900 \u2665 Antiquit\u00e4ten Online kaufen \u2713 Sichere Lieferung \u2713\" \/>\n<meta name=\"robots\" content=\"index, follow, max-snippet:-1, max-image-preview:large, max-video-preview:-1\" \/>\n<link rel=\"canonical\" href=\"https:\/\/annette-ahrens.at\/onlineshop\/produkt\/jugendstil-deckeldose-mit-glaseinsatz-fa-argentor-wien-um-1900-2\/\" \/>\n<meta property=\"og:locale\" content=\"de_DE\" \/>\n<meta property=\"og:type\" content=\"article\" \/>\n<meta property=\"og:title\" content=\"Jugendstil Deckeldose mit Glaseinsatz, Fa. Argentor, Wien, um 1900\" \/>\n<meta property=\"og:description\" content=\"Jugendstil Deckeldose mit Glaseinsatz, Fa. Argentor, Wien, um 1900 \u2665 Antiquit\u00e4ten Online kaufen \u2713 Sichere Lieferung \u2713\" \/>\n<meta property=\"og:url\" content=\"https:\/\/annette-ahrens.at\/onlineshop\/produkt\/jugendstil-deckeldose-mit-glaseinsatz-fa-argentor-wien-um-1900-2\/\" \/>\n<meta property=\"og:site_name\" content=\"Tafelkultur Onlineshop\" \/>\n<meta property=\"article:publisher\" content=\"https:\/\/www.facebook.com\/AnnetteAhrensTafelkultur\" \/>\n<meta property=\"article:modified_time\" content=\"2022-09-04T21:42:05+00:00\" \/>\n<meta property=\"og:image\" content=\"https:\/\/annette-ahrens.at\/onlineshop\/wp-content\/uploads\/2022\/08\/IMG_8204-rotated.jpeg\" \/>\n\t<meta property=\"og:image:width\" content=\"1936\" \/>\n\t<meta property=\"og:image:height\" content=\"1936\" \/>\n<meta name=\"twitter:card\" content=\"summary_large_image\" \/>\n<meta name=\"twitter:label1\" content=\"Gesch\u00e4tzte Lesezeit\">\n\t<meta name=\"twitter:data1\" content=\"1\u00a0Minute\">\n<script type=\"application\/ld+json\" class=\"yoast-schema-graph\">{\"@context\":\"https:\/\/schema.org\",\"@graph\":[{\"@type\":[\"Person\",\"Organization\"],\"@id\":\"https:\/\/annette-ahrens.at\/onlineshop\/#\/schema\/person\/3e19676faae246bba0cb3b7e15f427d8\",\"name\":\"Annette Ahrens\",\"image\":{\"@type\":\"ImageObject\",\"@id\":\"https:\/\/annette-ahrens.at\/onlineshop\/#personlogo\",\"inLanguage\":\"de\",\"url\":\"https:\/\/annette-ahrens.at\/onlineshop\/wp-content\/uploads\/2020\/04\/aa_logo_End.png\",\"width\":800,\"height\":164,\"caption\":\"Annette Ahrens\"},\"logo\":{\"@id\":\"https:\/\/annette-ahrens.at\/onlineshop\/#personlogo\"},\"sameAs\":[\"https:\/\/annette-ahrens.at\",\"https:\/\/www.facebook.com\/AnnetteAhrensTafelkultur\",\"https:\/\/www.instagram.com\/tafelkulturistin\/\",\"https:\/\/de.wikipedia.org\/wiki\/Annette_Ahrens\"]},{\"@type\":\"WebSite\",\"@id\":\"https:\/\/annette-ahrens.at\/onlineshop\/#website\",\"url\":\"https:\/\/annette-ahrens.at\/onlineshop\/\",\"name\":\"Tafelkultur Onlineshop\",\"description\":\"Annette Ahrens\",\"publisher\":{\"@id\":\"https:\/\/annette-ahrens.at\/onlineshop\/#\/schema\/person\/3e19676faae246bba0cb3b7e15f427d8\"},\"potentialAction\":[{\"@type\":\"SearchAction\",\"target\":\"https:\/\/annette-ahrens.at\/onlineshop\/?s={search_term_string}\",\"query-input\":\"required name=search_term_string\"}],\"inLanguage\":\"de\"},{\"@type\":\"ImageObject\",\"@id\":\"https:\/\/annette-ahrens.at\/onlineshop\/produkt\/jugendstil-deckeldose-mit-glaseinsatz-fa-argentor-wien-um-1900-2\/#primaryimage\",\"inLanguage\":\"de\",\"url\":\"https:\/\/annette-ahrens.at\/onlineshop\/wp-content\/uploads\/2022\/08\/IMG_8204-rotated.jpeg\",\"width\":1936,\"height\":1936,\"caption\":\"deckeldose_argentor\"},{\"@type\":[\"WebPage\",\"ItemPage\"],\"@id\":\"https:\/\/annette-ahrens.at\/onlineshop\/produkt\/jugendstil-deckeldose-mit-glaseinsatz-fa-argentor-wien-um-1900-2\/#webpage\",\"url\":\"https:\/\/annette-ahrens.at\/onlineshop\/produkt\/jugendstil-deckeldose-mit-glaseinsatz-fa-argentor-wien-um-1900-2\/\",\"name\":\"Jugendstil Deckeldose mit Glaseinsatz, Fa. Argentor, Wien, um 1900\",\"isPartOf\":{\"@id\":\"https:\/\/annette-ahrens.at\/onlineshop\/#website\"},\"primaryImageOfPage\":{\"@id\":\"https:\/\/annette-ahrens.at\/onlineshop\/produkt\/jugendstil-deckeldose-mit-glaseinsatz-fa-argentor-wien-um-1900-2\/#primaryimage\"},\"datePublished\":\"2022-08-22T19:32:36+00:00\",\"dateModified\":\"2022-09-04T21:42:05+00:00\",\"description\":\"Jugendstil Deckeldose mit Glaseinsatz, Fa. Argentor, Wien, um 1900 \\u2665 Antiquit\\u00e4ten Online kaufen \\u2713 Sichere Lieferung \\u2713\",\"breadcrumb\":{\"@id\":\"https:\/\/annette-ahrens.at\/onlineshop\/produkt\/jugendstil-deckeldose-mit-glaseinsatz-fa-argentor-wien-um-1900-2\/#breadcrumb\"},\"inLanguage\":\"de\",\"potentialAction\":[{\"@type\":\"ReadAction\",\"target\":[\"https:\/\/annette-ahrens.at\/onlineshop\/produkt\/jugendstil-deckeldose-mit-glaseinsatz-fa-argentor-wien-um-1900-2\/\"]}]},{\"@type\":\"BreadcrumbList\",\"@id\":\"https:\/\/annette-ahrens.at\/onlineshop\/produkt\/jugendstil-deckeldose-mit-glaseinsatz-fa-argentor-wien-um-1900-2\/#breadcrumb\",\"itemListElement\":[{\"@type\":\"ListItem\",\"position\":1,\"item\":{\"@type\":\"WebPage\",\"@id\":\"https:\/\/annette-ahrens.at\/onlineshop\/\",\"url\":\"https:\/\/annette-ahrens.at\/onlineshop\/\",\"name\":\"Home\"}},{\"@type\":\"ListItem\",\"position\":2,\"item\":{\"@type\":\"WebPage\",\"@id\":\"https:\/\/annette-ahrens.at\/onlineshop\/alle-tafelkultur-objekte\/\",\"url\":\"https:\/\/annette-ahrens.at\/onlineshop\/alle-tafelkultur-objekte\/\",\"name\":\"Alle Tafelkultur Objekte\"}},{\"@type\":\"ListItem\",\"position\":3,\"item\":{\"@type\":\"WebPage\",\"@id\":\"https:\/\/annette-ahrens.at\/onlineshop\/produkt\/jugendstil-deckeldose-mit-glaseinsatz-fa-argentor-wien-um-1900-2\/\",\"url\":\"https:\/\/annette-ahrens.at\/onlineshop\/produkt\/jugendstil-deckeldose-mit-glaseinsatz-fa-argentor-wien-um-1900-2\/\",\"name\":\"Jugendstil Deckeldose mit Glaseinsatz, Fa. Argentor, Wien, um 1900\"}}]}]}<\/script>\n<!-- \/ Yoast SEO Premium plugin. -->","_links":{"self":[{"href":"https:\/\/annette-ahrens.at\/onlineshop\/wp-json\/wp\/v2\/product\/16941","targetHints":{"allow":["GET"]}}],"collection":[{"href":"https:\/\/annette-ahrens.at\/onlineshop\/wp-json\/wp\/v2\/product"}],"about":[{"href":"https:\/\/annette-ahrens.at\/onlineshop\/wp-json\/wp\/v2\/types\/product"}],"replies":[{"embeddable":true,"href":"https:\/\/annette-ahrens.at\/onlineshop\/wp-json\/wp\/v2\/comments?post=16941"}],"wp:featuredmedia":[{"embeddable":true,"href":"https:\/\/annette-ahrens.at\/onlineshop\/wp-json\/wp\/v2\/media\/16982"}],"wp:attachment":[{"href":"https:\/\/annette-ahrens.at\/onlineshop\/wp-json\/wp\/v2\/media?parent=16941"}],"wp:term":[{"taxonomy":"product_brand","embeddable":true,"href":"https:\/\/annette-ahrens.at\/onlineshop\/wp-json\/wp\/v2\/product_brand?post=16941"},{"taxonomy":"product_cat","embeddable":true,"href":"https:\/\/annette-ahrens.at\/onlineshop\/wp-json\/wp\/v2\/product_cat?post=16941"},{"taxonomy":"product_tag","embeddable":true,"href":"https:\/\/annette-ahrens.at\/onlineshop\/wp-json\/wp\/v2\/product_tag?post=16941"}],"curies":[{"name":"wp","href":"https:\/\/api.w.org\/{rel}","templated":true}]}}