{"id":16943,"date":"2022-08-22T21:47:45","date_gmt":"2022-08-22T19:47:45","guid":{"rendered":"https:\/\/annette-ahrens.at\/onlineshop\/?post_type=product&#038;p=16943"},"modified":"2022-08-28T21:32:41","modified_gmt":"2022-08-28T19:32:41","slug":"paar-silberne-serviettenringe-fa-walker-hall-sheffield-1907","status":"publish","type":"product","link":"https:\/\/annette-ahrens.at\/onlineshop\/produkt\/paar-silberne-serviettenringe-fa-walker-hall-sheffield-1907\/","title":{"rendered":"Paar silberne Serviettenringe, Fa. Walker &#038; Hall, Sheffield, 1907"},"content":{"rendered":"<p>Paar silberne Serviettenringe<\/p>\n<p>Fa. Walker &amp; Hall, Sheffield, England, 1907<\/p>\n<p>Silber, sechseckig, glatte Wandung mit graviertem Dekor und umlaufender, erhabener Kreuzbandbord\u00fcre, Monogrammgravur, gemarkt mit englischem Beschauzeichen schreitender L\u00f6we, Stadtmarke Krone f\u00fcr Sheffield, Jahresstempel P f\u00fcr 1907, Firmenmarke W &amp; H mit Fahne f\u00fcr\u00a0Walker &amp; Hall, London &amp; Sheffield, in originaler, zylinderf\u00f6rmigen Geschenkskassette aus Leder, innen mit rotem Samt tapeziert, Goldpr\u00e4gung von Goldsmiths &amp; Silversmiths Co Ltd, 112 Regent street, London<\/p>\n<p>Dm 4 cm<\/p>\n<p>H 3,2 cm<\/p>\n<p>61 g<\/p>\n","protected":false},"excerpt":{"rendered":"<p>Annettes Etikette: Der Zusammenschluss von Gold- und Silberschmieden erfolgte\u00a01880 in der 112, Regent Street unter William Gibson und John Lawrence Langman in London. Die Umwandlung in den Firmennamen &#8222;Goldsmiths &amp; Silversmiths Co Ltd&#8220; erfolgte 1898, 1952 wurde die Firma von Garrard &amp; Co geschluckt. (Literatur:\u00a0John Culme, &#8218;The Directory of Gold and Silversmiths 1838-1914&#8216;, Woodbridge 1987).<\/p>\n","protected":false},"featured_media":16998,"comment_status":"open","ping_status":"closed","template":"","meta":[],"product_brand":[],"product_cat":[32,328,273,29,293,53],"product_tag":[],"class_list":{"0":"post-16943","1":"product","2":"type-product","3":"status-publish","4":"has-post-thumbnail","6":"product_cat-festefeiern","7":"product_cat-serviettenringe","8":"product_cat-silber-fachbuecher","9":"product_cat-tafelwaesche","10":"product_cat-taufe","11":"product_cat-weihnachten","13":"first","14":"instock","15":"sold-individually","16":"purchasable","17":"product-type-simple"},"yoast_head":"<!-- This site is optimized with the Yoast SEO Premium plugin v15.8.2 - https:\/\/yoast.com\/wordpress\/plugins\/seo\/ -->\n<title>Paar silberne Serviettenringe, Fa. Walker &amp; Hall, Sheffield, 1907<\/title>\n<meta name=\"description\" content=\"Paar silberne Serviettenringe, Fa. Walker &amp; Hall, Sheffield, 1907 \u2665 Antiquit\u00e4ten Online kaufen \u2713 Sichere Lieferung \u2713\" \/>\n<meta name=\"robots\" content=\"index, follow, max-snippet:-1, max-image-preview:large, max-video-preview:-1\" \/>\n<link rel=\"canonical\" href=\"https:\/\/annette-ahrens.at\/onlineshop\/produkt\/paar-silberne-serviettenringe-fa-walker-hall-sheffield-1907\/\" \/>\n<meta property=\"og:locale\" content=\"de_DE\" \/>\n<meta property=\"og:type\" content=\"article\" \/>\n<meta property=\"og:title\" content=\"Paar silberne Serviettenringe, Fa. Walker &amp; Hall, Sheffield, 1907\" \/>\n<meta property=\"og:description\" content=\"Paar silberne Serviettenringe, Fa. Walker &amp; Hall, Sheffield, 1907 \u2665 Antiquit\u00e4ten Online kaufen \u2713 Sichere Lieferung \u2713\" \/>\n<meta property=\"og:url\" content=\"https:\/\/annette-ahrens.at\/onlineshop\/produkt\/paar-silberne-serviettenringe-fa-walker-hall-sheffield-1907\/\" \/>\n<meta property=\"og:site_name\" content=\"Tafelkultur Onlineshop\" \/>\n<meta property=\"article:publisher\" content=\"https:\/\/www.facebook.com\/AnnetteAhrensTafelkultur\" \/>\n<meta property=\"article:modified_time\" content=\"2022-08-28T19:32:41+00:00\" \/>\n<meta property=\"og:image\" content=\"https:\/\/annette-ahrens.at\/onlineshop\/wp-content\/uploads\/2022\/08\/IMG_8232-rotated.jpeg\" \/>\n\t<meta property=\"og:image:width\" content=\"1936\" \/>\n\t<meta property=\"og:image:height\" content=\"1936\" \/>\n<meta name=\"twitter:card\" content=\"summary_large_image\" \/>\n<meta name=\"twitter:label1\" content=\"Gesch\u00e4tzte Lesezeit\">\n\t<meta name=\"twitter:data1\" content=\"1\u00a0Minute\">\n<script type=\"application\/ld+json\" class=\"yoast-schema-graph\">{\"@context\":\"https:\/\/schema.org\",\"@graph\":[{\"@type\":[\"Person\",\"Organization\"],\"@id\":\"https:\/\/annette-ahrens.at\/onlineshop\/#\/schema\/person\/3e19676faae246bba0cb3b7e15f427d8\",\"name\":\"Annette Ahrens\",\"image\":{\"@type\":\"ImageObject\",\"@id\":\"https:\/\/annette-ahrens.at\/onlineshop\/#personlogo\",\"inLanguage\":\"de\",\"url\":\"https:\/\/annette-ahrens.at\/onlineshop\/wp-content\/uploads\/2020\/04\/aa_logo_End.png\",\"width\":800,\"height\":164,\"caption\":\"Annette Ahrens\"},\"logo\":{\"@id\":\"https:\/\/annette-ahrens.at\/onlineshop\/#personlogo\"},\"sameAs\":[\"https:\/\/annette-ahrens.at\",\"https:\/\/www.facebook.com\/AnnetteAhrensTafelkultur\",\"https:\/\/www.instagram.com\/tafelkulturistin\/\",\"https:\/\/de.wikipedia.org\/wiki\/Annette_Ahrens\"]},{\"@type\":\"WebSite\",\"@id\":\"https:\/\/annette-ahrens.at\/onlineshop\/#website\",\"url\":\"https:\/\/annette-ahrens.at\/onlineshop\/\",\"name\":\"Tafelkultur Onlineshop\",\"description\":\"Annette Ahrens\",\"publisher\":{\"@id\":\"https:\/\/annette-ahrens.at\/onlineshop\/#\/schema\/person\/3e19676faae246bba0cb3b7e15f427d8\"},\"potentialAction\":[{\"@type\":\"SearchAction\",\"target\":\"https:\/\/annette-ahrens.at\/onlineshop\/?s={search_term_string}\",\"query-input\":\"required name=search_term_string\"}],\"inLanguage\":\"de\"},{\"@type\":\"ImageObject\",\"@id\":\"https:\/\/annette-ahrens.at\/onlineshop\/produkt\/paar-silberne-serviettenringe-fa-walker-hall-sheffield-1907\/#primaryimage\",\"inLanguage\":\"de\",\"url\":\"https:\/\/annette-ahrens.at\/onlineshop\/wp-content\/uploads\/2022\/08\/IMG_8232-rotated.jpeg\",\"width\":1936,\"height\":1936,\"caption\":\"serviettenringe_london_silber\"},{\"@type\":[\"WebPage\",\"ItemPage\"],\"@id\":\"https:\/\/annette-ahrens.at\/onlineshop\/produkt\/paar-silberne-serviettenringe-fa-walker-hall-sheffield-1907\/#webpage\",\"url\":\"https:\/\/annette-ahrens.at\/onlineshop\/produkt\/paar-silberne-serviettenringe-fa-walker-hall-sheffield-1907\/\",\"name\":\"Paar silberne Serviettenringe, Fa. Walker & Hall, Sheffield, 1907\",\"isPartOf\":{\"@id\":\"https:\/\/annette-ahrens.at\/onlineshop\/#website\"},\"primaryImageOfPage\":{\"@id\":\"https:\/\/annette-ahrens.at\/onlineshop\/produkt\/paar-silberne-serviettenringe-fa-walker-hall-sheffield-1907\/#primaryimage\"},\"datePublished\":\"2022-08-22T19:47:45+00:00\",\"dateModified\":\"2022-08-28T19:32:41+00:00\",\"description\":\"Paar silberne Serviettenringe, Fa. Walker & Hall, Sheffield, 1907 \\u2665 Antiquit\\u00e4ten Online kaufen \\u2713 Sichere Lieferung \\u2713\",\"breadcrumb\":{\"@id\":\"https:\/\/annette-ahrens.at\/onlineshop\/produkt\/paar-silberne-serviettenringe-fa-walker-hall-sheffield-1907\/#breadcrumb\"},\"inLanguage\":\"de\",\"potentialAction\":[{\"@type\":\"ReadAction\",\"target\":[\"https:\/\/annette-ahrens.at\/onlineshop\/produkt\/paar-silberne-serviettenringe-fa-walker-hall-sheffield-1907\/\"]}]},{\"@type\":\"BreadcrumbList\",\"@id\":\"https:\/\/annette-ahrens.at\/onlineshop\/produkt\/paar-silberne-serviettenringe-fa-walker-hall-sheffield-1907\/#breadcrumb\",\"itemListElement\":[{\"@type\":\"ListItem\",\"position\":1,\"item\":{\"@type\":\"WebPage\",\"@id\":\"https:\/\/annette-ahrens.at\/onlineshop\/\",\"url\":\"https:\/\/annette-ahrens.at\/onlineshop\/\",\"name\":\"Home\"}},{\"@type\":\"ListItem\",\"position\":2,\"item\":{\"@type\":\"WebPage\",\"@id\":\"https:\/\/annette-ahrens.at\/onlineshop\/alle-tafelkultur-objekte\/\",\"url\":\"https:\/\/annette-ahrens.at\/onlineshop\/alle-tafelkultur-objekte\/\",\"name\":\"Alle Tafelkultur Objekte\"}},{\"@type\":\"ListItem\",\"position\":3,\"item\":{\"@type\":\"WebPage\",\"@id\":\"https:\/\/annette-ahrens.at\/onlineshop\/produkt\/paar-silberne-serviettenringe-fa-walker-hall-sheffield-1907\/\",\"url\":\"https:\/\/annette-ahrens.at\/onlineshop\/produkt\/paar-silberne-serviettenringe-fa-walker-hall-sheffield-1907\/\",\"name\":\"Paar silberne Serviettenringe, Fa. Walker &#038; Hall, Sheffield, 1907\"}}]}]}<\/script>\n<!-- \/ Yoast SEO Premium plugin. -->","_links":{"self":[{"href":"https:\/\/annette-ahrens.at\/onlineshop\/wp-json\/wp\/v2\/product\/16943","targetHints":{"allow":["GET"]}}],"collection":[{"href":"https:\/\/annette-ahrens.at\/onlineshop\/wp-json\/wp\/v2\/product"}],"about":[{"href":"https:\/\/annette-ahrens.at\/onlineshop\/wp-json\/wp\/v2\/types\/product"}],"replies":[{"embeddable":true,"href":"https:\/\/annette-ahrens.at\/onlineshop\/wp-json\/wp\/v2\/comments?post=16943"}],"wp:featuredmedia":[{"embeddable":true,"href":"https:\/\/annette-ahrens.at\/onlineshop\/wp-json\/wp\/v2\/media\/16998"}],"wp:attachment":[{"href":"https:\/\/annette-ahrens.at\/onlineshop\/wp-json\/wp\/v2\/media?parent=16943"}],"wp:term":[{"taxonomy":"product_brand","embeddable":true,"href":"https:\/\/annette-ahrens.at\/onlineshop\/wp-json\/wp\/v2\/product_brand?post=16943"},{"taxonomy":"product_cat","embeddable":true,"href":"https:\/\/annette-ahrens.at\/onlineshop\/wp-json\/wp\/v2\/product_cat?post=16943"},{"taxonomy":"product_tag","embeddable":true,"href":"https:\/\/annette-ahrens.at\/onlineshop\/wp-json\/wp\/v2\/product_tag?post=16943"}],"curies":[{"name":"wp","href":"https:\/\/api.w.org\/{rel}","templated":true}]}}