{"id":1698,"date":"2020-05-13T22:18:28","date_gmt":"2020-05-13T20:18:28","guid":{"rendered":"https:\/\/annette-ahrens.at\/silbershop\/?post_type=product&#038;p=1698"},"modified":"2023-12-06T12:07:21","modified_gmt":"2023-12-06T11:07:21","slug":"karaffe-mit-silbermontierung-xxx","status":"publish","type":"product","link":"https:\/\/annette-ahrens.at\/onlineshop\/produkt\/karaffe-mit-silbermontierung-xxx\/","title":{"rendered":"Karaffe mit Silbermontierung &#8222;Trauben&#8220;, Wilhelm Binder, Deutschland, um 1900"},"content":{"rendered":"<p>Karaffe mit Silbermontierung<\/p>\n<p>Wilhelm Binder, Schw\u00e4bisch Gm\u00fcnd, Deutschland, um 1900<\/p>\n<p>Silbermontierung mit plastischem Weintrauben und Weinlaubdekor, Scharnierdeckel mit Daumenrast, runder Henkel, gemarkt mit deutschem Staatszeichen Halbmond und Krone, Feingehalt 800, Fabriksmarke WTB f\u00fcr Wilhelm Binder, Schw\u00e4bisch Gm\u00fcnd, optisch geblasenen Glas, tadelloser Zustand<\/p>\n<p>H 27 cm<\/p>\n<p>&nbsp;<\/p>\n","protected":false},"excerpt":{"rendered":"<p>Annettes Etikette: In den alten Firmenkatalogen werden diese Karaffen eindeutig mit Wein bef\u00fcllt. Heute sind die hausgemachten Limonaden effektvolle Hingucker mit fein geschnittenen Zitronenscheiben, Rosmarinzweigen oder Eisw\u00fcrfeln. Die in eine Holzmodel geblasene Wandung des handgeschliffenen Glases sorgen f\u00fcr eine optische Vervielf\u00e4ltigung.<\/p>\n","protected":false},"featured_media":1638,"comment_status":"open","ping_status":"closed","template":"","meta":[],"product_brand":[],"product_cat":[212,27,299,19,300,133,275,222,273,53,213],"product_tag":[],"class_list":{"0":"post-1698","1":"product","2":"type-product","3":"status-publish","4":"has-post-thumbnail","6":"product_cat-apertif","7":"product_cat-barware","8":"product_cat-cocktailparty","9":"product_cat-gabelfruehstueck","10":"product_cat-gartenfest","11":"product_cat-glas","12":"product_cat-glas-fachbuecher","13":"product_cat-karaffe","14":"product_cat-silber-fachbuecher","15":"product_cat-weihnachten","16":"product_cat-wein","18":"first","19":"instock","20":"sold-individually","21":"purchasable","22":"product-type-simple"},"yoast_head":"<!-- This site is optimized with the Yoast SEO Premium plugin v15.8.2 - https:\/\/yoast.com\/wordpress\/plugins\/seo\/ -->\n<title>Karaffe mit Silbermontierung &quot;Trauben&quot;, Wilhelm Binder, Deutschland, um 1900<\/title>\n<meta name=\"description\" content=\"Karaffe mit Silbermontierung &quot;Trauben&quot;, Wilhelm Binder, Deutschland, um 1900 \u2665 Antiquit\u00e4ten Online kaufen \u2713 Sichere Lieferung \u2713\" \/>\n<meta name=\"robots\" content=\"index, follow, max-snippet:-1, max-image-preview:large, max-video-preview:-1\" \/>\n<link rel=\"canonical\" href=\"https:\/\/annette-ahrens.at\/onlineshop\/produkt\/karaffe-mit-silbermontierung-xxx\/\" \/>\n<meta property=\"og:locale\" content=\"de_DE\" \/>\n<meta property=\"og:type\" content=\"article\" \/>\n<meta property=\"og:title\" content=\"Karaffe mit Silbermontierung &quot;Trauben&quot;, Wilhelm Binder, Deutschland, um 1900\" \/>\n<meta property=\"og:description\" content=\"Karaffe mit Silbermontierung &quot;Trauben&quot;, Wilhelm Binder, Deutschland, um 1900 \u2665 Antiquit\u00e4ten Online kaufen \u2713 Sichere Lieferung \u2713\" \/>\n<meta property=\"og:url\" content=\"https:\/\/annette-ahrens.at\/onlineshop\/produkt\/karaffe-mit-silbermontierung-xxx\/\" \/>\n<meta property=\"og:site_name\" content=\"Tafelkultur Onlineshop\" \/>\n<meta property=\"article:publisher\" content=\"https:\/\/www.facebook.com\/AnnetteAhrensTafelkultur\" \/>\n<meta property=\"article:modified_time\" content=\"2023-12-06T11:07:21+00:00\" \/>\n<meta property=\"og:image\" content=\"https:\/\/annette-ahrens.at\/onlineshop\/wp-content\/uploads\/2020\/05\/DSC_0074-scaled.jpeg\" \/>\n\t<meta property=\"og:image:width\" content=\"2167\" \/>\n\t<meta property=\"og:image:height\" content=\"2560\" \/>\n<meta name=\"twitter:card\" content=\"summary_large_image\" \/>\n<meta name=\"twitter:label1\" content=\"Gesch\u00e4tzte Lesezeit\">\n\t<meta name=\"twitter:data1\" content=\"1\u00a0Minute\">\n<script type=\"application\/ld+json\" class=\"yoast-schema-graph\">{\"@context\":\"https:\/\/schema.org\",\"@graph\":[{\"@type\":[\"Person\",\"Organization\"],\"@id\":\"https:\/\/annette-ahrens.at\/onlineshop\/#\/schema\/person\/3e19676faae246bba0cb3b7e15f427d8\",\"name\":\"Annette Ahrens\",\"image\":{\"@type\":\"ImageObject\",\"@id\":\"https:\/\/annette-ahrens.at\/onlineshop\/#personlogo\",\"inLanguage\":\"de\",\"url\":\"https:\/\/annette-ahrens.at\/onlineshop\/wp-content\/uploads\/2020\/04\/aa_logo_End.png\",\"width\":800,\"height\":164,\"caption\":\"Annette Ahrens\"},\"logo\":{\"@id\":\"https:\/\/annette-ahrens.at\/onlineshop\/#personlogo\"},\"sameAs\":[\"https:\/\/annette-ahrens.at\",\"https:\/\/www.facebook.com\/AnnetteAhrensTafelkultur\",\"https:\/\/www.instagram.com\/tafelkulturistin\/\",\"https:\/\/de.wikipedia.org\/wiki\/Annette_Ahrens\"]},{\"@type\":\"WebSite\",\"@id\":\"https:\/\/annette-ahrens.at\/onlineshop\/#website\",\"url\":\"https:\/\/annette-ahrens.at\/onlineshop\/\",\"name\":\"Tafelkultur Onlineshop\",\"description\":\"Annette Ahrens\",\"publisher\":{\"@id\":\"https:\/\/annette-ahrens.at\/onlineshop\/#\/schema\/person\/3e19676faae246bba0cb3b7e15f427d8\"},\"potentialAction\":[{\"@type\":\"SearchAction\",\"target\":\"https:\/\/annette-ahrens.at\/onlineshop\/?s={search_term_string}\",\"query-input\":\"required name=search_term_string\"}],\"inLanguage\":\"de\"},{\"@type\":\"ImageObject\",\"@id\":\"https:\/\/annette-ahrens.at\/onlineshop\/produkt\/karaffe-mit-silbermontierung-xxx\/#primaryimage\",\"inLanguage\":\"de\",\"url\":\"https:\/\/annette-ahrens.at\/onlineshop\/wp-content\/uploads\/2020\/05\/DSC_0074-scaled.jpeg\",\"width\":2167,\"height\":2560,\"caption\":\"weinkaraffe\"},{\"@type\":[\"WebPage\",\"ItemPage\"],\"@id\":\"https:\/\/annette-ahrens.at\/onlineshop\/produkt\/karaffe-mit-silbermontierung-xxx\/#webpage\",\"url\":\"https:\/\/annette-ahrens.at\/onlineshop\/produkt\/karaffe-mit-silbermontierung-xxx\/\",\"name\":\"Karaffe mit Silbermontierung \\\"Trauben\\\", Wilhelm Binder, Deutschland, um 1900\",\"isPartOf\":{\"@id\":\"https:\/\/annette-ahrens.at\/onlineshop\/#website\"},\"primaryImageOfPage\":{\"@id\":\"https:\/\/annette-ahrens.at\/onlineshop\/produkt\/karaffe-mit-silbermontierung-xxx\/#primaryimage\"},\"datePublished\":\"2020-05-13T20:18:28+00:00\",\"dateModified\":\"2023-12-06T11:07:21+00:00\",\"description\":\"Karaffe mit Silbermontierung \\\"Trauben\\\", Wilhelm Binder, Deutschland, um 1900 \\u2665 Antiquit\\u00e4ten Online kaufen \\u2713 Sichere Lieferung \\u2713\",\"breadcrumb\":{\"@id\":\"https:\/\/annette-ahrens.at\/onlineshop\/produkt\/karaffe-mit-silbermontierung-xxx\/#breadcrumb\"},\"inLanguage\":\"de\",\"potentialAction\":[{\"@type\":\"ReadAction\",\"target\":[\"https:\/\/annette-ahrens.at\/onlineshop\/produkt\/karaffe-mit-silbermontierung-xxx\/\"]}]},{\"@type\":\"BreadcrumbList\",\"@id\":\"https:\/\/annette-ahrens.at\/onlineshop\/produkt\/karaffe-mit-silbermontierung-xxx\/#breadcrumb\",\"itemListElement\":[{\"@type\":\"ListItem\",\"position\":1,\"item\":{\"@type\":\"WebPage\",\"@id\":\"https:\/\/annette-ahrens.at\/onlineshop\/\",\"url\":\"https:\/\/annette-ahrens.at\/onlineshop\/\",\"name\":\"Home\"}},{\"@type\":\"ListItem\",\"position\":2,\"item\":{\"@type\":\"WebPage\",\"@id\":\"https:\/\/annette-ahrens.at\/onlineshop\/alle-tafelkultur-objekte\/\",\"url\":\"https:\/\/annette-ahrens.at\/onlineshop\/alle-tafelkultur-objekte\/\",\"name\":\"Alle Tafelkultur Objekte\"}},{\"@type\":\"ListItem\",\"position\":3,\"item\":{\"@type\":\"WebPage\",\"@id\":\"https:\/\/annette-ahrens.at\/onlineshop\/produkt\/karaffe-mit-silbermontierung-xxx\/\",\"url\":\"https:\/\/annette-ahrens.at\/onlineshop\/produkt\/karaffe-mit-silbermontierung-xxx\/\",\"name\":\"Karaffe mit Silbermontierung &#8220;Trauben&#8221;, Wilhelm Binder, Deutschland, um 1900\"}}]}]}<\/script>\n<!-- \/ Yoast SEO Premium plugin. -->","_links":{"self":[{"href":"https:\/\/annette-ahrens.at\/onlineshop\/wp-json\/wp\/v2\/product\/1698","targetHints":{"allow":["GET"]}}],"collection":[{"href":"https:\/\/annette-ahrens.at\/onlineshop\/wp-json\/wp\/v2\/product"}],"about":[{"href":"https:\/\/annette-ahrens.at\/onlineshop\/wp-json\/wp\/v2\/types\/product"}],"replies":[{"embeddable":true,"href":"https:\/\/annette-ahrens.at\/onlineshop\/wp-json\/wp\/v2\/comments?post=1698"}],"wp:featuredmedia":[{"embeddable":true,"href":"https:\/\/annette-ahrens.at\/onlineshop\/wp-json\/wp\/v2\/media\/1638"}],"wp:attachment":[{"href":"https:\/\/annette-ahrens.at\/onlineshop\/wp-json\/wp\/v2\/media?parent=1698"}],"wp:term":[{"taxonomy":"product_brand","embeddable":true,"href":"https:\/\/annette-ahrens.at\/onlineshop\/wp-json\/wp\/v2\/product_brand?post=1698"},{"taxonomy":"product_cat","embeddable":true,"href":"https:\/\/annette-ahrens.at\/onlineshop\/wp-json\/wp\/v2\/product_cat?post=1698"},{"taxonomy":"product_tag","embeddable":true,"href":"https:\/\/annette-ahrens.at\/onlineshop\/wp-json\/wp\/v2\/product_tag?post=1698"}],"curies":[{"name":"wp","href":"https:\/\/api.w.org\/{rel}","templated":true}]}}