{"id":17059,"date":"2022-09-19T13:39:41","date_gmt":"2022-09-19T11:39:41","guid":{"rendered":"https:\/\/annette-ahrens.at\/onlineshop\/?post_type=product&#038;p=17059"},"modified":"2022-09-26T20:32:45","modified_gmt":"2022-09-26T18:32:45","slug":"bueste-von-johann-wolfgang-goethe-kaiserliche-porzellanmanufaktur-wien-um-1845","status":"publish","type":"product","link":"https:\/\/annette-ahrens.at\/onlineshop\/produkt\/bueste-von-johann-wolfgang-goethe-kaiserliche-porzellanmanufaktur-wien-um-1845\/","title":{"rendered":"B\u00fcste von Johann Wolfgang Goethe, Kaiserliche Porzellanmanufaktur, Wien, um 1845"},"content":{"rendered":"<p style=\"font-weight: 400;\">B\u00fcste von Johann Wolfgang Goethe (Frankfurt 1749 &#8211; 1832 Weimar)<\/p>\n<p style=\"font-weight: 400;\">Kaiserliche Porzellanmanufaktur<em>,<\/em> Wien, 1845<\/p>\n<p style=\"font-weight: 400;\">Porzellan, glasiert, runder glasierter Sockel mit Goldbord\u00fcre, rechteckige Kartusche mit Bezeichnung in Gold &#8222;Goethe&#8220;; \u00a0B\u00fcste aus Biskuitporzellan; am Sockel gemarkt mit eingepresstem Bindenschild, Jahreszahl (1)845, Bossierer F<\/p>\n<p>H 11 cm<\/p>\n<p style=\"font-weight: 400;\">Vergleiche: MAK Wien Invnr. Ke 6543<\/p>\n","protected":false},"excerpt":{"rendered":"<p>Annettes Etikette: Diese\u00a0B\u00fcste geh\u00f6rt zu der Serie der 100 ber\u00fchmten Pers\u00f6nlichkeiten der Kaiserlichen Porzellanmanufaktur Wien, welche um 1840 ausgef\u00fchrt wurde. Das Museum f\u00fcr angewandte Kunst in Wien verwahrt die gr\u00f6\u00dfte Sammlung dieser kleinen Zeitzeugen aus Biskuitporzellan. Der Schriftsteller Goethe wurde eher h\u00e4ufig ausgef\u00fchrt. Falls Sie so eine Wiener B\u00fcste besitzen, so freue ich mich \u00fcber Kontaktaufnahme, so bem\u00fche ich mich die 100 verschiedenen VIPS zu katalogisieren.<\/p>\n","protected":false},"featured_media":17684,"comment_status":"open","ping_status":"closed","template":"","meta":[],"product_brand":[],"product_cat":[274,131],"product_tag":[],"class_list":{"0":"post-17059","1":"product","2":"type-product","3":"status-publish","4":"has-post-thumbnail","6":"product_cat-porzellan-fachbuecher","7":"product_cat-tafeldekorationen","9":"first","10":"instock","11":"sold-individually","12":"purchasable","13":"product-type-simple"},"yoast_head":"<!-- This site is optimized with the Yoast SEO Premium plugin v15.8.2 - https:\/\/yoast.com\/wordpress\/plugins\/seo\/ -->\n<title>B\u00fcste von Johann Wolfgang Goethe, Kaiserliche Porzellanmanufaktur, Wien, um 1845<\/title>\n<meta name=\"description\" content=\"B\u00fcste von Johann Wolfgang Goethe, Kaiserliche Porzellanmanufaktur, Wien, um 1845 \u2665 Antiquit\u00e4ten Online kaufen \u2713 Sichere Lieferung \u2713\" \/>\n<meta name=\"robots\" content=\"index, follow, max-snippet:-1, max-image-preview:large, max-video-preview:-1\" \/>\n<link rel=\"canonical\" href=\"https:\/\/annette-ahrens.at\/onlineshop\/produkt\/bueste-von-johann-wolfgang-goethe-kaiserliche-porzellanmanufaktur-wien-um-1845\/\" \/>\n<meta property=\"og:locale\" content=\"de_DE\" \/>\n<meta property=\"og:type\" content=\"article\" \/>\n<meta property=\"og:title\" content=\"B\u00fcste von Johann Wolfgang Goethe, Kaiserliche Porzellanmanufaktur, Wien, um 1845\" \/>\n<meta property=\"og:description\" content=\"B\u00fcste von Johann Wolfgang Goethe, Kaiserliche Porzellanmanufaktur, Wien, um 1845 \u2665 Antiquit\u00e4ten Online kaufen \u2713 Sichere Lieferung \u2713\" \/>\n<meta property=\"og:url\" content=\"https:\/\/annette-ahrens.at\/onlineshop\/produkt\/bueste-von-johann-wolfgang-goethe-kaiserliche-porzellanmanufaktur-wien-um-1845\/\" \/>\n<meta property=\"og:site_name\" content=\"Tafelkultur Onlineshop\" \/>\n<meta property=\"article:publisher\" content=\"https:\/\/www.facebook.com\/AnnetteAhrensTafelkultur\" \/>\n<meta property=\"article:modified_time\" content=\"2022-09-26T18:32:45+00:00\" \/>\n<meta property=\"og:image\" content=\"https:\/\/annette-ahrens.at\/onlineshop\/wp-content\/uploads\/2022\/08\/IMG_8847-rotated.jpeg\" \/>\n\t<meta property=\"og:image:width\" content=\"1936\" \/>\n\t<meta property=\"og:image:height\" content=\"1936\" \/>\n<meta name=\"twitter:card\" content=\"summary_large_image\" \/>\n<meta name=\"twitter:label1\" content=\"Gesch\u00e4tzte Lesezeit\">\n\t<meta name=\"twitter:data1\" content=\"1\u00a0Minute\">\n<script type=\"application\/ld+json\" class=\"yoast-schema-graph\">{\"@context\":\"https:\/\/schema.org\",\"@graph\":[{\"@type\":[\"Person\",\"Organization\"],\"@id\":\"https:\/\/annette-ahrens.at\/onlineshop\/#\/schema\/person\/3e19676faae246bba0cb3b7e15f427d8\",\"name\":\"Annette Ahrens\",\"image\":{\"@type\":\"ImageObject\",\"@id\":\"https:\/\/annette-ahrens.at\/onlineshop\/#personlogo\",\"inLanguage\":\"de\",\"url\":\"https:\/\/annette-ahrens.at\/onlineshop\/wp-content\/uploads\/2020\/04\/aa_logo_End.png\",\"width\":800,\"height\":164,\"caption\":\"Annette Ahrens\"},\"logo\":{\"@id\":\"https:\/\/annette-ahrens.at\/onlineshop\/#personlogo\"},\"sameAs\":[\"https:\/\/annette-ahrens.at\",\"https:\/\/www.facebook.com\/AnnetteAhrensTafelkultur\",\"https:\/\/www.instagram.com\/tafelkulturistin\/\",\"https:\/\/de.wikipedia.org\/wiki\/Annette_Ahrens\"]},{\"@type\":\"WebSite\",\"@id\":\"https:\/\/annette-ahrens.at\/onlineshop\/#website\",\"url\":\"https:\/\/annette-ahrens.at\/onlineshop\/\",\"name\":\"Tafelkultur Onlineshop\",\"description\":\"Annette Ahrens\",\"publisher\":{\"@id\":\"https:\/\/annette-ahrens.at\/onlineshop\/#\/schema\/person\/3e19676faae246bba0cb3b7e15f427d8\"},\"potentialAction\":[{\"@type\":\"SearchAction\",\"target\":\"https:\/\/annette-ahrens.at\/onlineshop\/?s={search_term_string}\",\"query-input\":\"required name=search_term_string\"}],\"inLanguage\":\"de\"},{\"@type\":\"ImageObject\",\"@id\":\"https:\/\/annette-ahrens.at\/onlineshop\/produkt\/bueste-von-johann-wolfgang-goethe-kaiserliche-porzellanmanufaktur-wien-um-1845\/#primaryimage\",\"inLanguage\":\"de\",\"url\":\"https:\/\/annette-ahrens.at\/onlineshop\/wp-content\/uploads\/2022\/08\/IMG_8847-rotated.jpeg\",\"width\":1936,\"height\":1936,\"caption\":\"altwien_b\\u00fcste_goethe\"},{\"@type\":[\"WebPage\",\"ItemPage\"],\"@id\":\"https:\/\/annette-ahrens.at\/onlineshop\/produkt\/bueste-von-johann-wolfgang-goethe-kaiserliche-porzellanmanufaktur-wien-um-1845\/#webpage\",\"url\":\"https:\/\/annette-ahrens.at\/onlineshop\/produkt\/bueste-von-johann-wolfgang-goethe-kaiserliche-porzellanmanufaktur-wien-um-1845\/\",\"name\":\"B\\u00fcste von Johann Wolfgang Goethe, Kaiserliche Porzellanmanufaktur, Wien, um 1845\",\"isPartOf\":{\"@id\":\"https:\/\/annette-ahrens.at\/onlineshop\/#website\"},\"primaryImageOfPage\":{\"@id\":\"https:\/\/annette-ahrens.at\/onlineshop\/produkt\/bueste-von-johann-wolfgang-goethe-kaiserliche-porzellanmanufaktur-wien-um-1845\/#primaryimage\"},\"datePublished\":\"2022-09-19T11:39:41+00:00\",\"dateModified\":\"2022-09-26T18:32:45+00:00\",\"description\":\"B\\u00fcste von Johann Wolfgang Goethe, Kaiserliche Porzellanmanufaktur, Wien, um 1845 \\u2665 Antiquit\\u00e4ten Online kaufen \\u2713 Sichere Lieferung \\u2713\",\"breadcrumb\":{\"@id\":\"https:\/\/annette-ahrens.at\/onlineshop\/produkt\/bueste-von-johann-wolfgang-goethe-kaiserliche-porzellanmanufaktur-wien-um-1845\/#breadcrumb\"},\"inLanguage\":\"de\",\"potentialAction\":[{\"@type\":\"ReadAction\",\"target\":[\"https:\/\/annette-ahrens.at\/onlineshop\/produkt\/bueste-von-johann-wolfgang-goethe-kaiserliche-porzellanmanufaktur-wien-um-1845\/\"]}]},{\"@type\":\"BreadcrumbList\",\"@id\":\"https:\/\/annette-ahrens.at\/onlineshop\/produkt\/bueste-von-johann-wolfgang-goethe-kaiserliche-porzellanmanufaktur-wien-um-1845\/#breadcrumb\",\"itemListElement\":[{\"@type\":\"ListItem\",\"position\":1,\"item\":{\"@type\":\"WebPage\",\"@id\":\"https:\/\/annette-ahrens.at\/onlineshop\/\",\"url\":\"https:\/\/annette-ahrens.at\/onlineshop\/\",\"name\":\"Home\"}},{\"@type\":\"ListItem\",\"position\":2,\"item\":{\"@type\":\"WebPage\",\"@id\":\"https:\/\/annette-ahrens.at\/onlineshop\/alle-tafelkultur-objekte\/\",\"url\":\"https:\/\/annette-ahrens.at\/onlineshop\/alle-tafelkultur-objekte\/\",\"name\":\"Alle Tafelkultur Objekte\"}},{\"@type\":\"ListItem\",\"position\":3,\"item\":{\"@type\":\"WebPage\",\"@id\":\"https:\/\/annette-ahrens.at\/onlineshop\/produkt\/bueste-von-johann-wolfgang-goethe-kaiserliche-porzellanmanufaktur-wien-um-1845\/\",\"url\":\"https:\/\/annette-ahrens.at\/onlineshop\/produkt\/bueste-von-johann-wolfgang-goethe-kaiserliche-porzellanmanufaktur-wien-um-1845\/\",\"name\":\"B\\u00fcste von Johann Wolfgang Goethe, Kaiserliche Porzellanmanufaktur, Wien, um 1845\"}}]}]}<\/script>\n<!-- \/ Yoast SEO Premium plugin. -->","_links":{"self":[{"href":"https:\/\/annette-ahrens.at\/onlineshop\/wp-json\/wp\/v2\/product\/17059","targetHints":{"allow":["GET"]}}],"collection":[{"href":"https:\/\/annette-ahrens.at\/onlineshop\/wp-json\/wp\/v2\/product"}],"about":[{"href":"https:\/\/annette-ahrens.at\/onlineshop\/wp-json\/wp\/v2\/types\/product"}],"replies":[{"embeddable":true,"href":"https:\/\/annette-ahrens.at\/onlineshop\/wp-json\/wp\/v2\/comments?post=17059"}],"wp:featuredmedia":[{"embeddable":true,"href":"https:\/\/annette-ahrens.at\/onlineshop\/wp-json\/wp\/v2\/media\/17684"}],"wp:attachment":[{"href":"https:\/\/annette-ahrens.at\/onlineshop\/wp-json\/wp\/v2\/media?parent=17059"}],"wp:term":[{"taxonomy":"product_brand","embeddable":true,"href":"https:\/\/annette-ahrens.at\/onlineshop\/wp-json\/wp\/v2\/product_brand?post=17059"},{"taxonomy":"product_cat","embeddable":true,"href":"https:\/\/annette-ahrens.at\/onlineshop\/wp-json\/wp\/v2\/product_cat?post=17059"},{"taxonomy":"product_tag","embeddable":true,"href":"https:\/\/annette-ahrens.at\/onlineshop\/wp-json\/wp\/v2\/product_tag?post=17059"}],"curies":[{"name":"wp","href":"https:\/\/api.w.org\/{rel}","templated":true}]}}