{"id":1714,"date":"2020-05-13T22:40:13","date_gmt":"2020-05-13T20:40:13","guid":{"rendered":"https:\/\/annette-ahrens.at\/silbershop\/?post_type=product&#038;p=1714"},"modified":"2021-05-26T08:43:39","modified_gmt":"2021-05-26T06:43:39","slug":"schale-xxx","status":"publish","type":"product","link":"https:\/\/annette-ahrens.at\/onlineshop\/produkt\/schale-xxx\/","title":{"rendered":"Silberne Historismus Schale, 19. Jahrhundert"},"content":{"rendered":"<p>Historismus Schale<\/p>\n<p>19. Jahrhundert<\/p>\n<p>Silber, ovaler Gef\u00e4\u00dfk\u00f6rper auf vier F\u00fc\u00dfen,\u00a0Kobaltblauer Glaseinsatz<\/p>\n<p>L\u00e4nge 14 cm<\/p>\n","protected":false},"excerpt":{"rendered":"<p>Annette\u00b4s Etikette: Die Stilistik dieser Schale erinnert an Entw\u00fcrfe der Empirezeit. Der R\u00fcckgriff auf Formen \u00c4gyptens waren Napoleon ein besonderes Anliegen als Zeichen seiner Macht und alten Herrschaftsdynastie. Der Kontrast mit der blauen Glasschale l\u00e4sst das fein ausges\u00e4gte Silber ornamental besser zur Wirkung kommen.<\/p>\n","protected":false},"featured_media":1602,"comment_status":"open","ping_status":"closed","template":"","meta":[],"product_brand":[],"product_cat":[25,31,275,279,290,132,273,281,131],"product_tag":[],"class_list":{"0":"post-1714","1":"product","2":"type-product","3":"status-publish","4":"has-post-thumbnail","6":"product_cat-5o-clock-tea","7":"product_cat-gastgeschenke","8":"product_cat-glas-fachbuecher","9":"product_cat-schale","10":"product_cat-schuessel","11":"product_cat-silber","12":"product_cat-silber-fachbuecher","13":"product_cat-tafelaufsatz","14":"product_cat-tafeldekorationen","16":"first","17":"instock","18":"sold-individually","19":"purchasable","20":"product-type-simple"},"yoast_head":"<!-- This site is optimized with the Yoast SEO Premium plugin v15.8.2 - https:\/\/yoast.com\/wordpress\/plugins\/seo\/ -->\n<title>Silberne Historismus Schale, 19. Jahrhundert<\/title>\n<meta name=\"description\" content=\"Silberne Historismus Schale, 19. Jahrhundert \u2665 Antiquit\u00e4ten Online kaufen \u2713 Sichere Lieferung \u2713\" \/>\n<meta name=\"robots\" content=\"index, follow, max-snippet:-1, max-image-preview:large, max-video-preview:-1\" \/>\n<link rel=\"canonical\" href=\"https:\/\/annette-ahrens.at\/onlineshop\/produkt\/schale-xxx\/\" \/>\n<meta property=\"og:locale\" content=\"de_DE\" \/>\n<meta property=\"og:type\" content=\"article\" \/>\n<meta property=\"og:title\" content=\"Silberne Historismus Schale, 19. Jahrhundert\" \/>\n<meta property=\"og:description\" content=\"Silberne Historismus Schale, 19. Jahrhundert \u2665 Antiquit\u00e4ten Online kaufen \u2713 Sichere Lieferung \u2713\" \/>\n<meta property=\"og:url\" content=\"https:\/\/annette-ahrens.at\/onlineshop\/produkt\/schale-xxx\/\" \/>\n<meta property=\"og:site_name\" content=\"Tafelkultur Onlineshop\" \/>\n<meta property=\"article:publisher\" content=\"https:\/\/www.facebook.com\/AnnetteAhrensTafelkultur\" \/>\n<meta property=\"article:modified_time\" content=\"2021-05-26T06:43:39+00:00\" \/>\n<meta property=\"og:image\" content=\"https:\/\/annette-ahrens.at\/onlineshop\/wp-content\/uploads\/2020\/05\/DSC_0028-scaled.jpeg\" \/>\n\t<meta property=\"og:image:width\" content=\"2560\" \/>\n\t<meta property=\"og:image:height\" content=\"1780\" \/>\n<meta name=\"twitter:card\" content=\"summary_large_image\" \/>\n<script type=\"application\/ld+json\" class=\"yoast-schema-graph\">{\"@context\":\"https:\/\/schema.org\",\"@graph\":[{\"@type\":[\"Person\",\"Organization\"],\"@id\":\"https:\/\/annette-ahrens.at\/onlineshop\/#\/schema\/person\/3e19676faae246bba0cb3b7e15f427d8\",\"name\":\"Annette Ahrens\",\"image\":{\"@type\":\"ImageObject\",\"@id\":\"https:\/\/annette-ahrens.at\/onlineshop\/#personlogo\",\"inLanguage\":\"de\",\"url\":\"https:\/\/annette-ahrens.at\/onlineshop\/wp-content\/uploads\/2020\/04\/aa_logo_End.png\",\"width\":800,\"height\":164,\"caption\":\"Annette Ahrens\"},\"logo\":{\"@id\":\"https:\/\/annette-ahrens.at\/onlineshop\/#personlogo\"},\"sameAs\":[\"https:\/\/annette-ahrens.at\",\"https:\/\/www.facebook.com\/AnnetteAhrensTafelkultur\",\"https:\/\/www.instagram.com\/tafelkulturistin\/\",\"https:\/\/de.wikipedia.org\/wiki\/Annette_Ahrens\"]},{\"@type\":\"WebSite\",\"@id\":\"https:\/\/annette-ahrens.at\/onlineshop\/#website\",\"url\":\"https:\/\/annette-ahrens.at\/onlineshop\/\",\"name\":\"Tafelkultur Onlineshop\",\"description\":\"Annette Ahrens\",\"publisher\":{\"@id\":\"https:\/\/annette-ahrens.at\/onlineshop\/#\/schema\/person\/3e19676faae246bba0cb3b7e15f427d8\"},\"potentialAction\":[{\"@type\":\"SearchAction\",\"target\":\"https:\/\/annette-ahrens.at\/onlineshop\/?s={search_term_string}\",\"query-input\":\"required name=search_term_string\"}],\"inLanguage\":\"de\"},{\"@type\":\"ImageObject\",\"@id\":\"https:\/\/annette-ahrens.at\/onlineshop\/produkt\/schale-xxx\/#primaryimage\",\"inLanguage\":\"de\",\"url\":\"https:\/\/annette-ahrens.at\/onlineshop\/wp-content\/uploads\/2020\/05\/DSC_0028-scaled.jpeg\",\"width\":2560,\"height\":1780,\"caption\":\"Schale\"},{\"@type\":[\"WebPage\",\"ItemPage\"],\"@id\":\"https:\/\/annette-ahrens.at\/onlineshop\/produkt\/schale-xxx\/#webpage\",\"url\":\"https:\/\/annette-ahrens.at\/onlineshop\/produkt\/schale-xxx\/\",\"name\":\"Silberne Historismus Schale, 19. Jahrhundert\",\"isPartOf\":{\"@id\":\"https:\/\/annette-ahrens.at\/onlineshop\/#website\"},\"primaryImageOfPage\":{\"@id\":\"https:\/\/annette-ahrens.at\/onlineshop\/produkt\/schale-xxx\/#primaryimage\"},\"datePublished\":\"2020-05-13T20:40:13+00:00\",\"dateModified\":\"2021-05-26T06:43:39+00:00\",\"description\":\"Silberne Historismus Schale, 19. Jahrhundert \\u2665 Antiquit\\u00e4ten Online kaufen \\u2713 Sichere Lieferung \\u2713\",\"breadcrumb\":{\"@id\":\"https:\/\/annette-ahrens.at\/onlineshop\/produkt\/schale-xxx\/#breadcrumb\"},\"inLanguage\":\"de\",\"potentialAction\":[{\"@type\":\"ReadAction\",\"target\":[\"https:\/\/annette-ahrens.at\/onlineshop\/produkt\/schale-xxx\/\"]}]},{\"@type\":\"BreadcrumbList\",\"@id\":\"https:\/\/annette-ahrens.at\/onlineshop\/produkt\/schale-xxx\/#breadcrumb\",\"itemListElement\":[{\"@type\":\"ListItem\",\"position\":1,\"item\":{\"@type\":\"WebPage\",\"@id\":\"https:\/\/annette-ahrens.at\/onlineshop\/\",\"url\":\"https:\/\/annette-ahrens.at\/onlineshop\/\",\"name\":\"Home\"}},{\"@type\":\"ListItem\",\"position\":2,\"item\":{\"@type\":\"WebPage\",\"@id\":\"https:\/\/annette-ahrens.at\/onlineshop\/alle-tafelkultur-objekte\/\",\"url\":\"https:\/\/annette-ahrens.at\/onlineshop\/alle-tafelkultur-objekte\/\",\"name\":\"Alle Tafelkultur Objekte\"}},{\"@type\":\"ListItem\",\"position\":3,\"item\":{\"@type\":\"WebPage\",\"@id\":\"https:\/\/annette-ahrens.at\/onlineshop\/produkt\/schale-xxx\/\",\"url\":\"https:\/\/annette-ahrens.at\/onlineshop\/produkt\/schale-xxx\/\",\"name\":\"Silberne Historismus Schale, 19. Jahrhundert\"}}]}]}<\/script>\n<!-- \/ Yoast SEO Premium plugin. -->","_links":{"self":[{"href":"https:\/\/annette-ahrens.at\/onlineshop\/wp-json\/wp\/v2\/product\/1714","targetHints":{"allow":["GET"]}}],"collection":[{"href":"https:\/\/annette-ahrens.at\/onlineshop\/wp-json\/wp\/v2\/product"}],"about":[{"href":"https:\/\/annette-ahrens.at\/onlineshop\/wp-json\/wp\/v2\/types\/product"}],"replies":[{"embeddable":true,"href":"https:\/\/annette-ahrens.at\/onlineshop\/wp-json\/wp\/v2\/comments?post=1714"}],"wp:featuredmedia":[{"embeddable":true,"href":"https:\/\/annette-ahrens.at\/onlineshop\/wp-json\/wp\/v2\/media\/1602"}],"wp:attachment":[{"href":"https:\/\/annette-ahrens.at\/onlineshop\/wp-json\/wp\/v2\/media?parent=1714"}],"wp:term":[{"taxonomy":"product_brand","embeddable":true,"href":"https:\/\/annette-ahrens.at\/onlineshop\/wp-json\/wp\/v2\/product_brand?post=1714"},{"taxonomy":"product_cat","embeddable":true,"href":"https:\/\/annette-ahrens.at\/onlineshop\/wp-json\/wp\/v2\/product_cat?post=1714"},{"taxonomy":"product_tag","embeddable":true,"href":"https:\/\/annette-ahrens.at\/onlineshop\/wp-json\/wp\/v2\/product_tag?post=1714"}],"curies":[{"name":"wp","href":"https:\/\/api.w.org\/{rel}","templated":true}]}}