{"id":1715,"date":"2020-05-13T22:41:07","date_gmt":"2020-05-13T20:41:07","guid":{"rendered":"https:\/\/annette-ahrens.at\/silbershop\/?post_type=product&#038;p=1715"},"modified":"2020-07-17T01:03:01","modified_gmt":"2020-07-16T23:03:01","slug":"schale-mit-schlangenhenkeln-deutsch-nach-1888","status":"publish","type":"product","link":"https:\/\/annette-ahrens.at\/onlineshop\/produkt\/schale-mit-schlangenhenkeln-deutsch-nach-1888\/","title":{"rendered":"Schale mit Schlangenhenkeln, Deutsch, nach 1888"},"content":{"rendered":"<p>Schale mit Schlangenhenkeln<\/p>\n<p>Deutsch, nach 1888<\/p>\n<p>Vertrieb: V. Mayer, Wien<\/p>\n<p>Silber, Einsatzschale aus kobaltblauem Glas, zwei Schlangenhenkel<\/p>\n<p>L\u00e4nge 18 cm<\/p>\n","protected":false},"excerpt":{"rendered":"<p>Annette\u00b4s Etikette: Die Stilistik dieser Schale erinnert an Entw\u00fcrfe der Empirezeit. Der R\u00fcckgriff auf Formen \u00c4gyptens waren Napoleon ein besonderes Anliegen als Zeichen seiner Macht und alten Herrschaftsdynastie. Der Kontrast mit der blauen Glasschale l\u00e4sst das fein ausges\u00e4gte Silber ornamental besser zur Wirkung kommen.<\/p>\n","protected":false},"featured_media":1601,"comment_status":"open","ping_status":"closed","template":"","meta":[],"product_brand":[],"product_cat":[279,290,132],"product_tag":[],"class_list":{"0":"post-1715","1":"product","2":"type-product","3":"status-publish","4":"has-post-thumbnail","6":"product_cat-schale","7":"product_cat-schuessel","8":"product_cat-silber","10":"first","11":"instock","12":"sold-individually","13":"purchasable","14":"product-type-simple"},"yoast_head":"<!-- This site is optimized with the Yoast SEO Premium plugin v15.8.2 - https:\/\/yoast.com\/wordpress\/plugins\/seo\/ -->\n<title>Schale mit Schlangenhenkeln, Deutsch, nach 1888<\/title>\n<meta name=\"description\" content=\"Schale mit Schlangenhenkeln, Deutsch, nach 1888 \u2665 Antiquit\u00e4ten Online kaufen \u2713 Sichere Lieferung \u2713\" \/>\n<meta name=\"robots\" content=\"index, follow, max-snippet:-1, max-image-preview:large, max-video-preview:-1\" \/>\n<link rel=\"canonical\" href=\"https:\/\/annette-ahrens.at\/onlineshop\/produkt\/schale-mit-schlangenhenkeln-deutsch-nach-1888\/\" \/>\n<meta property=\"og:locale\" content=\"de_DE\" \/>\n<meta property=\"og:type\" content=\"article\" \/>\n<meta property=\"og:title\" content=\"Schale mit Schlangenhenkeln, Deutsch, nach 1888\" \/>\n<meta property=\"og:description\" content=\"Schale mit Schlangenhenkeln, Deutsch, nach 1888 \u2665 Antiquit\u00e4ten Online kaufen \u2713 Sichere Lieferung \u2713\" \/>\n<meta property=\"og:url\" content=\"https:\/\/annette-ahrens.at\/onlineshop\/produkt\/schale-mit-schlangenhenkeln-deutsch-nach-1888\/\" \/>\n<meta property=\"og:site_name\" content=\"Tafelkultur Onlineshop\" \/>\n<meta property=\"article:publisher\" content=\"https:\/\/www.facebook.com\/AnnetteAhrensTafelkultur\" \/>\n<meta property=\"article:modified_time\" content=\"2020-07-16T23:03:01+00:00\" \/>\n<meta property=\"og:image\" content=\"https:\/\/annette-ahrens.at\/onlineshop\/wp-content\/uploads\/2020\/05\/DSC_0034-scaled.jpeg\" \/>\n\t<meta property=\"og:image:width\" content=\"2560\" \/>\n\t<meta property=\"og:image:height\" content=\"1553\" \/>\n<meta name=\"twitter:card\" content=\"summary_large_image\" \/>\n<script type=\"application\/ld+json\" class=\"yoast-schema-graph\">{\"@context\":\"https:\/\/schema.org\",\"@graph\":[{\"@type\":[\"Person\",\"Organization\"],\"@id\":\"https:\/\/annette-ahrens.at\/onlineshop\/#\/schema\/person\/3e19676faae246bba0cb3b7e15f427d8\",\"name\":\"Annette Ahrens\",\"image\":{\"@type\":\"ImageObject\",\"@id\":\"https:\/\/annette-ahrens.at\/onlineshop\/#personlogo\",\"inLanguage\":\"de\",\"url\":\"https:\/\/annette-ahrens.at\/onlineshop\/wp-content\/uploads\/2020\/04\/aa_logo_End.png\",\"width\":800,\"height\":164,\"caption\":\"Annette Ahrens\"},\"logo\":{\"@id\":\"https:\/\/annette-ahrens.at\/onlineshop\/#personlogo\"},\"sameAs\":[\"https:\/\/annette-ahrens.at\",\"https:\/\/www.facebook.com\/AnnetteAhrensTafelkultur\",\"https:\/\/www.instagram.com\/tafelkulturistin\/\",\"https:\/\/de.wikipedia.org\/wiki\/Annette_Ahrens\"]},{\"@type\":\"WebSite\",\"@id\":\"https:\/\/annette-ahrens.at\/onlineshop\/#website\",\"url\":\"https:\/\/annette-ahrens.at\/onlineshop\/\",\"name\":\"Tafelkultur Onlineshop\",\"description\":\"Annette Ahrens\",\"publisher\":{\"@id\":\"https:\/\/annette-ahrens.at\/onlineshop\/#\/schema\/person\/3e19676faae246bba0cb3b7e15f427d8\"},\"potentialAction\":[{\"@type\":\"SearchAction\",\"target\":\"https:\/\/annette-ahrens.at\/onlineshop\/?s={search_term_string}\",\"query-input\":\"required name=search_term_string\"}],\"inLanguage\":\"de\"},{\"@type\":\"ImageObject\",\"@id\":\"https:\/\/annette-ahrens.at\/onlineshop\/produkt\/schale-mit-schlangenhenkeln-deutsch-nach-1888\/#primaryimage\",\"inLanguage\":\"de\",\"url\":\"https:\/\/annette-ahrens.at\/onlineshop\/wp-content\/uploads\/2020\/05\/DSC_0034-scaled.jpeg\",\"width\":2560,\"height\":1553,\"caption\":\"henkelschale\"},{\"@type\":[\"WebPage\",\"ItemPage\"],\"@id\":\"https:\/\/annette-ahrens.at\/onlineshop\/produkt\/schale-mit-schlangenhenkeln-deutsch-nach-1888\/#webpage\",\"url\":\"https:\/\/annette-ahrens.at\/onlineshop\/produkt\/schale-mit-schlangenhenkeln-deutsch-nach-1888\/\",\"name\":\"Schale mit Schlangenhenkeln, Deutsch, nach 1888\",\"isPartOf\":{\"@id\":\"https:\/\/annette-ahrens.at\/onlineshop\/#website\"},\"primaryImageOfPage\":{\"@id\":\"https:\/\/annette-ahrens.at\/onlineshop\/produkt\/schale-mit-schlangenhenkeln-deutsch-nach-1888\/#primaryimage\"},\"datePublished\":\"2020-05-13T20:41:07+00:00\",\"dateModified\":\"2020-07-16T23:03:01+00:00\",\"description\":\"Schale mit Schlangenhenkeln, Deutsch, nach 1888 \\u2665 Antiquit\\u00e4ten Online kaufen \\u2713 Sichere Lieferung \\u2713\",\"breadcrumb\":{\"@id\":\"https:\/\/annette-ahrens.at\/onlineshop\/produkt\/schale-mit-schlangenhenkeln-deutsch-nach-1888\/#breadcrumb\"},\"inLanguage\":\"de\",\"potentialAction\":[{\"@type\":\"ReadAction\",\"target\":[\"https:\/\/annette-ahrens.at\/onlineshop\/produkt\/schale-mit-schlangenhenkeln-deutsch-nach-1888\/\"]}]},{\"@type\":\"BreadcrumbList\",\"@id\":\"https:\/\/annette-ahrens.at\/onlineshop\/produkt\/schale-mit-schlangenhenkeln-deutsch-nach-1888\/#breadcrumb\",\"itemListElement\":[{\"@type\":\"ListItem\",\"position\":1,\"item\":{\"@type\":\"WebPage\",\"@id\":\"https:\/\/annette-ahrens.at\/onlineshop\/\",\"url\":\"https:\/\/annette-ahrens.at\/onlineshop\/\",\"name\":\"Home\"}},{\"@type\":\"ListItem\",\"position\":2,\"item\":{\"@type\":\"WebPage\",\"@id\":\"https:\/\/annette-ahrens.at\/onlineshop\/alle-tafelkultur-objekte\/\",\"url\":\"https:\/\/annette-ahrens.at\/onlineshop\/alle-tafelkultur-objekte\/\",\"name\":\"Alle Tafelkultur Objekte\"}},{\"@type\":\"ListItem\",\"position\":3,\"item\":{\"@type\":\"WebPage\",\"@id\":\"https:\/\/annette-ahrens.at\/onlineshop\/produkt\/schale-mit-schlangenhenkeln-deutsch-nach-1888\/\",\"url\":\"https:\/\/annette-ahrens.at\/onlineshop\/produkt\/schale-mit-schlangenhenkeln-deutsch-nach-1888\/\",\"name\":\"Schale mit Schlangenhenkeln, Deutsch, nach 1888\"}}]}]}<\/script>\n<!-- \/ Yoast SEO Premium plugin. -->","_links":{"self":[{"href":"https:\/\/annette-ahrens.at\/onlineshop\/wp-json\/wp\/v2\/product\/1715","targetHints":{"allow":["GET"]}}],"collection":[{"href":"https:\/\/annette-ahrens.at\/onlineshop\/wp-json\/wp\/v2\/product"}],"about":[{"href":"https:\/\/annette-ahrens.at\/onlineshop\/wp-json\/wp\/v2\/types\/product"}],"replies":[{"embeddable":true,"href":"https:\/\/annette-ahrens.at\/onlineshop\/wp-json\/wp\/v2\/comments?post=1715"}],"wp:featuredmedia":[{"embeddable":true,"href":"https:\/\/annette-ahrens.at\/onlineshop\/wp-json\/wp\/v2\/media\/1601"}],"wp:attachment":[{"href":"https:\/\/annette-ahrens.at\/onlineshop\/wp-json\/wp\/v2\/media?parent=1715"}],"wp:term":[{"taxonomy":"product_brand","embeddable":true,"href":"https:\/\/annette-ahrens.at\/onlineshop\/wp-json\/wp\/v2\/product_brand?post=1715"},{"taxonomy":"product_cat","embeddable":true,"href":"https:\/\/annette-ahrens.at\/onlineshop\/wp-json\/wp\/v2\/product_cat?post=1715"},{"taxonomy":"product_tag","embeddable":true,"href":"https:\/\/annette-ahrens.at\/onlineshop\/wp-json\/wp\/v2\/product_tag?post=1715"}],"curies":[{"name":"wp","href":"https:\/\/api.w.org\/{rel}","templated":true}]}}