{"id":1720,"date":"2020-05-13T22:46:37","date_gmt":"2020-05-13T20:46:37","guid":{"rendered":"https:\/\/annette-ahrens.at\/silbershop\/?post_type=product&#038;p=1720"},"modified":"2026-03-04T10:39:46","modified_gmt":"2026-03-04T09:39:46","slug":"silberner-aufsatz-mit-glaseinsatz-deutsch-um-1900","status":"publish","type":"product","link":"https:\/\/annette-ahrens.at\/onlineshop\/produkt\/silberner-aufsatz-mit-glaseinsatz-deutsch-um-1900\/","title":{"rendered":"Silberner Jugendstil Aufsatz mit Glaseinsatz, Fa. Bruckmann, Heilbronn, Deutschland, um 1900"},"content":{"rendered":"<p>Silberner Jugendstil Aufsatz mit Glaseinsatz<\/p>\n<p>Fa. Bruckmann, Heilbronn, Deutschland, um 1900<\/p>\n<p>Silber, runder, kelchf\u00f6rmiger Fu\u00df, runde Aufsatzschale, gerade Wandung mit Festons, Innenvergoldung, gemarkt mit Feingehaltszeichen 800, deutschem Staatszeichen Halbmond und Krone, Firmenzeichen Adler f\u00fcr Fa. Bruckmann, Modellnummer 14174; originaler, aufwendig geschliffener Glaseinsatz, tadelloser Zustand<\/p>\n<p>H\u00f6he 23 cm<\/p>\n<p>Dm 25 cm<\/p>\n<p>464 g<\/p>\n","protected":false},"excerpt":{"rendered":"<p>Annettes Etikette: Der aufwendig geschliffene Glaseinsatz ist bei diesem Tafelaufsatz original erhalten. Die herausnehmbare Einsatzschale sch\u00fctzt auch die Innenseite der Tafelzier vor Ver\u00e4tzungen durch die S\u00e4ure von \u00c4pfel, Birnen oder Trauben. Blumen im Steckschwamm oder Konfekte, Vanillekipferl bis hin zu verpackten Bonbons werden zu Hauptdarstellern bei Tisch.<\/p>\n","protected":false},"featured_media":1603,"comment_status":"open","ping_status":"closed","template":"","meta":[],"product_brand":[],"product_cat":[25,297,32,291,292,160,21,273,132,281,131,53,308],"product_tag":[],"class_list":{"0":"post-1720","1":"product","2":"type-product","3":"status-publish","4":"has-post-thumbnail","6":"product_cat-5o-clock-tea","7":"product_cat-adventjause","8":"product_cat-festefeiern","9":"product_cat-hochzeit","10":"product_cat-muttertag","11":"product_cat-obst","12":"product_cat-obst-gemuese","13":"product_cat-silber-fachbuecher","14":"product_cat-silber","15":"product_cat-tafelaufsatz","16":"product_cat-tafeldekorationen","17":"product_cat-weihnachten","18":"product_cat-weihnachtsgebaeck","20":"first","21":"instock","22":"sold-individually","23":"purchasable","24":"product-type-simple"},"yoast_head":"<!-- This site is optimized with the Yoast SEO Premium plugin v15.8.2 - https:\/\/yoast.com\/wordpress\/plugins\/seo\/ -->\n<title>Silberner Jugendstil Aufsatz mit Glaseinsatz, Fa. Bruckmann, Heilbronn, Deutschland, um 1900<\/title>\n<meta name=\"description\" content=\"Silberner Jugendstil Aufsatz mit Glaseinsatz, Fa. Bruckmann, Heilbronn, Deutschland, um 1900 \u2665 Antiquit\u00e4ten Online kaufen \u2713 Sichere Lieferung \u2713\" \/>\n<meta name=\"robots\" content=\"index, follow, max-snippet:-1, max-image-preview:large, max-video-preview:-1\" \/>\n<link rel=\"canonical\" href=\"https:\/\/annette-ahrens.at\/onlineshop\/produkt\/silberner-aufsatz-mit-glaseinsatz-deutsch-um-1900\/\" \/>\n<meta property=\"og:locale\" content=\"de_DE\" \/>\n<meta property=\"og:type\" content=\"article\" \/>\n<meta property=\"og:title\" content=\"Silberner Jugendstil Aufsatz mit Glaseinsatz, Fa. Bruckmann, Heilbronn, Deutschland, um 1900\" \/>\n<meta property=\"og:description\" content=\"Silberner Jugendstil Aufsatz mit Glaseinsatz, Fa. Bruckmann, Heilbronn, Deutschland, um 1900 \u2665 Antiquit\u00e4ten Online kaufen \u2713 Sichere Lieferung \u2713\" \/>\n<meta property=\"og:url\" content=\"https:\/\/annette-ahrens.at\/onlineshop\/produkt\/silberner-aufsatz-mit-glaseinsatz-deutsch-um-1900\/\" \/>\n<meta property=\"og:site_name\" content=\"Tafelkultur Onlineshop\" \/>\n<meta property=\"article:publisher\" content=\"https:\/\/www.facebook.com\/AnnetteAhrensTafelkultur\" \/>\n<meta property=\"article:modified_time\" content=\"2026-03-04T09:39:46+00:00\" \/>\n<meta property=\"og:image\" content=\"https:\/\/annette-ahrens.at\/onlineshop\/wp-content\/uploads\/2020\/05\/DSC_0035-scaled.jpeg\" \/>\n\t<meta property=\"og:image:width\" content=\"2222\" \/>\n\t<meta property=\"og:image:height\" content=\"2560\" \/>\n<meta name=\"twitter:card\" content=\"summary_large_image\" \/>\n<meta name=\"twitter:label1\" content=\"Gesch\u00e4tzte Lesezeit\">\n\t<meta name=\"twitter:data1\" content=\"1\u00a0Minute\">\n<script type=\"application\/ld+json\" class=\"yoast-schema-graph\">{\"@context\":\"https:\/\/schema.org\",\"@graph\":[{\"@type\":[\"Person\",\"Organization\"],\"@id\":\"https:\/\/annette-ahrens.at\/onlineshop\/#\/schema\/person\/3e19676faae246bba0cb3b7e15f427d8\",\"name\":\"Annette Ahrens\",\"image\":{\"@type\":\"ImageObject\",\"@id\":\"https:\/\/annette-ahrens.at\/onlineshop\/#personlogo\",\"inLanguage\":\"de\",\"url\":\"https:\/\/annette-ahrens.at\/onlineshop\/wp-content\/uploads\/2020\/04\/aa_logo_End.png\",\"width\":800,\"height\":164,\"caption\":\"Annette Ahrens\"},\"logo\":{\"@id\":\"https:\/\/annette-ahrens.at\/onlineshop\/#personlogo\"},\"sameAs\":[\"https:\/\/annette-ahrens.at\",\"https:\/\/www.facebook.com\/AnnetteAhrensTafelkultur\",\"https:\/\/www.instagram.com\/tafelkulturistin\/\",\"https:\/\/de.wikipedia.org\/wiki\/Annette_Ahrens\"]},{\"@type\":\"WebSite\",\"@id\":\"https:\/\/annette-ahrens.at\/onlineshop\/#website\",\"url\":\"https:\/\/annette-ahrens.at\/onlineshop\/\",\"name\":\"Tafelkultur Onlineshop\",\"description\":\"Annette Ahrens\",\"publisher\":{\"@id\":\"https:\/\/annette-ahrens.at\/onlineshop\/#\/schema\/person\/3e19676faae246bba0cb3b7e15f427d8\"},\"potentialAction\":[{\"@type\":\"SearchAction\",\"target\":\"https:\/\/annette-ahrens.at\/onlineshop\/?s={search_term_string}\",\"query-input\":\"required name=search_term_string\"}],\"inLanguage\":\"de\"},{\"@type\":\"ImageObject\",\"@id\":\"https:\/\/annette-ahrens.at\/onlineshop\/produkt\/silberner-aufsatz-mit-glaseinsatz-deutsch-um-1900\/#primaryimage\",\"inLanguage\":\"de\",\"url\":\"https:\/\/annette-ahrens.at\/onlineshop\/wp-content\/uploads\/2020\/05\/DSC_0035-scaled.jpeg\",\"width\":2222,\"height\":2560,\"caption\":\"tafelaufsatz_silber\"},{\"@type\":[\"WebPage\",\"ItemPage\"],\"@id\":\"https:\/\/annette-ahrens.at\/onlineshop\/produkt\/silberner-aufsatz-mit-glaseinsatz-deutsch-um-1900\/#webpage\",\"url\":\"https:\/\/annette-ahrens.at\/onlineshop\/produkt\/silberner-aufsatz-mit-glaseinsatz-deutsch-um-1900\/\",\"name\":\"Silberner Jugendstil Aufsatz mit Glaseinsatz, Fa. Bruckmann, Heilbronn, Deutschland, um 1900\",\"isPartOf\":{\"@id\":\"https:\/\/annette-ahrens.at\/onlineshop\/#website\"},\"primaryImageOfPage\":{\"@id\":\"https:\/\/annette-ahrens.at\/onlineshop\/produkt\/silberner-aufsatz-mit-glaseinsatz-deutsch-um-1900\/#primaryimage\"},\"datePublished\":\"2020-05-13T20:46:37+00:00\",\"dateModified\":\"2026-03-04T09:39:46+00:00\",\"description\":\"Silberner Jugendstil Aufsatz mit Glaseinsatz, Fa. Bruckmann, Heilbronn, Deutschland, um 1900 \\u2665 Antiquit\\u00e4ten Online kaufen \\u2713 Sichere Lieferung \\u2713\",\"breadcrumb\":{\"@id\":\"https:\/\/annette-ahrens.at\/onlineshop\/produkt\/silberner-aufsatz-mit-glaseinsatz-deutsch-um-1900\/#breadcrumb\"},\"inLanguage\":\"de\",\"potentialAction\":[{\"@type\":\"ReadAction\",\"target\":[\"https:\/\/annette-ahrens.at\/onlineshop\/produkt\/silberner-aufsatz-mit-glaseinsatz-deutsch-um-1900\/\"]}]},{\"@type\":\"BreadcrumbList\",\"@id\":\"https:\/\/annette-ahrens.at\/onlineshop\/produkt\/silberner-aufsatz-mit-glaseinsatz-deutsch-um-1900\/#breadcrumb\",\"itemListElement\":[{\"@type\":\"ListItem\",\"position\":1,\"item\":{\"@type\":\"WebPage\",\"@id\":\"https:\/\/annette-ahrens.at\/onlineshop\/\",\"url\":\"https:\/\/annette-ahrens.at\/onlineshop\/\",\"name\":\"Home\"}},{\"@type\":\"ListItem\",\"position\":2,\"item\":{\"@type\":\"WebPage\",\"@id\":\"https:\/\/annette-ahrens.at\/onlineshop\/alle-tafelkultur-objekte\/\",\"url\":\"https:\/\/annette-ahrens.at\/onlineshop\/alle-tafelkultur-objekte\/\",\"name\":\"Alle Tafelkultur Objekte\"}},{\"@type\":\"ListItem\",\"position\":3,\"item\":{\"@type\":\"WebPage\",\"@id\":\"https:\/\/annette-ahrens.at\/onlineshop\/produkt\/silberner-aufsatz-mit-glaseinsatz-deutsch-um-1900\/\",\"url\":\"https:\/\/annette-ahrens.at\/onlineshop\/produkt\/silberner-aufsatz-mit-glaseinsatz-deutsch-um-1900\/\",\"name\":\"Silberner Jugendstil Aufsatz mit Glaseinsatz, Fa. Bruckmann, Heilbronn, Deutschland, um 1900\"}}]}]}<\/script>\n<!-- \/ Yoast SEO Premium plugin. -->","_links":{"self":[{"href":"https:\/\/annette-ahrens.at\/onlineshop\/wp-json\/wp\/v2\/product\/1720","targetHints":{"allow":["GET"]}}],"collection":[{"href":"https:\/\/annette-ahrens.at\/onlineshop\/wp-json\/wp\/v2\/product"}],"about":[{"href":"https:\/\/annette-ahrens.at\/onlineshop\/wp-json\/wp\/v2\/types\/product"}],"replies":[{"embeddable":true,"href":"https:\/\/annette-ahrens.at\/onlineshop\/wp-json\/wp\/v2\/comments?post=1720"}],"wp:featuredmedia":[{"embeddable":true,"href":"https:\/\/annette-ahrens.at\/onlineshop\/wp-json\/wp\/v2\/media\/1603"}],"wp:attachment":[{"href":"https:\/\/annette-ahrens.at\/onlineshop\/wp-json\/wp\/v2\/media?parent=1720"}],"wp:term":[{"taxonomy":"product_brand","embeddable":true,"href":"https:\/\/annette-ahrens.at\/onlineshop\/wp-json\/wp\/v2\/product_brand?post=1720"},{"taxonomy":"product_cat","embeddable":true,"href":"https:\/\/annette-ahrens.at\/onlineshop\/wp-json\/wp\/v2\/product_cat?post=1720"},{"taxonomy":"product_tag","embeddable":true,"href":"https:\/\/annette-ahrens.at\/onlineshop\/wp-json\/wp\/v2\/product_tag?post=1720"}],"curies":[{"name":"wp","href":"https:\/\/api.w.org\/{rel}","templated":true}]}}