{"id":17216,"date":"2022-09-01T23:15:45","date_gmt":"2022-09-01T21:15:45","guid":{"rendered":"https:\/\/annette-ahrens.at\/onlineshop\/?post_type=product&#038;p=17216"},"modified":"2022-11-13T07:25:15","modified_gmt":"2022-11-13T06:25:15","slug":"briefbeschwerer-als-hand-der-taenzerin-fanny-elssler-kaiserliche-porzellanmanufaktur-wien-um-1859","status":"publish","type":"product","link":"https:\/\/annette-ahrens.at\/onlineshop\/produkt\/briefbeschwerer-als-hand-der-taenzerin-fanny-elssler-kaiserliche-porzellanmanufaktur-wien-um-1859\/","title":{"rendered":"Briefbeschwerer als Hand der T\u00e4nzerin Fanny Elssler, Kaiserliche Porzellanmanufaktur, Wien, um 1859"},"content":{"rendered":"<p style=\"font-weight: 400;\">Briefbeschwerer als Hand der T\u00e4nzerin Fanny Elssler<\/p>\n<p style=\"font-weight: 400;\">Kaiserliche Porzellanmanufaktur<em>,<\/em> Wien, 1859<\/p>\n<p>Porzellan, glasiert, naturalistisch bemalt, Armband mit\u00a0Spitzen-Dekor in Gold; plastisch ausgeformte Hand mit vier Fingern und Daumen auf drapiertem Tuch, unglasierter Boden, eingepresster Bindenschild, Jahreszahl (1)859, Weissdrehernummer 33<\/p>\n<p>L 23 cm, H 7,5 cm<\/p>\n<p>Vergleiche: Augarten Porzellanmuseum Wien<\/p>\n","protected":false},"excerpt":{"rendered":"<p>Annettes Etikette:\u00a0Als eine der bekanntesten T\u00e4nzerinnen des 19. Jahrhunderts erscheint es nicht verwunderlich, da\u00df die Wiener Manufaktur auf den Bekanntheitsgrad der beliebten Ballett\u00e4nzerin Franziska El\u00dfler (Gumpendorf 1810 \u2013 1884 Wien) Bezug nimmt. Mit beispiellosem Erfolge verleihte sie den Nationalt\u00e4nzen in Nationalkost\u00fcmen einen sinnlichen Charakter. Ihren ber\u00fchmten Cachucha, einem spanischen Charaktertanz zeigte sie von Europa \u00fcber Russland bis Nordamerika. In das gleiche Jahr der Ausformung dieses ungew\u00f6hnlichen Briefbeschwerers im Besitz des Augarten Porzellanmuseums f\u00e4llt die Tatsache, da\u00df sich die K\u00fcnstlerin auf der vollen H\u00f6he ihres K\u00f6nnens ins Privatleben zur\u00fcckzieht. Vielleicht erkl\u00e4rt dies den Kultcharakter einers nicht mehr der \u00d6ffentlichkeit verf\u00fcgbaren Stars.<\/p>\n","protected":false},"featured_media":17233,"comment_status":"open","ping_status":"closed","template":"","meta":[],"product_brand":[],"product_cat":[54,131,26],"product_tag":[],"class_list":{"0":"post-17216","1":"product","2":"type-product","3":"status-publish","4":"has-post-thumbnail","6":"product_cat-porzellan","7":"product_cat-tafeldekorationen","8":"product_cat-wiener-melange","10":"first","11":"instock","12":"sold-individually","13":"purchasable","14":"product-type-simple"},"yoast_head":"<!-- This site is optimized with the Yoast SEO Premium plugin v15.8.2 - https:\/\/yoast.com\/wordpress\/plugins\/seo\/ -->\n<title>Briefbeschwerer als Hand der T\u00e4nzerin Fanny Elssler, Kaiserliche Porzellanmanufaktur, Wien, um 1859<\/title>\n<meta name=\"description\" content=\"Briefbeschwerer als Hand der T\u00e4nzerin Fanny Elssler, Kaiserliche Porzellanmanufaktur, Wien, um 1859 \u2665 Antiquit\u00e4ten Online kaufen \u2713 Sichere Lieferung \u2713\" \/>\n<meta name=\"robots\" content=\"index, follow, max-snippet:-1, max-image-preview:large, max-video-preview:-1\" \/>\n<link rel=\"canonical\" href=\"https:\/\/annette-ahrens.at\/onlineshop\/produkt\/briefbeschwerer-als-hand-der-taenzerin-fanny-elssler-kaiserliche-porzellanmanufaktur-wien-um-1859\/\" \/>\n<meta property=\"og:locale\" content=\"de_DE\" \/>\n<meta property=\"og:type\" content=\"article\" \/>\n<meta property=\"og:title\" content=\"Briefbeschwerer als Hand der T\u00e4nzerin Fanny Elssler, Kaiserliche Porzellanmanufaktur, Wien, um 1859\" \/>\n<meta property=\"og:description\" content=\"Briefbeschwerer als Hand der T\u00e4nzerin Fanny Elssler, Kaiserliche Porzellanmanufaktur, Wien, um 1859 \u2665 Antiquit\u00e4ten Online kaufen \u2713 Sichere Lieferung \u2713\" \/>\n<meta property=\"og:url\" content=\"https:\/\/annette-ahrens.at\/onlineshop\/produkt\/briefbeschwerer-als-hand-der-taenzerin-fanny-elssler-kaiserliche-porzellanmanufaktur-wien-um-1859\/\" \/>\n<meta property=\"og:site_name\" content=\"Tafelkultur Onlineshop\" \/>\n<meta property=\"article:publisher\" content=\"https:\/\/www.facebook.com\/AnnetteAhrensTafelkultur\" \/>\n<meta property=\"article:modified_time\" content=\"2022-11-13T06:25:15+00:00\" \/>\n<meta property=\"og:image\" content=\"https:\/\/annette-ahrens.at\/onlineshop\/wp-content\/uploads\/2022\/09\/IMG_8420-rotated.jpeg\" \/>\n\t<meta property=\"og:image:width\" content=\"1936\" \/>\n\t<meta property=\"og:image:height\" content=\"1936\" \/>\n<meta name=\"twitter:card\" content=\"summary_large_image\" \/>\n<meta name=\"twitter:label1\" content=\"Gesch\u00e4tzte Lesezeit\">\n\t<meta name=\"twitter:data1\" content=\"1\u00a0Minute\">\n<script type=\"application\/ld+json\" class=\"yoast-schema-graph\">{\"@context\":\"https:\/\/schema.org\",\"@graph\":[{\"@type\":[\"Person\",\"Organization\"],\"@id\":\"https:\/\/annette-ahrens.at\/onlineshop\/#\/schema\/person\/3e19676faae246bba0cb3b7e15f427d8\",\"name\":\"Annette Ahrens\",\"image\":{\"@type\":\"ImageObject\",\"@id\":\"https:\/\/annette-ahrens.at\/onlineshop\/#personlogo\",\"inLanguage\":\"de\",\"url\":\"https:\/\/annette-ahrens.at\/onlineshop\/wp-content\/uploads\/2020\/04\/aa_logo_End.png\",\"width\":800,\"height\":164,\"caption\":\"Annette Ahrens\"},\"logo\":{\"@id\":\"https:\/\/annette-ahrens.at\/onlineshop\/#personlogo\"},\"sameAs\":[\"https:\/\/annette-ahrens.at\",\"https:\/\/www.facebook.com\/AnnetteAhrensTafelkultur\",\"https:\/\/www.instagram.com\/tafelkulturistin\/\",\"https:\/\/de.wikipedia.org\/wiki\/Annette_Ahrens\"]},{\"@type\":\"WebSite\",\"@id\":\"https:\/\/annette-ahrens.at\/onlineshop\/#website\",\"url\":\"https:\/\/annette-ahrens.at\/onlineshop\/\",\"name\":\"Tafelkultur Onlineshop\",\"description\":\"Annette Ahrens\",\"publisher\":{\"@id\":\"https:\/\/annette-ahrens.at\/onlineshop\/#\/schema\/person\/3e19676faae246bba0cb3b7e15f427d8\"},\"potentialAction\":[{\"@type\":\"SearchAction\",\"target\":\"https:\/\/annette-ahrens.at\/onlineshop\/?s={search_term_string}\",\"query-input\":\"required name=search_term_string\"}],\"inLanguage\":\"de\"},{\"@type\":\"ImageObject\",\"@id\":\"https:\/\/annette-ahrens.at\/onlineshop\/produkt\/briefbeschwerer-als-hand-der-taenzerin-fanny-elssler-kaiserliche-porzellanmanufaktur-wien-um-1859\/#primaryimage\",\"inLanguage\":\"de\",\"url\":\"https:\/\/annette-ahrens.at\/onlineshop\/wp-content\/uploads\/2022\/09\/IMG_8420-rotated.jpeg\",\"width\":1936,\"height\":1936,\"caption\":\"briefbeschwerer_alt_Wien\"},{\"@type\":[\"WebPage\",\"ItemPage\"],\"@id\":\"https:\/\/annette-ahrens.at\/onlineshop\/produkt\/briefbeschwerer-als-hand-der-taenzerin-fanny-elssler-kaiserliche-porzellanmanufaktur-wien-um-1859\/#webpage\",\"url\":\"https:\/\/annette-ahrens.at\/onlineshop\/produkt\/briefbeschwerer-als-hand-der-taenzerin-fanny-elssler-kaiserliche-porzellanmanufaktur-wien-um-1859\/\",\"name\":\"Briefbeschwerer als Hand der T\\u00e4nzerin Fanny Elssler, Kaiserliche Porzellanmanufaktur, Wien, um 1859\",\"isPartOf\":{\"@id\":\"https:\/\/annette-ahrens.at\/onlineshop\/#website\"},\"primaryImageOfPage\":{\"@id\":\"https:\/\/annette-ahrens.at\/onlineshop\/produkt\/briefbeschwerer-als-hand-der-taenzerin-fanny-elssler-kaiserliche-porzellanmanufaktur-wien-um-1859\/#primaryimage\"},\"datePublished\":\"2022-09-01T21:15:45+00:00\",\"dateModified\":\"2022-11-13T06:25:15+00:00\",\"description\":\"Briefbeschwerer als Hand der T\\u00e4nzerin Fanny Elssler, Kaiserliche Porzellanmanufaktur, Wien, um 1859 \\u2665 Antiquit\\u00e4ten Online kaufen \\u2713 Sichere Lieferung \\u2713\",\"breadcrumb\":{\"@id\":\"https:\/\/annette-ahrens.at\/onlineshop\/produkt\/briefbeschwerer-als-hand-der-taenzerin-fanny-elssler-kaiserliche-porzellanmanufaktur-wien-um-1859\/#breadcrumb\"},\"inLanguage\":\"de\",\"potentialAction\":[{\"@type\":\"ReadAction\",\"target\":[\"https:\/\/annette-ahrens.at\/onlineshop\/produkt\/briefbeschwerer-als-hand-der-taenzerin-fanny-elssler-kaiserliche-porzellanmanufaktur-wien-um-1859\/\"]}]},{\"@type\":\"BreadcrumbList\",\"@id\":\"https:\/\/annette-ahrens.at\/onlineshop\/produkt\/briefbeschwerer-als-hand-der-taenzerin-fanny-elssler-kaiserliche-porzellanmanufaktur-wien-um-1859\/#breadcrumb\",\"itemListElement\":[{\"@type\":\"ListItem\",\"position\":1,\"item\":{\"@type\":\"WebPage\",\"@id\":\"https:\/\/annette-ahrens.at\/onlineshop\/\",\"url\":\"https:\/\/annette-ahrens.at\/onlineshop\/\",\"name\":\"Home\"}},{\"@type\":\"ListItem\",\"position\":2,\"item\":{\"@type\":\"WebPage\",\"@id\":\"https:\/\/annette-ahrens.at\/onlineshop\/alle-tafelkultur-objekte\/\",\"url\":\"https:\/\/annette-ahrens.at\/onlineshop\/alle-tafelkultur-objekte\/\",\"name\":\"Alle Tafelkultur Objekte\"}},{\"@type\":\"ListItem\",\"position\":3,\"item\":{\"@type\":\"WebPage\",\"@id\":\"https:\/\/annette-ahrens.at\/onlineshop\/produkt\/briefbeschwerer-als-hand-der-taenzerin-fanny-elssler-kaiserliche-porzellanmanufaktur-wien-um-1859\/\",\"url\":\"https:\/\/annette-ahrens.at\/onlineshop\/produkt\/briefbeschwerer-als-hand-der-taenzerin-fanny-elssler-kaiserliche-porzellanmanufaktur-wien-um-1859\/\",\"name\":\"Briefbeschwerer als Hand der T\\u00e4nzerin Fanny Elssler, Kaiserliche Porzellanmanufaktur, Wien, um 1859\"}}]}]}<\/script>\n<!-- \/ Yoast SEO Premium plugin. -->","_links":{"self":[{"href":"https:\/\/annette-ahrens.at\/onlineshop\/wp-json\/wp\/v2\/product\/17216","targetHints":{"allow":["GET"]}}],"collection":[{"href":"https:\/\/annette-ahrens.at\/onlineshop\/wp-json\/wp\/v2\/product"}],"about":[{"href":"https:\/\/annette-ahrens.at\/onlineshop\/wp-json\/wp\/v2\/types\/product"}],"replies":[{"embeddable":true,"href":"https:\/\/annette-ahrens.at\/onlineshop\/wp-json\/wp\/v2\/comments?post=17216"}],"wp:featuredmedia":[{"embeddable":true,"href":"https:\/\/annette-ahrens.at\/onlineshop\/wp-json\/wp\/v2\/media\/17233"}],"wp:attachment":[{"href":"https:\/\/annette-ahrens.at\/onlineshop\/wp-json\/wp\/v2\/media?parent=17216"}],"wp:term":[{"taxonomy":"product_brand","embeddable":true,"href":"https:\/\/annette-ahrens.at\/onlineshop\/wp-json\/wp\/v2\/product_brand?post=17216"},{"taxonomy":"product_cat","embeddable":true,"href":"https:\/\/annette-ahrens.at\/onlineshop\/wp-json\/wp\/v2\/product_cat?post=17216"},{"taxonomy":"product_tag","embeddable":true,"href":"https:\/\/annette-ahrens.at\/onlineshop\/wp-json\/wp\/v2\/product_tag?post=17216"}],"curies":[{"name":"wp","href":"https:\/\/api.w.org\/{rel}","templated":true}]}}