{"id":1764,"date":"2020-05-18T07:28:59","date_gmt":"2020-05-18T05:28:59","guid":{"rendered":"https:\/\/annette-ahrens.at\/silbershop\/?post_type=product&#038;p=1764"},"modified":"2026-03-09T21:18:16","modified_gmt":"2026-03-09T20:18:16","slug":"paar-silberne-historismus-serviettenringe-deutschland-nach-1888","status":"publish","type":"product","link":"https:\/\/annette-ahrens.at\/onlineshop\/produkt\/paar-silberne-historismus-serviettenringe-deutschland-nach-1888\/","title":{"rendered":"Paar silberne Historismus Serviettenringe, Berlin, nach 1888"},"content":{"rendered":"<p>Paar silberne Historismus Serviettenringe<\/p>\n<p>C.Well, Berlin, Deutschland, nach 1888<\/p>\n<p>Silber, rund, Innenvergoldung, Au\u00dfenwandung mit graviertem Girlandendekor und Mascherln, gemarkt deutsches Staatszeichen, nach 1888, Halbmond und Krone, Feingehaltszeichen 800, Firmenzeichen C.Well, Berlin, \u00f6sterreichische Importpunze, tadelloser Erhaltungszustand<\/p>\n<p>Dm 4,8 cm<\/p>\n<p>H 4 cm<\/p>\n<p>30 g<\/p>\n","protected":false},"excerpt":{"rendered":"<p>Annettes Etikette: Silberne Serviettenringe sind ein wunderbares Geschenk zu allen Anl\u00e4ssen, f\u00fcr das Brautpaar, f\u00fcr den T\u00e4ufling, denn meist gibt es eine Kartuschenfeld, wo der Name des Beschenkten eingraviert werden kann.<\/p>\n","protected":false},"featured_media":1765,"comment_status":"open","ping_status":"closed","template":"","meta":[],"product_brand":[],"product_cat":[32,294,291,326,328,273,293],"product_tag":[],"class_list":{"0":"post-1764","1":"product","2":"type-product","3":"status-publish","4":"has-post-thumbnail","6":"product_cat-festefeiern","7":"product_cat-geburtstag","8":"product_cat-hochzeit","9":"product_cat-servietten","10":"product_cat-serviettenringe","11":"product_cat-silber-fachbuecher","12":"product_cat-taufe","14":"first","15":"instock","16":"sold-individually","17":"purchasable","18":"product-type-simple"},"yoast_head":"<!-- This site is optimized with the Yoast SEO Premium plugin v15.8.2 - https:\/\/yoast.com\/wordpress\/plugins\/seo\/ -->\n<title>Paar silberne Historismus Serviettenringe, Berlin, nach 1888<\/title>\n<meta name=\"description\" content=\"Paar silberne Historismus Serviettenringe, Berlin, nach 1888 \u2665 Antiquit\u00e4ten Online kaufen \u2713 Sichere Lieferung \u2713\" \/>\n<meta name=\"robots\" content=\"index, follow, max-snippet:-1, max-image-preview:large, max-video-preview:-1\" \/>\n<link rel=\"canonical\" href=\"https:\/\/annette-ahrens.at\/onlineshop\/produkt\/paar-silberne-historismus-serviettenringe-deutschland-nach-1888\/\" \/>\n<meta property=\"og:locale\" content=\"de_DE\" \/>\n<meta property=\"og:type\" content=\"article\" \/>\n<meta property=\"og:title\" content=\"Paar silberne Historismus Serviettenringe, Berlin, nach 1888\" \/>\n<meta property=\"og:description\" content=\"Paar silberne Historismus Serviettenringe, Berlin, nach 1888 \u2665 Antiquit\u00e4ten Online kaufen \u2713 Sichere Lieferung \u2713\" \/>\n<meta property=\"og:url\" content=\"https:\/\/annette-ahrens.at\/onlineshop\/produkt\/paar-silberne-historismus-serviettenringe-deutschland-nach-1888\/\" \/>\n<meta property=\"og:site_name\" content=\"Tafelkultur Onlineshop\" \/>\n<meta property=\"article:publisher\" content=\"https:\/\/www.facebook.com\/AnnetteAhrensTafelkultur\" \/>\n<meta property=\"article:modified_time\" content=\"2026-03-09T20:18:16+00:00\" \/>\n<meta property=\"og:image\" content=\"https:\/\/annette-ahrens.at\/onlineshop\/wp-content\/uploads\/2020\/05\/IMG_3005.jpeg\" \/>\n\t<meta property=\"og:image:width\" content=\"640\" \/>\n\t<meta property=\"og:image:height\" content=\"640\" \/>\n<meta name=\"twitter:card\" content=\"summary_large_image\" \/>\n<script type=\"application\/ld+json\" class=\"yoast-schema-graph\">{\"@context\":\"https:\/\/schema.org\",\"@graph\":[{\"@type\":[\"Person\",\"Organization\"],\"@id\":\"https:\/\/annette-ahrens.at\/onlineshop\/#\/schema\/person\/3e19676faae246bba0cb3b7e15f427d8\",\"name\":\"Annette Ahrens\",\"image\":{\"@type\":\"ImageObject\",\"@id\":\"https:\/\/annette-ahrens.at\/onlineshop\/#personlogo\",\"inLanguage\":\"de\",\"url\":\"https:\/\/annette-ahrens.at\/onlineshop\/wp-content\/uploads\/2020\/04\/aa_logo_End.png\",\"width\":800,\"height\":164,\"caption\":\"Annette Ahrens\"},\"logo\":{\"@id\":\"https:\/\/annette-ahrens.at\/onlineshop\/#personlogo\"},\"sameAs\":[\"https:\/\/annette-ahrens.at\",\"https:\/\/www.facebook.com\/AnnetteAhrensTafelkultur\",\"https:\/\/www.instagram.com\/tafelkulturistin\/\",\"https:\/\/de.wikipedia.org\/wiki\/Annette_Ahrens\"]},{\"@type\":\"WebSite\",\"@id\":\"https:\/\/annette-ahrens.at\/onlineshop\/#website\",\"url\":\"https:\/\/annette-ahrens.at\/onlineshop\/\",\"name\":\"Tafelkultur Onlineshop\",\"description\":\"Annette Ahrens\",\"publisher\":{\"@id\":\"https:\/\/annette-ahrens.at\/onlineshop\/#\/schema\/person\/3e19676faae246bba0cb3b7e15f427d8\"},\"potentialAction\":[{\"@type\":\"SearchAction\",\"target\":\"https:\/\/annette-ahrens.at\/onlineshop\/?s={search_term_string}\",\"query-input\":\"required name=search_term_string\"}],\"inLanguage\":\"de\"},{\"@type\":\"ImageObject\",\"@id\":\"https:\/\/annette-ahrens.at\/onlineshop\/produkt\/paar-silberne-historismus-serviettenringe-deutschland-nach-1888\/#primaryimage\",\"inLanguage\":\"de\",\"url\":\"https:\/\/annette-ahrens.at\/onlineshop\/wp-content\/uploads\/2020\/05\/IMG_3005.jpeg\",\"width\":640,\"height\":640,\"caption\":\"paar_serviettenringe\"},{\"@type\":[\"WebPage\",\"ItemPage\"],\"@id\":\"https:\/\/annette-ahrens.at\/onlineshop\/produkt\/paar-silberne-historismus-serviettenringe-deutschland-nach-1888\/#webpage\",\"url\":\"https:\/\/annette-ahrens.at\/onlineshop\/produkt\/paar-silberne-historismus-serviettenringe-deutschland-nach-1888\/\",\"name\":\"Paar silberne Historismus Serviettenringe, Berlin, nach 1888\",\"isPartOf\":{\"@id\":\"https:\/\/annette-ahrens.at\/onlineshop\/#website\"},\"primaryImageOfPage\":{\"@id\":\"https:\/\/annette-ahrens.at\/onlineshop\/produkt\/paar-silberne-historismus-serviettenringe-deutschland-nach-1888\/#primaryimage\"},\"datePublished\":\"2020-05-18T05:28:59+00:00\",\"dateModified\":\"2026-03-09T20:18:16+00:00\",\"description\":\"Paar silberne Historismus Serviettenringe, Berlin, nach 1888 \\u2665 Antiquit\\u00e4ten Online kaufen \\u2713 Sichere Lieferung \\u2713\",\"breadcrumb\":{\"@id\":\"https:\/\/annette-ahrens.at\/onlineshop\/produkt\/paar-silberne-historismus-serviettenringe-deutschland-nach-1888\/#breadcrumb\"},\"inLanguage\":\"de\",\"potentialAction\":[{\"@type\":\"ReadAction\",\"target\":[\"https:\/\/annette-ahrens.at\/onlineshop\/produkt\/paar-silberne-historismus-serviettenringe-deutschland-nach-1888\/\"]}]},{\"@type\":\"BreadcrumbList\",\"@id\":\"https:\/\/annette-ahrens.at\/onlineshop\/produkt\/paar-silberne-historismus-serviettenringe-deutschland-nach-1888\/#breadcrumb\",\"itemListElement\":[{\"@type\":\"ListItem\",\"position\":1,\"item\":{\"@type\":\"WebPage\",\"@id\":\"https:\/\/annette-ahrens.at\/onlineshop\/\",\"url\":\"https:\/\/annette-ahrens.at\/onlineshop\/\",\"name\":\"Home\"}},{\"@type\":\"ListItem\",\"position\":2,\"item\":{\"@type\":\"WebPage\",\"@id\":\"https:\/\/annette-ahrens.at\/onlineshop\/alle-tafelkultur-objekte\/\",\"url\":\"https:\/\/annette-ahrens.at\/onlineshop\/alle-tafelkultur-objekte\/\",\"name\":\"Alle Tafelkultur Objekte\"}},{\"@type\":\"ListItem\",\"position\":3,\"item\":{\"@type\":\"WebPage\",\"@id\":\"https:\/\/annette-ahrens.at\/onlineshop\/produkt\/paar-silberne-historismus-serviettenringe-deutschland-nach-1888\/\",\"url\":\"https:\/\/annette-ahrens.at\/onlineshop\/produkt\/paar-silberne-historismus-serviettenringe-deutschland-nach-1888\/\",\"name\":\"Paar silberne Historismus Serviettenringe, Berlin, nach 1888\"}}]}]}<\/script>\n<!-- \/ Yoast SEO Premium plugin. -->","_links":{"self":[{"href":"https:\/\/annette-ahrens.at\/onlineshop\/wp-json\/wp\/v2\/product\/1764","targetHints":{"allow":["GET"]}}],"collection":[{"href":"https:\/\/annette-ahrens.at\/onlineshop\/wp-json\/wp\/v2\/product"}],"about":[{"href":"https:\/\/annette-ahrens.at\/onlineshop\/wp-json\/wp\/v2\/types\/product"}],"replies":[{"embeddable":true,"href":"https:\/\/annette-ahrens.at\/onlineshop\/wp-json\/wp\/v2\/comments?post=1764"}],"wp:featuredmedia":[{"embeddable":true,"href":"https:\/\/annette-ahrens.at\/onlineshop\/wp-json\/wp\/v2\/media\/1765"}],"wp:attachment":[{"href":"https:\/\/annette-ahrens.at\/onlineshop\/wp-json\/wp\/v2\/media?parent=1764"}],"wp:term":[{"taxonomy":"product_brand","embeddable":true,"href":"https:\/\/annette-ahrens.at\/onlineshop\/wp-json\/wp\/v2\/product_brand?post=1764"},{"taxonomy":"product_cat","embeddable":true,"href":"https:\/\/annette-ahrens.at\/onlineshop\/wp-json\/wp\/v2\/product_cat?post=1764"},{"taxonomy":"product_tag","embeddable":true,"href":"https:\/\/annette-ahrens.at\/onlineshop\/wp-json\/wp\/v2\/product_tag?post=1764"}],"curies":[{"name":"wp","href":"https:\/\/api.w.org\/{rel}","templated":true}]}}