{"id":17654,"date":"2022-09-19T12:34:04","date_gmt":"2022-09-19T10:34:04","guid":{"rendered":"https:\/\/annette-ahrens.at\/onlineshop\/?post_type=product&#038;p=17654"},"modified":"2022-09-19T14:56:44","modified_gmt":"2022-09-19T12:56:44","slug":"versilberte-pfeffermuehle-als-kaffeemuehle-frankreich-um-1900","status":"publish","type":"product","link":"https:\/\/annette-ahrens.at\/onlineshop\/produkt\/versilberte-pfeffermuehle-als-kaffeemuehle-frankreich-um-1900\/","title":{"rendered":"Versilberte Pfefferm\u00fchle als Kaffeem\u00fchle, Frankreich, um 1900"},"content":{"rendered":"<p>Versilberte Pfefferm\u00fchle als Kaffeem\u00fchle<\/p>\n<p>Frankreich, um 1900<\/p>\n<p>Alpacca, versilbert, in Gestalt einer Kaffeem\u00fchle mit zu \u00f6ffnender Lade, quadratisch, Wandung mit guillochiertem Dekor, drehbare Kurbel, \u00d6ffnung zum Bef\u00fcllen der Pfefferm\u00fchle, ungemarkt, Mahlwerk aus Stahl<\/p>\n<p>H 8,5 cm<\/p>\n<p>5 x 5 cm<\/p>\n","protected":false},"excerpt":{"rendered":"<p>Annettes Etikette: Besonders originell ist die Gestalt dieser Pfefferm\u00fchle! Erstaunlich ist, dass diese Pfefferm\u00fchle mit einem Werk ausgestattet ist, welches bis heute die Pfefferk\u00f6rner in richtigem Druck zermahlt. Vermutlich hat die franz\u00f6sische Firma &#8222;Peugeot&#8220; diese produziert, die eben nicht nur Autos und Fahrr\u00e4der konzipiert sondern eben auch Pfefferm\u00fchlen! Einfach probieren.<\/p>\n","protected":false},"featured_media":17656,"comment_status":"open","ping_status":"closed","template":"","meta":[],"product_brand":[],"product_cat":[276,298,166,204,301,19,31,46,20,23,321,316,22,311,53],"product_tag":[],"class_list":{"0":"post-17654","1":"product","2":"type-product","3":"status-publish","4":"has-post-thumbnail","6":"product_cat-alpacca","7":"product_cat-buffet","8":"product_cat-fleisch","9":"product_cat-fleisch-speisen","10":"product_cat-fondue","11":"product_cat-gabelfruehstueck","12":"product_cat-gastgeschenke","13":"product_cat-gefluegel","14":"product_cat-lunchtime","15":"product_cat-nicht-fisch-nicht-fleisch","16":"product_cat-pfefferstreuer","17":"product_cat-streuer","18":"product_cat-suess-sauer","19":"product_cat-tafelinventar","20":"product_cat-weihnachten","22":"first","23":"instock","24":"sold-individually","25":"purchasable","26":"product-type-simple"},"yoast_head":"<!-- This site is optimized with the Yoast SEO Premium plugin v15.8.2 - https:\/\/yoast.com\/wordpress\/plugins\/seo\/ -->\n<title>Versilberte Pfefferm\u00fchle als Kaffeem\u00fchle, Frankreich, um 1900<\/title>\n<meta name=\"description\" content=\"Versilberte Pfefferm\u00fchle als Kaffeem\u00fchle, Frankreich, um 1900 \u2665 Antiquit\u00e4ten Online kaufen \u2713 Sichere Lieferung \u2713\" \/>\n<meta name=\"robots\" content=\"index, follow, max-snippet:-1, max-image-preview:large, max-video-preview:-1\" \/>\n<link rel=\"canonical\" href=\"https:\/\/annette-ahrens.at\/onlineshop\/produkt\/versilberte-pfeffermuehle-als-kaffeemuehle-frankreich-um-1900\/\" \/>\n<meta property=\"og:locale\" content=\"de_DE\" \/>\n<meta property=\"og:type\" content=\"article\" \/>\n<meta property=\"og:title\" content=\"Versilberte Pfefferm\u00fchle als Kaffeem\u00fchle, Frankreich, um 1900\" \/>\n<meta property=\"og:description\" content=\"Versilberte Pfefferm\u00fchle als Kaffeem\u00fchle, Frankreich, um 1900 \u2665 Antiquit\u00e4ten Online kaufen \u2713 Sichere Lieferung \u2713\" \/>\n<meta property=\"og:url\" content=\"https:\/\/annette-ahrens.at\/onlineshop\/produkt\/versilberte-pfeffermuehle-als-kaffeemuehle-frankreich-um-1900\/\" \/>\n<meta property=\"og:site_name\" content=\"Tafelkultur Onlineshop\" \/>\n<meta property=\"article:publisher\" content=\"https:\/\/www.facebook.com\/AnnetteAhrensTafelkultur\" \/>\n<meta property=\"article:modified_time\" content=\"2022-09-19T12:56:44+00:00\" \/>\n<meta property=\"og:image\" content=\"https:\/\/annette-ahrens.at\/onlineshop\/wp-content\/uploads\/2022\/09\/IMG_8744-rotated.jpeg\" \/>\n\t<meta property=\"og:image:width\" content=\"1936\" \/>\n\t<meta property=\"og:image:height\" content=\"1936\" \/>\n<meta name=\"twitter:card\" content=\"summary_large_image\" \/>\n<meta name=\"twitter:label1\" content=\"Gesch\u00e4tzte Lesezeit\">\n\t<meta name=\"twitter:data1\" content=\"1\u00a0Minute\">\n<script type=\"application\/ld+json\" class=\"yoast-schema-graph\">{\"@context\":\"https:\/\/schema.org\",\"@graph\":[{\"@type\":[\"Person\",\"Organization\"],\"@id\":\"https:\/\/annette-ahrens.at\/onlineshop\/#\/schema\/person\/3e19676faae246bba0cb3b7e15f427d8\",\"name\":\"Annette Ahrens\",\"image\":{\"@type\":\"ImageObject\",\"@id\":\"https:\/\/annette-ahrens.at\/onlineshop\/#personlogo\",\"inLanguage\":\"de\",\"url\":\"https:\/\/annette-ahrens.at\/onlineshop\/wp-content\/uploads\/2020\/04\/aa_logo_End.png\",\"width\":800,\"height\":164,\"caption\":\"Annette Ahrens\"},\"logo\":{\"@id\":\"https:\/\/annette-ahrens.at\/onlineshop\/#personlogo\"},\"sameAs\":[\"https:\/\/annette-ahrens.at\",\"https:\/\/www.facebook.com\/AnnetteAhrensTafelkultur\",\"https:\/\/www.instagram.com\/tafelkulturistin\/\",\"https:\/\/de.wikipedia.org\/wiki\/Annette_Ahrens\"]},{\"@type\":\"WebSite\",\"@id\":\"https:\/\/annette-ahrens.at\/onlineshop\/#website\",\"url\":\"https:\/\/annette-ahrens.at\/onlineshop\/\",\"name\":\"Tafelkultur Onlineshop\",\"description\":\"Annette Ahrens\",\"publisher\":{\"@id\":\"https:\/\/annette-ahrens.at\/onlineshop\/#\/schema\/person\/3e19676faae246bba0cb3b7e15f427d8\"},\"potentialAction\":[{\"@type\":\"SearchAction\",\"target\":\"https:\/\/annette-ahrens.at\/onlineshop\/?s={search_term_string}\",\"query-input\":\"required name=search_term_string\"}],\"inLanguage\":\"de\"},{\"@type\":\"ImageObject\",\"@id\":\"https:\/\/annette-ahrens.at\/onlineshop\/produkt\/versilberte-pfeffermuehle-als-kaffeemuehle-frankreich-um-1900\/#primaryimage\",\"inLanguage\":\"de\",\"url\":\"https:\/\/annette-ahrens.at\/onlineshop\/wp-content\/uploads\/2022\/09\/IMG_8744-rotated.jpeg\",\"width\":1936,\"height\":1936,\"caption\":\"pfefferm\\u00fchle_kaffeem\\u00fchle\"},{\"@type\":[\"WebPage\",\"ItemPage\"],\"@id\":\"https:\/\/annette-ahrens.at\/onlineshop\/produkt\/versilberte-pfeffermuehle-als-kaffeemuehle-frankreich-um-1900\/#webpage\",\"url\":\"https:\/\/annette-ahrens.at\/onlineshop\/produkt\/versilberte-pfeffermuehle-als-kaffeemuehle-frankreich-um-1900\/\",\"name\":\"Versilberte Pfefferm\\u00fchle als Kaffeem\\u00fchle, Frankreich, um 1900\",\"isPartOf\":{\"@id\":\"https:\/\/annette-ahrens.at\/onlineshop\/#website\"},\"primaryImageOfPage\":{\"@id\":\"https:\/\/annette-ahrens.at\/onlineshop\/produkt\/versilberte-pfeffermuehle-als-kaffeemuehle-frankreich-um-1900\/#primaryimage\"},\"datePublished\":\"2022-09-19T10:34:04+00:00\",\"dateModified\":\"2022-09-19T12:56:44+00:00\",\"description\":\"Versilberte Pfefferm\\u00fchle als Kaffeem\\u00fchle, Frankreich, um 1900 \\u2665 Antiquit\\u00e4ten Online kaufen \\u2713 Sichere Lieferung \\u2713\",\"breadcrumb\":{\"@id\":\"https:\/\/annette-ahrens.at\/onlineshop\/produkt\/versilberte-pfeffermuehle-als-kaffeemuehle-frankreich-um-1900\/#breadcrumb\"},\"inLanguage\":\"de\",\"potentialAction\":[{\"@type\":\"ReadAction\",\"target\":[\"https:\/\/annette-ahrens.at\/onlineshop\/produkt\/versilberte-pfeffermuehle-als-kaffeemuehle-frankreich-um-1900\/\"]}]},{\"@type\":\"BreadcrumbList\",\"@id\":\"https:\/\/annette-ahrens.at\/onlineshop\/produkt\/versilberte-pfeffermuehle-als-kaffeemuehle-frankreich-um-1900\/#breadcrumb\",\"itemListElement\":[{\"@type\":\"ListItem\",\"position\":1,\"item\":{\"@type\":\"WebPage\",\"@id\":\"https:\/\/annette-ahrens.at\/onlineshop\/\",\"url\":\"https:\/\/annette-ahrens.at\/onlineshop\/\",\"name\":\"Home\"}},{\"@type\":\"ListItem\",\"position\":2,\"item\":{\"@type\":\"WebPage\",\"@id\":\"https:\/\/annette-ahrens.at\/onlineshop\/alle-tafelkultur-objekte\/\",\"url\":\"https:\/\/annette-ahrens.at\/onlineshop\/alle-tafelkultur-objekte\/\",\"name\":\"Alle Tafelkultur Objekte\"}},{\"@type\":\"ListItem\",\"position\":3,\"item\":{\"@type\":\"WebPage\",\"@id\":\"https:\/\/annette-ahrens.at\/onlineshop\/produkt\/versilberte-pfeffermuehle-als-kaffeemuehle-frankreich-um-1900\/\",\"url\":\"https:\/\/annette-ahrens.at\/onlineshop\/produkt\/versilberte-pfeffermuehle-als-kaffeemuehle-frankreich-um-1900\/\",\"name\":\"Versilberte Pfefferm\\u00fchle als Kaffeem\\u00fchle, Frankreich, um 1900\"}}]}]}<\/script>\n<!-- \/ Yoast SEO Premium plugin. -->","_links":{"self":[{"href":"https:\/\/annette-ahrens.at\/onlineshop\/wp-json\/wp\/v2\/product\/17654","targetHints":{"allow":["GET"]}}],"collection":[{"href":"https:\/\/annette-ahrens.at\/onlineshop\/wp-json\/wp\/v2\/product"}],"about":[{"href":"https:\/\/annette-ahrens.at\/onlineshop\/wp-json\/wp\/v2\/types\/product"}],"replies":[{"embeddable":true,"href":"https:\/\/annette-ahrens.at\/onlineshop\/wp-json\/wp\/v2\/comments?post=17654"}],"wp:featuredmedia":[{"embeddable":true,"href":"https:\/\/annette-ahrens.at\/onlineshop\/wp-json\/wp\/v2\/media\/17656"}],"wp:attachment":[{"href":"https:\/\/annette-ahrens.at\/onlineshop\/wp-json\/wp\/v2\/media?parent=17654"}],"wp:term":[{"taxonomy":"product_brand","embeddable":true,"href":"https:\/\/annette-ahrens.at\/onlineshop\/wp-json\/wp\/v2\/product_brand?post=17654"},{"taxonomy":"product_cat","embeddable":true,"href":"https:\/\/annette-ahrens.at\/onlineshop\/wp-json\/wp\/v2\/product_cat?post=17654"},{"taxonomy":"product_tag","embeddable":true,"href":"https:\/\/annette-ahrens.at\/onlineshop\/wp-json\/wp\/v2\/product_tag?post=17654"}],"curies":[{"name":"wp","href":"https:\/\/api.w.org\/{rel}","templated":true}]}}