{"id":17861,"date":"2022-10-03T00:27:12","date_gmt":"2022-10-02T22:27:12","guid":{"rendered":"https:\/\/annette-ahrens.at\/onlineshop\/?post_type=product&#038;p=17861"},"modified":"2022-10-03T00:31:10","modified_gmt":"2022-10-02T22:31:10","slug":"silberner-biedermeier-gewuerzstreuer-wien-1836","status":"publish","type":"product","link":"https:\/\/annette-ahrens.at\/onlineshop\/produkt\/silberner-biedermeier-gewuerzstreuer-wien-1836\/","title":{"rendered":"Silberner Biedermeier Gew\u00fcrzstreuer, Wien, 1836"},"content":{"rendered":"<p>Silberner Biedermeier Gew\u00fcrzstreuer<\/p>\n<p>Wien, 1836<\/p>\n<p>Silber, getrieben, rundes Bein mit gebauchtem Gef\u00e4\u00dfk\u00f6rper, umlaufender Perlendekor, gemarkt mit Alt Wiener Beschauzeichen Radpunze 1836, unleserliches Meisterzeichen in Schreibschrift, Schraubdeckel mit perforiertem und graviertem Streudeckel, handpolierter Zustand<\/p>\n<p>H 10,2 cm<\/p>\n<p>68 g<\/p>\n","protected":false},"excerpt":{"rendered":"<p>Silberner Biedermeier Gew\u00fcrzstreuer Wien, 1836 Silber, getrieben, rundes Bein mit gebauchtem Gef\u00e4\u00dfk\u00f6rper, umlaufender Perlendekor, gemarkt mit Alt Wiener Beschauzeichen Radpunze 1836, unleserliches Meisterzeichen in Schreibschrift, Schraubdeckel mit perforiertem und graviertem Streudeckel, handpolierter Zustand H 10,2 cm 68 g<\/p>\n","protected":false},"featured_media":17862,"comment_status":"open","ping_status":"closed","template":"","meta":[],"product_brand":[],"product_cat":[25,297,161,32,18,19,31,291,292,24,22,53,26,44,157],"product_tag":[],"class_list":{"0":"post-17861","1":"product","2":"type-product","3":"status-publish","4":"has-post-thumbnail","6":"product_cat-5o-clock-tea","7":"product_cat-adventjause","8":"product_cat-erdbeere","9":"product_cat-festefeiern","10":"product_cat-fruehstueck","11":"product_cat-gabelfruehstueck","12":"product_cat-gastgeschenke","13":"product_cat-hochzeit","14":"product_cat-muttertag","15":"product_cat-patisserie","16":"product_cat-suess-sauer","17":"product_cat-weihnachten","18":"product_cat-wiener-melange","19":"product_cat-zucker","20":"product_cat-zucker-fruehstueck","22":"first","23":"instock","24":"sold-individually","25":"purchasable","26":"product-type-simple"},"yoast_head":"<!-- This site is optimized with the Yoast SEO Premium plugin v15.8.2 - https:\/\/yoast.com\/wordpress\/plugins\/seo\/ -->\n<title>Silberner Biedermeier Gew\u00fcrzstreuer, Wien, 1836<\/title>\n<meta name=\"description\" content=\"Silberner Biedermeier Gew\u00fcrzstreuer, Wien, 1836 \u2665 Antiquit\u00e4ten Online kaufen \u2713 Sichere Lieferung \u2713\" \/>\n<meta name=\"robots\" content=\"index, follow, max-snippet:-1, max-image-preview:large, max-video-preview:-1\" \/>\n<link rel=\"canonical\" href=\"https:\/\/annette-ahrens.at\/onlineshop\/produkt\/silberner-biedermeier-gewuerzstreuer-wien-1836\/\" \/>\n<meta property=\"og:locale\" content=\"de_DE\" \/>\n<meta property=\"og:type\" content=\"article\" \/>\n<meta property=\"og:title\" content=\"Silberner Biedermeier Gew\u00fcrzstreuer, Wien, 1836\" \/>\n<meta property=\"og:description\" content=\"Silberner Biedermeier Gew\u00fcrzstreuer, Wien, 1836 \u2665 Antiquit\u00e4ten Online kaufen \u2713 Sichere Lieferung \u2713\" \/>\n<meta property=\"og:url\" content=\"https:\/\/annette-ahrens.at\/onlineshop\/produkt\/silberner-biedermeier-gewuerzstreuer-wien-1836\/\" \/>\n<meta property=\"og:site_name\" content=\"Tafelkultur Onlineshop\" \/>\n<meta property=\"article:publisher\" content=\"https:\/\/www.facebook.com\/AnnetteAhrensTafelkultur\" \/>\n<meta property=\"article:modified_time\" content=\"2022-10-02T22:31:10+00:00\" \/>\n<meta property=\"og:image\" content=\"https:\/\/annette-ahrens.at\/onlineshop\/wp-content\/uploads\/2022\/10\/IMG_9016-rotated.jpeg\" \/>\n\t<meta property=\"og:image:width\" content=\"1936\" \/>\n\t<meta property=\"og:image:height\" content=\"1936\" \/>\n<meta name=\"twitter:card\" content=\"summary_large_image\" \/>\n<meta name=\"twitter:label1\" content=\"Gesch\u00e4tzte Lesezeit\">\n\t<meta name=\"twitter:data1\" content=\"1\u00a0Minute\">\n<script type=\"application\/ld+json\" class=\"yoast-schema-graph\">{\"@context\":\"https:\/\/schema.org\",\"@graph\":[{\"@type\":[\"Person\",\"Organization\"],\"@id\":\"https:\/\/annette-ahrens.at\/onlineshop\/#\/schema\/person\/3e19676faae246bba0cb3b7e15f427d8\",\"name\":\"Annette Ahrens\",\"image\":{\"@type\":\"ImageObject\",\"@id\":\"https:\/\/annette-ahrens.at\/onlineshop\/#personlogo\",\"inLanguage\":\"de\",\"url\":\"https:\/\/annette-ahrens.at\/onlineshop\/wp-content\/uploads\/2020\/04\/aa_logo_End.png\",\"width\":800,\"height\":164,\"caption\":\"Annette Ahrens\"},\"logo\":{\"@id\":\"https:\/\/annette-ahrens.at\/onlineshop\/#personlogo\"},\"sameAs\":[\"https:\/\/annette-ahrens.at\",\"https:\/\/www.facebook.com\/AnnetteAhrensTafelkultur\",\"https:\/\/www.instagram.com\/tafelkulturistin\/\",\"https:\/\/de.wikipedia.org\/wiki\/Annette_Ahrens\"]},{\"@type\":\"WebSite\",\"@id\":\"https:\/\/annette-ahrens.at\/onlineshop\/#website\",\"url\":\"https:\/\/annette-ahrens.at\/onlineshop\/\",\"name\":\"Tafelkultur Onlineshop\",\"description\":\"Annette Ahrens\",\"publisher\":{\"@id\":\"https:\/\/annette-ahrens.at\/onlineshop\/#\/schema\/person\/3e19676faae246bba0cb3b7e15f427d8\"},\"potentialAction\":[{\"@type\":\"SearchAction\",\"target\":\"https:\/\/annette-ahrens.at\/onlineshop\/?s={search_term_string}\",\"query-input\":\"required name=search_term_string\"}],\"inLanguage\":\"de\"},{\"@type\":\"ImageObject\",\"@id\":\"https:\/\/annette-ahrens.at\/onlineshop\/produkt\/silberner-biedermeier-gewuerzstreuer-wien-1836\/#primaryimage\",\"inLanguage\":\"de\",\"url\":\"https:\/\/annette-ahrens.at\/onlineshop\/wp-content\/uploads\/2022\/10\/IMG_9016-rotated.jpeg\",\"width\":1936,\"height\":1936,\"caption\":\"streuer_silber_wien\"},{\"@type\":[\"WebPage\",\"ItemPage\"],\"@id\":\"https:\/\/annette-ahrens.at\/onlineshop\/produkt\/silberner-biedermeier-gewuerzstreuer-wien-1836\/#webpage\",\"url\":\"https:\/\/annette-ahrens.at\/onlineshop\/produkt\/silberner-biedermeier-gewuerzstreuer-wien-1836\/\",\"name\":\"Silberner Biedermeier Gew\\u00fcrzstreuer, Wien, 1836\",\"isPartOf\":{\"@id\":\"https:\/\/annette-ahrens.at\/onlineshop\/#website\"},\"primaryImageOfPage\":{\"@id\":\"https:\/\/annette-ahrens.at\/onlineshop\/produkt\/silberner-biedermeier-gewuerzstreuer-wien-1836\/#primaryimage\"},\"datePublished\":\"2022-10-02T22:27:12+00:00\",\"dateModified\":\"2022-10-02T22:31:10+00:00\",\"description\":\"Silberner Biedermeier Gew\\u00fcrzstreuer, Wien, 1836 \\u2665 Antiquit\\u00e4ten Online kaufen \\u2713 Sichere Lieferung \\u2713\",\"breadcrumb\":{\"@id\":\"https:\/\/annette-ahrens.at\/onlineshop\/produkt\/silberner-biedermeier-gewuerzstreuer-wien-1836\/#breadcrumb\"},\"inLanguage\":\"de\",\"potentialAction\":[{\"@type\":\"ReadAction\",\"target\":[\"https:\/\/annette-ahrens.at\/onlineshop\/produkt\/silberner-biedermeier-gewuerzstreuer-wien-1836\/\"]}]},{\"@type\":\"BreadcrumbList\",\"@id\":\"https:\/\/annette-ahrens.at\/onlineshop\/produkt\/silberner-biedermeier-gewuerzstreuer-wien-1836\/#breadcrumb\",\"itemListElement\":[{\"@type\":\"ListItem\",\"position\":1,\"item\":{\"@type\":\"WebPage\",\"@id\":\"https:\/\/annette-ahrens.at\/onlineshop\/\",\"url\":\"https:\/\/annette-ahrens.at\/onlineshop\/\",\"name\":\"Home\"}},{\"@type\":\"ListItem\",\"position\":2,\"item\":{\"@type\":\"WebPage\",\"@id\":\"https:\/\/annette-ahrens.at\/onlineshop\/alle-tafelkultur-objekte\/\",\"url\":\"https:\/\/annette-ahrens.at\/onlineshop\/alle-tafelkultur-objekte\/\",\"name\":\"Alle Tafelkultur Objekte\"}},{\"@type\":\"ListItem\",\"position\":3,\"item\":{\"@type\":\"WebPage\",\"@id\":\"https:\/\/annette-ahrens.at\/onlineshop\/produkt\/silberner-biedermeier-gewuerzstreuer-wien-1836\/\",\"url\":\"https:\/\/annette-ahrens.at\/onlineshop\/produkt\/silberner-biedermeier-gewuerzstreuer-wien-1836\/\",\"name\":\"Silberner Biedermeier Gew\\u00fcrzstreuer, Wien, 1836\"}}]}]}<\/script>\n<!-- \/ Yoast SEO Premium plugin. -->","_links":{"self":[{"href":"https:\/\/annette-ahrens.at\/onlineshop\/wp-json\/wp\/v2\/product\/17861","targetHints":{"allow":["GET"]}}],"collection":[{"href":"https:\/\/annette-ahrens.at\/onlineshop\/wp-json\/wp\/v2\/product"}],"about":[{"href":"https:\/\/annette-ahrens.at\/onlineshop\/wp-json\/wp\/v2\/types\/product"}],"replies":[{"embeddable":true,"href":"https:\/\/annette-ahrens.at\/onlineshop\/wp-json\/wp\/v2\/comments?post=17861"}],"wp:featuredmedia":[{"embeddable":true,"href":"https:\/\/annette-ahrens.at\/onlineshop\/wp-json\/wp\/v2\/media\/17862"}],"wp:attachment":[{"href":"https:\/\/annette-ahrens.at\/onlineshop\/wp-json\/wp\/v2\/media?parent=17861"}],"wp:term":[{"taxonomy":"product_brand","embeddable":true,"href":"https:\/\/annette-ahrens.at\/onlineshop\/wp-json\/wp\/v2\/product_brand?post=17861"},{"taxonomy":"product_cat","embeddable":true,"href":"https:\/\/annette-ahrens.at\/onlineshop\/wp-json\/wp\/v2\/product_cat?post=17861"},{"taxonomy":"product_tag","embeddable":true,"href":"https:\/\/annette-ahrens.at\/onlineshop\/wp-json\/wp\/v2\/product_tag?post=17861"}],"curies":[{"name":"wp","href":"https:\/\/api.w.org\/{rel}","templated":true}]}}