{"id":17871,"date":"2022-10-03T20:39:07","date_gmt":"2022-10-03T18:39:07","guid":{"rendered":"https:\/\/annette-ahrens.at\/onlineshop\/?post_type=product&#038;p=17871"},"modified":"2025-09-24T21:59:53","modified_gmt":"2025-09-24T19:59:53","slug":"seltene-deckelschuessel-fuer-kartoffeln-fa-albert-koehler-wien-um-1900","status":"publish","type":"product","link":"https:\/\/annette-ahrens.at\/onlineshop\/produkt\/seltene-deckelschuessel-fuer-kartoffeln-fa-albert-koehler-wien-um-1900\/","title":{"rendered":"Seltene Deckelsch\u00fcssel f\u00fcr Kartoffeln, Fa. Adolph K\u00f6hler, Wien, um 1900"},"content":{"rendered":"<p>Seltene Deckelsch\u00fcssel f\u00fcr Kartoffeln<\/p>\n<p>Fa. Adolph K\u00f6hler &amp; Cie (WMF), Wien, um 1900<\/p>\n<p>Holz, runde Schale mit zugeh\u00f6rigem Deckel, plastischer Knauf und zwei Henkel aus versilberter Alpacca, Knauf in Form einer Kartoffel, Henkel gemarkt A.K.&amp; Cie. f\u00fcr Adolph K\u00f6hler &amp; Cie, minimale Spannungsrisse im Holz<\/p>\n<p>Dm 20 cm<\/p>\n","protected":false},"excerpt":{"rendered":"<p>Annettes Etikette: Die Wiener Alpaccafabrik von Adolph K\u00f6hler &amp; Cie. wurde 1879 vom Esslinger Unternehmer A. Ritter &amp; Co gegr\u00fcndet, bereits 1880 ging die Firma in den Besitz von WMF \u00fcber. Um die hohen Importz\u00f6lle f\u00fcr Silberwaren nach \u00d6sterreich zu umgehen, wurde die Wiener Firma als Zweigstelle von WMF weitergef\u00fchrt. Die Produktion ist bis 1914 belegt. Der abgek\u00fcrzte Namen A. bezieht sich auf Adolph und nicht Albert, wie mir sein Urenkel mitteilte. Diese seltene Deckelsch\u00fcssel ist f\u00fcr Kartoffeln gedacht, wie der plastische Knauf in Gestalt eines Erd\u00e4pfels dem Gast bei Tisch humorvoll verr\u00e4t. Auch der Berndorfer Katalog von 1911 f\u00fchrt eine runde Kartoffelsch\u00fcssel aus Holz mit Alpaccagriffen an.<\/p>\n","protected":false},"featured_media":17866,"comment_status":"open","ping_status":"closed","template":"","meta":[],"product_brand":[],"product_cat":[130,298,165,295,171,40,21,279,290,131,52],"product_tag":[],"class_list":{"0":"post-17871","1":"product","2":"type-product","3":"status-publish","4":"has-post-thumbnail","6":"product_cat-abendessen","7":"product_cat-buffet","8":"product_cat-gemuese","9":"product_cat-jagdeinladung","10":"product_cat-kartoffel-gemuese","11":"product_cat-kartoffel","12":"product_cat-obst-gemuese","13":"product_cat-schale","14":"product_cat-schuessel","15":"product_cat-tafeldekorationen","16":"product_cat-thanksgiving","18":"first","19":"instock","20":"sold-individually","21":"purchasable","22":"product-type-simple"},"yoast_head":"<!-- This site is optimized with the Yoast SEO Premium plugin v15.8.2 - https:\/\/yoast.com\/wordpress\/plugins\/seo\/ -->\n<title>Seltene Deckelsch\u00fcssel f\u00fcr Kartoffeln, Fa. Adolph K\u00f6hler, Wien, um 1900<\/title>\n<meta name=\"description\" content=\"Seltene Deckelsch\u00fcssel f\u00fcr Kartoffeln, Fa. Adolph K\u00f6hler, Wien, um 1900 \u2665 Antiquit\u00e4ten Online kaufen \u2713 Sichere Lieferung \u2713\" \/>\n<meta name=\"robots\" content=\"index, follow, max-snippet:-1, max-image-preview:large, max-video-preview:-1\" \/>\n<link rel=\"canonical\" href=\"https:\/\/annette-ahrens.at\/onlineshop\/produkt\/seltene-deckelschuessel-fuer-kartoffeln-fa-albert-koehler-wien-um-1900\/\" \/>\n<meta property=\"og:locale\" content=\"de_DE\" \/>\n<meta property=\"og:type\" content=\"article\" \/>\n<meta property=\"og:title\" content=\"Seltene Deckelsch\u00fcssel f\u00fcr Kartoffeln, Fa. Adolph K\u00f6hler, Wien, um 1900\" \/>\n<meta property=\"og:description\" content=\"Seltene Deckelsch\u00fcssel f\u00fcr Kartoffeln, Fa. Adolph K\u00f6hler, Wien, um 1900 \u2665 Antiquit\u00e4ten Online kaufen \u2713 Sichere Lieferung \u2713\" \/>\n<meta property=\"og:url\" content=\"https:\/\/annette-ahrens.at\/onlineshop\/produkt\/seltene-deckelschuessel-fuer-kartoffeln-fa-albert-koehler-wien-um-1900\/\" \/>\n<meta property=\"og:site_name\" content=\"Tafelkultur Onlineshop\" \/>\n<meta property=\"article:publisher\" content=\"https:\/\/www.facebook.com\/AnnetteAhrensTafelkultur\" \/>\n<meta property=\"article:modified_time\" content=\"2025-09-24T19:59:53+00:00\" \/>\n<meta property=\"og:image\" content=\"https:\/\/annette-ahrens.at\/onlineshop\/wp-content\/uploads\/2022\/10\/IMG_9010-rotated.jpeg\" \/>\n\t<meta property=\"og:image:width\" content=\"1936\" \/>\n\t<meta property=\"og:image:height\" content=\"1936\" \/>\n<meta name=\"twitter:card\" content=\"summary_large_image\" \/>\n<meta name=\"twitter:label1\" content=\"Gesch\u00e4tzte Lesezeit\">\n\t<meta name=\"twitter:data1\" content=\"1\u00a0Minute\">\n<script type=\"application\/ld+json\" class=\"yoast-schema-graph\">{\"@context\":\"https:\/\/schema.org\",\"@graph\":[{\"@type\":[\"Person\",\"Organization\"],\"@id\":\"https:\/\/annette-ahrens.at\/onlineshop\/#\/schema\/person\/3e19676faae246bba0cb3b7e15f427d8\",\"name\":\"Annette Ahrens\",\"image\":{\"@type\":\"ImageObject\",\"@id\":\"https:\/\/annette-ahrens.at\/onlineshop\/#personlogo\",\"inLanguage\":\"de\",\"url\":\"https:\/\/annette-ahrens.at\/onlineshop\/wp-content\/uploads\/2020\/04\/aa_logo_End.png\",\"width\":800,\"height\":164,\"caption\":\"Annette Ahrens\"},\"logo\":{\"@id\":\"https:\/\/annette-ahrens.at\/onlineshop\/#personlogo\"},\"sameAs\":[\"https:\/\/annette-ahrens.at\",\"https:\/\/www.facebook.com\/AnnetteAhrensTafelkultur\",\"https:\/\/www.instagram.com\/tafelkulturistin\/\",\"https:\/\/de.wikipedia.org\/wiki\/Annette_Ahrens\"]},{\"@type\":\"WebSite\",\"@id\":\"https:\/\/annette-ahrens.at\/onlineshop\/#website\",\"url\":\"https:\/\/annette-ahrens.at\/onlineshop\/\",\"name\":\"Tafelkultur Onlineshop\",\"description\":\"Annette Ahrens\",\"publisher\":{\"@id\":\"https:\/\/annette-ahrens.at\/onlineshop\/#\/schema\/person\/3e19676faae246bba0cb3b7e15f427d8\"},\"potentialAction\":[{\"@type\":\"SearchAction\",\"target\":\"https:\/\/annette-ahrens.at\/onlineshop\/?s={search_term_string}\",\"query-input\":\"required name=search_term_string\"}],\"inLanguage\":\"de\"},{\"@type\":\"ImageObject\",\"@id\":\"https:\/\/annette-ahrens.at\/onlineshop\/produkt\/seltene-deckelschuessel-fuer-kartoffeln-fa-albert-koehler-wien-um-1900\/#primaryimage\",\"inLanguage\":\"de\",\"url\":\"https:\/\/annette-ahrens.at\/onlineshop\/wp-content\/uploads\/2022\/10\/IMG_9010-rotated.jpeg\",\"width\":1936,\"height\":1936,\"caption\":\"deckelsch\\u00fcssel_kartoffel\"},{\"@type\":[\"WebPage\",\"ItemPage\"],\"@id\":\"https:\/\/annette-ahrens.at\/onlineshop\/produkt\/seltene-deckelschuessel-fuer-kartoffeln-fa-albert-koehler-wien-um-1900\/#webpage\",\"url\":\"https:\/\/annette-ahrens.at\/onlineshop\/produkt\/seltene-deckelschuessel-fuer-kartoffeln-fa-albert-koehler-wien-um-1900\/\",\"name\":\"Seltene Deckelsch\\u00fcssel f\\u00fcr Kartoffeln, Fa. Adolph K\\u00f6hler, Wien, um 1900\",\"isPartOf\":{\"@id\":\"https:\/\/annette-ahrens.at\/onlineshop\/#website\"},\"primaryImageOfPage\":{\"@id\":\"https:\/\/annette-ahrens.at\/onlineshop\/produkt\/seltene-deckelschuessel-fuer-kartoffeln-fa-albert-koehler-wien-um-1900\/#primaryimage\"},\"datePublished\":\"2022-10-03T18:39:07+00:00\",\"dateModified\":\"2025-09-24T19:59:53+00:00\",\"description\":\"Seltene Deckelsch\\u00fcssel f\\u00fcr Kartoffeln, Fa. Adolph K\\u00f6hler, Wien, um 1900 \\u2665 Antiquit\\u00e4ten Online kaufen \\u2713 Sichere Lieferung \\u2713\",\"breadcrumb\":{\"@id\":\"https:\/\/annette-ahrens.at\/onlineshop\/produkt\/seltene-deckelschuessel-fuer-kartoffeln-fa-albert-koehler-wien-um-1900\/#breadcrumb\"},\"inLanguage\":\"de\",\"potentialAction\":[{\"@type\":\"ReadAction\",\"target\":[\"https:\/\/annette-ahrens.at\/onlineshop\/produkt\/seltene-deckelschuessel-fuer-kartoffeln-fa-albert-koehler-wien-um-1900\/\"]}]},{\"@type\":\"BreadcrumbList\",\"@id\":\"https:\/\/annette-ahrens.at\/onlineshop\/produkt\/seltene-deckelschuessel-fuer-kartoffeln-fa-albert-koehler-wien-um-1900\/#breadcrumb\",\"itemListElement\":[{\"@type\":\"ListItem\",\"position\":1,\"item\":{\"@type\":\"WebPage\",\"@id\":\"https:\/\/annette-ahrens.at\/onlineshop\/\",\"url\":\"https:\/\/annette-ahrens.at\/onlineshop\/\",\"name\":\"Home\"}},{\"@type\":\"ListItem\",\"position\":2,\"item\":{\"@type\":\"WebPage\",\"@id\":\"https:\/\/annette-ahrens.at\/onlineshop\/alle-tafelkultur-objekte\/\",\"url\":\"https:\/\/annette-ahrens.at\/onlineshop\/alle-tafelkultur-objekte\/\",\"name\":\"Alle Tafelkultur Objekte\"}},{\"@type\":\"ListItem\",\"position\":3,\"item\":{\"@type\":\"WebPage\",\"@id\":\"https:\/\/annette-ahrens.at\/onlineshop\/produkt\/seltene-deckelschuessel-fuer-kartoffeln-fa-albert-koehler-wien-um-1900\/\",\"url\":\"https:\/\/annette-ahrens.at\/onlineshop\/produkt\/seltene-deckelschuessel-fuer-kartoffeln-fa-albert-koehler-wien-um-1900\/\",\"name\":\"Seltene Deckelsch\\u00fcssel f\\u00fcr Kartoffeln, Fa. Adolph K\\u00f6hler, Wien, um 1900\"}}]}]}<\/script>\n<!-- \/ Yoast SEO Premium plugin. -->","_links":{"self":[{"href":"https:\/\/annette-ahrens.at\/onlineshop\/wp-json\/wp\/v2\/product\/17871","targetHints":{"allow":["GET"]}}],"collection":[{"href":"https:\/\/annette-ahrens.at\/onlineshop\/wp-json\/wp\/v2\/product"}],"about":[{"href":"https:\/\/annette-ahrens.at\/onlineshop\/wp-json\/wp\/v2\/types\/product"}],"replies":[{"embeddable":true,"href":"https:\/\/annette-ahrens.at\/onlineshop\/wp-json\/wp\/v2\/comments?post=17871"}],"wp:featuredmedia":[{"embeddable":true,"href":"https:\/\/annette-ahrens.at\/onlineshop\/wp-json\/wp\/v2\/media\/17866"}],"wp:attachment":[{"href":"https:\/\/annette-ahrens.at\/onlineshop\/wp-json\/wp\/v2\/media?parent=17871"}],"wp:term":[{"taxonomy":"product_brand","embeddable":true,"href":"https:\/\/annette-ahrens.at\/onlineshop\/wp-json\/wp\/v2\/product_brand?post=17871"},{"taxonomy":"product_cat","embeddable":true,"href":"https:\/\/annette-ahrens.at\/onlineshop\/wp-json\/wp\/v2\/product_cat?post=17871"},{"taxonomy":"product_tag","embeddable":true,"href":"https:\/\/annette-ahrens.at\/onlineshop\/wp-json\/wp\/v2\/product_tag?post=17871"}],"curies":[{"name":"wp","href":"https:\/\/api.w.org\/{rel}","templated":true}]}}